{"id":86,"date":"2021-11-23T16:10:13","date_gmt":"2021-11-23T15:10:13","guid":{"rendered":"http:\/\/localhost:8090\/?page_id=86"},"modified":"2025-07-07T17:03:31","modified_gmt":"2025-07-07T15:03:31","slug":"about-us","status":"publish","type":"page","link":"https:\/\/www2.smd-group.info\/en\/about-us\/","title":{"rendered":"About us"},"content":{"rendered":"<section class=\"wp-block-uagb-section uagb-section__wrap uagb-section__background-image uagb-block-92b69aba hero\" id=\"hero\"><div class=\"uagb-section__overlay\"><\/div><div class=\"uagb-section__inner-wrap\"><div class=\"wp-bootstrap-blocks-container container mb-0\">\n\t\n<div class=\"wp-bootstrap-blocks-row row\">\n\t\n\n<div class=\"col-12 col-md-6\">\n\t\t\t\n\n<h1 class=\"wp-block-heading mb-2\">About us<\/h1>\n\n\n\n<h3 class=\"wp-block-heading fw-normal\">Searching and monitoring IP rights has been our main business for over seventy years.<\/h3>\n\n\t<\/div>\n\n\n\n<div class=\"col-12 col-md-6\">\n\t\t\t\n\n<figure class=\"wp-block-image size-full\"><img loading=\"lazy\" decoding=\"async\" width=\"620\" height=\"500\" src=\"https:\/\/www2.smd-group.info\/wp-content\/uploads\/2022\/06\/Hero_About_us-2.png\" alt=\"\" class=\"wp-image-3555\" srcset=\"https:\/\/www2.smd-group.info\/wp-content\/uploads\/2022\/06\/Hero_About_us-2.png 620w, https:\/\/www2.smd-group.info\/wp-content\/uploads\/2022\/06\/Hero_About_us-2-300x242.png 300w, https:\/\/www2.smd-group.info\/wp-content\/uploads\/2022\/06\/Hero_About_us-2-15x12.png 15w\" sizes=\"auto, (max-width: 620px) 100vw, 620px\" \/><\/figure>\n\n\t<\/div>\n\n<\/div>\n\n<\/div>\n<\/div><\/section>\n\n\n\n<section class=\"wp-block-uagb-section uagb-section__wrap uagb-section__background-undefined uagb-block-2942ab0d section-blue section-submenu\"><div class=\"uagb-section__overlay\"><\/div><div class=\"uagb-section__inner-wrap\"><div class=\"wp-bootstrap-blocks-container container mb-0\">\n\t\n\n<div class=\"wp-block-uagb-section uagb-section__wrap uagb-section__background-undefined uagb-block-c6f708d7 submenu-inner\"><div class=\"uagb-section__overlay\"><\/div><div class=\"uagb-section__inner-wrap\">\n<h5 class=\"wp-block-heading\" id=\"smd-group-fur\">SMD Group for:<\/h5>\n\n\n<ul id=\"menu-submenu\" class=\"nav nav-custom\"><li id=\"menu-item-321\" class=\"icon-bank menu-item menu-item-type-post_type menu-item-object-page nav-item menu-item-321\"><a class=\"nav-link\" href=\"https:\/\/www2.smd-group.info\/en\/smd-group\/law-firms\/\"><span class=\"title\">Law Firms<\/span><\/a><\/li>\n<li id=\"menu-item-320\" class=\"icon-bookmark menu-item menu-item-type-post_type menu-item-object-page nav-item menu-item-320\"><a class=\"nav-link\" href=\"https:\/\/www2.smd-group.info\/en\/smd-group\/inhouse-counsel\/\"><span class=\"title\">Inhouse Counsel<\/span><\/a><\/li>\n<li id=\"menu-item-319\" class=\"icon-flask menu-item menu-item-type-post_type menu-item-object-page nav-item menu-item-319\"><a class=\"nav-link\" href=\"https:\/\/www2.smd-group.info\/en\/smd-group\/pharma\/\"><span class=\"title\">Pharma<\/span><\/a><\/li>\n<li id=\"menu-item-318\" class=\"icon-rocket menu-item menu-item-type-post_type menu-item-object-page nav-item menu-item-318\"><a class=\"nav-link\" href=\"https:\/\/www2.smd-group.info\/en\/smd-group\/start-ups\/\"><span class=\"title\">Start ups<\/span><\/a><\/li>\n<\/ul>\n<\/div><\/div>\n\n<\/div>\n<\/div><\/section>\n\n\n\n<p><\/p>\n\n\n\n<section class=\"wp-block-uagb-section uagb-section__wrap uagb-section__background-undefined uagb-block-af3ef02f\"><div class=\"uagb-section__overlay\"><\/div><div class=\"uagb-section__inner-wrap\"><div class=\"wp-bootstrap-blocks-container container mb-0\">\n\t\n\n<h2 class=\"wp-block-heading mb-2\">We contribute<strong> to the protection of your ideas.<\/strong><\/h2>\n\n\n<div class=\"wp-bootstrap-blocks-row row\">\n\t\n\n<div class=\"col-12 col-md-10 col-lg-8\">\n\t\t\t\n\n<p>You wish to assess the availability of your ideas for use and registration? <strong>We search<\/strong> for identical or similar prior rights. Existing intellectual property rights shall be protected? <strong>We monitor<\/strong> if third parties file or use the same or similar signs.<\/p>\n\n\t<\/div>\n\n\n\n<div class=\"col-12 col-md-2 col-lg-4\">\n\t\t\t\t<\/div>\n\n<\/div>\n\n<\/div>\n<\/div><\/section>\n\n\n\n<section class=\"wp-block-uagb-section uagb-section__wrap uagb-section__background-color uagb-block-1b1a426f section-sand\"><div class=\"uagb-section__overlay\"><\/div><div class=\"uagb-section__inner-wrap\"><div class=\"wp-bootstrap-blocks-container container mb-0\">\n\t\n\n<h2 class=\"wp-block-heading mb-3\"><strong>We follow these values every day<\/strong><\/h2>\n\n\n<div class=\"wp-bootstrap-blocks-row row\">\n\t\n\n<div class=\"col-12 col-sm-10 col-md-8\">\n\t\t\t\t<\/div>\n\n\n\n<div class=\"col-12 col-sm-2 col-md-4\">\n\t\t\t\t<\/div>\n\n<\/div>\n\n\n<div class=\"wp-bootstrap-blocks-row row facts\">\n\t\n\n<div class=\"col-12 col-sm-6 col-lg-4\">\n\t\t\t\n\n<div class=\"wp-block-uagb-section uagb-section__wrap uagb-section__background-undefined uagb-block-9cf6156e facts-item\"><div class=\"uagb-section__overlay\"><\/div><div class=\"uagb-section__inner-wrap\">\n<figure class=\"wp-block-image size-full facts-image mb-4\"><img decoding=\"async\" src=\"https:\/\/www2.smd-group.info\/wp-content\/uploads\/2022\/02\/smd-facts-icon-zusammenarbeit.svg\" alt=\"\" class=\"wp-image-991\"\/><\/figure>\n\n\n\n<h3 class=\"wp-block-heading mb-4\">Teamwork<\/h3>\n\n\n\n<p>Your SMD contacts support you, typically for many years. We can only present a solution that is tailored to your requirements if we understand your project in detail. So we listen a lot, and we ask many questions.<\/p>\n<\/div><\/div>\n\n\t<\/div>\n\n\n\n<div class=\"col-12 col-sm-6 col-lg-4\">\n\t\t\t\n\n<div class=\"wp-block-uagb-section uagb-section__wrap uagb-section__background-undefined uagb-block-ab42feed facts-item\"><div class=\"uagb-section__overlay\"><\/div><div class=\"uagb-section__inner-wrap\">\n<figure class=\"wp-block-image size-full facts-image mb-4\"><img decoding=\"async\" src=\"https:\/\/www2.smd-group.info\/wp-content\/uploads\/2022\/02\/smd-facts-icon-kommunikation.svg\" alt=\"\" class=\"wp-image-992\"\/><\/figure>\n\n\n\n<h3 class=\"wp-block-heading mb-4\">Communication<\/h3>\n\n\n\n<p>Direct and trustful communication with you is an essential concern for us. Please talk to us! We will gladly take your call personally or call you back immediately. You will certainly not receive a no-reply e-mail from us. <\/p>\n<\/div><\/div>\n\n\t<\/div>\n\n\n\n<div class=\"col-12 col-sm-6 col-lg-4\">\n\t\t\t\n\n<div class=\"wp-block-uagb-section uagb-section__wrap uagb-section__background-undefined uagb-block-d7719442 facts-item\"><div class=\"uagb-section__overlay\"><\/div><div class=\"uagb-section__inner-wrap\">\n<figure class=\"wp-block-image size-full facts-image mb-4\"><img decoding=\"async\" src=\"https:\/\/www2.smd-group.info\/wp-content\/uploads\/2022\/02\/smd-facts-icon-verlaesslichkeit.svg\" alt=\"\" class=\"wp-image-990\"\/><\/figure>\n\n\n\n<h3 class=\"wp-block-heading mb-4\">Reliability<\/h3>\n\n\n\n<p>SMD is a third-generation family business. Integrity, reliability, and consistency are crucial components of our corporate philosophy. We are guided by these values every day in our contact with customers.<\/p>\n<\/div><\/div>\n\n\t<\/div>\n\n\n\n<div class=\"col-12 col-sm-6 col-lg-4\">\n\t\t\t\n\n<div class=\"wp-block-uagb-section uagb-section__wrap uagb-section__background-undefined uagb-block-7b6af7f6 facts-item\"><div class=\"uagb-section__overlay\"><\/div><div class=\"uagb-section__inner-wrap\">\n<figure class=\"wp-block-image size-full facts-image mb-4\"><img decoding=\"async\" src=\"https:\/\/www2.smd-group.info\/wp-content\/uploads\/2022\/02\/smd-facts-icon-quality.svg\" alt=\"\" class=\"wp-image-987\"\/><\/figure>\n\n\n\n<h3 class=\"wp-block-heading mb-4\">Quality<\/h3>\n\n\n\n<p>With all our products and services, we strive for a high level of quality. We do not intend to be your cheapest but rather your best provider. Every day we renew this commitment!<\/p>\n<\/div><\/div>\n\n\t<\/div>\n\n\n\n<div class=\"col-12 col-sm-6 col-lg-4\">\n\t\t\t\n\n<div class=\"wp-block-uagb-section uagb-section__wrap uagb-section__background-undefined uagb-block-fb0b7b49 facts-item\"><div class=\"uagb-section__overlay\"><\/div><div class=\"uagb-section__inner-wrap\">\n<figure class=\"wp-block-image size-full facts-image mb-4\"><img decoding=\"async\" src=\"https:\/\/www2.smd-group.info\/wp-content\/uploads\/2022\/02\/smd-facts-icon-innovation.svg\" alt=\"\" class=\"wp-image-989\"\/><\/figure>\n\n\n\n<h3 class=\"wp-block-heading mb-4\">Innovation<\/h3>\n\n\n\n<p>The market is constantly changing. For our future success, it is vital that we repeatedly question our processes and continuously work toward further improvement.<\/p>\n<\/div><\/div>\n\n\t<\/div>\n\n\n\n<div class=\"col-12 col-sm-6 col-lg-4\">\n\t\t\t\n\n<div class=\"wp-block-uagb-section uagb-section__wrap uagb-section__background-undefined uagb-block-aa5b6ed5 facts-item\"><div class=\"uagb-section__overlay\"><\/div><div class=\"uagb-section__inner-wrap\">\n<figure class=\"wp-block-image size-full facts-image mb-4\"><img decoding=\"async\" src=\"https:\/\/www2.smd-group.info\/wp-content\/uploads\/2022\/02\/smd-facts-icon-service.svg\" alt=\"\" class=\"wp-image-988\"\/><\/figure>\n\n\n\n<h3 class=\"wp-block-heading mb-4\">Service<\/h3>\n\n\n\n<p>We attach particular importance to fulfilling your wishes, for example, by considering special requirements for your search or adapting the layout of our reports to your preferences.<\/p>\n<\/div><\/div>\n\n\t<\/div>\n\n<\/div>\n\n<\/div>\n<\/div><\/section>\n\n\n\n<section class=\"wp-block-uagb-section uagb-section__wrap uagb-section__background-undefined uagb-block-0c5f9b8b\"><div class=\"uagb-section__overlay\"><\/div><div class=\"uagb-section__inner-wrap\"><div class=\"wp-bootstrap-blocks-container container mb-0\">\n\t\n\n<h2 class=\"wp-block-heading mb-4\">What makes SMD unique?<\/h2>\n\n\n<div class=\"wp-bootstrap-blocks-row row mbc-64\">\n\t\n\n<div class=\"col-12 col-sm-10 col-md-8\">\n\t\t\t\n\n<p>A thorough search is an essential prerequisite for filing a trademark or other industrial property rights. Today, many databases for this purpose are available free of charge. <strong>What are the reasons for appointing SMD?<\/strong><\/p>\n\n\t<\/div>\n\n\n\n<div class=\"col-12 col-sm-2 col-md-4\">\n\t\t\t\t<\/div>\n\n<\/div>\n\n\n<div class=\"wp-bootstrap-blocks-row row\">\n\t\n\n<div class=\"col-12 col-md-5 col-lg-4\">\n\t\t\t\n\n<figure class=\"wp-block-image size-full mb-4\"><img loading=\"lazy\" decoding=\"async\" width=\"300\" height=\"355\" src=\"https:\/\/www2.smd-group.info\/wp-content\/uploads\/2022\/05\/Joerg_Utescher_1113_300px-1.png\" alt=\"\" class=\"wp-image-2983\" srcset=\"https:\/\/www2.smd-group.info\/wp-content\/uploads\/2022\/05\/Joerg_Utescher_1113_300px-1.png 300w, https:\/\/www2.smd-group.info\/wp-content\/uploads\/2022\/05\/Joerg_Utescher_1113_300px-1-254x300.png 254w, https:\/\/www2.smd-group.info\/wp-content\/uploads\/2022\/05\/Joerg_Utescher_1113_300px-1-10x12.png 10w\" sizes=\"auto, (max-width: 300px) 100vw, 300px\" \/><\/figure>\n\n\n\n<h3 class=\"wp-block-heading\">Joerg Utescher<\/h3>\n\n\n\n<h5 class=\"wp-block-heading text-red mb-4\"><em>CEO SMD Group<\/em><\/h5>\n\n\n\n<p>Today, SMD is run by the grandson of the founder. He successfully led SMD into the digital age.<\/p>\n\n\t<\/div>\n\n\n\n<div class=\"col-12 col-md-6 col-lg-7 offset-md-1\">\n\t\t\t\n\n<h4 class=\"wp-block-heading mt-4 mb-2\">What is SMD's position today?<\/h4>\n\n\n\n<p>Today, SMD is a robust and independent company with flat hierarchies and direct contact with the customer. As the first mover in the German core market, we have a strong market position.<\/p>\n\n\n\n<h4 class=\"wp-block-heading mt-4 mb-2\">How does SMD maintain the personal touch?<\/h4>\n\n\n\n<p>With us, the person who takes your order is also the one who manages the internal process: They ask for the necessary information and requirements, are available for queries, formulate the search strategy, and are responsible for the quality of the results.<\/p>\n\n\n\n<h4 class=\"wp-block-heading mt-4 mb-2\">What role does the SMD team play?<\/h4>\n\n\n\n<p>The team is key to our market success: Many employees stay with us for long. Their loyalty to SMD is the basis for our long-term customer relationships: Our people draw on enormous knowledge and know their clients well.<\/p>\n\n\n\n<h4 class=\"wp-block-heading mt-4 mb-2\">What is the importance of technology?<\/h4>\n\n\n\n<p>Technology plays another critical role in the quality of our search results. It reduces the time and work of a search and detects errors. We have tested our search algorithms intensively and are constantly aiming to improve them. Our developers continually work on the following technical generation to optimize the existing. <\/p>\n\n\n\n<h4 class=\"wp-block-heading mb-2\">Computer searches - the solution of the future?<\/h4>\n\n\n\n<p>For example, artificial intelligence will gain an increasingly important role in automatic image recognition. At the same time, it is becoming apparent that it cannot completely replace humans, e.g., in 3-D bodies. The combination of human and artificial intelligence leads to a significant increase in the quality of the results.<\/p>\n\n\t<\/div>\n\n<\/div>\n\n<\/div>\n<\/div><\/section>\n\n\n\n<section class=\"wp-block-uagb-section uagb-section__wrap uagb-section__background-undefined uagb-block-13384f04 section-quote\"><div class=\"uagb-section__overlay\"><\/div><div class=\"uagb-section__inner-wrap\"><div class=\"wp-bootstrap-blocks-container container mb-0\">\n\t\n<div class=\"wp-bootstrap-blocks-row row\">\n\t\n\n<div class=\"col-12 col-lg-7 order-2 order-lg-1\">\n\t\t\t<div class=\"h-100 d-flex flex-column justify-content-start\">\n\t\t\t\n\n<div class=\"wp-block-uagb-section uagb-section__wrap uagb-section__background-undefined uagb-block-83255cb2 quote-area\"><div class=\"uagb-section__overlay\"><\/div><div class=\"uagb-section__inner-wrap\">\n<h3 class=\"wp-block-heading has-text-align-left\">Our team is a key success factor for our performance.<\/h3>\n\n\n\n<h5 class=\"wp-block-heading\">Andr\u00e9 Jestel<\/h5>\n\n\n\n<h6 class=\"wp-block-heading\">IT-Developer<\/h6>\n<\/div><\/div>\n\n\t\t<\/div>\n\t<\/div>\n\n\n\n<div class=\"col-12 col-lg-5 col-xl-4 offset-xl-1 order-1 order-lg-2\">\n\t\t\t\n\n<figure class=\"wp-block-image size-full quote-image\"><img decoding=\"async\" src=\"https:\/\/www2.smd-group.info\/wp-content\/uploads\/2022\/04\/Andre_Jestel_freigestellt_Zuschnitt2a.png\" alt=\"\" class=\"wp-image-1486\"\/><\/figure>\n\n\t<\/div>\n\n<\/div>\n\n<\/div>\n<\/div><\/section>\n\n\n\n<section class=\"wp-block-uagb-section uagb-section__wrap uagb-section__background-undefined uagb-block-cb8fcba5 section-video\"><div class=\"uagb-section__overlay\"><\/div><div class=\"uagb-section__inner-wrap\"><div class=\"wp-bootstrap-blocks-container container mb-0 container-big\">\n\t\n<div class=\"wp-bootstrap-blocks-row row\">\n\t\n\n<div class=\"col-12 col-lg-1\">\n\t\t\t\t<\/div>\n\n\n\n<div class=\"col-12 col-md-6 col-lg-6\">\n\t\t\t\n\n<figure id=\"de\" class=\"wp-block-video\"><video height=\"1080\" style=\"aspect-ratio: 1920 \/ 1080;\" width=\"1920\" controls src=\"https:\/\/www2.smd-group.info\/wp-content\/uploads\/2024\/11\/TMZOOM-Einfuehrungsfilm-DE.mp4\"><\/video><\/figure>\n\n\n\n<figure id=\"en\" class=\"wp-block-video\"><video height=\"1080\" style=\"aspect-ratio: 1920 \/ 1080;\" width=\"1920\" controls poster=\"https:\/\/www2.smd-group.info\/wp-content\/uploads\/2022\/06\/TMZOOM_43.png\" src=\"https:\/\/www2.smd-group.info\/wp-content\/uploads\/2022\/06\/TMZOOM_Recherche_ENG_2.2m-1.mp4\"><\/video><\/figure>\n\n\t<\/div>\n\n\n\n<div class=\"col-12 col-md-6 col-lg-5\">\n\t\t\t\n\n<h2 class=\"wp-block-heading mb-4\">Our newest development<\/h2>\n\n\n\n<p>Click on the video to watch a short presentation of our new online tool for trademark searching and watching.<\/p>\n\n\n\n<section class=\"wp-block-uagb-section uagb-section__wrap uagb-section__background-undefined uagb-block-dc226ada\"><div class=\"uagb-section__overlay\"><\/div><div class=\"uagb-section__inner-wrap\"><div class=\"wp-bootstrap-blocks-container container mb-0\">\n\t\n<div class=\"wp-bootstrap-blocks-button\">\n\t<a\n\t\thref=\"https:\/\/tmzoom.com\"\n\t\t\t\t\t\tclass=\"btn btn-primary\"\n\t>\n\t\tTo TMZOOM\t<\/a>\n<\/div>\n\n<\/div>\n<\/div><\/section>\n\n\t<\/div>\n\n<\/div>\n\n<\/div>\n<\/div><\/section>\n\n\n\n<section class=\"wp-block-uagb-section uagb-section__wrap uagb-section__background-undefined uagb-block-0a40f49b section-sand\"><div class=\"uagb-section__overlay\"><\/div><div class=\"uagb-section__inner-wrap\"><div class=\"wp-bootstrap-blocks-container container mb-0\">\n\t\n\n<h3 class=\"wp-block-heading has-text-align-center mb-4\">Keep up with the latest updates and insights<\/h3>\n\n\n<div class=\"wp-bootstrap-blocks-button text-center\">\n\t<a\n\t\thref=\"https:\/\/www.smd-group.info\/subscribe.aspx\"\n\t\t\t\t\ttarget=\"_blank\"\n\t\t\t\t\t\t\trel=\"noreferrer noopener\"\n\t\t\t\tclass=\"btn btn-primary\"\n\t>\n\t\tSubscribe to news\t<\/a>\n<\/div>\n\n<\/div>\n<\/div><\/section>","protected":false},"excerpt":{"rendered":"","protected":false},"author":2,"featured_media":0,"parent":0,"menu_order":6,"comment_status":"closed","ping_status":"closed","template":"","meta":{"_acf_changed":false,"_uag_custom_page_level_css":"","footnotes":""},"categories":[],"class_list":["post-86","page","type-page","status-publish","hentry"],"acf":[],"yoast_head":"<!-- This site is optimized with the Yoast SEO plugin v27.3 - https:\/\/yoast.com\/product\/yoast-seo-wordpress\/ -->\n<title>\u00dcber uns - SMD Group<\/title>\n<meta name=\"description\" content=\"Wir recherchieren und \u00fcberwachen Marken und weitere gewerbliche Schutzrechte und helfen damit, Ihr geistiges Eigentum zu sch\u00fctzen .\" \/>\n<meta name=\"robots\" content=\"index, follow, max-snippet:-1, max-image-preview:large, max-video-preview:-1\" \/>\n<link rel=\"canonical\" href=\"https:\/\/www2.smd-group.info\/en\/about-us\/\" \/>\n<meta property=\"og:locale\" content=\"en_US\" \/>\n<meta property=\"og:type\" content=\"article\" \/>\n<meta property=\"og:title\" content=\"\u00dcber uns - SMD Group\" \/>\n<meta property=\"og:description\" content=\"Wir recherchieren und \u00fcberwachen Marken und weitere gewerbliche Schutzrechte und helfen damit, Ihr geistiges Eigentum zu sch\u00fctzen .\" \/>\n<meta property=\"og:url\" content=\"https:\/\/www2.smd-group.info\/en\/about-us\/\" \/>\n<meta property=\"og:site_name\" content=\"SMD Group\" \/>\n<meta property=\"article:modified_time\" content=\"2025-07-07T15:03:31+00:00\" \/>\n<meta property=\"og:image\" content=\"https:\/\/www2.smd-group.info\/wp-content\/uploads\/2022\/06\/Hero_About_us-2.png\" \/>\n<meta name=\"twitter:card\" content=\"summary_large_image\" \/>\n<meta name=\"twitter:label1\" content=\"Est. reading time\" \/>\n\t<meta name=\"twitter:data1\" content=\"6 minutes\" \/>\n<script type=\"application\/ld+json\" class=\"yoast-schema-graph\">{\"@context\":\"https:\\\/\\\/schema.org\",\"@graph\":[{\"@type\":\"WebPage\",\"@id\":\"https:\\\/\\\/www2.smd-group.info\\\/about-us\\\/\",\"url\":\"https:\\\/\\\/www2.smd-group.info\\\/about-us\\\/\",\"name\":\"\u00dcber uns - SMD Group\",\"isPartOf\":{\"@id\":\"https:\\\/\\\/www2.smd-group.info\\\/de\\\/#website\"},\"primaryImageOfPage\":{\"@id\":\"https:\\\/\\\/www2.smd-group.info\\\/about-us\\\/#primaryimage\"},\"image\":{\"@id\":\"https:\\\/\\\/www2.smd-group.info\\\/about-us\\\/#primaryimage\"},\"thumbnailUrl\":\"https:\\\/\\\/www2.smd-group.info\\\/wp-content\\\/uploads\\\/2022\\\/06\\\/Hero_About_us-2.png\",\"datePublished\":\"2021-11-23T15:10:13+00:00\",\"dateModified\":\"2025-07-07T15:03:31+00:00\",\"description\":\"Wir recherchieren und \u00fcberwachen Marken und weitere gewerbliche Schutzrechte und helfen damit, Ihr geistiges Eigentum zu sch\u00fctzen .\",\"breadcrumb\":{\"@id\":\"https:\\\/\\\/www2.smd-group.info\\\/about-us\\\/#breadcrumb\"},\"inLanguage\":\"en-US\",\"potentialAction\":[{\"@type\":\"ReadAction\",\"target\":[\"https:\\\/\\\/www2.smd-group.info\\\/about-us\\\/\"]}]},{\"@type\":\"ImageObject\",\"inLanguage\":\"en-US\",\"@id\":\"https:\\\/\\\/www2.smd-group.info\\\/about-us\\\/#primaryimage\",\"url\":\"https:\\\/\\\/www2.smd-group.info\\\/wp-content\\\/uploads\\\/2022\\\/06\\\/Hero_About_us-2.png\",\"contentUrl\":\"https:\\\/\\\/www2.smd-group.info\\\/wp-content\\\/uploads\\\/2022\\\/06\\\/Hero_About_us-2.png\"},{\"@type\":\"BreadcrumbList\",\"@id\":\"https:\\\/\\\/www2.smd-group.info\\\/about-us\\\/#breadcrumb\",\"itemListElement\":[{\"@type\":\"ListItem\",\"position\":1,\"name\":\"Startseite\",\"item\":\"https:\\\/\\\/www2.smd-group.info\\\/de\\\/\"},{\"@type\":\"ListItem\",\"position\":2,\"name\":\"\u00dcber uns\"}]},{\"@type\":\"WebSite\",\"@id\":\"https:\\\/\\\/www2.smd-group.info\\\/de\\\/#website\",\"url\":\"https:\\\/\\\/www2.smd-group.info\\\/de\\\/\",\"name\":\"SMD Group\",\"description\":\"\",\"publisher\":{\"@id\":\"https:\\\/\\\/www2.smd-group.info\\\/de\\\/#organization\"},\"potentialAction\":[{\"@type\":\"SearchAction\",\"target\":{\"@type\":\"EntryPoint\",\"urlTemplate\":\"https:\\\/\\\/www2.smd-group.info\\\/de\\\/?s={search_term_string}\"},\"query-input\":{\"@type\":\"PropertyValueSpecification\",\"valueRequired\":true,\"valueName\":\"search_term_string\"}}],\"inLanguage\":\"en-US\"},{\"@type\":\"Organization\",\"@id\":\"https:\\\/\\\/www2.smd-group.info\\\/de\\\/#organization\",\"name\":\"SMD Group I Schutz Marken Dienst GmbH\",\"url\":\"https:\\\/\\\/www2.smd-group.info\\\/de\\\/\",\"logo\":{\"@type\":\"ImageObject\",\"inLanguage\":\"en-US\",\"@id\":\"https:\\\/\\\/www2.smd-group.info\\\/de\\\/#\\\/schema\\\/logo\\\/image\\\/\",\"url\":\"https:\\\/\\\/www2.smd-group.info\\\/wp-content\\\/uploads\\\/2021\\\/11\\\/smd-logo.png\",\"contentUrl\":\"https:\\\/\\\/www2.smd-group.info\\\/wp-content\\\/uploads\\\/2021\\\/11\\\/smd-logo.png\",\"width\":156,\"height\":36,\"caption\":\"SMD Group I Schutz Marken Dienst GmbH\"},\"image\":{\"@id\":\"https:\\\/\\\/www2.smd-group.info\\\/de\\\/#\\\/schema\\\/logo\\\/image\\\/\"}}]}<\/script>\n<!-- \/ Yoast SEO plugin. -->","yoast_head_json":{"title":"\u00dcber uns - SMD Group","description":"Wir recherchieren und \u00fcberwachen Marken und weitere gewerbliche Schutzrechte und helfen damit, Ihr geistiges Eigentum zu sch\u00fctzen .","robots":{"index":"index","follow":"follow","max-snippet":"max-snippet:-1","max-image-preview":"max-image-preview:large","max-video-preview":"max-video-preview:-1"},"canonical":"https:\/\/www2.smd-group.info\/en\/about-us\/","og_locale":"en_US","og_type":"article","og_title":"\u00dcber uns - SMD Group","og_description":"Wir recherchieren und \u00fcberwachen Marken und weitere gewerbliche Schutzrechte und helfen damit, Ihr geistiges Eigentum zu sch\u00fctzen .","og_url":"https:\/\/www2.smd-group.info\/en\/about-us\/","og_site_name":"SMD Group","article_modified_time":"2025-07-07T15:03:31+00:00","og_image":[{"url":"https:\/\/www2.smd-group.info\/wp-content\/uploads\/2022\/06\/Hero_About_us-2.png","type":"","width":"","height":""}],"twitter_card":"summary_large_image","twitter_misc":{"Est. reading time":"6 minutes"},"schema":{"@context":"https:\/\/schema.org","@graph":[{"@type":"WebPage","@id":"https:\/\/www2.smd-group.info\/about-us\/","url":"https:\/\/www2.smd-group.info\/about-us\/","name":"\u00dcber uns - SMD Group","isPartOf":{"@id":"https:\/\/www2.smd-group.info\/de\/#website"},"primaryImageOfPage":{"@id":"https:\/\/www2.smd-group.info\/about-us\/#primaryimage"},"image":{"@id":"https:\/\/www2.smd-group.info\/about-us\/#primaryimage"},"thumbnailUrl":"https:\/\/www2.smd-group.info\/wp-content\/uploads\/2022\/06\/Hero_About_us-2.png","datePublished":"2021-11-23T15:10:13+00:00","dateModified":"2025-07-07T15:03:31+00:00","description":"Wir recherchieren und \u00fcberwachen Marken und weitere gewerbliche Schutzrechte und helfen damit, Ihr geistiges Eigentum zu sch\u00fctzen .","breadcrumb":{"@id":"https:\/\/www2.smd-group.info\/about-us\/#breadcrumb"},"inLanguage":"en-US","potentialAction":[{"@type":"ReadAction","target":["https:\/\/www2.smd-group.info\/about-us\/"]}]},{"@type":"ImageObject","inLanguage":"en-US","@id":"https:\/\/www2.smd-group.info\/about-us\/#primaryimage","url":"https:\/\/www2.smd-group.info\/wp-content\/uploads\/2022\/06\/Hero_About_us-2.png","contentUrl":"https:\/\/www2.smd-group.info\/wp-content\/uploads\/2022\/06\/Hero_About_us-2.png"},{"@type":"BreadcrumbList","@id":"https:\/\/www2.smd-group.info\/about-us\/#breadcrumb","itemListElement":[{"@type":"ListItem","position":1,"name":"Startseite","item":"https:\/\/www2.smd-group.info\/de\/"},{"@type":"ListItem","position":2,"name":"\u00dcber uns"}]},{"@type":"WebSite","@id":"https:\/\/www2.smd-group.info\/de\/#website","url":"https:\/\/www2.smd-group.info\/de\/","name":"SMD Group","description":"","publisher":{"@id":"https:\/\/www2.smd-group.info\/de\/#organization"},"potentialAction":[{"@type":"SearchAction","target":{"@type":"EntryPoint","urlTemplate":"https:\/\/www2.smd-group.info\/de\/?s={search_term_string}"},"query-input":{"@type":"PropertyValueSpecification","valueRequired":true,"valueName":"search_term_string"}}],"inLanguage":"en-US"},{"@type":"Organization","@id":"https:\/\/www2.smd-group.info\/de\/#organization","name":"SMD Group I Schutz Marken Dienst GmbH","url":"https:\/\/www2.smd-group.info\/de\/","logo":{"@type":"ImageObject","inLanguage":"en-US","@id":"https:\/\/www2.smd-group.info\/de\/#\/schema\/logo\/image\/","url":"https:\/\/www2.smd-group.info\/wp-content\/uploads\/2021\/11\/smd-logo.png","contentUrl":"https:\/\/www2.smd-group.info\/wp-content\/uploads\/2021\/11\/smd-logo.png","width":156,"height":36,"caption":"SMD Group I Schutz Marken Dienst GmbH"},"image":{"@id":"https:\/\/www2.smd-group.info\/de\/#\/schema\/logo\/image\/"}}]}},"uagb_featured_image_src":{"full":false,"thumbnail":false,"medium":false,"medium_large":false,"large":false,"1536x1536":false,"2048x2048":false,"trp-custom-language-flag":false},"uagb_author_info":{"display_name":"Miriam H\u00f6lscher","author_link":"https:\/\/www2.smd-group.info\/en\/author\/hoelscher\/"},"uagb_comment_info":0,"uagb_excerpt":null,"_links":{"self":[{"href":"https:\/\/www2.smd-group.info\/en\/wp-json\/wp\/v2\/pages\/86","targetHints":{"allow":["GET"]}}],"collection":[{"href":"https:\/\/www2.smd-group.info\/en\/wp-json\/wp\/v2\/pages"}],"about":[{"href":"https:\/\/www2.smd-group.info\/en\/wp-json\/wp\/v2\/types\/page"}],"author":[{"embeddable":true,"href":"https:\/\/www2.smd-group.info\/en\/wp-json\/wp\/v2\/users\/2"}],"replies":[{"embeddable":true,"href":"https:\/\/www2.smd-group.info\/en\/wp-json\/wp\/v2\/comments?post=86"}],"version-history":[{"count":128,"href":"https:\/\/www2.smd-group.info\/en\/wp-json\/wp\/v2\/pages\/86\/revisions"}],"predecessor-version":[{"id":4154,"href":"https:\/\/www2.smd-group.info\/en\/wp-json\/wp\/v2\/pages\/86\/revisions\/4154"}],"wp:attachment":[{"href":"https:\/\/www2.smd-group.info\/en\/wp-json\/wp\/v2\/media?parent=86"}],"wp:term":[{"taxonomy":"category","embeddable":true,"href":"https:\/\/www2.smd-group.info\/en\/wp-json\/wp\/v2\/categories?post=86"}],"curies":[{"name":"wp","href":"https:\/\/api.w.org\/{rel}","templated":true}]}}