{"id":312,"date":"2021-11-24T14:22:41","date_gmt":"2021-11-24T13:22:41","guid":{"rendered":"http:\/\/localhost:8090\/?page_id=312"},"modified":"2025-07-10T11:01:27","modified_gmt":"2025-07-10T09:01:27","slug":"inhouse-counsel","status":"publish","type":"page","link":"https:\/\/www2.smd-group.info\/en\/smd-group\/inhouse-counsel\/","title":{"rendered":"Inhouse Counsel"},"content":{"rendered":"<section class=\"wp-block-uagb-section uagb-section__wrap uagb-section__background-gradient uagb-block-2d61174d hero\" id=\"hero\"><div class=\"uagb-section__overlay\"><\/div><div class=\"uagb-section__inner-wrap\"><div class=\"wp-bootstrap-blocks-container container mb-0\">\n\t\n<div class=\"wp-bootstrap-blocks-row row\">\n\t\n\n<div class=\"col-12 col-md-6 d-flex flex-column justify-content-center\">\n\t\t\t\n\n<h1 class=\"wp-block-heading mb-2\">Inhouse Counsel<\/h1>\n\n\n\n<h3 class=\"wp-block-heading fw-normal\">We help you safeguard your intellectual property.<\/h3>\n\n\t<\/div>\n\n\n\n<div class=\"col-12 col-md-6\">\n\t\t\t\n\n<figure class=\"wp-block-image size-full\"><img loading=\"lazy\" decoding=\"async\" width=\"620\" height=\"500\" src=\"https:\/\/www2.smd-group.info\/wp-content\/uploads\/2022\/04\/smd-hero-inhouse-counsel.png\" alt=\"\" class=\"wp-image-1131\" srcset=\"https:\/\/www2.smd-group.info\/wp-content\/uploads\/2022\/04\/smd-hero-inhouse-counsel.png 620w, https:\/\/www2.smd-group.info\/wp-content\/uploads\/2022\/04\/smd-hero-inhouse-counsel-300x242.png 300w, https:\/\/www2.smd-group.info\/wp-content\/uploads\/2022\/04\/smd-hero-inhouse-counsel-15x12.png 15w\" sizes=\"auto, (max-width: 620px) 100vw, 620px\" \/><\/figure>\n\n\t<\/div>\n\n<\/div>\n\n<\/div>\n<\/div><\/section>\n\n\n\n<section class=\"wp-block-uagb-section uagb-section__wrap uagb-section__background-color uagb-block-f424a149 section-sand\"><div class=\"uagb-section__overlay\"><\/div><div class=\"uagb-section__inner-wrap\"><div class=\"wp-bootstrap-blocks-container container mb-0\">\n\t\n\n<h2 class=\"wp-block-heading\">Here is how we support you:<\/h2>\n\n\n<div class=\"wp-bootstrap-blocks-row row\">\n\t\n\n<div class=\"col-12 col-md-10 col-lg-8\">\n\t\t\t\n\n<p>As a corporate lawyer, you have to take many decisions, e.g. when selecting potential brand names and applying for registration with the official registers. Our experienced and highly qualified experts will quickly and reliably provide you with exactly the information you need for these decisions.<\/p>\n\n\t<\/div>\n\n\n\n<div class=\"col-12 col-md-2 col-lg-4\">\n\t\t\t\t<\/div>\n\n<\/div>\n\n\n\n<div class=\"wp-block-uagb-section uagb-section__wrap uagb-section__background-undefined uagb-block-54268d8b webinar-area\"><div class=\"uagb-section__overlay\"><\/div><div class=\"uagb-section__inner-wrap\"><div class=\"wp-bootstrap-blocks-row row\">\n\t\n\n<div class=\"col-12 col-md-6 col-lg-5\">\n\t\t\t\n\n<figure class=\"wp-block-image size-full\"><img loading=\"lazy\" decoding=\"async\" width=\"1000\" height=\"750\" src=\"https:\/\/www2.smd-group.info\/wp-content\/uploads\/2022\/05\/Frau_mit_Uhr_43.jpg\" alt=\"\" class=\"wp-image-1997\" srcset=\"https:\/\/www2.smd-group.info\/wp-content\/uploads\/2022\/05\/Frau_mit_Uhr_43.jpg 1000w, https:\/\/www2.smd-group.info\/wp-content\/uploads\/2022\/05\/Frau_mit_Uhr_43-300x225.jpg 300w, https:\/\/www2.smd-group.info\/wp-content\/uploads\/2022\/05\/Frau_mit_Uhr_43-768x576.jpg 768w, https:\/\/www2.smd-group.info\/wp-content\/uploads\/2022\/05\/Frau_mit_Uhr_43-16x12.jpg 16w\" sizes=\"auto, (max-width: 1000px) 100vw, 1000px\" \/><\/figure>\n\n\t<\/div>\n\n\n\n<div class=\"col-12 col-md-6 col-lg-7\">\n\t\t\t\n\n<h3 class=\"wp-block-heading h2\"><strong>S<\/strong>creening Searches<\/h3>\n\n\n\n<p>Our pre-searches are well suited as an initial step in large naming projects: They serve to narrow down a long list of brand name ideas swiftly and cost-effectively. You save your time and money because not every name idea has to undergo elaborate and costly searches.<\/p>\n\n\n<div class=\"wp-bootstrap-blocks-button\">\n\t<a\n\t\thref=\"https:\/\/www2.smd-group.info\/en\/contact-us\/#Leiter-Recherche\"\n\t\t\t\t\t\tclass=\"btn mt-2 btn-primary\"\n\t>\n\t\tGet in touch\t<\/a>\n<\/div>\n\n\t<\/div>\n\n<\/div>\n<\/div><\/div>\n\n\n\n<div class=\"wp-block-uagb-section uagb-section__wrap uagb-section__background-undefined uagb-block-0dede431 webinar-area\"><div class=\"uagb-section__overlay\"><\/div><div class=\"uagb-section__inner-wrap\"><div class=\"wp-bootstrap-blocks-row row\">\n\t\n\n<div class=\"col-12 col-md-6 col-lg-5\">\n\t\t\t\n\n<figure class=\"wp-block-image size-full\"><img loading=\"lazy\" decoding=\"async\" width=\"1000\" height=\"750\" src=\"https:\/\/www2.smd-group.info\/wp-content\/uploads\/2022\/05\/Waage_43.jpg\" alt=\"\" class=\"wp-image-2044\" srcset=\"https:\/\/www2.smd-group.info\/wp-content\/uploads\/2022\/05\/Waage_43.jpg 1000w, https:\/\/www2.smd-group.info\/wp-content\/uploads\/2022\/05\/Waage_43-300x225.jpg 300w, https:\/\/www2.smd-group.info\/wp-content\/uploads\/2022\/05\/Waage_43-768x576.jpg 768w, https:\/\/www2.smd-group.info\/wp-content\/uploads\/2022\/05\/Waage_43-16x12.jpg 16w\" sizes=\"auto, (max-width: 1000px) 100vw, 1000px\" \/><\/figure>\n\n\t<\/div>\n\n\n\n<div class=\"col-12 col-md-6 col-lg-7\">\n\t\t\t\n\n<h3 class=\"wp-block-heading h2\">i-Search<\/h3>\n\n\n\n<p class=\"mbc-32\">Do you want to select a trademark name for countries that are unfamiliar to you with regard to local law? i-Search assists you: Attorneys from our global network evaluate our searches based on local conditions. A single report summarizes all the essentials and provides precise recommendations for your name ideas. In this way, you make an informed decision. <\/p>\n\n\n<div class=\"wp-bootstrap-blocks-button\">\n\t<a\n\t\thref=\"https:\/\/www.i-search.biz\"\n\t\t\t\t\ttarget=\"_blank\"\n\t\t\t\t\t\t\trel=\"noreferrer noopener\"\n\t\t\t\tclass=\"btn mt-2 btn-primary\"\n\t>\n\t\tRead more\t<\/a>\n<\/div>\n\n\t<\/div>\n\n<\/div>\n<\/div><\/div>\n\n\n\n<div class=\"wp-block-uagb-section uagb-section__wrap uagb-section__background-undefined uagb-block-012b959e webinar-area\"><div class=\"uagb-section__overlay\"><\/div><div class=\"uagb-section__inner-wrap\"><div class=\"wp-bootstrap-blocks-row row\">\n\t\n\n<div class=\"col-12 col-md-6 col-lg-5\">\n\t\t\t\n\n<figure class=\"wp-block-image size-full\"><img loading=\"lazy\" decoding=\"async\" width=\"1000\" height=\"750\" src=\"https:\/\/www2.smd-group.info\/wp-content\/uploads\/2022\/05\/Country_Index_Handshake_43.jpg\" alt=\"\" class=\"wp-image-2059\" srcset=\"https:\/\/www2.smd-group.info\/wp-content\/uploads\/2022\/05\/Country_Index_Handshake_43.jpg 1000w, https:\/\/www2.smd-group.info\/wp-content\/uploads\/2022\/05\/Country_Index_Handshake_43-300x225.jpg 300w, https:\/\/www2.smd-group.info\/wp-content\/uploads\/2022\/05\/Country_Index_Handshake_43-768x576.jpg 768w, https:\/\/www2.smd-group.info\/wp-content\/uploads\/2022\/05\/Country_Index_Handshake_43-16x12.jpg 16w\" sizes=\"auto, (max-width: 1000px) 100vw, 1000px\" \/><\/figure>\n\n\t<\/div>\n\n\n\n<div class=\"col-12 col-md-6 col-lg-7\">\n\t\t\t\n\n<h3 class=\"wp-block-heading h2\">Country Index<\/h3>\n\n\n\n<p class=\"mbc-32\">Do you want to register a trademark abroad and need information about the procedure? In the Country Index, you will find regulations for over 220 countries. Our publications cover further aspects, such as licensing,  use requirements, and trademark renewal grace periods. The newsletter keeps you posted on the latest amendments free of charge.<\/p>\n\n\n<div class=\"wp-bootstrap-blocks-button\">\n\t<a\n\t\thref=\"https:\/\/www2.smd-group.info\/en\/products-solutions\/country-index-fuer-markenprofessionals\/\"\n\t\t\t\t\t\tclass=\"btn mt-2 btn-primary\"\n\t>\n\t\tRead more\t<\/a>\n<\/div>\n\n\t<\/div>\n\n<\/div>\n<\/div><\/div>\n\n\n\n<div class=\"wp-block-uagb-section uagb-section__wrap uagb-section__background-undefined uagb-block-487ed478 webinar-area\"><div class=\"uagb-section__overlay\"><\/div><div class=\"uagb-section__inner-wrap\"><div class=\"wp-bootstrap-blocks-row row\">\n\t\n\n<div class=\"col-12 col-md-6 col-lg-5\">\n\t\t\t\n\n<figure class=\"wp-block-image size-full\"><img loading=\"lazy\" decoding=\"async\" width=\"1000\" height=\"750\" src=\"https:\/\/www2.smd-group.info\/wp-content\/uploads\/2022\/05\/Inhouse_Large_Volume_Solution_43.jpg\" alt=\"\" class=\"wp-image-2004\" srcset=\"https:\/\/www2.smd-group.info\/wp-content\/uploads\/2022\/05\/Inhouse_Large_Volume_Solution_43.jpg 1000w, https:\/\/www2.smd-group.info\/wp-content\/uploads\/2022\/05\/Inhouse_Large_Volume_Solution_43-300x225.jpg 300w, https:\/\/www2.smd-group.info\/wp-content\/uploads\/2022\/05\/Inhouse_Large_Volume_Solution_43-768x576.jpg 768w, https:\/\/www2.smd-group.info\/wp-content\/uploads\/2022\/05\/Inhouse_Large_Volume_Solution_43-16x12.jpg 16w\" sizes=\"auto, (max-width: 1000px) 100vw, 1000px\" \/><\/figure>\n\n\t<\/div>\n\n\n\n<div class=\"col-12 col-md-6 col-lg-7\">\n\t\t\t\n\n<h3 class=\"wp-block-heading h2\">Large Volume Solutions<\/h3>\n\n\n\n<p class=\"mbc-32\">As an owner of many marks, you have special requirements in many ways! We provide suitable APIs and support your daily trademark work with customized solutions. In this way, you minimize manual labor and the resulting errors. In this way, you will streamline your processes and handle large projects more cost-effectively and quickly. <\/p>\n\n\n<div class=\"wp-bootstrap-blocks-button\">\n\t<a\n\t\thref=\"https:\/\/www2.smd-group.info\/en\/products-solutions\/large-volume-solutions\/\"\n\t\t\t\t\t\tclass=\"btn mt-2 btn-primary\"\n\t>\n\t\tRead more\t<\/a>\n<\/div>\n\n\t<\/div>\n\n<\/div>\n<\/div><\/div>\n\n<\/div>\n<\/div><\/section>\n\n\n\n<section class=\"wp-block-uagb-section uagb-section__wrap uagb-section__background-undefined uagb-block-d8bdabb8 section-testimonial\"><div class=\"uagb-section__overlay\"><\/div><div class=\"uagb-section__inner-wrap\"><div class=\"wp-bootstrap-blocks-container container mb-0\">\n\t\n<div class=\"wp-bootstrap-blocks-row row\">\n\t\n\n<div class=\"col-12 col-md-1 col-lg-2\">\n\t\t\t\t<\/div>\n\n\n\n<div class=\"col-12 col-md-10 col-lg-8\">\n\t\t\t\n\n<div class=\"wp-block-uagb-testimonial uagb-slick-carousel uagb-tm__arrow-outside uagb-block-7d065378\"><div class=\"is-carousel uagb-tm__columns-1 uagb-tm__items\"><div class=\"uagb-testimonial__wrap  uagb-tm__imgicon-style-circle uagb-tm__image-position-bottom uagb-tm__bg-type-undefined\"><div class=\"uagb-tm__content\"><div class=\"uagb-tm__overlay\"><\/div><div class=\"uagb-tm__text-wrap\"><div class=\"uagb-tm__desc\">I am very satisfied with the professional in-use searches of SMD. The results are provided promptly, clearly and precisely at very reasonable rates. I can absolutely recommend them!<\/div><div class=\"uagb-tm__meta-inner\"><div class=\"uagb-testimonial-details\"><span class=\"uagb-tm__author-name\">Julia Steinbrener<\/span><span class=\"uagb-tm__company\">Nestl\u00e9 Deutschland AG<\/span><\/div><\/div><\/div><\/div><\/div><div class=\"uagb-testimonial__wrap  uagb-tm__imgicon-style-circle uagb-tm__image-position-bottom uagb-tm__bg-type-undefined\"><div class=\"uagb-tm__content\"><div class=\"uagb-tm__overlay\"><\/div><div class=\"uagb-tm__text-wrap\"><div class=\"uagb-tm__desc\">\u2026probably the most valuable tool that I have to quickly check the trademark regulations for a given jurisdiction. I have the site as a favorit on my toolbar and us it at least several times a week.<\/div><div class=\"uagb-tm__meta-inner\"><div class=\"uagb-testimonial-details\"><span class=\"uagb-tm__author-name\">Elizabeth Kinsley <\/span><span class=\"uagb-tm__company\">Kellogg Company<\/span><\/div><\/div><\/div><\/div><\/div><div class=\"uagb-testimonial__wrap  uagb-tm__imgicon-style-circle uagb-tm__image-position-bottom uagb-tm__bg-type-undefined\"><div class=\"uagb-tm__content\"><div class=\"uagb-tm__overlay\"><\/div><div class=\"uagb-tm__text-wrap\"><div class=\"uagb-tm__desc\">My experience with SMD was good from start to end. They were flexible to our needs, quick with the search, very easy to communicate with and delivered results that met our needs.<\/div><div class=\"uagb-tm__meta-inner\"><div class=\"uagb-testimonial-details\"><span class=\"uagb-tm__author-name\">Emil Wasteson <\/span><span class=\"uagb-tm__company\">Hooked Foods<\/span><\/div><\/div><\/div><\/div><\/div><\/div><\/div>\n\n\t<\/div>\n\n\n\n<div class=\"col-12 col-md-1 col-lg-2\">\n\t\t\t\t<\/div>\n\n<\/div>\n\n<\/div>\n<\/div><\/section>\n\n\n\n<section class=\"wp-block-uagb-section uagb-section__wrap uagb-section__background-undefined uagb-block-9f386bfa section-sand\"><div class=\"uagb-section__overlay\"><\/div><div class=\"uagb-section__inner-wrap\"><div class=\"wp-bootstrap-blocks-container container mb-0\">\n\t\n\n<h3 class=\"wp-block-heading has-text-align-center mb-4\">Keep up with the latest updates and insights<\/h3>\n\n\n<div class=\"wp-bootstrap-blocks-button text-center\">\n\t<a\n\t\thref=\"https:\/\/www.smd-group.info\/subscribe.aspx\"\n\t\t\t\t\ttarget=\"_blank\"\n\t\t\t\t\t\t\trel=\"noreferrer noopener\"\n\t\t\t\tclass=\"btn btn-primary\"\n\t>\n\t\tSubscribe to news\t<\/a>\n<\/div>\n\n<\/div>\n<\/div><\/section>","protected":false},"excerpt":{"rendered":"","protected":false},"author":2,"featured_media":0,"parent":1088,"menu_order":2,"comment_status":"closed","ping_status":"closed","template":"page-targetpages.php","meta":{"_acf_changed":false,"_uag_custom_page_level_css":"","footnotes":""},"categories":[],"class_list":["post-312","page","type-page","status-publish","hentry"],"acf":[],"yoast_head":"<!-- This site is optimized with the Yoast SEO plugin v27.3 - https:\/\/yoast.com\/product\/yoast-seo-wordpress\/ -->\n<title>Unternehmen - SMD Group<\/title>\n<meta name=\"description\" content=\"SMD versorgt Sie schnell und zuverl\u00e4ssig mit exakt den Informationen, die Sie ben\u00f6tigen, um Ihr geistiges Eigentum zu sch\u00fctzen.\" \/>\n<meta name=\"robots\" content=\"index, follow, max-snippet:-1, max-image-preview:large, max-video-preview:-1\" \/>\n<link rel=\"canonical\" href=\"https:\/\/www2.smd-group.info\/en\/smd-group\/inhouse-counsel\/\" \/>\n<meta property=\"og:locale\" content=\"en_US\" \/>\n<meta property=\"og:type\" content=\"article\" \/>\n<meta property=\"og:title\" content=\"Unternehmen - SMD Group\" \/>\n<meta property=\"og:description\" content=\"SMD versorgt Sie schnell und zuverl\u00e4ssig mit exakt den Informationen, die Sie ben\u00f6tigen, um Ihr geistiges Eigentum zu sch\u00fctzen.\" \/>\n<meta property=\"og:url\" content=\"https:\/\/www2.smd-group.info\/en\/smd-group\/inhouse-counsel\/\" \/>\n<meta property=\"og:site_name\" content=\"SMD Group\" \/>\n<meta property=\"article:modified_time\" content=\"2025-07-10T09:01:27+00:00\" \/>\n<meta property=\"og:image\" content=\"https:\/\/www2.smd-group.info\/wp-content\/uploads\/2022\/04\/smd-hero-inhouse-counsel.png\" \/>\n<meta name=\"twitter:card\" content=\"summary_large_image\" \/>\n<meta name=\"twitter:label1\" content=\"Est. reading time\" \/>\n\t<meta name=\"twitter:data1\" content=\"4 minutes\" \/>\n<script type=\"application\/ld+json\" class=\"yoast-schema-graph\">{\"@context\":\"https:\\\/\\\/schema.org\",\"@graph\":[{\"@type\":\"WebPage\",\"@id\":\"https:\\\/\\\/www2.smd-group.info\\\/smd-group\\\/inhouse-counsel\\\/\",\"url\":\"https:\\\/\\\/www2.smd-group.info\\\/smd-group\\\/inhouse-counsel\\\/\",\"name\":\"Unternehmen - SMD Group\",\"isPartOf\":{\"@id\":\"https:\\\/\\\/www2.smd-group.info\\\/de\\\/#website\"},\"primaryImageOfPage\":{\"@id\":\"https:\\\/\\\/www2.smd-group.info\\\/smd-group\\\/inhouse-counsel\\\/#primaryimage\"},\"image\":{\"@id\":\"https:\\\/\\\/www2.smd-group.info\\\/smd-group\\\/inhouse-counsel\\\/#primaryimage\"},\"thumbnailUrl\":\"https:\\\/\\\/www2.smd-group.info\\\/wp-content\\\/uploads\\\/2022\\\/04\\\/smd-hero-inhouse-counsel.png\",\"datePublished\":\"2021-11-24T13:22:41+00:00\",\"dateModified\":\"2025-07-10T09:01:27+00:00\",\"description\":\"SMD versorgt Sie schnell und zuverl\u00e4ssig mit exakt den Informationen, die Sie ben\u00f6tigen, um Ihr geistiges Eigentum zu sch\u00fctzen.\",\"breadcrumb\":{\"@id\":\"https:\\\/\\\/www2.smd-group.info\\\/smd-group\\\/inhouse-counsel\\\/#breadcrumb\"},\"inLanguage\":\"en-US\",\"potentialAction\":[{\"@type\":\"ReadAction\",\"target\":[\"https:\\\/\\\/www2.smd-group.info\\\/smd-group\\\/inhouse-counsel\\\/\"]}]},{\"@type\":\"ImageObject\",\"inLanguage\":\"en-US\",\"@id\":\"https:\\\/\\\/www2.smd-group.info\\\/smd-group\\\/inhouse-counsel\\\/#primaryimage\",\"url\":\"https:\\\/\\\/www2.smd-group.info\\\/wp-content\\\/uploads\\\/2022\\\/04\\\/smd-hero-inhouse-counsel.png\",\"contentUrl\":\"https:\\\/\\\/www2.smd-group.info\\\/wp-content\\\/uploads\\\/2022\\\/04\\\/smd-hero-inhouse-counsel.png\"},{\"@type\":\"BreadcrumbList\",\"@id\":\"https:\\\/\\\/www2.smd-group.info\\\/smd-group\\\/inhouse-counsel\\\/#breadcrumb\",\"itemListElement\":[{\"@type\":\"ListItem\",\"position\":1,\"name\":\"Startseite\",\"item\":\"https:\\\/\\\/www2.smd-group.info\\\/de\\\/\"},{\"@type\":\"ListItem\",\"position\":2,\"name\":\"SMD Group\",\"item\":\"https:\\\/\\\/www2.smd-group.info\\\/smd-group\\\/\"},{\"@type\":\"ListItem\",\"position\":3,\"name\":\"Unternehmen\"}]},{\"@type\":\"WebSite\",\"@id\":\"https:\\\/\\\/www2.smd-group.info\\\/de\\\/#website\",\"url\":\"https:\\\/\\\/www2.smd-group.info\\\/de\\\/\",\"name\":\"SMD Group\",\"description\":\"\",\"publisher\":{\"@id\":\"https:\\\/\\\/www2.smd-group.info\\\/de\\\/#organization\"},\"potentialAction\":[{\"@type\":\"SearchAction\",\"target\":{\"@type\":\"EntryPoint\",\"urlTemplate\":\"https:\\\/\\\/www2.smd-group.info\\\/de\\\/?s={search_term_string}\"},\"query-input\":{\"@type\":\"PropertyValueSpecification\",\"valueRequired\":true,\"valueName\":\"search_term_string\"}}],\"inLanguage\":\"en-US\"},{\"@type\":\"Organization\",\"@id\":\"https:\\\/\\\/www2.smd-group.info\\\/de\\\/#organization\",\"name\":\"SMD Group I Schutz Marken Dienst GmbH\",\"url\":\"https:\\\/\\\/www2.smd-group.info\\\/de\\\/\",\"logo\":{\"@type\":\"ImageObject\",\"inLanguage\":\"en-US\",\"@id\":\"https:\\\/\\\/www2.smd-group.info\\\/de\\\/#\\\/schema\\\/logo\\\/image\\\/\",\"url\":\"https:\\\/\\\/www2.smd-group.info\\\/wp-content\\\/uploads\\\/2021\\\/11\\\/smd-logo.png\",\"contentUrl\":\"https:\\\/\\\/www2.smd-group.info\\\/wp-content\\\/uploads\\\/2021\\\/11\\\/smd-logo.png\",\"width\":156,\"height\":36,\"caption\":\"SMD Group I Schutz Marken Dienst GmbH\"},\"image\":{\"@id\":\"https:\\\/\\\/www2.smd-group.info\\\/de\\\/#\\\/schema\\\/logo\\\/image\\\/\"}}]}<\/script>\n<!-- \/ Yoast SEO plugin. -->","yoast_head_json":{"title":"Unternehmen - SMD Group","description":"SMD versorgt Sie schnell und zuverl\u00e4ssig mit exakt den Informationen, die Sie ben\u00f6tigen, um Ihr geistiges Eigentum zu sch\u00fctzen.","robots":{"index":"index","follow":"follow","max-snippet":"max-snippet:-1","max-image-preview":"max-image-preview:large","max-video-preview":"max-video-preview:-1"},"canonical":"https:\/\/www2.smd-group.info\/en\/smd-group\/inhouse-counsel\/","og_locale":"en_US","og_type":"article","og_title":"Unternehmen - SMD Group","og_description":"SMD versorgt Sie schnell und zuverl\u00e4ssig mit exakt den Informationen, die Sie ben\u00f6tigen, um Ihr geistiges Eigentum zu sch\u00fctzen.","og_url":"https:\/\/www2.smd-group.info\/en\/smd-group\/inhouse-counsel\/","og_site_name":"SMD Group","article_modified_time":"2025-07-10T09:01:27+00:00","og_image":[{"url":"https:\/\/www2.smd-group.info\/wp-content\/uploads\/2022\/04\/smd-hero-inhouse-counsel.png","type":"","width":"","height":""}],"twitter_card":"summary_large_image","twitter_misc":{"Est. reading time":"4 minutes"},"schema":{"@context":"https:\/\/schema.org","@graph":[{"@type":"WebPage","@id":"https:\/\/www2.smd-group.info\/smd-group\/inhouse-counsel\/","url":"https:\/\/www2.smd-group.info\/smd-group\/inhouse-counsel\/","name":"Unternehmen - SMD Group","isPartOf":{"@id":"https:\/\/www2.smd-group.info\/de\/#website"},"primaryImageOfPage":{"@id":"https:\/\/www2.smd-group.info\/smd-group\/inhouse-counsel\/#primaryimage"},"image":{"@id":"https:\/\/www2.smd-group.info\/smd-group\/inhouse-counsel\/#primaryimage"},"thumbnailUrl":"https:\/\/www2.smd-group.info\/wp-content\/uploads\/2022\/04\/smd-hero-inhouse-counsel.png","datePublished":"2021-11-24T13:22:41+00:00","dateModified":"2025-07-10T09:01:27+00:00","description":"SMD versorgt Sie schnell und zuverl\u00e4ssig mit exakt den Informationen, die Sie ben\u00f6tigen, um Ihr geistiges Eigentum zu sch\u00fctzen.","breadcrumb":{"@id":"https:\/\/www2.smd-group.info\/smd-group\/inhouse-counsel\/#breadcrumb"},"inLanguage":"en-US","potentialAction":[{"@type":"ReadAction","target":["https:\/\/www2.smd-group.info\/smd-group\/inhouse-counsel\/"]}]},{"@type":"ImageObject","inLanguage":"en-US","@id":"https:\/\/www2.smd-group.info\/smd-group\/inhouse-counsel\/#primaryimage","url":"https:\/\/www2.smd-group.info\/wp-content\/uploads\/2022\/04\/smd-hero-inhouse-counsel.png","contentUrl":"https:\/\/www2.smd-group.info\/wp-content\/uploads\/2022\/04\/smd-hero-inhouse-counsel.png"},{"@type":"BreadcrumbList","@id":"https:\/\/www2.smd-group.info\/smd-group\/inhouse-counsel\/#breadcrumb","itemListElement":[{"@type":"ListItem","position":1,"name":"Startseite","item":"https:\/\/www2.smd-group.info\/de\/"},{"@type":"ListItem","position":2,"name":"SMD Group","item":"https:\/\/www2.smd-group.info\/smd-group\/"},{"@type":"ListItem","position":3,"name":"Unternehmen"}]},{"@type":"WebSite","@id":"https:\/\/www2.smd-group.info\/de\/#website","url":"https:\/\/www2.smd-group.info\/de\/","name":"SMD Group","description":"","publisher":{"@id":"https:\/\/www2.smd-group.info\/de\/#organization"},"potentialAction":[{"@type":"SearchAction","target":{"@type":"EntryPoint","urlTemplate":"https:\/\/www2.smd-group.info\/de\/?s={search_term_string}"},"query-input":{"@type":"PropertyValueSpecification","valueRequired":true,"valueName":"search_term_string"}}],"inLanguage":"en-US"},{"@type":"Organization","@id":"https:\/\/www2.smd-group.info\/de\/#organization","name":"SMD Group I Schutz Marken Dienst GmbH","url":"https:\/\/www2.smd-group.info\/de\/","logo":{"@type":"ImageObject","inLanguage":"en-US","@id":"https:\/\/www2.smd-group.info\/de\/#\/schema\/logo\/image\/","url":"https:\/\/www2.smd-group.info\/wp-content\/uploads\/2021\/11\/smd-logo.png","contentUrl":"https:\/\/www2.smd-group.info\/wp-content\/uploads\/2021\/11\/smd-logo.png","width":156,"height":36,"caption":"SMD Group I Schutz Marken Dienst GmbH"},"image":{"@id":"https:\/\/www2.smd-group.info\/de\/#\/schema\/logo\/image\/"}}]}},"uagb_featured_image_src":{"full":false,"thumbnail":false,"medium":false,"medium_large":false,"large":false,"1536x1536":false,"2048x2048":false,"trp-custom-language-flag":false},"uagb_author_info":{"display_name":"Miriam H\u00f6lscher","author_link":"https:\/\/www2.smd-group.info\/en\/author\/hoelscher\/"},"uagb_comment_info":0,"uagb_excerpt":null,"_links":{"self":[{"href":"https:\/\/www2.smd-group.info\/en\/wp-json\/wp\/v2\/pages\/312","targetHints":{"allow":["GET"]}}],"collection":[{"href":"https:\/\/www2.smd-group.info\/en\/wp-json\/wp\/v2\/pages"}],"about":[{"href":"https:\/\/www2.smd-group.info\/en\/wp-json\/wp\/v2\/types\/page"}],"author":[{"embeddable":true,"href":"https:\/\/www2.smd-group.info\/en\/wp-json\/wp\/v2\/users\/2"}],"replies":[{"embeddable":true,"href":"https:\/\/www2.smd-group.info\/en\/wp-json\/wp\/v2\/comments?post=312"}],"version-history":[{"count":45,"href":"https:\/\/www2.smd-group.info\/en\/wp-json\/wp\/v2\/pages\/312\/revisions"}],"predecessor-version":[{"id":4160,"href":"https:\/\/www2.smd-group.info\/en\/wp-json\/wp\/v2\/pages\/312\/revisions\/4160"}],"up":[{"embeddable":true,"href":"https:\/\/www2.smd-group.info\/en\/wp-json\/wp\/v2\/pages\/1088"}],"wp:attachment":[{"href":"https:\/\/www2.smd-group.info\/en\/wp-json\/wp\/v2\/media?parent=312"}],"wp:term":[{"taxonomy":"category","embeddable":true,"href":"https:\/\/www2.smd-group.info\/en\/wp-json\/wp\/v2\/categories?post=312"}],"curies":[{"name":"wp","href":"https:\/\/api.w.org\/{rel}","templated":true}]}}