{"id":310,"date":"2021-11-24T14:22:23","date_gmt":"2021-11-24T13:22:23","guid":{"rendered":"http:\/\/localhost:8090\/?page_id=310"},"modified":"2025-07-10T10:58:27","modified_gmt":"2025-07-10T08:58:27","slug":"law-firms","status":"publish","type":"page","link":"https:\/\/www2.smd-group.info\/en\/smd-group\/law-firms\/","title":{"rendered":"Law Firms"},"content":{"rendered":"<section class=\"wp-block-uagb-section uagb-section__wrap uagb-section__background-gradient uagb-block-0fa36d0f hero law-firms\" id=\"hero\"><div class=\"uagb-section__overlay\"><\/div><div class=\"uagb-section__inner-wrap\"><div class=\"wp-bootstrap-blocks-container container mb-0\">\n\t\n<div class=\"wp-bootstrap-blocks-row row\">\n\t\n\n<div class=\"col-12 col-md-6 d-flex flex-column justify-content-center\">\n\t\t\t\n\n<h1 class=\"wp-block-heading mb-2\">Law Firms<\/h1>\n\n\n\n<h3 class=\"wp-block-heading fw-normal\">Our products and services support you in providing sound advice for your clients.<\/h3>\n\n\t<\/div>\n\n\n\n<div class=\"col-12 col-md-6\">\n\t\t\t\n\n<figure class=\"wp-block-image size-full\"><img loading=\"lazy\" decoding=\"async\" width=\"620\" height=\"500\" src=\"https:\/\/www2.smd-group.info\/wp-content\/uploads\/2022\/04\/smd-hero-law-firms.png\" alt=\"\" class=\"wp-image-1130\" srcset=\"https:\/\/www2.smd-group.info\/wp-content\/uploads\/2022\/04\/smd-hero-law-firms.png 620w, https:\/\/www2.smd-group.info\/wp-content\/uploads\/2022\/04\/smd-hero-law-firms-300x242.png 300w, https:\/\/www2.smd-group.info\/wp-content\/uploads\/2022\/04\/smd-hero-law-firms-15x12.png 15w\" sizes=\"auto, (max-width: 620px) 100vw, 620px\" \/><\/figure>\n\n\t<\/div>\n\n<\/div>\n\n<\/div>\n<\/div><\/section>\n\n\n\n<section class=\"wp-block-uagb-section uagb-section__wrap uagb-section__background-color uagb-block-6bd43e56\"><div class=\"uagb-section__overlay\"><\/div><div class=\"uagb-section__inner-wrap\"><div class=\"wp-bootstrap-blocks-container container mb-0\">\n\t\n\n<h2 class=\"wp-block-heading\">Our data in your layout ...<\/h2>\n\n\n<div class=\"wp-bootstrap-blocks-row row\">\n\t\n\n<div class=\"col-12 col-md-10 col-lg-8\">\n\t\t\t\n\n<p>You can quickly and easily evaluate, edit and forward our reports to your clients. We adapt the layout to your wishes or insert your logo. You can fully concentrate on advising clients. We will provide you with the relevant background information \u2013 <strong>smoothly, efficiently, reliably, and on time. <\/strong><\/p>\n\n\t<\/div>\n\n\n\n<div class=\"col-12 col-md-2 col-lg-4\">\n\t\t\t\t<\/div>\n\n<\/div>\n\n\n\n<div class=\"wp-block-uagb-section uagb-section__wrap uagb-section__background-undefined uagb-block-8ebb0347 webinar-area\"><div class=\"uagb-section__overlay\"><\/div><div class=\"uagb-section__inner-wrap\"><div class=\"wp-bootstrap-blocks-row row\">\n\t\n\n<div class=\"col-12 col-md-6 col-lg-5\">\n\t\t\t\n\n<figure class=\"wp-block-image size-full\"><img loading=\"lazy\" decoding=\"async\" width=\"1000\" height=\"750\" src=\"https:\/\/www2.smd-group.info\/wp-content\/uploads\/2022\/05\/Markenrecherche_43.jpg\" alt=\"\" class=\"wp-image-2150\" srcset=\"https:\/\/www2.smd-group.info\/wp-content\/uploads\/2022\/05\/Markenrecherche_43.jpg 1000w, https:\/\/www2.smd-group.info\/wp-content\/uploads\/2022\/05\/Markenrecherche_43-300x225.jpg 300w, https:\/\/www2.smd-group.info\/wp-content\/uploads\/2022\/05\/Markenrecherche_43-768x576.jpg 768w, https:\/\/www2.smd-group.info\/wp-content\/uploads\/2022\/05\/Markenrecherche_43-16x12.jpg 16w\" sizes=\"auto, (max-width: 1000px) 100vw, 1000px\" \/><\/figure>\n\n\t<\/div>\n\n\n\n<div class=\"col-12 col-md-6 col-lg-7\">\n\t\t\t\n\n<h3 class=\"wp-block-heading h2\">Searching<\/h3>\n\n\n\n<p>You would like to register a trademark, a company name, a patent or another industrial property right for your client and need information whether this sign is free? We search the current data of the official registers worldwide for you.<\/p>\n\n\n<div class=\"wp-bootstrap-blocks-button\">\n\t<a\n\t\thref=\"https:\/\/www2.smd-group.info\/en\/products-solutions\/searching\/\"\n\t\t\t\t\t\tclass=\"btn mt-2 btn-primary\"\n\t>\n\t\tRead more\t<\/a>\n<\/div>\n\n\t<\/div>\n\n<\/div>\n<\/div><\/div>\n\n\n\n<div class=\"wp-block-uagb-section uagb-section__wrap uagb-section__background-undefined uagb-block-7c3493c8 webinar-area\"><div class=\"uagb-section__overlay\"><\/div><div class=\"uagb-section__inner-wrap\"><div class=\"wp-bootstrap-blocks-row row\">\n\t\n\n<div class=\"col-12 col-md-6 col-lg-5\">\n\t\t\t\n\n<figure class=\"wp-block-image size-full\"><img loading=\"lazy\" decoding=\"async\" width=\"1000\" height=\"750\" src=\"https:\/\/www2.smd-group.info\/wp-content\/uploads\/2022\/05\/Recherche_Ueberwachung_43.jpg\" alt=\"\" class=\"wp-image-2018\" srcset=\"https:\/\/www2.smd-group.info\/wp-content\/uploads\/2022\/05\/Recherche_Ueberwachung_43.jpg 1000w, https:\/\/www2.smd-group.info\/wp-content\/uploads\/2022\/05\/Recherche_Ueberwachung_43-300x225.jpg 300w, https:\/\/www2.smd-group.info\/wp-content\/uploads\/2022\/05\/Recherche_Ueberwachung_43-768x576.jpg 768w, https:\/\/www2.smd-group.info\/wp-content\/uploads\/2022\/05\/Recherche_Ueberwachung_43-16x12.jpg 16w\" sizes=\"auto, (max-width: 1000px) 100vw, 1000px\" \/><\/figure>\n\n\t<\/div>\n\n\n\n<div class=\"col-12 col-md-6 col-lg-7\">\n\t\t\t\n\n<h3 class=\"wp-block-heading h2\">Watching<\/h3>\n\n\n\n<p>Your client is intellectual property rights owner and you want to support him in protecting him from infringement etc? We monitor the official registers for newly published signs and report on potentially colliding signs optionally to you or directly to your client. <\/p>\n\n\n<div class=\"wp-bootstrap-blocks-button\">\n\t<a\n\t\thref=\"https:\/\/www2.smd-group.info\/en\/products-solutions\/marken-firmen-domains-ueberwachen\/\"\n\t\t\t\t\t\tclass=\"btn mt-2 btn-primary\"\n\t>\n\t\tRead more\t<\/a>\n<\/div>\n\n\t<\/div>\n\n<\/div>\n<\/div><\/div>\n\n\n\n<div class=\"wp-block-uagb-section uagb-section__wrap uagb-section__background-undefined uagb-block-35e1518d webinar-area\"><div class=\"uagb-section__overlay\"><\/div><div class=\"uagb-section__inner-wrap\"><div class=\"wp-bootstrap-blocks-row row\">\n\t\n\n<div class=\"col-12 col-md-6 col-lg-5\">\n\t\t\t\n\n<figure class=\"wp-block-image size-full\"><img loading=\"lazy\" decoding=\"async\" width=\"1000\" height=\"750\" src=\"https:\/\/www2.smd-group.info\/wp-content\/uploads\/2022\/05\/i_Search_43.jpg\" alt=\"\" class=\"wp-image-2017\" srcset=\"https:\/\/www2.smd-group.info\/wp-content\/uploads\/2022\/05\/i_Search_43.jpg 1000w, https:\/\/www2.smd-group.info\/wp-content\/uploads\/2022\/05\/i_Search_43-300x225.jpg 300w, https:\/\/www2.smd-group.info\/wp-content\/uploads\/2022\/05\/i_Search_43-768x576.jpg 768w, https:\/\/www2.smd-group.info\/wp-content\/uploads\/2022\/05\/i_Search_43-16x12.jpg 16w\" sizes=\"auto, (max-width: 1000px) 100vw, 1000px\" \/><\/figure>\n\n\t<\/div>\n\n\n\n<div class=\"col-12 col-md-6 col-lg-7\">\n\t\t\t\n\n<h3 class=\"wp-block-heading h2\">Legal Opinions<\/h3>\n\n\n\n<p class=\"mbc-32\">The eligibility of a trademark for use and registration is very difficult to assess in foreign countries. The independent attorneys of our global network evaluate our searches with regard to local aspects. You can supplement a conclusion or cover certain countries yourself. In this way, you advise your clients for jurisdictions in which you do not practice personally.<\/p>\n\n\n<div class=\"wp-bootstrap-blocks-button\">\n\t<a\n\t\thref=\"https:\/\/www.i-search.biz\"\n\t\t\t\t\ttarget=\"_blank\"\n\t\t\t\t\t\t\trel=\"noreferrer noopener\"\n\t\t\t\tclass=\"btn mt-2 btn-primary\"\n\t>\n\t\tTo i-Search\t<\/a>\n<\/div>\n\n\t<\/div>\n\n<\/div>\n<\/div><\/div>\n\n\n\n<div class=\"wp-block-uagb-section uagb-section__wrap uagb-section__background-undefined uagb-block-2eb20f13 webinar-area\"><div class=\"uagb-section__overlay\"><\/div><div class=\"uagb-section__inner-wrap\"><div class=\"wp-bootstrap-blocks-row row\">\n\t\n\n<div class=\"col-12 col-md-6 col-lg-5\">\n\t\t\t\n\n<figure class=\"wp-block-image size-full\"><img loading=\"lazy\" decoding=\"async\" width=\"1000\" height=\"750\" src=\"https:\/\/www2.smd-group.info\/wp-content\/uploads\/2022\/05\/Do_it_yourself_43.jpg\" alt=\"\" class=\"wp-image-2058\" srcset=\"https:\/\/www2.smd-group.info\/wp-content\/uploads\/2022\/05\/Do_it_yourself_43.jpg 1000w, https:\/\/www2.smd-group.info\/wp-content\/uploads\/2022\/05\/Do_it_yourself_43-300x225.jpg 300w, https:\/\/www2.smd-group.info\/wp-content\/uploads\/2022\/05\/Do_it_yourself_43-768x576.jpg 768w, https:\/\/www2.smd-group.info\/wp-content\/uploads\/2022\/05\/Do_it_yourself_43-16x12.jpg 16w\" sizes=\"auto, (max-width: 1000px) 100vw, 1000px\" \/><\/figure>\n\n\t<\/div>\n\n\n\n<div class=\"col-12 col-md-6 col-lg-7\">\n\t\t\t\n\n<h3 class=\"wp-block-heading h2\">DIY Solutions<\/h3>\n\n\n\n<p class=\"mbc-32\">You prefer to carry out searches and monitoring yourself? With our online portal, you perform \nsearching and watching easily and reliably. You will convince your clients with professional reports in your own corporate design. The tool provides you with optimal support through intelligent additional functions. <\/p>\n\n\n<div class=\"wp-bootstrap-blocks-button\">\n\t<a\n\t\thref=\"https:\/\/www2.smd-group.info\/en\/products-solutions\/online-marken-recherchieren-tmzoom\/\"\n\t\t\t\t\t\tclass=\"btn mt-2 btn-primary\"\n\t>\n\t\tRead more\t<\/a>\n<\/div>\n\n\t<\/div>\n\n<\/div>\n<\/div><\/div>\n\n\n\n<div class=\"wp-block-uagb-section uagb-section__wrap uagb-section__background-undefined uagb-block-236d5a15 webinar-area\"><div class=\"uagb-section__overlay\"><\/div><div class=\"uagb-section__inner-wrap\"><div class=\"wp-bootstrap-blocks-row row\">\n\t\n\n<div class=\"col-12 col-md-6 col-lg-5\">\n\t\t\t\n\n<figure class=\"wp-block-image size-full\"><img loading=\"lazy\" decoding=\"async\" width=\"1000\" height=\"750\" src=\"https:\/\/www2.smd-group.info\/wp-content\/uploads\/2022\/05\/Country_Index_Handshake_43.jpg\" alt=\"\" class=\"wp-image-2059\" srcset=\"https:\/\/www2.smd-group.info\/wp-content\/uploads\/2022\/05\/Country_Index_Handshake_43.jpg 1000w, https:\/\/www2.smd-group.info\/wp-content\/uploads\/2022\/05\/Country_Index_Handshake_43-300x225.jpg 300w, https:\/\/www2.smd-group.info\/wp-content\/uploads\/2022\/05\/Country_Index_Handshake_43-768x576.jpg 768w, https:\/\/www2.smd-group.info\/wp-content\/uploads\/2022\/05\/Country_Index_Handshake_43-16x12.jpg 16w\" sizes=\"auto, (max-width: 1000px) 100vw, 1000px\" \/><\/figure>\n\n\t<\/div>\n\n\n\n<div class=\"col-12 col-md-5 col-lg-6\">\n\t\t\t\n\n<h3 class=\"wp-block-heading h2\">Country Index<\/h3>\n\n\n\n<p class=\"mbc-32\">Do you plan to register a trademark abroad and need information about the local regulations? Country Index provides details on 220 countries. For the publications, we collect information about licensing, use requirements, grace periods for renewal, etc., from 380 attorneys worldwide. The newsletter reports amendments.<\/p>\n\n\n<div class=\"wp-bootstrap-blocks-button\">\n\t<a\n\t\thref=\"https:\/\/www2.smd-group.info\/en\/products-solutions\/country-index-fuer-markenprofessionals\/\"\n\t\t\t\t\t\tclass=\"btn mt-2 btn-primary\"\n\t>\n\t\tRead more\t<\/a>\n<\/div>\n\n\t<\/div>\n\n<\/div>\n<\/div><\/div>\n\n<\/div>\n<\/div><\/section>\n\n\n\n<section class=\"wp-block-uagb-section uagb-section__wrap uagb-section__background-undefined uagb-block-35a33b5f section-testimonial\"><div class=\"uagb-section__overlay\"><\/div><div class=\"uagb-section__inner-wrap\"><div class=\"wp-bootstrap-blocks-container container mb-0\">\n\t\n<div class=\"wp-bootstrap-blocks-row row\">\n\t\n\n<div class=\"col-12 col-md-1 col-lg-2\">\n\t\t\t\t<\/div>\n\n\n\n<div class=\"col-12 col-md-10 col-lg-8\">\n\t\t\t\n\n<div class=\"wp-block-uagb-testimonial uagb-slick-carousel uagb-tm__arrow-outside uagb-block-9313d0d3\"><div class=\"is-carousel uagb-tm__columns-1 uagb-tm__items\"><div class=\"uagb-testimonial__wrap  uagb-tm__imgicon-style-circle uagb-tm__image-position-bottom uagb-tm__bg-type-undefined\"><div class=\"uagb-tm__content\"><div class=\"uagb-tm__overlay\"><\/div><div class=\"uagb-tm__text-wrap\"><div class=\"uagb-tm__desc\">The SMD team provides search results that we can always rely on and that form a reliable basis for advising our clients.<\/div><div class=\"uagb-tm__meta-inner\"><div class=\"uagb-testimonial-details\"><span class=\"uagb-tm__author-name\">Christoph Becker<\/span><span class=\"uagb-tm__company\">Andrejewski Honke<\/span><\/div><\/div><\/div><\/div><\/div><div class=\"uagb-testimonial__wrap  uagb-tm__imgicon-style-circle uagb-tm__image-position-bottom uagb-tm__bg-type-undefined\"><div class=\"uagb-tm__content\"><div class=\"uagb-tm__overlay\"><\/div><div class=\"uagb-tm__text-wrap\"><div class=\"uagb-tm__desc\"><meta charset=\"utf-8\">\u2026 Also, your searches are adapted to individual client needs rather than following rigid patterns.<\/div><div class=\"uagb-tm__meta-inner\"><div class=\"uagb-testimonial-details\"><span class=\"uagb-tm__author-name\">Dr. Christian Thomas <\/span><span class=\"uagb-tm__company\">KUHNEN &amp; WACKER<\/span><\/div><\/div><\/div><\/div><\/div><div class=\"uagb-testimonial__wrap  uagb-tm__imgicon-style-circle uagb-tm__image-position-bottom uagb-tm__bg-type-undefined\"><div class=\"uagb-tm__content\"><div class=\"uagb-tm__overlay\"><\/div><div class=\"uagb-tm__text-wrap\"><div class=\"uagb-tm__desc\">We very much appreciate your personal commitment. We are happy that you are personally available to answer urgent queries. This is very important to us. <br>Thank you!<\/div><div class=\"uagb-tm__meta-inner\"><div class=\"uagb-testimonial-details\"><span class=\"uagb-tm__author-name\">Dr. Morten Petersenn <\/span><span class=\"uagb-tm__company\">Hogan Lovells<\/span><\/div><\/div><\/div><\/div><\/div><\/div><\/div>\n\n\t<\/div>\n\n\n\n<div class=\"col-12 col-md-1 col-lg-2\">\n\t\t\t\t<\/div>\n\n<\/div>\n\n<\/div>\n<\/div><\/section>\n\n\n\n<section class=\"wp-block-uagb-section uagb-section__wrap uagb-section__background-undefined uagb-block-4cdeb9a1 section-sand\"><div class=\"uagb-section__overlay\"><\/div><div class=\"uagb-section__inner-wrap\"><div class=\"wp-bootstrap-blocks-container container mb-0\">\n\t\n\n<h3 class=\"wp-block-heading has-text-align-center mb-4\">Keep up with the latest updates and insights<\/h3>\n\n\n<div class=\"wp-bootstrap-blocks-button text-center\">\n\t<a\n\t\thref=\"https:\/\/www.smd-group.info\/subscribe.aspx\"\n\t\t\t\t\ttarget=\"_blank\"\n\t\t\t\t\t\t\trel=\"noreferrer noopener\"\n\t\t\t\tclass=\"btn btn-primary\"\n\t>\n\t\tSubscribe to news\t<\/a>\n<\/div>\n\n<\/div>\n<\/div><\/section>","protected":false},"excerpt":{"rendered":"","protected":false},"author":2,"featured_media":0,"parent":1088,"menu_order":1,"comment_status":"closed","ping_status":"closed","template":"page-targetpages.php","meta":{"_acf_changed":false,"_uag_custom_page_level_css":"","footnotes":""},"categories":[],"class_list":["post-310","page","type-page","status-publish","hentry"],"acf":[],"yoast_head":"<!-- This site is optimized with the Yoast SEO plugin v27.3 - https:\/\/yoast.com\/product\/yoast-seo-wordpress\/ -->\n<title>Kanzleien - SMD Group<\/title>\n<meta name=\"description\" content=\"Wir arbeiten im Hintergrund f\u00fcr Sie reibungslos, effizient, zuverl\u00e4ssig, und diskret, damit Sie Ihre Mandanten erstklassig beraten k\u00f6nnen.\" \/>\n<meta name=\"robots\" content=\"index, follow, max-snippet:-1, max-image-preview:large, max-video-preview:-1\" \/>\n<link rel=\"canonical\" href=\"https:\/\/www2.smd-group.info\/en\/smd-group\/law-firms\/\" \/>\n<meta property=\"og:locale\" content=\"en_US\" \/>\n<meta property=\"og:type\" content=\"article\" \/>\n<meta property=\"og:title\" content=\"Kanzleien - SMD Group\" \/>\n<meta property=\"og:description\" content=\"Wir arbeiten im Hintergrund f\u00fcr Sie reibungslos, effizient, zuverl\u00e4ssig, und diskret, damit Sie Ihre Mandanten erstklassig beraten k\u00f6nnen.\" \/>\n<meta property=\"og:url\" content=\"https:\/\/www2.smd-group.info\/en\/smd-group\/law-firms\/\" \/>\n<meta property=\"og:site_name\" content=\"SMD Group\" \/>\n<meta property=\"article:modified_time\" content=\"2025-07-10T08:58:27+00:00\" \/>\n<meta property=\"og:image\" content=\"https:\/\/www2.smd-group.info\/wp-content\/uploads\/2022\/04\/smd-hero-law-firms.png\" \/>\n<meta name=\"twitter:card\" content=\"summary_large_image\" \/>\n<meta name=\"twitter:label1\" content=\"Est. reading time\" \/>\n\t<meta name=\"twitter:data1\" content=\"4 minutes\" \/>\n<script type=\"application\/ld+json\" class=\"yoast-schema-graph\">{\"@context\":\"https:\\\/\\\/schema.org\",\"@graph\":[{\"@type\":\"WebPage\",\"@id\":\"https:\\\/\\\/www2.smd-group.info\\\/smd-group\\\/law-firms\\\/\",\"url\":\"https:\\\/\\\/www2.smd-group.info\\\/smd-group\\\/law-firms\\\/\",\"name\":\"Kanzleien - SMD Group\",\"isPartOf\":{\"@id\":\"https:\\\/\\\/www2.smd-group.info\\\/de\\\/#website\"},\"primaryImageOfPage\":{\"@id\":\"https:\\\/\\\/www2.smd-group.info\\\/smd-group\\\/law-firms\\\/#primaryimage\"},\"image\":{\"@id\":\"https:\\\/\\\/www2.smd-group.info\\\/smd-group\\\/law-firms\\\/#primaryimage\"},\"thumbnailUrl\":\"https:\\\/\\\/www2.smd-group.info\\\/wp-content\\\/uploads\\\/2022\\\/04\\\/smd-hero-law-firms.png\",\"datePublished\":\"2021-11-24T13:22:23+00:00\",\"dateModified\":\"2025-07-10T08:58:27+00:00\",\"description\":\"Wir arbeiten im Hintergrund f\u00fcr Sie reibungslos, effizient, zuverl\u00e4ssig, und diskret, damit Sie Ihre Mandanten erstklassig beraten k\u00f6nnen.\",\"breadcrumb\":{\"@id\":\"https:\\\/\\\/www2.smd-group.info\\\/smd-group\\\/law-firms\\\/#breadcrumb\"},\"inLanguage\":\"en-US\",\"potentialAction\":[{\"@type\":\"ReadAction\",\"target\":[\"https:\\\/\\\/www2.smd-group.info\\\/smd-group\\\/law-firms\\\/\"]}]},{\"@type\":\"ImageObject\",\"inLanguage\":\"en-US\",\"@id\":\"https:\\\/\\\/www2.smd-group.info\\\/smd-group\\\/law-firms\\\/#primaryimage\",\"url\":\"https:\\\/\\\/www2.smd-group.info\\\/wp-content\\\/uploads\\\/2022\\\/04\\\/smd-hero-law-firms.png\",\"contentUrl\":\"https:\\\/\\\/www2.smd-group.info\\\/wp-content\\\/uploads\\\/2022\\\/04\\\/smd-hero-law-firms.png\"},{\"@type\":\"BreadcrumbList\",\"@id\":\"https:\\\/\\\/www2.smd-group.info\\\/smd-group\\\/law-firms\\\/#breadcrumb\",\"itemListElement\":[{\"@type\":\"ListItem\",\"position\":1,\"name\":\"Startseite\",\"item\":\"https:\\\/\\\/www2.smd-group.info\\\/de\\\/\"},{\"@type\":\"ListItem\",\"position\":2,\"name\":\"SMD Group\",\"item\":\"https:\\\/\\\/www2.smd-group.info\\\/smd-group\\\/\"},{\"@type\":\"ListItem\",\"position\":3,\"name\":\"Kanzleien\"}]},{\"@type\":\"WebSite\",\"@id\":\"https:\\\/\\\/www2.smd-group.info\\\/de\\\/#website\",\"url\":\"https:\\\/\\\/www2.smd-group.info\\\/de\\\/\",\"name\":\"SMD Group\",\"description\":\"\",\"publisher\":{\"@id\":\"https:\\\/\\\/www2.smd-group.info\\\/de\\\/#organization\"},\"potentialAction\":[{\"@type\":\"SearchAction\",\"target\":{\"@type\":\"EntryPoint\",\"urlTemplate\":\"https:\\\/\\\/www2.smd-group.info\\\/de\\\/?s={search_term_string}\"},\"query-input\":{\"@type\":\"PropertyValueSpecification\",\"valueRequired\":true,\"valueName\":\"search_term_string\"}}],\"inLanguage\":\"en-US\"},{\"@type\":\"Organization\",\"@id\":\"https:\\\/\\\/www2.smd-group.info\\\/de\\\/#organization\",\"name\":\"SMD Group I Schutz Marken Dienst GmbH\",\"url\":\"https:\\\/\\\/www2.smd-group.info\\\/de\\\/\",\"logo\":{\"@type\":\"ImageObject\",\"inLanguage\":\"en-US\",\"@id\":\"https:\\\/\\\/www2.smd-group.info\\\/de\\\/#\\\/schema\\\/logo\\\/image\\\/\",\"url\":\"https:\\\/\\\/www2.smd-group.info\\\/wp-content\\\/uploads\\\/2021\\\/11\\\/smd-logo.png\",\"contentUrl\":\"https:\\\/\\\/www2.smd-group.info\\\/wp-content\\\/uploads\\\/2021\\\/11\\\/smd-logo.png\",\"width\":156,\"height\":36,\"caption\":\"SMD Group I Schutz Marken Dienst GmbH\"},\"image\":{\"@id\":\"https:\\\/\\\/www2.smd-group.info\\\/de\\\/#\\\/schema\\\/logo\\\/image\\\/\"}}]}<\/script>\n<!-- \/ Yoast SEO plugin. -->","yoast_head_json":{"title":"Kanzleien - SMD Group","description":"Wir arbeiten im Hintergrund f\u00fcr Sie reibungslos, effizient, zuverl\u00e4ssig, und diskret, damit Sie Ihre Mandanten erstklassig beraten k\u00f6nnen.","robots":{"index":"index","follow":"follow","max-snippet":"max-snippet:-1","max-image-preview":"max-image-preview:large","max-video-preview":"max-video-preview:-1"},"canonical":"https:\/\/www2.smd-group.info\/en\/smd-group\/law-firms\/","og_locale":"en_US","og_type":"article","og_title":"Kanzleien - SMD Group","og_description":"Wir arbeiten im Hintergrund f\u00fcr Sie reibungslos, effizient, zuverl\u00e4ssig, und diskret, damit Sie Ihre Mandanten erstklassig beraten k\u00f6nnen.","og_url":"https:\/\/www2.smd-group.info\/en\/smd-group\/law-firms\/","og_site_name":"SMD Group","article_modified_time":"2025-07-10T08:58:27+00:00","og_image":[{"url":"https:\/\/www2.smd-group.info\/wp-content\/uploads\/2022\/04\/smd-hero-law-firms.png","type":"","width":"","height":""}],"twitter_card":"summary_large_image","twitter_misc":{"Est. reading time":"4 minutes"},"schema":{"@context":"https:\/\/schema.org","@graph":[{"@type":"WebPage","@id":"https:\/\/www2.smd-group.info\/smd-group\/law-firms\/","url":"https:\/\/www2.smd-group.info\/smd-group\/law-firms\/","name":"Kanzleien - SMD Group","isPartOf":{"@id":"https:\/\/www2.smd-group.info\/de\/#website"},"primaryImageOfPage":{"@id":"https:\/\/www2.smd-group.info\/smd-group\/law-firms\/#primaryimage"},"image":{"@id":"https:\/\/www2.smd-group.info\/smd-group\/law-firms\/#primaryimage"},"thumbnailUrl":"https:\/\/www2.smd-group.info\/wp-content\/uploads\/2022\/04\/smd-hero-law-firms.png","datePublished":"2021-11-24T13:22:23+00:00","dateModified":"2025-07-10T08:58:27+00:00","description":"Wir arbeiten im Hintergrund f\u00fcr Sie reibungslos, effizient, zuverl\u00e4ssig, und diskret, damit Sie Ihre Mandanten erstklassig beraten k\u00f6nnen.","breadcrumb":{"@id":"https:\/\/www2.smd-group.info\/smd-group\/law-firms\/#breadcrumb"},"inLanguage":"en-US","potentialAction":[{"@type":"ReadAction","target":["https:\/\/www2.smd-group.info\/smd-group\/law-firms\/"]}]},{"@type":"ImageObject","inLanguage":"en-US","@id":"https:\/\/www2.smd-group.info\/smd-group\/law-firms\/#primaryimage","url":"https:\/\/www2.smd-group.info\/wp-content\/uploads\/2022\/04\/smd-hero-law-firms.png","contentUrl":"https:\/\/www2.smd-group.info\/wp-content\/uploads\/2022\/04\/smd-hero-law-firms.png"},{"@type":"BreadcrumbList","@id":"https:\/\/www2.smd-group.info\/smd-group\/law-firms\/#breadcrumb","itemListElement":[{"@type":"ListItem","position":1,"name":"Startseite","item":"https:\/\/www2.smd-group.info\/de\/"},{"@type":"ListItem","position":2,"name":"SMD Group","item":"https:\/\/www2.smd-group.info\/smd-group\/"},{"@type":"ListItem","position":3,"name":"Kanzleien"}]},{"@type":"WebSite","@id":"https:\/\/www2.smd-group.info\/de\/#website","url":"https:\/\/www2.smd-group.info\/de\/","name":"SMD Group","description":"","publisher":{"@id":"https:\/\/www2.smd-group.info\/de\/#organization"},"potentialAction":[{"@type":"SearchAction","target":{"@type":"EntryPoint","urlTemplate":"https:\/\/www2.smd-group.info\/de\/?s={search_term_string}"},"query-input":{"@type":"PropertyValueSpecification","valueRequired":true,"valueName":"search_term_string"}}],"inLanguage":"en-US"},{"@type":"Organization","@id":"https:\/\/www2.smd-group.info\/de\/#organization","name":"SMD Group I Schutz Marken Dienst GmbH","url":"https:\/\/www2.smd-group.info\/de\/","logo":{"@type":"ImageObject","inLanguage":"en-US","@id":"https:\/\/www2.smd-group.info\/de\/#\/schema\/logo\/image\/","url":"https:\/\/www2.smd-group.info\/wp-content\/uploads\/2021\/11\/smd-logo.png","contentUrl":"https:\/\/www2.smd-group.info\/wp-content\/uploads\/2021\/11\/smd-logo.png","width":156,"height":36,"caption":"SMD Group I Schutz Marken Dienst GmbH"},"image":{"@id":"https:\/\/www2.smd-group.info\/de\/#\/schema\/logo\/image\/"}}]}},"uagb_featured_image_src":{"full":false,"thumbnail":false,"medium":false,"medium_large":false,"large":false,"1536x1536":false,"2048x2048":false,"trp-custom-language-flag":false},"uagb_author_info":{"display_name":"Miriam H\u00f6lscher","author_link":"https:\/\/www2.smd-group.info\/en\/author\/hoelscher\/"},"uagb_comment_info":0,"uagb_excerpt":null,"_links":{"self":[{"href":"https:\/\/www2.smd-group.info\/en\/wp-json\/wp\/v2\/pages\/310","targetHints":{"allow":["GET"]}}],"collection":[{"href":"https:\/\/www2.smd-group.info\/en\/wp-json\/wp\/v2\/pages"}],"about":[{"href":"https:\/\/www2.smd-group.info\/en\/wp-json\/wp\/v2\/types\/page"}],"author":[{"embeddable":true,"href":"https:\/\/www2.smd-group.info\/en\/wp-json\/wp\/v2\/users\/2"}],"replies":[{"embeddable":true,"href":"https:\/\/www2.smd-group.info\/en\/wp-json\/wp\/v2\/comments?post=310"}],"version-history":[{"count":118,"href":"https:\/\/www2.smd-group.info\/en\/wp-json\/wp\/v2\/pages\/310\/revisions"}],"predecessor-version":[{"id":4159,"href":"https:\/\/www2.smd-group.info\/en\/wp-json\/wp\/v2\/pages\/310\/revisions\/4159"}],"up":[{"embeddable":true,"href":"https:\/\/www2.smd-group.info\/en\/wp-json\/wp\/v2\/pages\/1088"}],"wp:attachment":[{"href":"https:\/\/www2.smd-group.info\/en\/wp-json\/wp\/v2\/media?parent=310"}],"wp:term":[{"taxonomy":"category","embeddable":true,"href":"https:\/\/www2.smd-group.info\/en\/wp-json\/wp\/v2\/categories?post=310"}],"curies":[{"name":"wp","href":"https:\/\/api.w.org\/{rel}","templated":true}]}}