{"id":2,"date":"2021-11-12T13:36:32","date_gmt":"2021-11-12T12:36:32","guid":{"rendered":"http:\/\/localhost:8090\/?page_id=2"},"modified":"2025-07-11T13:05:22","modified_gmt":"2025-07-11T11:05:22","slug":"home","status":"publish","type":"page","link":"https:\/\/www2.smd-group.info\/en\/","title":{"rendered":"Home"},"content":{"rendered":"<section class=\"wp-block-uagb-section uagb-section__wrap uagb-section__background-video uagb-block-daab9045 hero hero-home\" id=\"hero\"><div class=\"uagb-section__overlay\"><\/div><div class=\"uagb-section__video-wrap\"><video autoplay loop muted playsinline><source src=\"https:\/\/www2.smd-group.info\/wp-content\/uploads\/2022\/03\/smd-start-hero-video1.mp4\" type=\"video\/mp4\"\/><\/video><\/div><div class=\"uagb-section__inner-wrap\"><div class=\"wp-bootstrap-blocks-container container mb-0\">\n\t\n<div class=\"wp-bootstrap-blocks-row row\">\n\t\n\n<div class=\"col-12 col-md-6 col-lg-7 d-flex flex-column justify-content-center\">\n\t\t\t\n\n<h1 class=\"wp-block-heading mb-2\" id=\"markenrecherche-und-uberwachung\">Trademark Searching &amp; Watching<\/h1>\n\n\n\n<h3 class=\"wp-block-heading fw-normal\" id=\"umfassend-sicher-und-personlich-betreut\">Comprehensive, worldwide, and with personal care<\/h3>\n\n\n<div class=\"wp-bootstrap-blocks-button\">\n\t<a\n\t\thref=\"https:\/\/www2.smd-group.info\/en\/about-us\/\"\n\t\t\t\t\t\tclass=\"btn mt-4 btn-primary\"\n\t>\n\t\tLearn more\t<\/a>\n<\/div>\n\n\t<\/div>\n\n\n\n<div class=\"col-12 col-md-6 col-lg-5\">\n\t\t\t\t<\/div>\n\n<\/div>\n\n<\/div>\n<\/div><\/section>\n\n\n\n<section class=\"wp-block-uagb-section uagb-section__wrap uagb-section__background-undefined uagb-block-7e8bea22 section-blue section-submenu\"><div class=\"uagb-section__overlay\"><\/div><div class=\"uagb-section__inner-wrap\"><div class=\"wp-bootstrap-blocks-container container mb-0\">\n\t\n\n<div class=\"wp-block-uagb-section uagb-section__wrap uagb-section__background-undefined uagb-block-ec82d4d1 submenu-inner\"><div class=\"uagb-section__overlay\"><\/div><div class=\"uagb-section__inner-wrap\">\n<h5 class=\"wp-block-heading\" id=\"smd-group-fur\">SMD Group for:<\/h5>\n\n\n<ul id=\"menu-submenu\" class=\"nav nav-custom\"><li id=\"menu-item-321\" class=\"icon-bank menu-item menu-item-type-post_type menu-item-object-page nav-item menu-item-321\"><a class=\"nav-link\" href=\"https:\/\/www2.smd-group.info\/en\/smd-group\/law-firms\/\"><span class=\"title\">Law Firms<\/span><\/a><\/li>\n<li id=\"menu-item-320\" class=\"icon-bookmark menu-item menu-item-type-post_type menu-item-object-page nav-item menu-item-320\"><a class=\"nav-link\" href=\"https:\/\/www2.smd-group.info\/en\/smd-group\/inhouse-counsel\/\"><span class=\"title\">Inhouse Counsel<\/span><\/a><\/li>\n<li id=\"menu-item-319\" class=\"icon-flask menu-item menu-item-type-post_type menu-item-object-page nav-item menu-item-319\"><a class=\"nav-link\" href=\"https:\/\/www2.smd-group.info\/en\/smd-group\/pharma\/\"><span class=\"title\">Pharma<\/span><\/a><\/li>\n<li id=\"menu-item-318\" class=\"icon-rocket menu-item menu-item-type-post_type menu-item-object-page nav-item menu-item-318\"><a class=\"nav-link\" href=\"https:\/\/www2.smd-group.info\/en\/smd-group\/start-ups\/\"><span class=\"title\">Start ups<\/span><\/a><\/li>\n<\/ul>\n<\/div><\/div>\n\n<\/div>\n<\/div><\/section>\n\n\n\n<section class=\"wp-block-uagb-section uagb-section__wrap uagb-section__background-none uagb-block-49458057\"><div class=\"uagb-section__overlay\"><\/div><div class=\"uagb-section__inner-wrap\"><div class=\"wp-bootstrap-blocks-container container mb-0\">\n\t\n\n<h2 class=\"wp-block-heading mb-4\">Empower and protect your trademarks<\/h2>\n\n\n<div class=\"wp-bootstrap-blocks-row row\">\n\t\n\n<div class=\"col-12 col-md-10 col-lg-8\">\n\t\t\t\n\n<p>SMD assists trademark owners and intellectual property attorneys worldwide in protecting trademarks. We provide information that serves as a sound basis for your decisions or for advising your clients - from naming, searching, and clearance to safeguarding your rights.<\/p>\n\n\t<\/div>\n\n\n\n<div class=\"col-12 col-md-2 col-lg-4\">\n\t\t\t\t<\/div>\n\n<\/div>\n\n\n\n<div class=\"wp-block-uagb-section uagb-section__wrap uagb-section__background-undefined uagb-block-ad5c8588 webinar-area\"><div class=\"uagb-section__overlay\"><\/div><div class=\"uagb-section__inner-wrap\"><div class=\"wp-bootstrap-blocks-row row\">\n\t\n\n<div class=\"col-12 col-md-6 col-lg-7\">\n\t\t\t\n\n<h3 class=\"wp-block-heading h2\">Trademark Searches <\/h3>\n\n\n\n<p class=\"mbc-32\">Before you file a trademark application, you should conduct a search. This is to determine whether your desired label is free for use and registration. Namely, if you infringe the prior rights of others, their owner may hold you liable. We help you in the decision-making process with reliable searches!<\/p>\n\n\n<div class=\"wp-bootstrap-blocks-button\">\n\t<a\n\t\thref=\"https:\/\/www2.smd-group.info\/en\/products-solutions\/searching\/\"\n\t\t\t\t\t\tclass=\"btn mt-2 btn-primary\"\n\t>\n\t\tRead more\t<\/a>\n<\/div>\n\n\t<\/div>\n\n\n\n<div class=\"col-12 col-md-6 col-lg-5\">\n\t\t\t\n\n<figure class=\"wp-block-image size-full mt-4 mt-md-0\"><img loading=\"lazy\" decoding=\"async\" width=\"1000\" height=\"750\" src=\"https:\/\/www2.smd-group.info\/wp-content\/uploads\/2022\/05\/Markenrecherche_43.jpg\" alt=\"Markenrecherche SMD Recherche_Markenrecherche_Ballons_43\" class=\"wp-image-2150\" srcset=\"https:\/\/www2.smd-group.info\/wp-content\/uploads\/2022\/05\/Markenrecherche_43.jpg 1000w, https:\/\/www2.smd-group.info\/wp-content\/uploads\/2022\/05\/Markenrecherche_43-300x225.jpg 300w, https:\/\/www2.smd-group.info\/wp-content\/uploads\/2022\/05\/Markenrecherche_43-768x576.jpg 768w, https:\/\/www2.smd-group.info\/wp-content\/uploads\/2022\/05\/Markenrecherche_43-16x12.jpg 16w\" sizes=\"auto, (max-width: 1000px) 100vw, 1000px\" \/><\/figure>\n\n\t<\/div>\n\n<\/div>\n<\/div><\/div>\n\n\n\n<div class=\"wp-block-uagb-section uagb-section__wrap uagb-section__background-undefined uagb-block-76b461fe webinar-area\"><div class=\"uagb-section__overlay\"><\/div><div class=\"uagb-section__inner-wrap\"><div class=\"wp-bootstrap-blocks-row row\">\n\t\n\n<div class=\"col-12 col-md-6 col-lg-7\">\n\t\t\t\n\n<h3 class=\"wp-block-heading h2\">Trademark Watching<\/h3>\n\n\n\n<p class=\"mbc-32\">After registering your label, keeping track of newly published trademarks that may be confused with your own is vital. This allows you to take legal action if third parties infringe your rights with their applications or registrations. We continuously monitor the official registers in this respect for you.<\/p>\n\n\n<div class=\"wp-bootstrap-blocks-button\">\n\t<a\n\t\thref=\"https:\/\/www2.smd-group.info\/en\/products-solutions\/marken-firmen-domains-ueberwachen\/\"\n\t\t\t\t\t\tclass=\"btn mt-2 btn-primary\"\n\t>\n\t\tRead more\t<\/a>\n<\/div>\n\n\t<\/div>\n\n\n\n<div class=\"col-12 col-md-6 col-lg-5\">\n\t\t\t\n\n<figure class=\"wp-block-image size-full mt-4 mt-md-0\"><img loading=\"lazy\" decoding=\"async\" width=\"1000\" height=\"750\" src=\"https:\/\/www2.smd-group.info\/wp-content\/uploads\/2022\/05\/Recherche_Ueberwachung_43.jpg\" alt=\"Marken\u00fcberwachung_Leuchtturm_43\" class=\"wp-image-2018\" srcset=\"https:\/\/www2.smd-group.info\/wp-content\/uploads\/2022\/05\/Recherche_Ueberwachung_43.jpg 1000w, https:\/\/www2.smd-group.info\/wp-content\/uploads\/2022\/05\/Recherche_Ueberwachung_43-300x225.jpg 300w, https:\/\/www2.smd-group.info\/wp-content\/uploads\/2022\/05\/Recherche_Ueberwachung_43-768x576.jpg 768w, https:\/\/www2.smd-group.info\/wp-content\/uploads\/2022\/05\/Recherche_Ueberwachung_43-16x12.jpg 16w\" sizes=\"auto, (max-width: 1000px) 100vw, 1000px\" \/><\/figure>\n\n\t<\/div>\n\n<\/div>\n<\/div><\/div>\n\n<\/div>\n<\/div><\/section>\n\n\n\n<section class=\"wp-block-uagb-section uagb-section__wrap uagb-section__background-image uagb-block-b5399c98 hero\" id=\"hero\"><div class=\"uagb-section__overlay\"><\/div><div class=\"uagb-section__inner-wrap\"><\/div><\/section>\n\n\n\n<section class=\"wp-block-uagb-section uagb-section__wrap uagb-section__background-undefined uagb-block-a2a24f25 section-sand\"><div class=\"uagb-section__overlay\"><\/div><div class=\"uagb-section__inner-wrap\"><div class=\"wp-bootstrap-blocks-container container mb-0\">\n\t\n<div class=\"wp-bootstrap-blocks-row row\">\n\t\n\n<div class=\"col-12 col-md-6 col-lg-7 order-2 order-md-1\">\n\t\t\t\n\n<h2 class=\"wp-block-heading mt-3 mb-4\">Online platform for searches &amp; watching<\/h2>\n\n\n\n<p>If you prefer to carry out your own searches, we have the perfect tool for performing searches and watching in up to 190 countries. <\/p>\n\n\n\n<p>You will use our proven technology and access the current official data from the authorities online, which has been specially prepared for your search by us. The service is available as a subscription or as pay-per-use.<\/p>\n\n\n\n<p><\/p>\n\n\n<div class=\"wp-bootstrap-blocks-button\">\n\t<a\n\t\thref=\"https:\/\/www2.smd-group.info\/en\/products-solutions\/online-marken-recherchieren-tmzoom\/\"\n\t\t\t\t\t\tclass=\"btn mt-2 btn-primary\"\n\t>\n\t\tRead more\t<\/a>\n<\/div>\n\n\t<\/div>\n\n\n\n<div class=\"col-12 col-md-5 col-lg-4 offset-md-1 order-1 order-md-2\">\n\t\t\t\n\n<ul class=\"wp-block-list\">\n<li>Company<\/li>\n\n\n\n<li>Owner<\/li>\n\n\n\n<li>Nice Class<\/li>\n\n\n\n<li>Word Mark<\/li>\n\n\n\n<li>Device Mark<\/li>\n\n\n\n<li>Domain<\/li>\n\n\n\n<li>Design<\/li>\n<\/ul>\n\n\t<\/div>\n\n<\/div>\n\n<\/div>\n<\/div><\/section>\n\n\n\n<section class=\"wp-block-uagb-section uagb-section__wrap uagb-section__background-undefined uagb-block-01bc4fdd section-testimonial\"><div class=\"uagb-section__overlay\"><\/div><div class=\"uagb-section__inner-wrap\"><div class=\"wp-bootstrap-blocks-container container mb-0\">\n\t\n<div class=\"wp-bootstrap-blocks-row row\">\n\t\n\n<div class=\"col-12 col-md-1 col-lg-2\">\n\t\t\t\t<\/div>\n\n\n\n<div class=\"col-12 col-md-10 col-lg-8\">\n\t\t\t\t<\/div>\n\n\n\n<div class=\"col-12 col-md-1 col-lg-2\">\n\t\t\t\t<\/div>\n\n<\/div>\n\n<\/div>\n<\/div><\/section>\n\n\n\n<section class=\"wp-block-uagb-section uagb-section__wrap uagb-section__background-undefined uagb-block-409325cd section-contact\"><div class=\"uagb-section__overlay\"><\/div><div class=\"uagb-section__inner-wrap\"><div class=\"wp-bootstrap-blocks-container container mb-0\">\n\t\n\n<div class=\"wp-block-uagb-section uagb-section__wrap uagb-section__background-undefined uagb-block-46bab7d6 contact-area\"><div class=\"uagb-section__overlay\"><\/div><div class=\"uagb-section__inner-wrap\">\n<div class=\"wp-block-uagb-section uagb-section__wrap uagb-section__background-undefined uagb-block-e8025e12 contact-details\"><div class=\"uagb-section__overlay\"><\/div><div class=\"uagb-section__inner-wrap\">\n<h4 class=\"wp-block-heading\">Joerg Utescher<\/h4>\n\n\n\n<h5 class=\"wp-block-heading\">CEO SMD Group<\/h5>\n\n\n\n<p>mail@smd-group.info<br>+49 4102 8048 0<\/p>\n<\/div><\/div>\n\n\n\n<figure class=\"wp-block-image size-full contact-image\"><img loading=\"lazy\" decoding=\"async\" width=\"300\" height=\"355\" src=\"https:\/\/www2.smd-group.info\/wp-content\/uploads\/2022\/06\/Joerg_Utescher_2_1113_300px.png\" alt=\"\" class=\"wp-image-3203\" srcset=\"https:\/\/www2.smd-group.info\/wp-content\/uploads\/2022\/06\/Joerg_Utescher_2_1113_300px.png 300w, https:\/\/www2.smd-group.info\/wp-content\/uploads\/2022\/06\/Joerg_Utescher_2_1113_300px-254x300.png 254w, https:\/\/www2.smd-group.info\/wp-content\/uploads\/2022\/06\/Joerg_Utescher_2_1113_300px-10x12.png 10w\" sizes=\"auto, (max-width: 300px) 100vw, 300px\" \/><\/figure>\n\n\n\n<div class=\"wp-block-uagb-section uagb-section__wrap uagb-section__background-undefined uagb-block-73ff2576 contact-infos\"><div class=\"uagb-section__overlay\"><\/div><div class=\"uagb-section__inner-wrap\">\n<h2 class=\"wp-block-heading mb-4\">We are here for you!<\/h2>\n\n\n\n<p class=\"mb-4\">Each and every day, we do our best to protect your intellectual property - with commitment, many years of experience, and the appropriate resources. People are also important - customers and employees. For us, personal engagement and long-term partnerships are the key to our success \u2013 now and in the future.<\/p>\n\n\n<div class=\"wp-bootstrap-blocks-button\">\n\t<a\n\t\thref=\"https:\/\/www2.smd-group.info\/en\/contact-us\/\"\n\t\t\t\t\t\tclass=\"btn btn-primary\"\n\t>\n\t\tGet in touch\t<\/a>\n<\/div>\n<\/div><\/div>\n<\/div><\/div>\n\n<\/div>\n<\/div><\/section>\n\n\n\n<section class=\"wp-block-uagb-section uagb-section__wrap uagb-section__background-undefined uagb-block-2acd5fdf section-sand\"><div class=\"uagb-section__overlay\"><\/div><div class=\"uagb-section__inner-wrap\"><div class=\"wp-bootstrap-blocks-container container mb-0\">\n\t\n\n<h3 class=\"wp-block-heading has-text-align-center mb-4\">Keep up with the latest updates and insights<\/h3>\n\n\n<div class=\"wp-bootstrap-blocks-button text-center\">\n\t<a\n\t\thref=\"https:\/\/www.smd-group.info\/subscribe.aspx\"\n\t\t\t\t\ttarget=\"_blank\"\n\t\t\t\t\t\t\trel=\"noreferrer noopener\"\n\t\t\t\tclass=\"btn btn-primary\"\n\t>\n\t\tSubscribe to news\t<\/a>\n<\/div>\n\n<\/div>\n<\/div><\/section>","protected":false},"excerpt":{"rendered":"","protected":false},"author":2,"featured_media":0,"parent":0,"menu_order":1,"comment_status":"closed","ping_status":"closed","template":"","meta":{"_acf_changed":false,"_uag_custom_page_level_css":"","footnotes":""},"categories":[],"class_list":["post-2","page","type-page","status-publish","hentry"],"acf":[],"yoast_head":"<!-- This site is optimized with the Yoast SEO plugin v27.3 - https:\/\/yoast.com\/product\/yoast-seo-wordpress\/ -->\n<title>Markenrecherche und -\u00fcberwachung - SMD Group<\/title>\n<meta name=\"description\" content=\"Wir sind ihr Partner f\u00fcr Markenrecherche und -\u00fcberwachung. SMD Group hilft Ihnen, Ihr geistiges Eigentum zu sch\u00fctzen.\" \/>\n<meta name=\"robots\" content=\"index, follow, max-snippet:-1, max-image-preview:large, max-video-preview:-1\" \/>\n<link rel=\"canonical\" href=\"https:\/\/www2.smd-group.info\/en\/\" \/>\n<meta property=\"og:locale\" content=\"en_US\" \/>\n<meta property=\"og:type\" content=\"article\" \/>\n<meta property=\"og:title\" content=\"Marken-Recherche\" \/>\n<meta property=\"og:description\" content=\"Wir sind Ihr Experte f\u00fcr Marken-Recherche und Marken-\u00dcberwachung\" \/>\n<meta property=\"og:url\" content=\"https:\/\/www2.smd-group.info\/en\/\" \/>\n<meta property=\"og:site_name\" content=\"SMD Group\" \/>\n<meta property=\"article:modified_time\" content=\"2025-07-11T11:05:22+00:00\" \/>\n<meta property=\"og:image\" content=\"https:\/\/www2.smd-group.info\/wp-content\/uploads\/2022\/06\/SMD_Group_Logo_oClaim_4C.jpg\" \/>\n\t<meta property=\"og:image:width\" content=\"1133\" \/>\n\t<meta property=\"og:image:height\" content=\"261\" \/>\n\t<meta property=\"og:image:type\" content=\"image\/jpeg\" \/>\n<meta name=\"twitter:card\" content=\"summary_large_image\" \/>\n<meta name=\"twitter:label1\" content=\"Est. reading time\" \/>\n\t<meta name=\"twitter:data1\" content=\"3 minutes\" \/>\n<script type=\"application\/ld+json\" class=\"yoast-schema-graph\">{\"@context\":\"https:\\\/\\\/schema.org\",\"@graph\":[{\"@type\":\"WebPage\",\"@id\":\"https:\\\/\\\/www2.smd-group.info\\\/de\\\/\",\"url\":\"https:\\\/\\\/www2.smd-group.info\\\/de\\\/\",\"name\":\"Markenrecherche und -\u00fcberwachung - SMD Group\",\"isPartOf\":{\"@id\":\"https:\\\/\\\/www2.smd-group.info\\\/de\\\/#website\"},\"primaryImageOfPage\":{\"@id\":\"https:\\\/\\\/www2.smd-group.info\\\/de\\\/#primaryimage\"},\"image\":{\"@id\":\"https:\\\/\\\/www2.smd-group.info\\\/de\\\/#primaryimage\"},\"thumbnailUrl\":\"https:\\\/\\\/www2.smd-group.info\\\/wp-content\\\/uploads\\\/2022\\\/05\\\/Markenrecherche_43.jpg\",\"datePublished\":\"2021-11-12T12:36:32+00:00\",\"dateModified\":\"2025-07-11T11:05:22+00:00\",\"description\":\"Wir sind ihr Partner f\u00fcr Markenrecherche und -\u00fcberwachung. SMD Group hilft Ihnen, Ihr geistiges Eigentum zu sch\u00fctzen.\",\"breadcrumb\":{\"@id\":\"https:\\\/\\\/www2.smd-group.info\\\/de\\\/#breadcrumb\"},\"inLanguage\":\"en-US\",\"potentialAction\":[{\"@type\":\"ReadAction\",\"target\":[\"https:\\\/\\\/www2.smd-group.info\\\/de\\\/\"]}]},{\"@type\":\"ImageObject\",\"inLanguage\":\"en-US\",\"@id\":\"https:\\\/\\\/www2.smd-group.info\\\/de\\\/#primaryimage\",\"url\":\"https:\\\/\\\/www2.smd-group.info\\\/wp-content\\\/uploads\\\/2022\\\/05\\\/Markenrecherche_43.jpg\",\"contentUrl\":\"https:\\\/\\\/www2.smd-group.info\\\/wp-content\\\/uploads\\\/2022\\\/05\\\/Markenrecherche_43.jpg\"},{\"@type\":\"BreadcrumbList\",\"@id\":\"https:\\\/\\\/www2.smd-group.info\\\/de\\\/#breadcrumb\",\"itemListElement\":[{\"@type\":\"ListItem\",\"position\":1,\"name\":\"Startseite\",\"item\":\"https:\\\/\\\/www2.smd-group.info\\\/de\\\/\"},{\"@type\":\"ListItem\",\"position\":2,\"name\":\"Home\"}]},{\"@type\":\"WebSite\",\"@id\":\"https:\\\/\\\/www2.smd-group.info\\\/de\\\/#website\",\"url\":\"https:\\\/\\\/www2.smd-group.info\\\/de\\\/\",\"name\":\"SMD Group\",\"description\":\"\",\"publisher\":{\"@id\":\"https:\\\/\\\/www2.smd-group.info\\\/de\\\/#organization\"},\"potentialAction\":[{\"@type\":\"SearchAction\",\"target\":{\"@type\":\"EntryPoint\",\"urlTemplate\":\"https:\\\/\\\/www2.smd-group.info\\\/de\\\/?s={search_term_string}\"},\"query-input\":{\"@type\":\"PropertyValueSpecification\",\"valueRequired\":true,\"valueName\":\"search_term_string\"}}],\"inLanguage\":\"en-US\"},{\"@type\":\"Organization\",\"@id\":\"https:\\\/\\\/www2.smd-group.info\\\/de\\\/#organization\",\"name\":\"SMD Group I Schutz Marken Dienst GmbH\",\"url\":\"https:\\\/\\\/www2.smd-group.info\\\/de\\\/\",\"logo\":{\"@type\":\"ImageObject\",\"inLanguage\":\"en-US\",\"@id\":\"https:\\\/\\\/www2.smd-group.info\\\/de\\\/#\\\/schema\\\/logo\\\/image\\\/\",\"url\":\"https:\\\/\\\/www2.smd-group.info\\\/wp-content\\\/uploads\\\/2021\\\/11\\\/smd-logo.png\",\"contentUrl\":\"https:\\\/\\\/www2.smd-group.info\\\/wp-content\\\/uploads\\\/2021\\\/11\\\/smd-logo.png\",\"width\":156,\"height\":36,\"caption\":\"SMD Group I Schutz Marken Dienst GmbH\"},\"image\":{\"@id\":\"https:\\\/\\\/www2.smd-group.info\\\/de\\\/#\\\/schema\\\/logo\\\/image\\\/\"}}]}<\/script>\n<!-- \/ Yoast SEO plugin. -->","yoast_head_json":{"title":"Markenrecherche und -\u00fcberwachung - SMD Group","description":"Wir sind ihr Partner f\u00fcr Markenrecherche und -\u00fcberwachung. SMD Group hilft Ihnen, Ihr geistiges Eigentum zu sch\u00fctzen.","robots":{"index":"index","follow":"follow","max-snippet":"max-snippet:-1","max-image-preview":"max-image-preview:large","max-video-preview":"max-video-preview:-1"},"canonical":"https:\/\/www2.smd-group.info\/en\/","og_locale":"en_US","og_type":"article","og_title":"Marken-Recherche","og_description":"Wir sind Ihr Experte f\u00fcr Marken-Recherche und Marken-\u00dcberwachung","og_url":"https:\/\/www2.smd-group.info\/en\/","og_site_name":"SMD Group","article_modified_time":"2025-07-11T11:05:22+00:00","og_image":[{"width":1133,"height":261,"url":"https:\/\/www2.smd-group.info\/wp-content\/uploads\/2022\/06\/SMD_Group_Logo_oClaim_4C.jpg","type":"image\/jpeg"}],"twitter_card":"summary_large_image","twitter_misc":{"Est. reading time":"3 minutes"},"schema":{"@context":"https:\/\/schema.org","@graph":[{"@type":"WebPage","@id":"https:\/\/www2.smd-group.info\/de\/","url":"https:\/\/www2.smd-group.info\/de\/","name":"Markenrecherche und -\u00fcberwachung - SMD Group","isPartOf":{"@id":"https:\/\/www2.smd-group.info\/de\/#website"},"primaryImageOfPage":{"@id":"https:\/\/www2.smd-group.info\/de\/#primaryimage"},"image":{"@id":"https:\/\/www2.smd-group.info\/de\/#primaryimage"},"thumbnailUrl":"https:\/\/www2.smd-group.info\/wp-content\/uploads\/2022\/05\/Markenrecherche_43.jpg","datePublished":"2021-11-12T12:36:32+00:00","dateModified":"2025-07-11T11:05:22+00:00","description":"Wir sind ihr Partner f\u00fcr Markenrecherche und -\u00fcberwachung. SMD Group hilft Ihnen, Ihr geistiges Eigentum zu sch\u00fctzen.","breadcrumb":{"@id":"https:\/\/www2.smd-group.info\/de\/#breadcrumb"},"inLanguage":"en-US","potentialAction":[{"@type":"ReadAction","target":["https:\/\/www2.smd-group.info\/de\/"]}]},{"@type":"ImageObject","inLanguage":"en-US","@id":"https:\/\/www2.smd-group.info\/de\/#primaryimage","url":"https:\/\/www2.smd-group.info\/wp-content\/uploads\/2022\/05\/Markenrecherche_43.jpg","contentUrl":"https:\/\/www2.smd-group.info\/wp-content\/uploads\/2022\/05\/Markenrecherche_43.jpg"},{"@type":"BreadcrumbList","@id":"https:\/\/www2.smd-group.info\/de\/#breadcrumb","itemListElement":[{"@type":"ListItem","position":1,"name":"Startseite","item":"https:\/\/www2.smd-group.info\/de\/"},{"@type":"ListItem","position":2,"name":"Home"}]},{"@type":"WebSite","@id":"https:\/\/www2.smd-group.info\/de\/#website","url":"https:\/\/www2.smd-group.info\/de\/","name":"SMD Group","description":"","publisher":{"@id":"https:\/\/www2.smd-group.info\/de\/#organization"},"potentialAction":[{"@type":"SearchAction","target":{"@type":"EntryPoint","urlTemplate":"https:\/\/www2.smd-group.info\/de\/?s={search_term_string}"},"query-input":{"@type":"PropertyValueSpecification","valueRequired":true,"valueName":"search_term_string"}}],"inLanguage":"en-US"},{"@type":"Organization","@id":"https:\/\/www2.smd-group.info\/de\/#organization","name":"SMD Group I Schutz Marken Dienst GmbH","url":"https:\/\/www2.smd-group.info\/de\/","logo":{"@type":"ImageObject","inLanguage":"en-US","@id":"https:\/\/www2.smd-group.info\/de\/#\/schema\/logo\/image\/","url":"https:\/\/www2.smd-group.info\/wp-content\/uploads\/2021\/11\/smd-logo.png","contentUrl":"https:\/\/www2.smd-group.info\/wp-content\/uploads\/2021\/11\/smd-logo.png","width":156,"height":36,"caption":"SMD Group I Schutz Marken Dienst GmbH"},"image":{"@id":"https:\/\/www2.smd-group.info\/de\/#\/schema\/logo\/image\/"}}]}},"uagb_featured_image_src":{"full":false,"thumbnail":false,"medium":false,"medium_large":false,"large":false,"1536x1536":false,"2048x2048":false,"trp-custom-language-flag":false},"uagb_author_info":{"display_name":"Miriam H\u00f6lscher","author_link":"https:\/\/www2.smd-group.info\/en\/author\/hoelscher\/"},"uagb_comment_info":0,"uagb_excerpt":null,"_links":{"self":[{"href":"https:\/\/www2.smd-group.info\/en\/wp-json\/wp\/v2\/pages\/2","targetHints":{"allow":["GET"]}}],"collection":[{"href":"https:\/\/www2.smd-group.info\/en\/wp-json\/wp\/v2\/pages"}],"about":[{"href":"https:\/\/www2.smd-group.info\/en\/wp-json\/wp\/v2\/types\/page"}],"author":[{"embeddable":true,"href":"https:\/\/www2.smd-group.info\/en\/wp-json\/wp\/v2\/users\/2"}],"replies":[{"embeddable":true,"href":"https:\/\/www2.smd-group.info\/en\/wp-json\/wp\/v2\/comments?post=2"}],"version-history":[{"count":226,"href":"https:\/\/www2.smd-group.info\/en\/wp-json\/wp\/v2\/pages\/2\/revisions"}],"predecessor-version":[{"id":4184,"href":"https:\/\/www2.smd-group.info\/en\/wp-json\/wp\/v2\/pages\/2\/revisions\/4184"}],"wp:attachment":[{"href":"https:\/\/www2.smd-group.info\/en\/wp-json\/wp\/v2\/media?parent=2"}],"wp:term":[{"taxonomy":"category","embeddable":true,"href":"https:\/\/www2.smd-group.info\/en\/wp-json\/wp\/v2\/categories?post=2"}],"curies":[{"name":"wp","href":"https:\/\/api.w.org\/{rel}","templated":true}]}}