{"id":190,"date":"2021-11-23T23:43:58","date_gmt":"2021-11-23T22:43:58","guid":{"rendered":"http:\/\/localhost:8090\/?page_id=190"},"modified":"2022-08-02T13:43:02","modified_gmt":"2022-08-02T11:43:02","slug":"webinare","status":"publish","type":"page","link":"https:\/\/www2.smd-group.info\/en\/training-and-resources\/webinare\/","title":{"rendered":"Webinars"},"content":{"rendered":"<section class=\"wp-block-uagb-section uagb-section__wrap uagb-section__background-image uagb-block-46c94d49 hero\" id=\"hero\"><div class=\"uagb-section__overlay\"><\/div><div class=\"uagb-section__inner-wrap\"><div class=\"wp-bootstrap-blocks-container container mb-0\">\n\t\n<div class=\"wp-bootstrap-blocks-row row\">\n\t\n\n<div class=\"col-12 col-md-6\">\n\t\t\t\n\n<h1 class=\"mb-2 wp-block-heading\">Webinar Overview<\/h1>\n\n\n\n<h3 class=\"fw-normal wp-block-heading\">Don't feel like digging through the help menu or reading product guides?<\/h3>\n\n\t<\/div>\n\n\n\n<div class=\"col-12 col-md-6\">\n\t\t\t\t<\/div>\n\n<\/div>\n\n<\/div>\n<\/div><\/section>\n\n\n\n<section class=\"wp-block-uagb-section uagb-section__wrap uagb-section__background-undefined uagb-block-c4b0ce0c\"><div class=\"uagb-section__overlay\"><\/div><div class=\"uagb-section__inner-wrap\"><div class=\"wp-bootstrap-blocks-container container mb-0\">\n\t\n\n<h2 class=\"mb-4 wp-block-heading\">We won't leave you alone!<\/h2>\n\n\n<div class=\"wp-bootstrap-blocks-row row\">\n\t\n\n<div class=\"col-12 col-md-10 col-lg-8\">\n\t\t\t\n\n<p>In our individually tailored webinars, you will learn pragmatic solutions for the challenges and issues of your daily work in searching and monitoring trademarks and other IP rights. <\/p>\n\n\n\n<ul class=\"mtc-64 mbc-64 wp-block-list\"><li>Simple and fast<\/li><li>Top qualified<\/li><li>One-to-one<\/li><li>No matter if at home or in the office<\/li><li>Tailored to your needs<\/li><\/ul>\n\n\n\n<p>Our training and webinars are free of charge. Our best experts conduct them. We carefully tailor the topics to your requirements to use your valuable time as efficiently as possible!<\/p>\n\n\t<\/div>\n\n\n\n<div class=\"col-12 col-md-2 col-lg-4\">\n\t\t\t\t<\/div>\n\n<\/div>\n\n<\/div>\n<\/div><\/section>\n\n\n\n<section class=\"wp-block-uagb-section uagb-section__wrap uagb-section__background-undefined uagb-block-e3a064a7 section-sand\" id=\"next-webinars\"><div class=\"uagb-section__overlay\"><\/div><div class=\"uagb-section__inner-wrap\"><div class=\"wp-bootstrap-blocks-container container mb-0\">\n\t\n\n<h2 class=\"mb-4 wp-block-heading\">Upcoming trainings\/webinars<\/h2>\n\n\n<div class=\"wp-bootstrap-blocks-row row\">\n\t\n\n<div class=\"col-12 col-md-10 col-lg-8\">\n\t\t\t\n\n<p>Whether before or after the purchase, our experienced experts support you online and perfectly suit the training to your need. <\/p>\n\n\t<\/div>\n\n\n\n<div class=\"col-12 col-md-2 col-lg-4\">\n\t\t\t\t<\/div>\n\n<\/div>\n\n\n<div class=\"upcoming-webinars\"><div class=\"webinar-item\">\n\t\t\t\t\t\t\t\t\t\t<div class=\"row\">\n\t\t\t\t\t\t\t\t\t\t\t<div class=\"col-12 col-md-6 col-lg-5\">\n\t\t\t\t\t\t\t\t\t\t\t\t<figure class=\"wp-block-image size-large\">\n\t\t\t\t\t\t\t\t\t\t\t\t\t<img decoding=\"async\" src=\"https:\/\/www2.smd-group.info\/wp-content\/uploads\/2022\/07\/Webinar_Ueberwachung_mit_TMZOOM_43.jpg\" alt=\"\u00dcberwachung mit TMZOOM\" loading=\"lazy\">\n\t\t\t\t\t\t\t\t\t\t\t\t<\/figure>\n\t\t\t\t\t\t\t\t\t\t\t<\/div>\n\t\t\t\t\t\t\t\t\t\t\t<div class=\"col-12 col-md-6 col-lg-7\">\n\t\t\t\t\t\t\t\t\t\t\t\t<h3 class=\"h2\">Watching with TMZOOM<\/h3>\n\t\t\t\t\t\t\t\t\t\t\t\t<h6>Self Service Tools, Watching<\/h6>\n\t\t\t\t\t\t\t\t\t\t\t\tTMZOOM also helps you process and analyze our watch alerts more effectively. In this webinar, we show you how.\n\t\t\t\t\t\t\t\t\t\t\t\t<div class=\"mt-5\">\n\t\t\t\t\t\t\t\t\t\t\t\t\t<a href=\"https:\/\/www2.smd-group.info\/en\/webinar\/ueberwachung-mit-tmzoom\/\" class=\"btn btn-primary\">Read more<\/a>\n\t\t\t\t\t\t\t\t\t\t\t\t<\/div>\n\t\t\t\t\t\t\t\t\t\t\t<\/div>\n\t\t\t\t\t\t\t\t\t\t<\/div>\n\t\t\t\t\t\t\t\t\t<\/div><div class=\"webinar-item\">\n\t\t\t\t\t\t\t\t\t\t<div class=\"row\">\n\t\t\t\t\t\t\t\t\t\t\t<div class=\"col-12 col-md-6 col-lg-5\">\n\t\t\t\t\t\t\t\t\t\t\t\t<figure class=\"wp-block-image size-large\">\n\t\t\t\t\t\t\t\t\t\t\t\t\t<img decoding=\"async\" src=\"https:\/\/www2.smd-group.info\/wp-content\/uploads\/2021\/11\/Webinar_TMZOOM_Einsteigertipps_43.jpg\" alt=\"TMZOOM &#8211; Tipps f\u00fcr Einsteiger\" loading=\"lazy\">\n\t\t\t\t\t\t\t\t\t\t\t\t<\/figure>\n\t\t\t\t\t\t\t\t\t\t\t<\/div>\n\t\t\t\t\t\t\t\t\t\t\t<div class=\"col-12 col-md-6 col-lg-7\">\n\t\t\t\t\t\t\t\t\t\t\t\t<h3 class=\"h2\">TMZOOM - Tips for beginners<\/h3>\n\t\t\t\t\t\t\t\t\t\t\t\t<h6>Search Tipps, Online Tools<\/h6>\n\t\t\t\t\t\t\t\t\t\t\t\tYou have accomplished the first step and chose our trademark searching and watching tool.<br \/>\nNow quickly collect a few tips and tricks so your work can immediately be productive from scratch.\n\t\t\t\t\t\t\t\t\t\t\t\t<div class=\"mt-5\">\n\t\t\t\t\t\t\t\t\t\t\t\t\t<a href=\"https:\/\/www2.smd-group.info\/en\/webinar\/webinar-detail-page\/\" class=\"btn btn-primary\">Read more<\/a>\n\t\t\t\t\t\t\t\t\t\t\t\t<\/div>\n\t\t\t\t\t\t\t\t\t\t\t<\/div>\n\t\t\t\t\t\t\t\t\t\t<\/div>\n\t\t\t\t\t\t\t\t\t<\/div><\/div>\n\n<\/div>\n<\/div><\/section>\n\n\n\n<section class=\"wp-block-uagb-section uagb-section__wrap uagb-section__background-undefined uagb-block-5dcc1e07\"><div class=\"uagb-section__overlay\"><\/div><div class=\"uagb-section__inner-wrap\"><div class=\"wp-bootstrap-blocks-container container mb-0\">\n\t\n\n<h2 class=\"mb-4 wp-block-heading\">More trainings<\/h2>\n\n\n<div class=\"wp-bootstrap-blocks-row row\">\n\t\n\n<div class=\"col-12 col-md-10 col-lg-8\">\n\t\t\t\n\n<p>We are also happy to share our vast knowledge and experience with our customers regarding searching and monitoring in general.<\/p>\n\n\t<\/div>\n\n\n\n<div class=\"col-12 col-md-2 col-lg-4\">\n\t\t\t\t<\/div>\n\n<\/div>\n\n\n<div class=\"recent-webinars\" id=\"recent-webinars\"><ul class=\"cpt-filters\"><li class=\"filter-item\">\n\t\t\t\t\t\t\t\t\t\t<a href=\"javascript:addCategoryToFilter('32')\">Search Tips<\/a>\n\t\t\t\t\t\t\t\t\t<\/li><li class=\"filter-item\">\n\t\t\t\t\t\t\t\t\t\t<a href=\"javascript:addCategoryToFilter('31')\">Online Tools<\/a>\n\t\t\t\t\t\t\t\t\t<\/li><li class=\"filter-item\">\n\t\t\t\t\t\t\t\t\t\t<a href=\"javascript:addCategoryToFilter('16')\">SMD Group<\/a>\n\t\t\t\t\t\t\t\t\t<\/li><li class=\"filter-item\">\n\t\t\t\t\t\t\t\t\t\t<a href=\"javascript:addCategoryToFilter('57')\">Watching<\/a>\n\t\t\t\t\t\t\t\t\t<\/li>\t<\/ul><div class=\"webinar-item\">\n\t\t\t\t\t\t\t\t\t\t<div class=\"row\">\n\t\t\t\t\t\t\t\t\t\t\t<div class=\"col-12 col-md-6 col-lg-5\">\n\t\t\t\t\t\t\t\t\t\t\t\t<figure class=\"wp-block-image size-large\">\n\t\t\t\t\t\t\t\t\t\t\t\t\t<img decoding=\"async\" src=\"https:\/\/www2.smd-group.info\/wp-content\/uploads\/2022\/06\/Webinar_TMZOOM_Ergebnisansicht_personalisieren_43.jpg\" alt=\"TMZOOM &#8211; Ansicht anpassen\" loading=\"lazy\">\n\t\t\t\t\t\t\t\t\t\t\t\t<\/figure>\n\t\t\t\t\t\t\t\t\t\t\t<\/div>\n\t\t\t\t\t\t\t\t\t\t\t<div class=\"col-12 col-md-6 col-lg-7\">\n\t\t\t\t\t\t\t\t\t\t\t\t<h3 class=\"h2\">TMZOOM - Customize view<\/h3>\n\t\t\t\t\t\t\t\t\t\t\t\t<h6>Online Tools<\/h6>\n\t\t\t\t\t\t\t\t\t\t\t\tYou want to customize the layout of your search results table as you like? No problem! Learn more in this online training.\n\t\t\t\t\t\t\t\t\t\t\t\t<div class=\"mt-5\">\n\t\t\t\t\t\t\t\t\t\t\t\t\t<a href=\"https:\/\/www2.smd-group.info\/en\/webinar\/tmzoom-ergebnisansicht-anpassen\/\" class=\"btn btn-primary\">Read more<\/a>\n\t\t\t\t\t\t\t\t\t\t\t\t<\/div>\n\t\t\t\t\t\t\t\t\t\t\t<\/div>\n\t\t\t\t\t\t\t\t\t\t<\/div>\n\t\t\t\t\t\t\t\t\t<\/div><div class=\"webinar-item\">\n\t\t\t\t\t\t\t\t\t\t<div class=\"row\">\n\t\t\t\t\t\t\t\t\t\t\t<div class=\"col-12 col-md-6 col-lg-5\">\n\t\t\t\t\t\t\t\t\t\t\t\t<figure class=\"wp-block-image size-large\">\n\t\t\t\t\t\t\t\t\t\t\t\t\t<img decoding=\"async\" src=\"https:\/\/www2.smd-group.info\/wp-content\/uploads\/2022\/06\/Webinar_TMZOOM_Filterfunktionen_43.jpg\" alt=\"TMZOOM &#8211; Trefferlisten filtern\" loading=\"lazy\">\n\t\t\t\t\t\t\t\t\t\t\t\t<\/figure>\n\t\t\t\t\t\t\t\t\t\t\t<\/div>\n\t\t\t\t\t\t\t\t\t\t\t<div class=\"col-12 col-md-6 col-lg-7\">\n\t\t\t\t\t\t\t\t\t\t\t\t<h3 class=\"h2\">TMZOOM - Filter hit lists<\/h3>\n\t\t\t\t\t\t\t\t\t\t\t\t<h6>Online Tools<\/h6>\n\t\t\t\t\t\t\t\t\t\t\t\tTMZOOM supports you to efficiently process hit lists through sophisticated filtering functions. Learn everything you need to know in this webinar.\n\t\t\t\t\t\t\t\t\t\t\t\t<div class=\"mt-5\">\n\t\t\t\t\t\t\t\t\t\t\t\t\t<a href=\"https:\/\/www2.smd-group.info\/en\/webinar\/tmzoom-filterfunktionen-fuer-trefferlisten\/\" class=\"btn btn-primary\">Read more<\/a>\n\t\t\t\t\t\t\t\t\t\t\t\t<\/div>\n\t\t\t\t\t\t\t\t\t\t\t<\/div>\n\t\t\t\t\t\t\t\t\t\t<\/div>\n\t\t\t\t\t\t\t\t\t<\/div><div class=\"paginate\"><span aria-current=\"page\" class=\"page-numbers current\">1<\/span>\n<a class=\"page-numbers\" href=\"https:\/\/www2.smd-group.info\/en\/wp-json\/wp\/v2\/pages\/190\/page\/2\/#recent-webinars\">2<\/a><\/div><\/div>\n\n<\/div>\n<\/div><\/section>\n\n\n\n<section class=\"wp-block-uagb-section uagb-section__wrap uagb-section__background-undefined uagb-block-1939a792 section-sand\"><div class=\"uagb-section__overlay\"><\/div><div class=\"uagb-section__inner-wrap\"><div class=\"wp-bootstrap-blocks-container container mb-0\">\n\t\n\n<h3 class=\"has-text-align-center mb-4 wp-block-heading\">Keep up with the latest updates and insights<\/h3>\n\n\n<div class=\"wp-bootstrap-blocks-button text-center\">\n\t<a\n\t\thref=\"https:\/\/www.smd-group.info\/subscribe.aspx\"\n\t\t\t\t\ttarget=\"_blank\"\n\t\t\t\t\t\t\trel=\"noreferrer noopener\"\n\t\t\t\tclass=\"btn btn-primary\"\n\t>\n\t\tSubscribe to news\t<\/a>\n<\/div>\n\n<\/div>\n<\/div><\/section>","protected":false},"excerpt":{"rendered":"","protected":false},"author":2,"featured_media":0,"parent":243,"menu_order":4,"comment_status":"closed","ping_status":"closed","template":"","meta":{"_acf_changed":false,"_uag_custom_page_level_css":"","footnotes":""},"categories":[],"class_list":["post-190","page","type-page","status-publish","hentry"],"acf":[],"yoast_head":"<!-- This site is optimized with the Yoast SEO plugin v27.4 - https:\/\/yoast.com\/product\/yoast-seo-wordpress\/ -->\n<title>Webinare - SMD Group<\/title>\n<meta name=\"description\" content=\"In den SMD Webinaren erfahren Sie pragmatische L\u00f6sungen f\u00fcr die Herausforderungen und Themen in der Markenrecherche und Marken\u00fcberwachung.\" \/>\n<meta name=\"robots\" content=\"index, follow, max-snippet:-1, max-image-preview:large, max-video-preview:-1\" \/>\n<link rel=\"canonical\" href=\"https:\/\/www2.smd-group.info\/en\/training-and-resources\/webinare\/\" \/>\n<meta property=\"og:locale\" content=\"en_US\" \/>\n<meta property=\"og:type\" content=\"article\" \/>\n<meta property=\"og:title\" content=\"Webinare - SMD Group\" \/>\n<meta property=\"og:description\" content=\"In den SMD Webinaren erfahren Sie pragmatische L\u00f6sungen f\u00fcr die Herausforderungen und Themen in der Markenrecherche und Marken\u00fcberwachung.\" \/>\n<meta property=\"og:url\" content=\"https:\/\/www2.smd-group.info\/en\/training-and-resources\/webinare\/\" \/>\n<meta property=\"og:site_name\" content=\"SMD Group\" \/>\n<meta property=\"article:modified_time\" content=\"2022-08-02T11:43:02+00:00\" \/>\n<meta name=\"twitter:card\" content=\"summary_large_image\" \/>\n<meta name=\"twitter:label1\" content=\"Est. reading time\" \/>\n\t<meta name=\"twitter:data1\" content=\"1 minute\" \/>\n<script type=\"application\/ld+json\" class=\"yoast-schema-graph\">{\"@context\":\"https:\\\/\\\/schema.org\",\"@graph\":[{\"@type\":\"WebPage\",\"@id\":\"https:\\\/\\\/www2.smd-group.info\\\/en\\\/training-and-resources\\\/webinare\\\/\",\"url\":\"https:\\\/\\\/www2.smd-group.info\\\/en\\\/training-and-resources\\\/webinare\\\/\",\"name\":\"Webinare - SMD Group\",\"isPartOf\":{\"@id\":\"https:\\\/\\\/www2.smd-group.info\\\/de\\\/#website\"},\"datePublished\":\"2021-11-23T22:43:58+00:00\",\"dateModified\":\"2022-08-02T11:43:02+00:00\",\"description\":\"In den SMD Webinaren erfahren Sie pragmatische L\u00f6sungen f\u00fcr die Herausforderungen und Themen in der Markenrecherche und Marken\u00fcberwachung.\",\"breadcrumb\":{\"@id\":\"https:\\\/\\\/www2.smd-group.info\\\/en\\\/training-and-resources\\\/webinare\\\/#breadcrumb\"},\"inLanguage\":\"en-US\",\"potentialAction\":[{\"@type\":\"ReadAction\",\"target\":[\"https:\\\/\\\/www2.smd-group.info\\\/en\\\/training-and-resources\\\/webinare\\\/\"]}]},{\"@type\":\"BreadcrumbList\",\"@id\":\"https:\\\/\\\/www2.smd-group.info\\\/en\\\/training-and-resources\\\/webinare\\\/#breadcrumb\",\"itemListElement\":[{\"@type\":\"ListItem\",\"position\":1,\"name\":\"Startseite\",\"item\":\"https:\\\/\\\/www2.smd-group.info\\\/de\\\/\"},{\"@type\":\"ListItem\",\"position\":2,\"name\":\"Blog\",\"item\":\"https:\\\/\\\/www2.smd-group.info\\\/training-and-resources\\\/\"},{\"@type\":\"ListItem\",\"position\":3,\"name\":\"Webinare\"}]},{\"@type\":\"WebSite\",\"@id\":\"https:\\\/\\\/www2.smd-group.info\\\/de\\\/#website\",\"url\":\"https:\\\/\\\/www2.smd-group.info\\\/de\\\/\",\"name\":\"SMD Group\",\"description\":\"\",\"publisher\":{\"@id\":\"https:\\\/\\\/www2.smd-group.info\\\/de\\\/#organization\"},\"potentialAction\":[{\"@type\":\"SearchAction\",\"target\":{\"@type\":\"EntryPoint\",\"urlTemplate\":\"https:\\\/\\\/www2.smd-group.info\\\/de\\\/?s={search_term_string}\"},\"query-input\":{\"@type\":\"PropertyValueSpecification\",\"valueRequired\":true,\"valueName\":\"search_term_string\"}}],\"inLanguage\":\"en-US\"},{\"@type\":\"Organization\",\"@id\":\"https:\\\/\\\/www2.smd-group.info\\\/de\\\/#organization\",\"name\":\"SMD Group I Schutz Marken Dienst GmbH\",\"url\":\"https:\\\/\\\/www2.smd-group.info\\\/de\\\/\",\"logo\":{\"@type\":\"ImageObject\",\"inLanguage\":\"en-US\",\"@id\":\"https:\\\/\\\/www2.smd-group.info\\\/de\\\/#\\\/schema\\\/logo\\\/image\\\/\",\"url\":\"https:\\\/\\\/www2.smd-group.info\\\/wp-content\\\/uploads\\\/2021\\\/11\\\/smd-logo.png\",\"contentUrl\":\"https:\\\/\\\/www2.smd-group.info\\\/wp-content\\\/uploads\\\/2021\\\/11\\\/smd-logo.png\",\"width\":156,\"height\":36,\"caption\":\"SMD Group I Schutz Marken Dienst GmbH\"},\"image\":{\"@id\":\"https:\\\/\\\/www2.smd-group.info\\\/de\\\/#\\\/schema\\\/logo\\\/image\\\/\"}}]}<\/script>\n<!-- \/ Yoast SEO plugin. -->","yoast_head_json":{"title":"Webinare - SMD Group","description":"In den SMD Webinaren erfahren Sie pragmatische L\u00f6sungen f\u00fcr die Herausforderungen und Themen in der Markenrecherche und Marken\u00fcberwachung.","robots":{"index":"index","follow":"follow","max-snippet":"max-snippet:-1","max-image-preview":"max-image-preview:large","max-video-preview":"max-video-preview:-1"},"canonical":"https:\/\/www2.smd-group.info\/en\/training-and-resources\/webinare\/","og_locale":"en_US","og_type":"article","og_title":"Webinare - SMD Group","og_description":"In den SMD Webinaren erfahren Sie pragmatische L\u00f6sungen f\u00fcr die Herausforderungen und Themen in der Markenrecherche und Marken\u00fcberwachung.","og_url":"https:\/\/www2.smd-group.info\/en\/training-and-resources\/webinare\/","og_site_name":"SMD Group","article_modified_time":"2022-08-02T11:43:02+00:00","twitter_card":"summary_large_image","twitter_misc":{"Est. reading time":"1 minute"},"schema":{"@context":"https:\/\/schema.org","@graph":[{"@type":"WebPage","@id":"https:\/\/www2.smd-group.info\/en\/training-and-resources\/webinare\/","url":"https:\/\/www2.smd-group.info\/en\/training-and-resources\/webinare\/","name":"Webinare - SMD Group","isPartOf":{"@id":"https:\/\/www2.smd-group.info\/de\/#website"},"datePublished":"2021-11-23T22:43:58+00:00","dateModified":"2022-08-02T11:43:02+00:00","description":"In den SMD Webinaren erfahren Sie pragmatische L\u00f6sungen f\u00fcr die Herausforderungen und Themen in der Markenrecherche und Marken\u00fcberwachung.","breadcrumb":{"@id":"https:\/\/www2.smd-group.info\/en\/training-and-resources\/webinare\/#breadcrumb"},"inLanguage":"en-US","potentialAction":[{"@type":"ReadAction","target":["https:\/\/www2.smd-group.info\/en\/training-and-resources\/webinare\/"]}]},{"@type":"BreadcrumbList","@id":"https:\/\/www2.smd-group.info\/en\/training-and-resources\/webinare\/#breadcrumb","itemListElement":[{"@type":"ListItem","position":1,"name":"Startseite","item":"https:\/\/www2.smd-group.info\/de\/"},{"@type":"ListItem","position":2,"name":"Blog","item":"https:\/\/www2.smd-group.info\/training-and-resources\/"},{"@type":"ListItem","position":3,"name":"Webinare"}]},{"@type":"WebSite","@id":"https:\/\/www2.smd-group.info\/de\/#website","url":"https:\/\/www2.smd-group.info\/de\/","name":"SMD Group","description":"","publisher":{"@id":"https:\/\/www2.smd-group.info\/de\/#organization"},"potentialAction":[{"@type":"SearchAction","target":{"@type":"EntryPoint","urlTemplate":"https:\/\/www2.smd-group.info\/de\/?s={search_term_string}"},"query-input":{"@type":"PropertyValueSpecification","valueRequired":true,"valueName":"search_term_string"}}],"inLanguage":"en-US"},{"@type":"Organization","@id":"https:\/\/www2.smd-group.info\/de\/#organization","name":"SMD Group I Schutz Marken Dienst GmbH","url":"https:\/\/www2.smd-group.info\/de\/","logo":{"@type":"ImageObject","inLanguage":"en-US","@id":"https:\/\/www2.smd-group.info\/de\/#\/schema\/logo\/image\/","url":"https:\/\/www2.smd-group.info\/wp-content\/uploads\/2021\/11\/smd-logo.png","contentUrl":"https:\/\/www2.smd-group.info\/wp-content\/uploads\/2021\/11\/smd-logo.png","width":156,"height":36,"caption":"SMD Group I Schutz Marken Dienst GmbH"},"image":{"@id":"https:\/\/www2.smd-group.info\/de\/#\/schema\/logo\/image\/"}}]}},"uagb_featured_image_src":{"full":false,"thumbnail":false,"medium":false,"medium_large":false,"large":false,"1536x1536":false,"2048x2048":false,"trp-custom-language-flag":false},"uagb_author_info":{"display_name":"Miriam H\u00f6lscher","author_link":"https:\/\/www2.smd-group.info\/en\/author\/hoelscher\/"},"uagb_comment_info":0,"uagb_excerpt":null,"_links":{"self":[{"href":"https:\/\/www2.smd-group.info\/en\/wp-json\/wp\/v2\/pages\/190","targetHints":{"allow":["GET"]}}],"collection":[{"href":"https:\/\/www2.smd-group.info\/en\/wp-json\/wp\/v2\/pages"}],"about":[{"href":"https:\/\/www2.smd-group.info\/en\/wp-json\/wp\/v2\/types\/page"}],"author":[{"embeddable":true,"href":"https:\/\/www2.smd-group.info\/en\/wp-json\/wp\/v2\/users\/2"}],"replies":[{"embeddable":true,"href":"https:\/\/www2.smd-group.info\/en\/wp-json\/wp\/v2\/comments?post=190"}],"version-history":[{"count":51,"href":"https:\/\/www2.smd-group.info\/en\/wp-json\/wp\/v2\/pages\/190\/revisions"}],"predecessor-version":[{"id":3957,"href":"https:\/\/www2.smd-group.info\/en\/wp-json\/wp\/v2\/pages\/190\/revisions\/3957"}],"up":[{"embeddable":true,"href":"https:\/\/www2.smd-group.info\/en\/wp-json\/wp\/v2\/pages\/243"}],"wp:attachment":[{"href":"https:\/\/www2.smd-group.info\/en\/wp-json\/wp\/v2\/media?parent=190"}],"wp:term":[{"taxonomy":"category","embeddable":true,"href":"https:\/\/www2.smd-group.info\/en\/wp-json\/wp\/v2\/categories?post=190"}],"curies":[{"name":"wp","href":"https:\/\/api.w.org\/{rel}","templated":true}]}}