{"id":9,"date":"2021-11-22T13:44:27","date_gmt":"2021-11-22T12:44:27","guid":{"rendered":"http:\/\/localhost:8090\/?page_id=9"},"modified":"2022-06-28T10:31:30","modified_gmt":"2022-06-28T08:31:30","slug":"aktuelles-immer-auf-dem-laufenden-bleiben","status":"publish","type":"page","link":"https:\/\/www2.smd-group.info\/de\/training-and-resources\/aktuelles-immer-auf-dem-laufenden-bleiben\/","title":{"rendered":"Aktuelles"},"content":{"rendered":"\n<section class=\"wp-block-uagb-section uagb-section__wrap uagb-section__background-image uagb-block-c99f275b hero\" id=\"hero\"><div class=\"uagb-section__overlay\"><\/div><div class=\"uagb-section__inner-wrap\"><div class=\"wp-bootstrap-blocks-container container mb-0\">\n\t\n<div class=\"wp-bootstrap-blocks-row row\">\n\t\n\n<div class=\"col-12 col-md-6 d-flex flex-column justify-content-center\">\n\t\t\t\n\n<h1 class=\"mb-2 wp-block-heading\">Aktuelles<\/h1>\n\n\n\n<h3 class=\"fw-normal wp-block-heading\">Hier erfahren Sie, was es Neues bei uns gibt &#8211; im Markenrecht international und bei SMD<\/h3>\n\n\t<\/div>\n\n\n\n<div class=\"col-12 col-md-6\">\n\t\t\t\t<\/div>\n\n<\/div>\n\n<\/div>\n<\/div><\/section>\n\n\n\n<section class=\"wp-block-uagb-section uagb-section__wrap uagb-section__background-undefined uagb-block-b4c75b06\"><div class=\"uagb-section__overlay\"><\/div><div class=\"uagb-section__inner-wrap\"><\/div><\/section>\n\n\n\n<section class=\"wp-block-uagb-section uagb-section__wrap uagb-section__background-undefined uagb-block-c38038c0\"><div class=\"uagb-section__overlay\"><\/div><div class=\"uagb-section__inner-wrap\"><div class=\"wp-bootstrap-blocks-container container mb-0\">\n\t\n<div class=\"recent-posts\" id=\"ajax-posts\"><ul class=\"cpt-filters\"><li class=\"filter-item\">\n\t\t\t\t\t\t\t\t\t\t<a href=\"javascript:addCategoryToFilter('1')\">Allgemeines<\/a>\n\t\t\t\t\t\t\t\t\t<\/li><li class=\"filter-item\">\n\t\t\t\t\t\t\t\t\t\t<a href=\"javascript:addCategoryToFilter('29')\">Country Index (EN)<\/a>\n\t\t\t\t\t\t\t\t\t<\/li><li class=\"filter-item\">\n\t\t\t\t\t\t\t\t\t\t<a href=\"javascript:addCategoryToFilter('33')\">Produkte u. Angebote<\/a>\n\t\t\t\t\t\t\t\t\t<\/li><li class=\"filter-item\">\n\t\t\t\t\t\t\t\t\t\t<a href=\"javascript:addCategoryToFilter('45')\">TMZOOM<\/a>\n\t\t\t\t\t\t\t\t\t<\/li>\t<\/ul><div class=\"post-item\">\n\t\t\t\t\t\t\t\t\t\t<div class=\"row\">\n\t\t\t\t\t\t\t\t\t\t\t<div class=\"col-12 col-md-6 col-lg-5\">\n\t\t\t\t\t\t\t\t\t\t\t\t<figure class=\"wp-block-image size-large\">\n\t\t\t\t\t\t\t\t\t\t\t\t\t<img decoding=\"async\" src=\"https:\/\/www2.smd-group.info\/wp-content\/uploads\/2025\/11\/Maintenance_work.png\" alt=\"Ank\u00fcndigung: Wartungsarbeiten!\" loading=\"lazy\">\n\t\t\t\t\t\t\t\t\t\t\t\t<\/figure>\n\t\t\t\t\t\t\t\t\t\t\t<\/div>\n\t\t\t\t\t\t\t\t\t\t\t<div class=\"col-12 col-md-6 col-lg-7\">\n\t\t\t\t\t\t\t\t\t\t\t\t<h3 class=\"h2\">Ank\u00fcndigung: Wartungsarbeiten!<\/h3>\n\t\t\t\t\t\t\t\t\t\t\t\t<h6>25.11.2025 - Allgemeines<\/h6>\n\t\t\t\t\t\t\t\t\t\t\t\t<p>Ab 9 Uhr am 12.12.2025 bis zum 14.12. um 18 Uhr f\u00fchren wir umfangreiche Wartungsarbeiten an unseren Systemen durch. W\u00e4hrend dieser Zeit sind folgende Dienste vor\u00fcbergehend nicht erreichbar\u2026<\/p>\n\t\t\t\t\t\t\t\t\t\t\t\t<div class=\"mt-5\">\n\t\t\t\t\t\t\t\t\t\t\t\t\t<a href=\"https:\/\/www2.smd-group.info\/de\/wartungsarbeiten-eingeschraenkte-verfuegbarkeit\/\" rel=\"noreferrer noopener\" class=\"btn btn-primary\">Mehr lesen<\/a>\n\t\t\t\t\t\t\t\t\t\t\t\t<\/div>\n\t\t\t\t\t\t\t\t\t\t\t<\/div>\n\t\t\t\t\t\t\t\t\t\t<\/div>\n\t\t\t\t\t\t\t\t\t<\/div><div class=\"post-item\">\n\t\t\t\t\t\t\t\t\t\t<div class=\"row\">\n\t\t\t\t\t\t\t\t\t\t\t<div class=\"col-12 col-md-6 col-lg-5\">\n\t\t\t\t\t\t\t\t\t\t\t\t<figure class=\"wp-block-image size-large\">\n\t\t\t\t\t\t\t\t\t\t\t\t\t<img decoding=\"async\" src=\"https:\/\/www2.smd-group.info\/wp-content\/uploads\/2024\/10\/Relaxed-woman-with-iPad_43.jpg\" alt=\"CEDELEX wird TMZOOM\" loading=\"lazy\">\n\t\t\t\t\t\t\t\t\t\t\t\t<\/figure>\n\t\t\t\t\t\t\t\t\t\t\t<\/div>\n\t\t\t\t\t\t\t\t\t\t\t<div class=\"col-12 col-md-6 col-lg-7\">\n\t\t\t\t\t\t\t\t\t\t\t\t<h3 class=\"h2\">CEDELEX wird TMZOOM<\/h3>\n\t\t\t\t\t\t\t\t\t\t\t\t<h6>28.10.2024 - Allgemeines, Produkte u. Angebote, TMZOOM<\/h6>\n\t\t\t\t\t\t\t\t\t\t\t\t<p>Der Name \u00e4ndert sich, es bleiben die vertrauten CEDELEX-Funktionen. Nach der Umstellung werden Sie automatisch auf die neue URL, also die neue \"Internet-Adresse\" umgeleitet. <\/p>\n\t\t\t\t\t\t\t\t\t\t\t\t<div class=\"mt-5\">\n\t\t\t\t\t\t\t\t\t\t\t\t\t<a href=\"https:\/\/www2.smd-group.info\/de\/cedelex-wird-tmzoom\/\" rel=\"noreferrer noopener\" class=\"btn btn-primary\">Mehr erfahren<\/a>\n\t\t\t\t\t\t\t\t\t\t\t\t<\/div>\n\t\t\t\t\t\t\t\t\t\t\t<\/div>\n\t\t\t\t\t\t\t\t\t\t<\/div>\n\t\t\t\t\t\t\t\t\t<\/div><div class=\"post-item\">\n\t\t\t\t\t\t\t\t\t\t<div class=\"row\">\n\t\t\t\t\t\t\t\t\t\t\t<div class=\"col-12 col-md-6 col-lg-5\">\n\t\t\t\t\t\t\t\t\t\t\t\t<figure class=\"wp-block-image size-large\">\n\t\t\t\t\t\t\t\t\t\t\t\t\t<img decoding=\"async\" src=\"https:\/\/www2.smd-group.info\/wp-content\/uploads\/2022\/11\/WIPO_Regulation_Change_43.jpg\" alt=\"Madrid Protocol Regulations changed\" loading=\"lazy\">\n\t\t\t\t\t\t\t\t\t\t\t\t<\/figure>\n\t\t\t\t\t\t\t\t\t\t\t<\/div>\n\t\t\t\t\t\t\t\t\t\t\t<div class=\"col-12 col-md-6 col-lg-7\">\n\t\t\t\t\t\t\t\t\t\t\t\t<h3 class=\"h2\">Madrid Protocol Regulations changed<\/h3>\n\t\t\t\t\t\t\t\t\t\t\t\t<h6>18.11.2022 - Country Index (EN)<\/h6>\n\t\t\t\t\t\t\t\t\t\t\t\t<p>WIPO informs that a number of changes to the Regulations under the Madrid Protocol became effective on 1 November 2022.<br \/>\nThe changes concern the appointment of representatives and the timeframe for renewal of international registrations.<\/p>\n\t\t\t\t\t\t\t\t\t\t\t\t<div class=\"mt-5\">\n\t\t\t\t\t\t\t\t\t\t\t\t\t<a href=\"https:\/\/www.country-index.com\/newsletter_update.aspx?ID=2566\" target=\"_blank\" rel=\"noreferrer noopener\" class=\"btn btn-primary\">Mehr lesen<\/a>\n\t\t\t\t\t\t\t\t\t\t\t\t<\/div>\n\t\t\t\t\t\t\t\t\t\t\t<\/div>\n\t\t\t\t\t\t\t\t\t\t<\/div>\n\t\t\t\t\t\t\t\t\t<\/div><div class=\"post-item\">\n\t\t\t\t\t\t\t\t\t\t<div class=\"row\">\n\t\t\t\t\t\t\t\t\t\t\t<div class=\"col-12 col-md-6 col-lg-5\">\n\t\t\t\t\t\t\t\t\t\t\t\t<figure class=\"wp-block-image size-large\">\n\t\t\t\t\t\t\t\t\t\t\t\t\t<img decoding=\"async\" src=\"https:\/\/www2.smd-group.info\/wp-content\/uploads\/2022\/08\/SMC_Country_Index_News_Kosovo_43.jpg\" alt=\"Kosovo: New Trademark Law\" loading=\"lazy\">\n\t\t\t\t\t\t\t\t\t\t\t\t<\/figure>\n\t\t\t\t\t\t\t\t\t\t\t<\/div>\n\t\t\t\t\t\t\t\t\t\t\t<div class=\"col-12 col-md-6 col-lg-7\">\n\t\t\t\t\t\t\t\t\t\t\t\t<h3 class=\"h2\">Kosovo: New Trademark Law<\/h3>\n\t\t\t\t\t\t\t\t\t\t\t\t<h6>17.08.2022 - Country Index (EN)<\/h6>\n\t\t\t\t\t\t\t\t\t\t\t\t<p>On 28 July 2022, a new trademark law came into force in Kosovo. It harmonizes local legislation with EU Directives and hence provides a basis for enforcing IP rights. To read the full update, please visit the Country Index website and subscribe to our free newsletter.<\/p>\n\t\t\t\t\t\t\t\t\t\t\t\t<div class=\"mt-5\">\n\t\t\t\t\t\t\t\t\t\t\t\t\t<a href=\"https:\/\/www.country-index.com\/newsletter_update.aspx?ID=2528\" target=\"_blank\" rel=\"noreferrer noopener\" class=\"btn btn-primary\">Mehr lesen<\/a>\n\t\t\t\t\t\t\t\t\t\t\t\t<\/div>\n\t\t\t\t\t\t\t\t\t\t\t<\/div>\n\t\t\t\t\t\t\t\t\t\t<\/div>\n\t\t\t\t\t\t\t\t\t<\/div><div class=\"post-item\">\n\t\t\t\t\t\t\t\t\t\t<div class=\"row\">\n\t\t\t\t\t\t\t\t\t\t\t<div class=\"col-12 col-md-6 col-lg-5\">\n\t\t\t\t\t\t\t\t\t\t\t\t<figure class=\"wp-block-image size-large\">\n\t\t\t\t\t\t\t\t\t\t\t\t\t<img decoding=\"async\" src=\"https:\/\/www2.smd-group.info\/wp-content\/uploads\/2022\/07\/Country_Index_News_Kazakhstan_43.jpg\" alt=\"Kazakhstan amends IP Law\" loading=\"lazy\">\n\t\t\t\t\t\t\t\t\t\t\t\t<\/figure>\n\t\t\t\t\t\t\t\t\t\t\t<\/div>\n\t\t\t\t\t\t\t\t\t\t\t<div class=\"col-12 col-md-6 col-lg-7\">\n\t\t\t\t\t\t\t\t\t\t\t\t<h3 class=\"h2\">Kazakhstan amends IP Law<\/h3>\n\t\t\t\t\t\t\t\t\t\t\t\t<h6>29.07.2022 - Country Index (EN)<\/h6>\n\t\t\t\t\t\t\t\t\t\t\t\t<p>On June 20, 2022, Kazakhstan adopted a set of IP Law amendments coming into force on August 21. The changes include the introduction of an opposition procedure for trademarks.  Moreover, geographical indications were introduced as a new type of intellectual property. <\/p>\n\t\t\t\t\t\t\t\t\t\t\t\t<div class=\"mt-5\">\n\t\t\t\t\t\t\t\t\t\t\t\t\t<a href=\"https:\/\/www.country-index.com\/newsletter_update.aspx?ID=2522\" target=\"_blank\" rel=\"noreferrer noopener\" class=\"btn btn-primary\">Mehr lesen<\/a>\n\t\t\t\t\t\t\t\t\t\t\t\t<\/div>\n\t\t\t\t\t\t\t\t\t\t\t<\/div>\n\t\t\t\t\t\t\t\t\t\t<\/div>\n\t\t\t\t\t\t\t\t\t<\/div><div class=\"paginate\"><span aria-current=\"page\" class=\"page-numbers current\">1<\/span>\n<a class=\"page-numbers\" href=\"https:\/\/www2.smd-group.info\/de\/wp-json\/wp\/v2\/pages\/9\/page\/2\/#recent-posts\">2<\/a>\n<a class=\"page-numbers\" href=\"https:\/\/www2.smd-group.info\/de\/wp-json\/wp\/v2\/pages\/9\/page\/3\/#recent-posts\">3<\/a><\/div><\/div>\n\n<\/div>\n<\/div><\/section>\n\n\n\n<section class=\"wp-block-uagb-section uagb-section__wrap uagb-section__background-undefined uagb-block-bd1c58c7 section-sand\"><div class=\"uagb-section__overlay\"><\/div><div class=\"uagb-section__inner-wrap\"><div class=\"wp-bootstrap-blocks-container container mb-0\">\n\t\n\n<h3 class=\"has-text-align-center mb-4 wp-block-heading\">Aktuelles &#8211; immer auf dem Laufenden bleiben<\/h3>\n\n\n<div class=\"wp-bootstrap-blocks-button text-center\">\n\t<a\n\t\thref=\"https:\/\/www.smd-group.info\/subscribe.aspx\"\n\t\t\t\t\ttarget=\"_blank\"\n\t\t\t\t\t\t\trel=\"noreferrer noopener\"\n\t\t\t\tclass=\"btn btn-primary\"\n\t>\n\t\tIch m\u00f6chte Updates von SMD\t<\/a>\n<\/div>\n\n<\/div>\n<\/div><\/section>\n","protected":false},"excerpt":{"rendered":"","protected":false},"author":2,"featured_media":0,"parent":243,"menu_order":1,"comment_status":"closed","ping_status":"closed","template":"","meta":{"_acf_changed":false,"_uag_custom_page_level_css":"","footnotes":""},"categories":[],"class_list":["post-9","page","type-page","status-publish","hentry"],"acf":[],"yoast_head":"<!-- This site is optimized with the Yoast SEO plugin v27.4 - https:\/\/yoast.com\/product\/yoast-seo-wordpress\/ -->\n<title>Aktuelles - SMD Group<\/title>\n<meta name=\"description\" content=\"Hier erfahren Sie aktuelles aus der Welt des geistigen Eigentums, bei internationalen Markengesetzen und hinsichtlich der SMD Produkte.\" \/>\n<meta name=\"robots\" content=\"index, follow, max-snippet:-1, max-image-preview:large, max-video-preview:-1\" \/>\n<link rel=\"canonical\" href=\"https:\/\/www2.smd-group.info\/de\/training-and-resources\/aktuelles-immer-auf-dem-laufenden-bleiben\/\" \/>\n<meta property=\"og:locale\" content=\"de_DE\" \/>\n<meta property=\"og:type\" content=\"article\" \/>\n<meta property=\"og:title\" content=\"Aktuelles - SMD Group\" \/>\n<meta property=\"og:description\" content=\"Hier erfahren Sie aktuelles aus der Welt des geistigen Eigentums, bei internationalen Markengesetzen und hinsichtlich der SMD Produkte.\" \/>\n<meta property=\"og:url\" content=\"https:\/\/www2.smd-group.info\/de\/training-and-resources\/aktuelles-immer-auf-dem-laufenden-bleiben\/\" \/>\n<meta property=\"og:site_name\" content=\"SMD Group\" \/>\n<meta property=\"article:modified_time\" content=\"2022-06-28T08:31:30+00:00\" \/>\n<meta name=\"twitter:card\" content=\"summary_large_image\" \/>\n<meta name=\"twitter:label1\" content=\"Gesch\u00e4tzte Lesezeit\" \/>\n\t<meta name=\"twitter:data1\" content=\"1\u00a0Minute\" \/>\n<script type=\"application\/ld+json\" class=\"yoast-schema-graph\">{\"@context\":\"https:\\\/\\\/schema.org\",\"@graph\":[{\"@type\":\"WebPage\",\"@id\":\"https:\\\/\\\/www2.smd-group.info\\\/training-and-resources\\\/aktuelles-immer-auf-dem-laufenden-bleiben\\\/\",\"url\":\"https:\\\/\\\/www2.smd-group.info\\\/training-and-resources\\\/aktuelles-immer-auf-dem-laufenden-bleiben\\\/\",\"name\":\"Aktuelles - SMD Group\",\"isPartOf\":{\"@id\":\"https:\\\/\\\/www2.smd-group.info\\\/de\\\/#website\"},\"datePublished\":\"2021-11-22T12:44:27+00:00\",\"dateModified\":\"2022-06-28T08:31:30+00:00\",\"description\":\"Hier erfahren Sie aktuelles aus der Welt des geistigen Eigentums, bei internationalen Markengesetzen und hinsichtlich der SMD Produkte.\",\"breadcrumb\":{\"@id\":\"https:\\\/\\\/www2.smd-group.info\\\/training-and-resources\\\/aktuelles-immer-auf-dem-laufenden-bleiben\\\/#breadcrumb\"},\"inLanguage\":\"de\",\"potentialAction\":[{\"@type\":\"ReadAction\",\"target\":[\"https:\\\/\\\/www2.smd-group.info\\\/training-and-resources\\\/aktuelles-immer-auf-dem-laufenden-bleiben\\\/\"]}]},{\"@type\":\"BreadcrumbList\",\"@id\":\"https:\\\/\\\/www2.smd-group.info\\\/training-and-resources\\\/aktuelles-immer-auf-dem-laufenden-bleiben\\\/#breadcrumb\",\"itemListElement\":[{\"@type\":\"ListItem\",\"position\":1,\"name\":\"Startseite\",\"item\":\"https:\\\/\\\/www2.smd-group.info\\\/de\\\/\"},{\"@type\":\"ListItem\",\"position\":2,\"name\":\"Blog\",\"item\":\"https:\\\/\\\/www2.smd-group.info\\\/training-and-resources\\\/\"},{\"@type\":\"ListItem\",\"position\":3,\"name\":\"Aktuelles\"}]},{\"@type\":\"WebSite\",\"@id\":\"https:\\\/\\\/www2.smd-group.info\\\/de\\\/#website\",\"url\":\"https:\\\/\\\/www2.smd-group.info\\\/de\\\/\",\"name\":\"SMD Group\",\"description\":\"\",\"publisher\":{\"@id\":\"https:\\\/\\\/www2.smd-group.info\\\/de\\\/#organization\"},\"potentialAction\":[{\"@type\":\"SearchAction\",\"target\":{\"@type\":\"EntryPoint\",\"urlTemplate\":\"https:\\\/\\\/www2.smd-group.info\\\/de\\\/?s={search_term_string}\"},\"query-input\":{\"@type\":\"PropertyValueSpecification\",\"valueRequired\":true,\"valueName\":\"search_term_string\"}}],\"inLanguage\":\"de\"},{\"@type\":\"Organization\",\"@id\":\"https:\\\/\\\/www2.smd-group.info\\\/de\\\/#organization\",\"name\":\"SMD Group I Schutz Marken Dienst GmbH\",\"url\":\"https:\\\/\\\/www2.smd-group.info\\\/de\\\/\",\"logo\":{\"@type\":\"ImageObject\",\"inLanguage\":\"de\",\"@id\":\"https:\\\/\\\/www2.smd-group.info\\\/de\\\/#\\\/schema\\\/logo\\\/image\\\/\",\"url\":\"https:\\\/\\\/www2.smd-group.info\\\/wp-content\\\/uploads\\\/2021\\\/11\\\/smd-logo.png\",\"contentUrl\":\"https:\\\/\\\/www2.smd-group.info\\\/wp-content\\\/uploads\\\/2021\\\/11\\\/smd-logo.png\",\"width\":156,\"height\":36,\"caption\":\"SMD Group I Schutz Marken Dienst GmbH\"},\"image\":{\"@id\":\"https:\\\/\\\/www2.smd-group.info\\\/de\\\/#\\\/schema\\\/logo\\\/image\\\/\"}}]}<\/script>\n<!-- \/ Yoast SEO plugin. -->","yoast_head_json":{"title":"Aktuelles - SMD Group","description":"Hier erfahren Sie aktuelles aus der Welt des geistigen Eigentums, bei internationalen Markengesetzen und hinsichtlich der SMD Produkte.","robots":{"index":"index","follow":"follow","max-snippet":"max-snippet:-1","max-image-preview":"max-image-preview:large","max-video-preview":"max-video-preview:-1"},"canonical":"https:\/\/www2.smd-group.info\/de\/training-and-resources\/aktuelles-immer-auf-dem-laufenden-bleiben\/","og_locale":"de_DE","og_type":"article","og_title":"Aktuelles - SMD Group","og_description":"Hier erfahren Sie aktuelles aus der Welt des geistigen Eigentums, bei internationalen Markengesetzen und hinsichtlich der SMD Produkte.","og_url":"https:\/\/www2.smd-group.info\/de\/training-and-resources\/aktuelles-immer-auf-dem-laufenden-bleiben\/","og_site_name":"SMD Group","article_modified_time":"2022-06-28T08:31:30+00:00","twitter_card":"summary_large_image","twitter_misc":{"Gesch\u00e4tzte Lesezeit":"1\u00a0Minute"},"schema":{"@context":"https:\/\/schema.org","@graph":[{"@type":"WebPage","@id":"https:\/\/www2.smd-group.info\/training-and-resources\/aktuelles-immer-auf-dem-laufenden-bleiben\/","url":"https:\/\/www2.smd-group.info\/training-and-resources\/aktuelles-immer-auf-dem-laufenden-bleiben\/","name":"Aktuelles - SMD Group","isPartOf":{"@id":"https:\/\/www2.smd-group.info\/de\/#website"},"datePublished":"2021-11-22T12:44:27+00:00","dateModified":"2022-06-28T08:31:30+00:00","description":"Hier erfahren Sie aktuelles aus der Welt des geistigen Eigentums, bei internationalen Markengesetzen und hinsichtlich der SMD Produkte.","breadcrumb":{"@id":"https:\/\/www2.smd-group.info\/training-and-resources\/aktuelles-immer-auf-dem-laufenden-bleiben\/#breadcrumb"},"inLanguage":"de","potentialAction":[{"@type":"ReadAction","target":["https:\/\/www2.smd-group.info\/training-and-resources\/aktuelles-immer-auf-dem-laufenden-bleiben\/"]}]},{"@type":"BreadcrumbList","@id":"https:\/\/www2.smd-group.info\/training-and-resources\/aktuelles-immer-auf-dem-laufenden-bleiben\/#breadcrumb","itemListElement":[{"@type":"ListItem","position":1,"name":"Startseite","item":"https:\/\/www2.smd-group.info\/de\/"},{"@type":"ListItem","position":2,"name":"Blog","item":"https:\/\/www2.smd-group.info\/training-and-resources\/"},{"@type":"ListItem","position":3,"name":"Aktuelles"}]},{"@type":"WebSite","@id":"https:\/\/www2.smd-group.info\/de\/#website","url":"https:\/\/www2.smd-group.info\/de\/","name":"SMD Group","description":"","publisher":{"@id":"https:\/\/www2.smd-group.info\/de\/#organization"},"potentialAction":[{"@type":"SearchAction","target":{"@type":"EntryPoint","urlTemplate":"https:\/\/www2.smd-group.info\/de\/?s={search_term_string}"},"query-input":{"@type":"PropertyValueSpecification","valueRequired":true,"valueName":"search_term_string"}}],"inLanguage":"de"},{"@type":"Organization","@id":"https:\/\/www2.smd-group.info\/de\/#organization","name":"SMD Group I Schutz Marken Dienst GmbH","url":"https:\/\/www2.smd-group.info\/de\/","logo":{"@type":"ImageObject","inLanguage":"de","@id":"https:\/\/www2.smd-group.info\/de\/#\/schema\/logo\/image\/","url":"https:\/\/www2.smd-group.info\/wp-content\/uploads\/2021\/11\/smd-logo.png","contentUrl":"https:\/\/www2.smd-group.info\/wp-content\/uploads\/2021\/11\/smd-logo.png","width":156,"height":36,"caption":"SMD Group I Schutz Marken Dienst GmbH"},"image":{"@id":"https:\/\/www2.smd-group.info\/de\/#\/schema\/logo\/image\/"}}]}},"uagb_featured_image_src":{"full":false,"thumbnail":false,"medium":false,"medium_large":false,"large":false,"1536x1536":false,"2048x2048":false,"trp-custom-language-flag":false},"uagb_author_info":{"display_name":"Miriam H\u00f6lscher","author_link":"https:\/\/www2.smd-group.info\/de\/author\/hoelscher\/"},"uagb_comment_info":0,"uagb_excerpt":null,"_links":{"self":[{"href":"https:\/\/www2.smd-group.info\/de\/wp-json\/wp\/v2\/pages\/9","targetHints":{"allow":["GET"]}}],"collection":[{"href":"https:\/\/www2.smd-group.info\/de\/wp-json\/wp\/v2\/pages"}],"about":[{"href":"https:\/\/www2.smd-group.info\/de\/wp-json\/wp\/v2\/types\/page"}],"author":[{"embeddable":true,"href":"https:\/\/www2.smd-group.info\/de\/wp-json\/wp\/v2\/users\/2"}],"replies":[{"embeddable":true,"href":"https:\/\/www2.smd-group.info\/de\/wp-json\/wp\/v2\/comments?post=9"}],"version-history":[{"count":58,"href":"https:\/\/www2.smd-group.info\/de\/wp-json\/wp\/v2\/pages\/9\/revisions"}],"predecessor-version":[{"id":3805,"href":"https:\/\/www2.smd-group.info\/de\/wp-json\/wp\/v2\/pages\/9\/revisions\/3805"}],"up":[{"embeddable":true,"href":"https:\/\/www2.smd-group.info\/de\/wp-json\/wp\/v2\/pages\/243"}],"wp:attachment":[{"href":"https:\/\/www2.smd-group.info\/de\/wp-json\/wp\/v2\/media?parent=9"}],"wp:term":[{"taxonomy":"category","embeddable":true,"href":"https:\/\/www2.smd-group.info\/de\/wp-json\/wp\/v2\/categories?post=9"}],"curies":[{"name":"wp","href":"https:\/\/api.w.org\/{rel}","templated":true}]}}