{"id":623,"date":"2021-12-08T13:24:07","date_gmt":"2021-12-08T12:24:07","guid":{"rendered":"https:\/\/smd.staging.ember-design.de\/?page_id=623"},"modified":"2022-07-04T15:06:11","modified_gmt":"2022-07-04T13:06:11","slug":"country-index-fuer-markenprofessionals","status":"publish","type":"page","link":"https:\/\/www2.smd-group.info\/de\/products-solutions\/country-index-fuer-markenprofessionals\/","title":{"rendered":"Country Index"},"content":{"rendered":"\n<section class=\"wp-block-uagb-section uagb-section__wrap uagb-section__background-image uagb-block-47a0c04c hero\" id=\"hero\"><div class=\"uagb-section__overlay\"><\/div><div class=\"uagb-section__inner-wrap\"><div class=\"wp-bootstrap-blocks-container container mb-0\">\n\t\n<div class=\"wp-bootstrap-blocks-row row\">\n\t\n\n<div class=\"col-12 col-md-6 d-flex flex-column justify-content-center\">\n\t\t\t\n\n<h1 class=\"mb-2 wp-block-heading\">Country Index<\/h1>\n\n\n\n<h3 class=\"fw-normal wp-block-heading\">Marken-Professionals in aller Welt sch\u00e4tzen diese wertvolle Quelle &#8230;<\/h3>\n\n\t<\/div>\n\n\n\n<div class=\"col-12 col-md-6\">\n\t\t\t\t<\/div>\n\n<\/div>\n\n<\/div>\n<\/div><\/section>\n\n\n\n<section class=\"wp-block-uagb-section uagb-section__wrap uagb-section__background-undefined uagb-block-d3a1b6fa\"><div class=\"uagb-section__overlay\"><\/div><div class=\"uagb-section__inner-wrap\"><div class=\"wp-bootstrap-blocks-container container mb-0\">\n\t\n\n<h2 class=\"mb-2 wp-block-heading\">Informationen zu 220 L\u00e4ndern weltweit<\/h2>\n\n\n<div class=\"wp-bootstrap-blocks-row row\">\n\t\n\n<div class=\"col-12 col-md-10 col-lg-8\">\n\t\t\t\n\n<p>Sie m\u00f6chten eine Marke im Ausland anmelden und sich vorab \u00fcber das Prozedere und eventuelle Besonderheiten informieren? Oder Sie sind Inhaber oder juristischer Vertreter von internationalen Marken? Dann ist unser Portal genau die richtige Anlaufstelle!<\/p>\n\n\t<\/div>\n\n\n\n<div class=\"col-12 col-md-2 col-lg-4\">\n\t\t\t\t<\/div>\n\n<\/div>\n\n\n\n<div class=\"wp-block-uagb-section uagb-section__wrap uagb-section__background-undefined uagb-block-3df9f914 webinar-area\"><div class=\"uagb-section__overlay\"><\/div><div class=\"uagb-section__inner-wrap\"><div class=\"wp-bootstrap-blocks-row row\">\n\t\n\n<div class=\"col-12 col-md-6 col-lg-5\">\n\t\t\t\n\n<figure class=\"wp-block-image size-full\"><img loading=\"lazy\" decoding=\"async\" width=\"1000\" height=\"750\" src=\"https:\/\/www2.smd-group.info\/wp-content\/uploads\/2022\/05\/Country_Index_Handshake_43.jpg\" alt=\"\" class=\"wp-image-2059\" srcset=\"https:\/\/www2.smd-group.info\/wp-content\/uploads\/2022\/05\/Country_Index_Handshake_43.jpg 1000w, https:\/\/www2.smd-group.info\/wp-content\/uploads\/2022\/05\/Country_Index_Handshake_43-300x225.jpg 300w, https:\/\/www2.smd-group.info\/wp-content\/uploads\/2022\/05\/Country_Index_Handshake_43-768x576.jpg 768w, https:\/\/www2.smd-group.info\/wp-content\/uploads\/2022\/05\/Country_Index_Handshake_43-16x12.jpg 16w\" sizes=\"auto, (max-width: 1000px) 100vw, 1000px\" \/><\/figure>\n\n\t<\/div>\n\n\n\n<div class=\"col-12 col-md-6 col-lg-7\">\n\t\t\t\n\n<h3 class=\"h2 mb-4 wp-block-heading\">Country Index Website<\/h3>\n\n\n\n<p>Wir informieren kostenlos \u00fcber Markengesetze und -regelungen in \u00fcber 220 L\u00e4ndern. Die Ausk\u00fcnfte sammeln wir laufend von Juristen aus aller Welt. Einige Informationen sind unseren SMD Kunden exklusiv zug\u00e4nglich, wie Benutzungsschonfristen und Fristen zur Markenerneuerung.<\/p>\n\n\n<div class=\"wp-bootstrap-blocks-button\">\n\t<a\n\t\thref=\"https:\/\/www.country-index.com\/\"\n\t\t\t\t\ttarget=\"_blank\"\n\t\t\t\t\t\t\trel=\"noreferrer noopener\"\n\t\t\t\tclass=\"btn btn-primary\"\n\t>\n\t\tZur Website\t<\/a>\n<\/div>\n\n\t<\/div>\n\n<\/div>\n<\/div><\/div>\n\n\n\n<div class=\"wp-block-uagb-section uagb-section__wrap uagb-section__background-undefined uagb-block-64e28179 webinar-area\"><div class=\"uagb-section__overlay\"><\/div><div class=\"uagb-section__inner-wrap\"><div class=\"wp-bootstrap-blocks-row row\">\n\t\n\n<div class=\"col-12 col-md-6 col-lg-5\">\n\t\t\t\n\n<figure class=\"wp-block-image size-full\"><img loading=\"lazy\" decoding=\"async\" width=\"1000\" height=\"750\" src=\"https:\/\/www2.smd-group.info\/wp-content\/uploads\/2022\/05\/Country_Index_Newsletter_43.jpg\" alt=\"\" class=\"wp-image-2569\" srcset=\"https:\/\/www2.smd-group.info\/wp-content\/uploads\/2022\/05\/Country_Index_Newsletter_43.jpg 1000w, https:\/\/www2.smd-group.info\/wp-content\/uploads\/2022\/05\/Country_Index_Newsletter_43-300x225.jpg 300w, https:\/\/www2.smd-group.info\/wp-content\/uploads\/2022\/05\/Country_Index_Newsletter_43-768x576.jpg 768w, https:\/\/www2.smd-group.info\/wp-content\/uploads\/2022\/05\/Country_Index_Newsletter_43-16x12.jpg 16w\" sizes=\"auto, (max-width: 1000px) 100vw, 1000px\" \/><\/figure>\n\n\t<\/div>\n\n\n\n<div class=\"col-12 col-md-6 col-lg-7\">\n\t\t\t\n\n<h3 class=\"h2 mb-4 wp-block-heading\">Country Index Newsletter<\/h3>\n\n\n\n<p class=\"mbc-32\">Unser Country Index Newsletter informiert Sie kostenlos im Zwei-Wochen-Rhythmus \u00fcber \u00c4nderungen im Bereich internationaler Markengesetze und Regulierungen. Damit Sie st\u00e4ndig auf dem Laufenden sind!<\/p>\n\n\n<div class=\"wp-bootstrap-blocks-button\">\n\t<a\n\t\thref=\"https:\/\/www.smd-group.info\/subscribe.aspx\"\n\t\t\t\t\t\tclass=\"btn btn-primary\"\n\t>\n\t\tNewsletter abonnieren\t<\/a>\n<\/div>\n\n\t<\/div>\n\n<\/div>\n<\/div><\/div>\n\n\n\n<div class=\"wp-block-uagb-section uagb-section__wrap uagb-section__background-undefined uagb-block-9303eeff webinar-area\"><div class=\"uagb-section__overlay\"><\/div><div class=\"uagb-section__inner-wrap\"><div class=\"wp-bootstrap-blocks-row row\">\n\t\n\n<div class=\"col-12 col-md-6 col-lg-5\">\n\t\t\t\n\n<figure class=\"wp-block-image size-full\"><img loading=\"lazy\" decoding=\"async\" width=\"1000\" height=\"750\" src=\"https:\/\/www2.smd-group.info\/wp-content\/uploads\/2022\/05\/Country_Index_Publikationen_43.jpg\" alt=\"\" class=\"wp-image-2346\" srcset=\"https:\/\/www2.smd-group.info\/wp-content\/uploads\/2022\/05\/Country_Index_Publikationen_43.jpg 1000w, https:\/\/www2.smd-group.info\/wp-content\/uploads\/2022\/05\/Country_Index_Publikationen_43-300x225.jpg 300w, https:\/\/www2.smd-group.info\/wp-content\/uploads\/2022\/05\/Country_Index_Publikationen_43-768x576.jpg 768w, https:\/\/www2.smd-group.info\/wp-content\/uploads\/2022\/05\/Country_Index_Publikationen_43-16x12.jpg 16w\" sizes=\"auto, (max-width: 1000px) 100vw, 1000px\" \/><\/figure>\n\n\t<\/div>\n\n\n\n<div class=\"col-12 col-md-6 col-lg-7\">\n\t\t\t\n\n<h3 class=\"h2 mb-4 wp-block-heading\">Country Index Publikationen<\/h3>\n\n\n\n<p class=\"mbc-32\">Spezielle Themen behandeln wir in unseren Handb\u00fcchern, die Sie auf der Webseite erwerben k\u00f6nnen. Sie erhalten eine e-Mail mit dem Download Link f\u00fcr die Publikation. Die meisten L\u00e4nder werden j\u00e4hrlich aktualisiert. Updates sind im Preis nicht enthalten. Verf\u00fcgbare Themen sehen Sie auf der Website.<\/p>\n\n\n<div class=\"wp-bootstrap-blocks-button\">\n\t<a\n\t\thref=\"https:\/\/www.country-index.com\/publications.aspx\"\n\t\t\t\t\ttarget=\"_blank\"\n\t\t\t\t\t\t\trel=\"noreferrer noopener\"\n\t\t\t\tclass=\"btn btn-primary\"\n\t>\n\t\tZu den Publikationen\t<\/a>\n<\/div>\n\n\t<\/div>\n\n<\/div>\n<\/div><\/div>\n\n<\/div>\n<\/div><\/section>\n\n\n\n<section class=\"wp-block-uagb-section uagb-section__wrap uagb-section__background-undefined uagb-block-9c70b481 section-contact-small section-sand\"><div class=\"uagb-section__overlay\"><\/div><div class=\"uagb-section__inner-wrap\"><div class=\"wp-bootstrap-blocks-container container mb-0\">\n\t\n\n<div class=\"wp-block-uagb-section uagb-section__wrap uagb-section__background-undefined uagb-block-ea56593b contact-area-small\"><div class=\"uagb-section__overlay\"><\/div><div class=\"uagb-section__inner-wrap\">\n<div class=\"wp-block-uagb-section uagb-section__wrap uagb-section__background-undefined uagb-block-d920f3d0 contact-infos\"><div class=\"uagb-section__overlay\"><\/div><div class=\"uagb-section__inner-wrap\">\n<h2 class=\"mb-2 wp-block-heading\">F\u00fcr Markenanw\u00e4lte unverzichtbar &#8230;<\/h2>\n\n\n\n<p class=\"mb-4\">\u00dcber 380 Rechts-Experten aus aller Welt versorgen uns mit wichtigen Details zu den dortigen Regulierungen, die wir Ihnen nicht vorenthalten wollen. Schauen Sie doch mal rein!<\/p>\n\n\n<div class=\"wp-bootstrap-blocks-button\">\n\t<a\n\t\thref=\"https:\/\/www.country-index.com\"\n\t\t\t\t\ttarget=\"_blank\"\n\t\t\t\t\t\t\trel=\"noreferrer noopener\"\n\t\t\t\tclass=\"btn btn-primary\"\n\t>\n\t\tZur Website\t<\/a>\n<\/div>\n<\/div><\/div>\n\n\n\n<figure class=\"wp-block-image size-full contact-image\"><img loading=\"lazy\" decoding=\"async\" width=\"500\" height=\"500\" src=\"https:\/\/www2.smd-group.info\/wp-content\/uploads\/2022\/05\/Miriam_Hoelscher_11_500px.png\" alt=\"\" class=\"wp-image-2254\" srcset=\"https:\/\/www2.smd-group.info\/wp-content\/uploads\/2022\/05\/Miriam_Hoelscher_11_500px.png 500w, https:\/\/www2.smd-group.info\/wp-content\/uploads\/2022\/05\/Miriam_Hoelscher_11_500px-300x300.png 300w, https:\/\/www2.smd-group.info\/wp-content\/uploads\/2022\/05\/Miriam_Hoelscher_11_500px-150x150.png 150w, https:\/\/www2.smd-group.info\/wp-content\/uploads\/2022\/05\/Miriam_Hoelscher_11_500px-12x12.png 12w\" sizes=\"auto, (max-width: 500px) 100vw, 500px\" \/><\/figure>\n\n\n\n<div class=\"wp-block-uagb-section uagb-section__wrap uagb-section__background-undefined uagb-block-f87214bb contact-details\"><div class=\"uagb-section__overlay\"><\/div><div class=\"uagb-section__inner-wrap\">\n<h4 class=\"wp-block-heading\">Miriam H\u00f6lscher<\/h4>\n\n\n\n<h5 class=\"wp-block-heading\">Leiter Marketing <\/h5>\n\n\n\n<p>hoelscher@smd-group.info<br>+49 4102 8048 27<\/p>\n\n\n<div class=\"wp-bootstrap-blocks-button\">\n\t<a\n\t\thref=\"https:\/\/www2.smd-group.info\/de\/contact-us\/#CountryIndex\"\n\t\t\t\t\ttarget=\"_blank\"\n\t\t\t\t\t\t\trel=\"noreferrer noopener\"\n\t\t\t\tclass=\"btn btn-primary\"\n\t>\n\t\tKontakt aufnehmen\t<\/a>\n<\/div>\n<\/div><\/div>\n<\/div><\/div>\n\n<\/div>\n<\/div><\/section>\n\n\n\n<section class=\"wp-block-uagb-section uagb-section__wrap uagb-section__background-undefined uagb-block-2d7c22d5 section-testimonial\"><div class=\"uagb-section__overlay\"><\/div><div class=\"uagb-section__inner-wrap\"><div class=\"wp-bootstrap-blocks-container container mb-0\">\n\t\n<div class=\"wp-bootstrap-blocks-row row\">\n\t\n\n<div class=\"col-12 col-md-1 col-lg-2\">\n\t\t\t\t<\/div>\n\n\n\n<div class=\"col-12 col-md-10 col-lg-8\">\n\t\t\t\n\n<div class=\"wp-block-uagb-testimonial uagb-testomonial__outer-wrap uagb-slick-carousel uagb-tm__arrow-outside uagb-block-e7246351\"><div class=\"is-carousel uagb-tm__columns-1 uagb-tm__items\"><div class=\"uagb-testimonial__wrap  uagb-tm__imgicon-style-circle uagb-tm__image-position-bottom uagb-tm__bg-type-undefined \"><div class=\"uagb-tm__content\"><div class=\"uagb-tm__overlay\"><\/div><div class=\"uagb-tm__text-wrap\"><div class=\"uagb-testinomial-text-wrap\"><div class=\"uagb-tm__desc\"><em><em><em>Ich lese gerne den Country Index Newsletter mit pr\u00e4gnanten und interessanten Informationen.<\/em><\/em><\/em><\/div><\/div><div class=\"uagb-tm__meta\"><div class=\"uagb-tm__meta-inner\"><div class=\"uagb-testimonial-details\"><span class=\"uagb-tm__author-name\">Ella Cheong<\/span><span class=\"uagb-tm__company\">ELLALAN<\/span><\/div><\/div><\/div><\/div><\/div><\/div><div class=\"uagb-testimonial__wrap  uagb-tm__imgicon-style-circle uagb-tm__image-position-bottom uagb-tm__bg-type-undefined \"><div class=\"uagb-tm__content\"><div class=\"uagb-tm__overlay\"><\/div><div class=\"uagb-tm__text-wrap\"><div class=\"uagb-testinomial-text-wrap\"><div class=\"uagb-tm__desc\"><meta charset=\"utf-8\">Als Anwaltskanzlei finden wir den Country Index sehr n\u00fctzlich, wenn wir schnell nach aktuellen Basisinformationen \u00fcber ein bestimmtes Land suchen m\u00fcssen &#8211; er ist ein hervorragendes &#8222;Geschenk&#8220; von SMD an die Marken-Professionals.<\/div><\/div><div class=\"uagb-tm__meta\"><div class=\"uagb-tm__meta-inner\"><div class=\"uagb-testimonial-details\"><span class=\"uagb-tm__author-name\">Tom Albertini <\/span><span class=\"uagb-tm__company\">J.A. Kemp<\/span><\/div><\/div><\/div><\/div><\/div><\/div><div class=\"uagb-testimonial__wrap  uagb-tm__imgicon-style-circle uagb-tm__image-position-bottom uagb-tm__bg-type-undefined \"><div class=\"uagb-tm__content\"><div class=\"uagb-tm__overlay\"><\/div><div class=\"uagb-tm__text-wrap\"><div class=\"uagb-testinomial-text-wrap\"><div class=\"uagb-tm__desc\">Der Country Index ist wahrscheinlich das wertvollste Tool, das ich habe, um schnell die Markenvorschriften f\u00fcr eine bestimmte Jurisdiktion zu \u00fcberpr\u00fcfen. Ich habe die Seite als Favorit in meiner Men\u00fcleiste und benutze sie mindestens mehrmals pro Woche.<\/div><\/div><div class=\"uagb-tm__meta\"><div class=\"uagb-tm__meta-inner\"><div class=\"uagb-testimonial-details\"><span class=\"uagb-tm__author-name\">Elizabeth Kinsley<\/span><span class=\"uagb-tm__company\">Kellogg Company<\/span><\/div><\/div><\/div><\/div><\/div><\/div><\/div><\/div>\n\n\t<\/div>\n\n\n\n<div class=\"col-12 col-md-1 col-lg-2\">\n\t\t\t\t<\/div>\n\n<\/div>\n\n<\/div>\n<\/div><\/section>\n\n\n\n<section class=\"wp-block-uagb-section uagb-section__wrap uagb-section__background-undefined uagb-block-a1c362e3 section-sand\"><div class=\"uagb-section__overlay\"><\/div><div class=\"uagb-section__inner-wrap\"><div class=\"wp-bootstrap-blocks-container container mb-0\">\n\t\n\n<h3 class=\"has-text-align-center mb-4 wp-block-heading\">Immer auf dem Laufenden bleiben<\/h3>\n\n\n<div class=\"wp-bootstrap-blocks-button text-center\">\n\t<a\n\t\thref=\"https:\/\/www.smd-group.info\/subscribe.aspx\"\n\t\t\t\t\ttarget=\"_blank\"\n\t\t\t\t\t\t\trel=\"noreferrer noopener\"\n\t\t\t\tclass=\"btn btn-primary\"\n\t>\n\t\tIch m\u00f6chte Updates von SMD\t<\/a>\n<\/div>\n\n<\/div>\n<\/div><\/section>\n","protected":false},"excerpt":{"rendered":"","protected":false},"author":2,"featured_media":0,"parent":278,"menu_order":4,"comment_status":"closed","ping_status":"closed","template":"","meta":{"_acf_changed":false,"_uag_custom_page_level_css":"","footnotes":""},"categories":[],"class_list":["post-623","page","type-page","status-publish","hentry"],"acf":[],"yoast_head":"<!-- This site is optimized with the Yoast SEO plugin v27.4 - https:\/\/yoast.com\/product\/yoast-seo-wordpress\/ -->\n<title>Country Index - SMD Group<\/title>\n<meta name=\"description\" content=\"F\u00fcr Marken-Professionals aus aller Welt ist Country Index eine wertvolle Informationsquelle f\u00fcr Marken-Gesetze und Marken-Regulierungen.\" \/>\n<meta name=\"robots\" content=\"index, follow, max-snippet:-1, max-image-preview:large, max-video-preview:-1\" \/>\n<link rel=\"canonical\" href=\"https:\/\/www2.smd-group.info\/de\/products-solutions\/country-index-fuer-markenprofessionals\/\" \/>\n<meta property=\"og:locale\" content=\"de_DE\" \/>\n<meta property=\"og:type\" content=\"article\" \/>\n<meta property=\"og:title\" content=\"Country Index - SMD Group\" \/>\n<meta property=\"og:description\" content=\"F\u00fcr Marken-Professionals aus aller Welt ist Country Index eine wertvolle Informationsquelle f\u00fcr Marken-Gesetze und Marken-Regulierungen.\" \/>\n<meta property=\"og:url\" content=\"https:\/\/www2.smd-group.info\/de\/products-solutions\/country-index-fuer-markenprofessionals\/\" \/>\n<meta property=\"og:site_name\" content=\"SMD Group\" \/>\n<meta property=\"article:modified_time\" content=\"2022-07-04T13:06:11+00:00\" \/>\n<meta property=\"og:image\" content=\"https:\/\/www2.smd-group.info\/wp-content\/uploads\/2022\/05\/Country_Index_Handshake_43.jpg\" \/>\n<meta name=\"twitter:card\" content=\"summary_large_image\" \/>\n<meta name=\"twitter:label1\" content=\"Gesch\u00e4tzte Lesezeit\" \/>\n\t<meta name=\"twitter:data1\" content=\"3\u00a0Minuten\" \/>\n<script type=\"application\/ld+json\" class=\"yoast-schema-graph\">{\"@context\":\"https:\\\/\\\/schema.org\",\"@graph\":[{\"@type\":\"WebPage\",\"@id\":\"https:\\\/\\\/www2.smd-group.info\\\/en\\\/products-solutions\\\/country-index-fuer-markenprofessionals\\\/\",\"url\":\"https:\\\/\\\/www2.smd-group.info\\\/en\\\/products-solutions\\\/country-index-fuer-markenprofessionals\\\/\",\"name\":\"Country Index - SMD Group\",\"isPartOf\":{\"@id\":\"https:\\\/\\\/www2.smd-group.info\\\/de\\\/#website\"},\"primaryImageOfPage\":{\"@id\":\"https:\\\/\\\/www2.smd-group.info\\\/en\\\/products-solutions\\\/country-index-fuer-markenprofessionals\\\/#primaryimage\"},\"image\":{\"@id\":\"https:\\\/\\\/www2.smd-group.info\\\/en\\\/products-solutions\\\/country-index-fuer-markenprofessionals\\\/#primaryimage\"},\"thumbnailUrl\":\"https:\\\/\\\/www2.smd-group.info\\\/wp-content\\\/uploads\\\/2022\\\/05\\\/Country_Index_Handshake_43.jpg\",\"datePublished\":\"2021-12-08T12:24:07+00:00\",\"dateModified\":\"2022-07-04T13:06:11+00:00\",\"description\":\"F\u00fcr Marken-Professionals aus aller Welt ist Country Index eine wertvolle Informationsquelle f\u00fcr Marken-Gesetze und Marken-Regulierungen.\",\"breadcrumb\":{\"@id\":\"https:\\\/\\\/www2.smd-group.info\\\/en\\\/products-solutions\\\/country-index-fuer-markenprofessionals\\\/#breadcrumb\"},\"inLanguage\":\"de\",\"potentialAction\":[{\"@type\":\"ReadAction\",\"target\":[\"https:\\\/\\\/www2.smd-group.info\\\/en\\\/products-solutions\\\/country-index-fuer-markenprofessionals\\\/\"]}]},{\"@type\":\"ImageObject\",\"inLanguage\":\"de\",\"@id\":\"https:\\\/\\\/www2.smd-group.info\\\/en\\\/products-solutions\\\/country-index-fuer-markenprofessionals\\\/#primaryimage\",\"url\":\"https:\\\/\\\/www2.smd-group.info\\\/wp-content\\\/uploads\\\/2022\\\/05\\\/Country_Index_Handshake_43.jpg\",\"contentUrl\":\"https:\\\/\\\/www2.smd-group.info\\\/wp-content\\\/uploads\\\/2022\\\/05\\\/Country_Index_Handshake_43.jpg\"},{\"@type\":\"BreadcrumbList\",\"@id\":\"https:\\\/\\\/www2.smd-group.info\\\/en\\\/products-solutions\\\/country-index-fuer-markenprofessionals\\\/#breadcrumb\",\"itemListElement\":[{\"@type\":\"ListItem\",\"position\":1,\"name\":\"Startseite\",\"item\":\"https:\\\/\\\/www2.smd-group.info\\\/de\\\/\"},{\"@type\":\"ListItem\",\"position\":2,\"name\":\"Produkte &#038; L\u00f6sungen\",\"item\":\"https:\\\/\\\/www2.smd-group.info\\\/de\\\/products-solutions\\\/\"},{\"@type\":\"ListItem\",\"position\":3,\"name\":\"Country Index\"}]},{\"@type\":\"WebSite\",\"@id\":\"https:\\\/\\\/www2.smd-group.info\\\/de\\\/#website\",\"url\":\"https:\\\/\\\/www2.smd-group.info\\\/de\\\/\",\"name\":\"SMD Group\",\"description\":\"\",\"publisher\":{\"@id\":\"https:\\\/\\\/www2.smd-group.info\\\/de\\\/#organization\"},\"potentialAction\":[{\"@type\":\"SearchAction\",\"target\":{\"@type\":\"EntryPoint\",\"urlTemplate\":\"https:\\\/\\\/www2.smd-group.info\\\/de\\\/?s={search_term_string}\"},\"query-input\":{\"@type\":\"PropertyValueSpecification\",\"valueRequired\":true,\"valueName\":\"search_term_string\"}}],\"inLanguage\":\"de\"},{\"@type\":\"Organization\",\"@id\":\"https:\\\/\\\/www2.smd-group.info\\\/de\\\/#organization\",\"name\":\"SMD Group I Schutz Marken Dienst GmbH\",\"url\":\"https:\\\/\\\/www2.smd-group.info\\\/de\\\/\",\"logo\":{\"@type\":\"ImageObject\",\"inLanguage\":\"de\",\"@id\":\"https:\\\/\\\/www2.smd-group.info\\\/de\\\/#\\\/schema\\\/logo\\\/image\\\/\",\"url\":\"https:\\\/\\\/www2.smd-group.info\\\/wp-content\\\/uploads\\\/2021\\\/11\\\/smd-logo.png\",\"contentUrl\":\"https:\\\/\\\/www2.smd-group.info\\\/wp-content\\\/uploads\\\/2021\\\/11\\\/smd-logo.png\",\"width\":156,\"height\":36,\"caption\":\"SMD Group I Schutz Marken Dienst GmbH\"},\"image\":{\"@id\":\"https:\\\/\\\/www2.smd-group.info\\\/de\\\/#\\\/schema\\\/logo\\\/image\\\/\"}}]}<\/script>\n<!-- \/ Yoast SEO plugin. -->","yoast_head_json":{"title":"Country Index - SMD Group","description":"F\u00fcr Marken-Professionals aus aller Welt ist Country Index eine wertvolle Informationsquelle f\u00fcr Marken-Gesetze und Marken-Regulierungen.","robots":{"index":"index","follow":"follow","max-snippet":"max-snippet:-1","max-image-preview":"max-image-preview:large","max-video-preview":"max-video-preview:-1"},"canonical":"https:\/\/www2.smd-group.info\/de\/products-solutions\/country-index-fuer-markenprofessionals\/","og_locale":"de_DE","og_type":"article","og_title":"Country Index - SMD Group","og_description":"F\u00fcr Marken-Professionals aus aller Welt ist Country Index eine wertvolle Informationsquelle f\u00fcr Marken-Gesetze und Marken-Regulierungen.","og_url":"https:\/\/www2.smd-group.info\/de\/products-solutions\/country-index-fuer-markenprofessionals\/","og_site_name":"SMD Group","article_modified_time":"2022-07-04T13:06:11+00:00","og_image":[{"url":"https:\/\/www2.smd-group.info\/wp-content\/uploads\/2022\/05\/Country_Index_Handshake_43.jpg","type":"","width":"","height":""}],"twitter_card":"summary_large_image","twitter_misc":{"Gesch\u00e4tzte Lesezeit":"3\u00a0Minuten"},"schema":{"@context":"https:\/\/schema.org","@graph":[{"@type":"WebPage","@id":"https:\/\/www2.smd-group.info\/en\/products-solutions\/country-index-fuer-markenprofessionals\/","url":"https:\/\/www2.smd-group.info\/en\/products-solutions\/country-index-fuer-markenprofessionals\/","name":"Country Index - SMD Group","isPartOf":{"@id":"https:\/\/www2.smd-group.info\/de\/#website"},"primaryImageOfPage":{"@id":"https:\/\/www2.smd-group.info\/en\/products-solutions\/country-index-fuer-markenprofessionals\/#primaryimage"},"image":{"@id":"https:\/\/www2.smd-group.info\/en\/products-solutions\/country-index-fuer-markenprofessionals\/#primaryimage"},"thumbnailUrl":"https:\/\/www2.smd-group.info\/wp-content\/uploads\/2022\/05\/Country_Index_Handshake_43.jpg","datePublished":"2021-12-08T12:24:07+00:00","dateModified":"2022-07-04T13:06:11+00:00","description":"F\u00fcr Marken-Professionals aus aller Welt ist Country Index eine wertvolle Informationsquelle f\u00fcr Marken-Gesetze und Marken-Regulierungen.","breadcrumb":{"@id":"https:\/\/www2.smd-group.info\/en\/products-solutions\/country-index-fuer-markenprofessionals\/#breadcrumb"},"inLanguage":"de","potentialAction":[{"@type":"ReadAction","target":["https:\/\/www2.smd-group.info\/en\/products-solutions\/country-index-fuer-markenprofessionals\/"]}]},{"@type":"ImageObject","inLanguage":"de","@id":"https:\/\/www2.smd-group.info\/en\/products-solutions\/country-index-fuer-markenprofessionals\/#primaryimage","url":"https:\/\/www2.smd-group.info\/wp-content\/uploads\/2022\/05\/Country_Index_Handshake_43.jpg","contentUrl":"https:\/\/www2.smd-group.info\/wp-content\/uploads\/2022\/05\/Country_Index_Handshake_43.jpg"},{"@type":"BreadcrumbList","@id":"https:\/\/www2.smd-group.info\/en\/products-solutions\/country-index-fuer-markenprofessionals\/#breadcrumb","itemListElement":[{"@type":"ListItem","position":1,"name":"Startseite","item":"https:\/\/www2.smd-group.info\/de\/"},{"@type":"ListItem","position":2,"name":"Produkte &#038; L\u00f6sungen","item":"https:\/\/www2.smd-group.info\/de\/products-solutions\/"},{"@type":"ListItem","position":3,"name":"Country Index"}]},{"@type":"WebSite","@id":"https:\/\/www2.smd-group.info\/de\/#website","url":"https:\/\/www2.smd-group.info\/de\/","name":"SMD Group","description":"","publisher":{"@id":"https:\/\/www2.smd-group.info\/de\/#organization"},"potentialAction":[{"@type":"SearchAction","target":{"@type":"EntryPoint","urlTemplate":"https:\/\/www2.smd-group.info\/de\/?s={search_term_string}"},"query-input":{"@type":"PropertyValueSpecification","valueRequired":true,"valueName":"search_term_string"}}],"inLanguage":"de"},{"@type":"Organization","@id":"https:\/\/www2.smd-group.info\/de\/#organization","name":"SMD Group I Schutz Marken Dienst GmbH","url":"https:\/\/www2.smd-group.info\/de\/","logo":{"@type":"ImageObject","inLanguage":"de","@id":"https:\/\/www2.smd-group.info\/de\/#\/schema\/logo\/image\/","url":"https:\/\/www2.smd-group.info\/wp-content\/uploads\/2021\/11\/smd-logo.png","contentUrl":"https:\/\/www2.smd-group.info\/wp-content\/uploads\/2021\/11\/smd-logo.png","width":156,"height":36,"caption":"SMD Group I Schutz Marken Dienst GmbH"},"image":{"@id":"https:\/\/www2.smd-group.info\/de\/#\/schema\/logo\/image\/"}}]}},"uagb_featured_image_src":{"full":false,"thumbnail":false,"medium":false,"medium_large":false,"large":false,"1536x1536":false,"2048x2048":false,"trp-custom-language-flag":false},"uagb_author_info":{"display_name":"Miriam H\u00f6lscher","author_link":"https:\/\/www2.smd-group.info\/de\/author\/hoelscher\/"},"uagb_comment_info":0,"uagb_excerpt":null,"_links":{"self":[{"href":"https:\/\/www2.smd-group.info\/de\/wp-json\/wp\/v2\/pages\/623","targetHints":{"allow":["GET"]}}],"collection":[{"href":"https:\/\/www2.smd-group.info\/de\/wp-json\/wp\/v2\/pages"}],"about":[{"href":"https:\/\/www2.smd-group.info\/de\/wp-json\/wp\/v2\/types\/page"}],"author":[{"embeddable":true,"href":"https:\/\/www2.smd-group.info\/de\/wp-json\/wp\/v2\/users\/2"}],"replies":[{"embeddable":true,"href":"https:\/\/www2.smd-group.info\/de\/wp-json\/wp\/v2\/comments?post=623"}],"version-history":[{"count":47,"href":"https:\/\/www2.smd-group.info\/de\/wp-json\/wp\/v2\/pages\/623\/revisions"}],"predecessor-version":[{"id":3946,"href":"https:\/\/www2.smd-group.info\/de\/wp-json\/wp\/v2\/pages\/623\/revisions\/3946"}],"up":[{"embeddable":true,"href":"https:\/\/www2.smd-group.info\/de\/wp-json\/wp\/v2\/pages\/278"}],"wp:attachment":[{"href":"https:\/\/www2.smd-group.info\/de\/wp-json\/wp\/v2\/media?parent=623"}],"wp:term":[{"taxonomy":"category","embeddable":true,"href":"https:\/\/www2.smd-group.info\/de\/wp-json\/wp\/v2\/categories?post=623"}],"curies":[{"name":"wp","href":"https:\/\/api.w.org\/{rel}","templated":true}]}}