{"id":6,"date":"2021-11-22T13:42:19","date_gmt":"2021-11-22T12:42:19","guid":{"rendered":"http:\/\/localhost:8090\/?page_id=6"},"modified":"2024-11-06T18:40:18","modified_gmt":"2024-11-06T17:40:18","slug":"jobs","status":"publish","type":"page","link":"https:\/\/www2.smd-group.info\/de\/jobs\/","title":{"rendered":"Jobs"},"content":{"rendered":"\n<section class=\"wp-block-uagb-section uagb-section__wrap uagb-section__background-image uagb-block-083d3cd6 hero\" id=\"hero\"><div class=\"uagb-section__overlay\"><\/div><div class=\"uagb-section__inner-wrap\"><div class=\"wp-bootstrap-blocks-container container mb-0\">\n\t\n<div class=\"wp-bootstrap-blocks-row row\">\n\t\n\n<div class=\"col-12 col-md-6\">\n\t\t\t\n\n<h1 class=\"wp-block-heading mb-2\">Verst\u00e4rken Sie unser Team!<\/h1>\n\n\n\n<h3 class=\"wp-block-heading fw-normal\" id=\"zuverlassigkeit-ehrlichkeit-und-bestandigkeit-sind-wichtige-werte-fur-uns-zudem-schatzen-wir-eine-offene-freundliche-kommunikation-mit-unseren-kunden-und-innerhalb-des-teams\">Sie interessieren sich f\u00fcr Markenschutz und arbeiten gern im internationalen Umfeld? <\/h3>\n\n\t<\/div>\n\n\n\n<div class=\"col-12 col-md-6\">\n\t\t\t\n\n<figure class=\"wp-block-image size-full\"><img loading=\"lazy\" decoding=\"async\" width=\"624\" height=\"500\" src=\"https:\/\/www2.smd-group.info\/wp-content\/uploads\/2022\/02\/Test.png\" alt=\"\" class=\"wp-image-1098\"\/><\/figure>\n\n\t<\/div>\n\n<\/div>\n\n<\/div>\n<\/div><\/section>\n\n\n\n<section class=\"wp-block-uagb-section uagb-section__wrap uagb-section__background-undefined uagb-block-fc575e0e\"><div class=\"uagb-section__overlay\"><\/div><div class=\"uagb-section__inner-wrap\"><div class=\"wp-bootstrap-blocks-container container mb-0\">\n\t\n\n<h2 class=\"wp-block-heading\">Wir suchen &#8230;<\/h2>\n\n\n<div class=\"wp-bootstrap-blocks-row row\">\n\t\n\n<div class=\"col-12 col-md-10 col-lg-8\">\n\t\t\t\n\n<p>Mitarbeiter, die bereit sind, auf Details zu achten. Denn die spielen in der Recherche und \u00dcberwachung von geistigem Eigentum eine wichtige Rolle. Unsere Kunden sind in erster Linie Markeninhaber und deren rechtliche Vertreter. <\/p>\n\n\t<\/div>\n\n\n\n<div class=\"col-12 col-md-2 col-lg-4\">\n\t\t\t\t<\/div>\n\n<\/div>\n\n<\/div>\n<\/div><\/section>\n\n\n\n<section class=\"wp-block-uagb-section uagb-section__wrap uagb-section__background-none uagb-block-f6763fbd uagb-section__background-undefined section-sand\" id=\"Vacancies-list\"><div class=\"uagb-section__overlay\"><\/div><div class=\"uagb-section__inner-wrap\"><div class=\"wp-bootstrap-blocks-container container mb-0\">\n\t\n\n<h2 class=\"wp-block-heading mb-4\">Freie Stellen<\/h2>\n\n\n<div class=\"wp-bootstrap-blocks-row row\">\n\t\n\n<div class=\"col-12 col-md-10 col-lg-8\">\n\t\t\t\n\n<p>Werden Sie Teil des SMD-Teams und tragen Sie mit Ihren F\u00e4higkeiten zu unserem weiteren Wachstum bei.<\/p>\n\n\t<\/div>\n\n\n\n<div class=\"col-12 col-md-2 col-lg-4\">\n\t\t\t\t<\/div>\n\n<\/div>\n\n\n<div class=\"recent-jobs\"><div class=\"job-item\">\n\t\t\t\t\t\t\t\t\t\t<h3 class=\"mb-3\">Interner Vertrieb (m\/w\/d)<\/h3>\n\t\t\t\t\t\t\t\t\t\t<ul class=\"list-job-meta\">\n\t\t\t\t\t\t\t\t\t\t\t<li>Hamburg<\/li>\n\t\t\t\t\t\t\t\t\t\t\t<li>Vollzeit<\/li>\n\t\t\t\t\t\t\t\t\t\t\t<li>Ab sofort<\/li>\n\t\t\t\t\t\t\t\t\t\t<\/ul>\n\t\t\t\t\t\t\t\t\t\t<div class=\"wp-bootstrap-blocks-button\">\n\t\t\t\t\t\t\t\t\t\t\t<a href=\"https:\/\/www2.smd-group.info\/de\/job\/internal-sales-2\/\" class=\"btn btn-primary\">Mehr lesen<\/a>\n\t\t\t\t\t\t\t\t\t\t<\/div>\n\t\t\t\t\t\t\t\t\t<\/div><div class=\"job-item\">\n\t\t\t\t\t\t\t\t\t\t<h3 class=\"mb-3\">Marken-Sachbearbeiter<\/h3>\n\t\t\t\t\t\t\t\t\t\t<ul class=\"list-job-meta\">\n\t\t\t\t\t\t\t\t\t\t\t<li>Hamburg<\/li>\n\t\t\t\t\t\t\t\t\t\t\t<li>Vollzeit\/Teilzeit (mind. 30h)<\/li>\n\t\t\t\t\t\t\t\t\t\t\t<li>Ab sofort<\/li>\n\t\t\t\t\t\t\t\t\t\t<\/ul>\n\t\t\t\t\t\t\t\t\t\t<div class=\"wp-bootstrap-blocks-button\">\n\t\t\t\t\t\t\t\t\t\t\t<a href=\"https:\/\/www2.smd-group.info\/de\/job\/marken-sachbearbeiter-smd-group\/\" class=\"btn btn-primary\">Mehr lesen<\/a>\n\t\t\t\t\t\t\t\t\t\t<\/div>\n\t\t\t\t\t\t\t\t\t<\/div><\/div>\n\n<\/div>\n<\/div><\/section>\n\n\n\n<section class=\"wp-block-uagb-section uagb-section__wrap uagb-section__background-color uagb-block-3b8c9c10\"><div class=\"uagb-section__overlay\"><\/div><div class=\"uagb-section__inner-wrap\"><div class=\"wp-bootstrap-blocks-container container mb-0\">\n\t\n\n<h2 class=\"wp-block-heading\">Mitarbeiter-Benefits<\/h2>\n\n\n<div class=\"wp-bootstrap-blocks-row row facts\">\n\t\n\n<div class=\"col-12 col-sm-6 col-lg-4\">\n\t\t\t\n\n<div class=\"wp-block-uagb-section uagb-section__wrap uagb-section__background-undefined uagb-block-fbf227f8 facts-item\"><div class=\"uagb-section__overlay\"><\/div><div class=\"uagb-section__inner-wrap\"><div class=\"wp-block-image facts-image mb-4\">\n<figure class=\"aligncenter size-full\"><img loading=\"lazy\" decoding=\"async\" width=\"80\" height=\"80\" src=\"https:\/\/www2.smd-group.info\/wp-content\/uploads\/2022\/04\/Icon_Business.png\" alt=\"\" class=\"wp-image-1439\" srcset=\"https:\/\/www2.smd-group.info\/wp-content\/uploads\/2022\/04\/Icon_Business.png 80w, https:\/\/www2.smd-group.info\/wp-content\/uploads\/2022\/04\/Icon_Business-12x12.png 12w\" sizes=\"auto, (max-width: 80px) 100vw, 80px\" \/><\/figure>\n<\/div>\n\n\n<h3 class=\"wp-block-heading mb-4\">Interessantes Business<\/h3>\n\n\n\n<p>Wir bieten spannende Themen, anspruchsvolle Kunden und internationales Umfeld.<\/p>\n<\/div><\/div>\n\n\t<\/div>\n\n\n\n<div class=\"col-12 col-sm-6 col-lg-4\">\n\t\t\t\n\n<div class=\"wp-block-uagb-section uagb-section__wrap uagb-section__background-undefined uagb-block-9cb1f6d3 facts-item\"><div class=\"uagb-section__overlay\"><\/div><div class=\"uagb-section__inner-wrap\"><div class=\"wp-block-image facts-image mb-4\">\n<figure class=\"aligncenter size-full\"><img loading=\"lazy\" decoding=\"async\" width=\"80\" height=\"80\" src=\"https:\/\/www2.smd-group.info\/wp-content\/uploads\/2022\/04\/Icon_Hierachie.png\" alt=\"\" class=\"wp-image-1440\" srcset=\"https:\/\/www2.smd-group.info\/wp-content\/uploads\/2022\/04\/Icon_Hierachie.png 80w, https:\/\/www2.smd-group.info\/wp-content\/uploads\/2022\/04\/Icon_Hierachie-12x12.png 12w\" sizes=\"auto, (max-width: 80px) 100vw, 80px\" \/><\/figure>\n<\/div>\n\n\n<h3 class=\"wp-block-heading mb-4\">Flache Hierarchie<\/h3>\n\n\n\n<p>Bei uns k\u00f6nnen Sie etwas bewegen und die Dinge selbst aktiv mitgestalten.<\/p>\n<\/div><\/div>\n\n\t<\/div>\n\n\n\n<div class=\"col-12 col-sm-6 col-lg-4\">\n\t\t\t\n\n<div class=\"wp-block-uagb-section uagb-section__wrap uagb-section__background-undefined uagb-block-54906db5 facts-item\"><div class=\"uagb-section__overlay\"><\/div><div class=\"uagb-section__inner-wrap\">\n<figure class=\"wp-block-image size-full facts-image mb-4\"><img loading=\"lazy\" decoding=\"async\" width=\"80\" height=\"80\" src=\"https:\/\/www2.smd-group.info\/wp-content\/uploads\/2022\/04\/Icon_NettesTeam.png\" alt=\"\" class=\"wp-image-1441\" srcset=\"https:\/\/www2.smd-group.info\/wp-content\/uploads\/2022\/04\/Icon_NettesTeam.png 80w, https:\/\/www2.smd-group.info\/wp-content\/uploads\/2022\/04\/Icon_NettesTeam-12x12.png 12w\" sizes=\"auto, (max-width: 80px) 100vw, 80px\" \/><\/figure>\n\n\n\n<h3 class=\"wp-block-heading mb-4\">Nettes Team <\/h3>\n\n\n\n<p>Wir sind ein bunter Haufen von Individuen mit einem hohen Frauenanteil.<\/p>\n<\/div><\/div>\n\n\t<\/div>\n\n\n\n<div class=\"col-12 col-sm-6 col-lg-4\">\n\t\t\t\n\n<div class=\"wp-block-uagb-section uagb-section__wrap uagb-section__background-undefined uagb-block-f94ebc15 facts-item\"><div class=\"uagb-section__overlay\"><\/div><div class=\"uagb-section__inner-wrap\">\n<figure class=\"wp-block-image size-full facts-image mb-4\"><img loading=\"lazy\" decoding=\"async\" width=\"80\" height=\"80\" src=\"https:\/\/www2.smd-group.info\/wp-content\/uploads\/2022\/04\/Icon_WorkLife.png\" alt=\"\" class=\"wp-image-1442\" srcset=\"https:\/\/www2.smd-group.info\/wp-content\/uploads\/2022\/04\/Icon_WorkLife.png 80w, https:\/\/www2.smd-group.info\/wp-content\/uploads\/2022\/04\/Icon_WorkLife-12x12.png 12w\" sizes=\"auto, (max-width: 80px) 100vw, 80px\" \/><\/figure>\n\n\n\n<h3 class=\"wp-block-heading mb-4\">Work-Life Balance<\/h3>\n\n\n\n<p>Klar gibt es Belastungsspitzen, aber wir verlieren die Freude und Lust an der Arbeit nie!<\/p>\n<\/div><\/div>\n\n\t<\/div>\n\n\n\n<div class=\"col-12 col-sm-6 col-lg-4\">\n\t\t\t\n\n<div class=\"wp-block-uagb-section uagb-section__wrap uagb-section__background-undefined uagb-block-809c58d0 facts-item\"><div class=\"uagb-section__overlay\"><\/div><div class=\"uagb-section__inner-wrap\">\n<figure class=\"wp-block-image size-full facts-image mb-4\"><img loading=\"lazy\" decoding=\"async\" width=\"80\" height=\"80\" src=\"https:\/\/www2.smd-group.info\/wp-content\/uploads\/2022\/04\/Icon_Homeoffice.png\" alt=\"\" class=\"wp-image-1443\" srcset=\"https:\/\/www2.smd-group.info\/wp-content\/uploads\/2022\/04\/Icon_Homeoffice.png 80w, https:\/\/www2.smd-group.info\/wp-content\/uploads\/2022\/04\/Icon_Homeoffice-12x12.png 12w\" sizes=\"auto, (max-width: 80px) 100vw, 80px\" \/><\/figure>\n\n\n\n<h3 class=\"wp-block-heading mb-4\">Home-Office Tage<\/h3>\n\n\n\n<p>Home-Office Tage sind f\u00fcr uns eine Selbstverst\u00e4ndlichkeit &#8211; nicht erst seit Neuestem.<\/p>\n<\/div><\/div>\n\n\t<\/div>\n\n\n\n<div class=\"col-12 col-sm-6 col-lg-4\">\n\t\t\t\n\n<div class=\"wp-block-uagb-section uagb-section__wrap uagb-section__background-undefined uagb-block-ec3fc587 facts-item\"><div class=\"uagb-section__overlay\"><\/div><div class=\"uagb-section__inner-wrap\">\n<figure class=\"wp-block-image size-full facts-image mb-4\"><img loading=\"lazy\" decoding=\"async\" width=\"80\" height=\"80\" src=\"https:\/\/www2.smd-group.info\/wp-content\/uploads\/2022\/04\/Icon_Parken.png\" alt=\"\" class=\"wp-image-1444\" srcset=\"https:\/\/www2.smd-group.info\/wp-content\/uploads\/2022\/04\/Icon_Parken.png 80w, https:\/\/www2.smd-group.info\/wp-content\/uploads\/2022\/04\/Icon_Parken-12x12.png 12w\" sizes=\"auto, (max-width: 80px) 100vw, 80px\" \/><\/figure>\n\n\n\n<h3 class=\"wp-block-heading mb-4\">Parkplatz vor der T\u00fcr<\/h3>\n\n\n\n<p>Unser Hauptsitz im gr\u00fcnen Speckg\u00fcrtel Hamburgs bietet ausreichend Platz.<\/p>\n<\/div><\/div>\n\n\t<\/div>\n\n<\/div>\n\n<\/div>\n<\/div><\/section>\n\n\n\n<section class=\"wp-block-uagb-section uagb-section__wrap uagb-section__background-undefined uagb-block-5f9ae135 section-contact\"><div class=\"uagb-section__overlay\"><\/div><div class=\"uagb-section__inner-wrap\"><div class=\"wp-bootstrap-blocks-container container mb-0\">\n\t\n\n<div class=\"wp-block-uagb-section uagb-section__wrap uagb-section__background-undefined uagb-block-c4bb457d contact-area\"><div class=\"uagb-section__overlay\"><\/div><div class=\"uagb-section__inner-wrap\">\n<div class=\"wp-block-uagb-section uagb-section__wrap uagb-section__background-undefined uagb-block-f94f6d7b contact-details\"><div class=\"uagb-section__overlay\"><\/div><div class=\"uagb-section__inner-wrap\">\n<h4 class=\"wp-block-heading\">Anne Maria Wendroth<\/h4>\n\n\n\n<h5 class=\"wp-block-heading\">Personalbeauftragte<\/h5>\n\n\n\n<p>wendroth@smd-group.info<br>+49 4102 8048 19<\/p>\n<\/div><\/div>\n\n\n\n<figure class=\"wp-block-image size-full contact-image\"><img loading=\"lazy\" decoding=\"async\" width=\"300\" height=\"355\" src=\"https:\/\/www2.smd-group.info\/wp-content\/uploads\/2022\/05\/Anne_Wendroth_1113_300px.png\" alt=\"\" class=\"wp-image-2881\" srcset=\"https:\/\/www2.smd-group.info\/wp-content\/uploads\/2022\/05\/Anne_Wendroth_1113_300px.png 300w, https:\/\/www2.smd-group.info\/wp-content\/uploads\/2022\/05\/Anne_Wendroth_1113_300px-254x300.png 254w, https:\/\/www2.smd-group.info\/wp-content\/uploads\/2022\/05\/Anne_Wendroth_1113_300px-10x12.png 10w\" sizes=\"auto, (max-width: 300px) 100vw, 300px\" \/><\/figure>\n\n\n\n<div class=\"wp-block-uagb-section uagb-section__wrap uagb-section__background-undefined uagb-block-5ac0b3da contact-infos\"><div class=\"uagb-section__overlay\"><\/div><div class=\"uagb-section__inner-wrap\">\n<h2 class=\"wp-block-heading mb-2\">M\u00f6chten Sie sich initiativ bewerben?<\/h2>\n\n\n\n<p class=\"mb-4\">Wir expandieren weiter und sind st\u00e4ndig auf der Suche nach frischen K\u00f6pfen. Da wir uns in einem h\u00f6chst internationalen Umfeld bewegen, sind Fremdsprachenkenntnisse sehr gern gesehen. Wir freuen uns auf Sie!<\/p>\n\n\n<div class=\"wp-bootstrap-blocks-button\">\n\t<a\n\t\thref=\"https:\/\/www2.smd-group.info\/de\/contact-us\/#Leiter-Recherche\"\n\t\t\t\t\t\tclass=\"btn btn-primary\"\n\t>\n\t\tKontakt aufnehmen\t<\/a>\n<\/div>\n<\/div><\/div>\n<\/div><\/div>\n\n<\/div>\n<\/div><\/section>\n\n\n\n<section class=\"wp-block-uagb-section uagb-section__wrap uagb-section__background-undefined uagb-block-1f7ce8cd section-map\"><div class=\"uagb-section__overlay\"><\/div><div class=\"uagb-section__inner-wrap\"><div class=\"map-container f16x7\">\n\t\t\t\t\t\t\t<iframe src=\"https:\/\/www.google.com\/maps\/embed?pb=!1m18!1m12!1m3!1d2363.9272192063345!2d10.24429671632113!3d53.666098258412646!2m3!1f0!2f0!3f0!3m2!1i1024!2i768!4f13.1!3m3!1m2!1s0x47b21fec9078a68f%3A0xc6884b55ca702a6b!2sSMD%20Group!5e0!3m2!1sde!2sde!4v1652027133909!5m2!1sde!2sde&output=embed\" frameborder=\"0\" marginwidth=\"0\" marginheight=\"0\" scrolling=\"no\"><\/iframe>\n\t\t\t\t\t\t<\/div>\n<\/div><\/section>\n\n\n\n<section class=\"wp-block-uagb-section uagb-section__wrap uagb-section__background-undefined uagb-block-e6b307cb section-sand\"><div class=\"uagb-section__overlay\"><\/div><div class=\"uagb-section__inner-wrap\"><div class=\"wp-bootstrap-blocks-container container mb-0\">\n\t\n\n<h3 class=\"wp-block-heading has-text-align-center mb-4\">Immer auf dem Laufenden bleiben<\/h3>\n\n\n<div class=\"wp-bootstrap-blocks-button text-center\">\n\t<a\n\t\thref=\"https:\/\/www.smd-group.info\/subscribe.aspx\"\n\t\t\t\t\ttarget=\"_blank\"\n\t\t\t\t\t\t\trel=\"noreferrer noopener\"\n\t\t\t\tclass=\"btn btn-primary\"\n\t>\n\t\tIch m\u00f6chte Updates von SMD\t<\/a>\n<\/div>\n\n<\/div>\n<\/div><\/section>\n","protected":false},"excerpt":{"rendered":"","protected":false},"author":2,"featured_media":0,"parent":0,"menu_order":3,"comment_status":"closed","ping_status":"closed","template":"","meta":{"_acf_changed":false,"_uag_custom_page_level_css":"","footnotes":""},"categories":[],"class_list":["post-6","page","type-page","status-publish","hentry"],"acf":[],"yoast_head":"<!-- This site is optimized with the Yoast SEO plugin v27.4 - https:\/\/yoast.com\/product\/yoast-seo-wordpress\/ -->\n<title>Jobs - SMD Group<\/title>\n<meta name=\"description\" content=\"Wir suchen Sie! Hier finden Sie unsere offenen Stellen. Bewerben Sie sich und werden Sie Teil des SMD-Teams. Wir freuen uns auf Sie!\" \/>\n<meta name=\"robots\" content=\"index, follow, max-snippet:-1, max-image-preview:large, max-video-preview:-1\" \/>\n<link rel=\"canonical\" href=\"https:\/\/www2.smd-group.info\/de\/jobs\/\" \/>\n<meta property=\"og:locale\" content=\"de_DE\" \/>\n<meta property=\"og:type\" content=\"article\" \/>\n<meta property=\"og:title\" content=\"Jobs - SMD Group\" \/>\n<meta property=\"og:description\" content=\"Wir suchen Sie! Hier finden Sie unsere offenen Stellen. Bewerben Sie sich und werden Sie Teil des SMD-Teams. Wir freuen uns auf Sie!\" \/>\n<meta property=\"og:url\" content=\"https:\/\/www2.smd-group.info\/de\/jobs\/\" \/>\n<meta property=\"og:site_name\" content=\"SMD Group\" \/>\n<meta property=\"article:modified_time\" content=\"2024-11-06T17:40:18+00:00\" \/>\n<meta property=\"og:image\" content=\"https:\/\/www2.smd-group.info\/wp-content\/uploads\/2022\/02\/Test.png\" \/>\n<meta name=\"twitter:card\" content=\"summary_large_image\" \/>\n<meta name=\"twitter:label1\" content=\"Gesch\u00e4tzte Lesezeit\" \/>\n\t<meta name=\"twitter:data1\" content=\"3\u00a0Minuten\" \/>\n<script type=\"application\/ld+json\" class=\"yoast-schema-graph\">{\"@context\":\"https:\\\/\\\/schema.org\",\"@graph\":[{\"@type\":\"WebPage\",\"@id\":\"https:\\\/\\\/www2.smd-group.info\\\/jobs\\\/\",\"url\":\"https:\\\/\\\/www2.smd-group.info\\\/jobs\\\/\",\"name\":\"Jobs - SMD Group\",\"isPartOf\":{\"@id\":\"https:\\\/\\\/www2.smd-group.info\\\/de\\\/#website\"},\"primaryImageOfPage\":{\"@id\":\"https:\\\/\\\/www2.smd-group.info\\\/jobs\\\/#primaryimage\"},\"image\":{\"@id\":\"https:\\\/\\\/www2.smd-group.info\\\/jobs\\\/#primaryimage\"},\"thumbnailUrl\":\"https:\\\/\\\/www2.smd-group.info\\\/wp-content\\\/uploads\\\/2022\\\/02\\\/Test.png\",\"datePublished\":\"2021-11-22T12:42:19+00:00\",\"dateModified\":\"2024-11-06T17:40:18+00:00\",\"description\":\"Wir suchen Sie! Hier finden Sie unsere offenen Stellen. Bewerben Sie sich und werden Sie Teil des SMD-Teams. Wir freuen uns auf Sie!\",\"breadcrumb\":{\"@id\":\"https:\\\/\\\/www2.smd-group.info\\\/jobs\\\/#breadcrumb\"},\"inLanguage\":\"de\",\"potentialAction\":[{\"@type\":\"ReadAction\",\"target\":[\"https:\\\/\\\/www2.smd-group.info\\\/jobs\\\/\"]}]},{\"@type\":\"ImageObject\",\"inLanguage\":\"de\",\"@id\":\"https:\\\/\\\/www2.smd-group.info\\\/jobs\\\/#primaryimage\",\"url\":\"https:\\\/\\\/www2.smd-group.info\\\/wp-content\\\/uploads\\\/2022\\\/02\\\/Test.png\",\"contentUrl\":\"https:\\\/\\\/www2.smd-group.info\\\/wp-content\\\/uploads\\\/2022\\\/02\\\/Test.png\"},{\"@type\":\"BreadcrumbList\",\"@id\":\"https:\\\/\\\/www2.smd-group.info\\\/jobs\\\/#breadcrumb\",\"itemListElement\":[{\"@type\":\"ListItem\",\"position\":1,\"name\":\"Startseite\",\"item\":\"https:\\\/\\\/www2.smd-group.info\\\/de\\\/\"},{\"@type\":\"ListItem\",\"position\":2,\"name\":\"Jobs\"}]},{\"@type\":\"WebSite\",\"@id\":\"https:\\\/\\\/www2.smd-group.info\\\/de\\\/#website\",\"url\":\"https:\\\/\\\/www2.smd-group.info\\\/de\\\/\",\"name\":\"SMD Group\",\"description\":\"\",\"publisher\":{\"@id\":\"https:\\\/\\\/www2.smd-group.info\\\/de\\\/#organization\"},\"potentialAction\":[{\"@type\":\"SearchAction\",\"target\":{\"@type\":\"EntryPoint\",\"urlTemplate\":\"https:\\\/\\\/www2.smd-group.info\\\/de\\\/?s={search_term_string}\"},\"query-input\":{\"@type\":\"PropertyValueSpecification\",\"valueRequired\":true,\"valueName\":\"search_term_string\"}}],\"inLanguage\":\"de\"},{\"@type\":\"Organization\",\"@id\":\"https:\\\/\\\/www2.smd-group.info\\\/de\\\/#organization\",\"name\":\"SMD Group I Schutz Marken Dienst GmbH\",\"url\":\"https:\\\/\\\/www2.smd-group.info\\\/de\\\/\",\"logo\":{\"@type\":\"ImageObject\",\"inLanguage\":\"de\",\"@id\":\"https:\\\/\\\/www2.smd-group.info\\\/de\\\/#\\\/schema\\\/logo\\\/image\\\/\",\"url\":\"https:\\\/\\\/www2.smd-group.info\\\/wp-content\\\/uploads\\\/2021\\\/11\\\/smd-logo.png\",\"contentUrl\":\"https:\\\/\\\/www2.smd-group.info\\\/wp-content\\\/uploads\\\/2021\\\/11\\\/smd-logo.png\",\"width\":156,\"height\":36,\"caption\":\"SMD Group I Schutz Marken Dienst GmbH\"},\"image\":{\"@id\":\"https:\\\/\\\/www2.smd-group.info\\\/de\\\/#\\\/schema\\\/logo\\\/image\\\/\"}}]}<\/script>\n<!-- \/ Yoast SEO plugin. -->","yoast_head_json":{"title":"Jobs - SMD Group","description":"Wir suchen Sie! Hier finden Sie unsere offenen Stellen. Bewerben Sie sich und werden Sie Teil des SMD-Teams. Wir freuen uns auf Sie!","robots":{"index":"index","follow":"follow","max-snippet":"max-snippet:-1","max-image-preview":"max-image-preview:large","max-video-preview":"max-video-preview:-1"},"canonical":"https:\/\/www2.smd-group.info\/de\/jobs\/","og_locale":"de_DE","og_type":"article","og_title":"Jobs - SMD Group","og_description":"Wir suchen Sie! Hier finden Sie unsere offenen Stellen. Bewerben Sie sich und werden Sie Teil des SMD-Teams. Wir freuen uns auf Sie!","og_url":"https:\/\/www2.smd-group.info\/de\/jobs\/","og_site_name":"SMD Group","article_modified_time":"2024-11-06T17:40:18+00:00","og_image":[{"url":"https:\/\/www2.smd-group.info\/wp-content\/uploads\/2022\/02\/Test.png","type":"","width":"","height":""}],"twitter_card":"summary_large_image","twitter_misc":{"Gesch\u00e4tzte Lesezeit":"3\u00a0Minuten"},"schema":{"@context":"https:\/\/schema.org","@graph":[{"@type":"WebPage","@id":"https:\/\/www2.smd-group.info\/jobs\/","url":"https:\/\/www2.smd-group.info\/jobs\/","name":"Jobs - SMD Group","isPartOf":{"@id":"https:\/\/www2.smd-group.info\/de\/#website"},"primaryImageOfPage":{"@id":"https:\/\/www2.smd-group.info\/jobs\/#primaryimage"},"image":{"@id":"https:\/\/www2.smd-group.info\/jobs\/#primaryimage"},"thumbnailUrl":"https:\/\/www2.smd-group.info\/wp-content\/uploads\/2022\/02\/Test.png","datePublished":"2021-11-22T12:42:19+00:00","dateModified":"2024-11-06T17:40:18+00:00","description":"Wir suchen Sie! Hier finden Sie unsere offenen Stellen. Bewerben Sie sich und werden Sie Teil des SMD-Teams. Wir freuen uns auf Sie!","breadcrumb":{"@id":"https:\/\/www2.smd-group.info\/jobs\/#breadcrumb"},"inLanguage":"de","potentialAction":[{"@type":"ReadAction","target":["https:\/\/www2.smd-group.info\/jobs\/"]}]},{"@type":"ImageObject","inLanguage":"de","@id":"https:\/\/www2.smd-group.info\/jobs\/#primaryimage","url":"https:\/\/www2.smd-group.info\/wp-content\/uploads\/2022\/02\/Test.png","contentUrl":"https:\/\/www2.smd-group.info\/wp-content\/uploads\/2022\/02\/Test.png"},{"@type":"BreadcrumbList","@id":"https:\/\/www2.smd-group.info\/jobs\/#breadcrumb","itemListElement":[{"@type":"ListItem","position":1,"name":"Startseite","item":"https:\/\/www2.smd-group.info\/de\/"},{"@type":"ListItem","position":2,"name":"Jobs"}]},{"@type":"WebSite","@id":"https:\/\/www2.smd-group.info\/de\/#website","url":"https:\/\/www2.smd-group.info\/de\/","name":"SMD Group","description":"","publisher":{"@id":"https:\/\/www2.smd-group.info\/de\/#organization"},"potentialAction":[{"@type":"SearchAction","target":{"@type":"EntryPoint","urlTemplate":"https:\/\/www2.smd-group.info\/de\/?s={search_term_string}"},"query-input":{"@type":"PropertyValueSpecification","valueRequired":true,"valueName":"search_term_string"}}],"inLanguage":"de"},{"@type":"Organization","@id":"https:\/\/www2.smd-group.info\/de\/#organization","name":"SMD Group I Schutz Marken Dienst GmbH","url":"https:\/\/www2.smd-group.info\/de\/","logo":{"@type":"ImageObject","inLanguage":"de","@id":"https:\/\/www2.smd-group.info\/de\/#\/schema\/logo\/image\/","url":"https:\/\/www2.smd-group.info\/wp-content\/uploads\/2021\/11\/smd-logo.png","contentUrl":"https:\/\/www2.smd-group.info\/wp-content\/uploads\/2021\/11\/smd-logo.png","width":156,"height":36,"caption":"SMD Group I Schutz Marken Dienst GmbH"},"image":{"@id":"https:\/\/www2.smd-group.info\/de\/#\/schema\/logo\/image\/"}}]}},"uagb_featured_image_src":{"full":false,"thumbnail":false,"medium":false,"medium_large":false,"large":false,"1536x1536":false,"2048x2048":false,"trp-custom-language-flag":false},"uagb_author_info":{"display_name":"Miriam H\u00f6lscher","author_link":"https:\/\/www2.smd-group.info\/de\/author\/hoelscher\/"},"uagb_comment_info":0,"uagb_excerpt":null,"_links":{"self":[{"href":"https:\/\/www2.smd-group.info\/de\/wp-json\/wp\/v2\/pages\/6","targetHints":{"allow":["GET"]}}],"collection":[{"href":"https:\/\/www2.smd-group.info\/de\/wp-json\/wp\/v2\/pages"}],"about":[{"href":"https:\/\/www2.smd-group.info\/de\/wp-json\/wp\/v2\/types\/page"}],"author":[{"embeddable":true,"href":"https:\/\/www2.smd-group.info\/de\/wp-json\/wp\/v2\/users\/2"}],"replies":[{"embeddable":true,"href":"https:\/\/www2.smd-group.info\/de\/wp-json\/wp\/v2\/comments?post=6"}],"version-history":[{"count":97,"href":"https:\/\/www2.smd-group.info\/de\/wp-json\/wp\/v2\/pages\/6\/revisions"}],"predecessor-version":[{"id":4114,"href":"https:\/\/www2.smd-group.info\/de\/wp-json\/wp\/v2\/pages\/6\/revisions\/4114"}],"wp:attachment":[{"href":"https:\/\/www2.smd-group.info\/de\/wp-json\/wp\/v2\/media?parent=6"}],"wp:term":[{"taxonomy":"category","embeddable":true,"href":"https:\/\/www2.smd-group.info\/de\/wp-json\/wp\/v2\/categories?post=6"}],"curies":[{"name":"wp","href":"https:\/\/api.w.org\/{rel}","templated":true}]}}