{"id":355,"date":"2021-12-03T23:31:43","date_gmt":"2021-12-03T22:31:43","guid":{"rendered":"https:\/\/smd.staging.ember-design.de\/?page_id=355"},"modified":"2022-06-28T13:38:02","modified_gmt":"2022-06-28T11:38:02","slug":"smd-group-imprint","status":"publish","type":"page","link":"https:\/\/www2.smd-group.info\/de\/smd-group-imprint\/","title":{"rendered":"Impressum"},"content":{"rendered":"\n<section class=\"wp-block-uagb-section uagb-section__wrap uagb-section__background-undefined uagb-block-26bf56d4\"><div class=\"uagb-section__overlay\"><\/div><div class=\"uagb-section__inner-wrap\"><div class=\"wp-bootstrap-blocks-container container mb-0\">\n\t\n\n<h2 class=\"wp-block-heading\">Impressum<\/h2>\n\n\n<div class=\"wp-bootstrap-blocks-row row\">\n\t\n\n<div class=\"col-12 col-md-10 col-lg-8\">\n\t\t\t\n\n<p><strong><strong>SMD Group<\/strong>&nbsp;| Schutz Marken Dienst GmbH<\/strong><br>Manhagener Allee 76a<br>D-22926 Ahrensburg<br>Germany<\/p>\n\n\n\n<p>Fon: <a href=\"tel:+49410280480\">+49 (4102) 80 48 &#8211; 0<\/a><br>Fax: +49 (4102) 80 48 &#8211; 35<\/p>\n\n\n\n<p>E-Mail: <a href=\"mailto:mail@smd-group.info\">mail@smd-group.info<\/a><br>Link zur Website:&nbsp;<a rel=\"noreferrer noopener\" href=\"https:\/\/www2.smd-group.info\/\" target=\"_blank\">www.smd-group.info<\/a><\/p>\n\n\n\n<p>Umsatzsteuer-ID: DE135508753<br>Eintragung: Handelsregister Ahrensburg, HRB 4404<br>Erf\u00fcllungsort und Gerichtsstand: Ahrensburg<br>Gesch\u00e4ftsf\u00fchrer: Diplomvolkswirt J\u00f6rg Utescher<br><\/p>\n\n\t<\/div>\n\n\n\n<div class=\"col-12 col-md-2 col-lg-4\">\n\t\t\t\t<\/div>\n\n<\/div>\n\n<\/div>\n<\/div><\/section>\n","protected":false},"excerpt":{"rendered":"","protected":false},"author":2,"featured_media":0,"parent":0,"menu_order":91,"comment_status":"closed","ping_status":"closed","template":"","meta":{"_acf_changed":false,"_uag_custom_page_level_css":"","footnotes":""},"categories":[],"class_list":["post-355","page","type-page","status-publish","hentry"],"acf":[],"yoast_head":"<!-- This site is optimized with the Yoast SEO plugin v27.3 - https:\/\/yoast.com\/product\/yoast-seo-wordpress\/ -->\n<title>Impressum - SMD Group<\/title>\n<meta name=\"description\" content=\"SMD Group - IP Products and Services. F\u00fcr Kanzleien, Unternehmen, Pharma-Branche und Start-ups. Zum Schutz Ihres geistigen Eigentums.\" \/>\n<meta name=\"robots\" content=\"index, follow, max-snippet:-1, max-image-preview:large, max-video-preview:-1\" \/>\n<link rel=\"canonical\" href=\"https:\/\/www2.smd-group.info\/de\/smd-group-imprint\/\" \/>\n<meta property=\"og:locale\" content=\"de_DE\" \/>\n<meta property=\"og:type\" content=\"article\" \/>\n<meta property=\"og:title\" content=\"Impressum - SMD Group\" \/>\n<meta property=\"og:description\" content=\"SMD Group - IP Products and Services. F\u00fcr Kanzleien, Unternehmen, Pharma-Branche und Start-ups. Zum Schutz Ihres geistigen Eigentums.\" \/>\n<meta property=\"og:url\" content=\"https:\/\/www2.smd-group.info\/de\/smd-group-imprint\/\" \/>\n<meta property=\"og:site_name\" content=\"SMD Group\" \/>\n<meta property=\"article:modified_time\" content=\"2022-06-28T11:38:02+00:00\" \/>\n<meta name=\"twitter:card\" content=\"summary_large_image\" \/>\n<meta name=\"twitter:label1\" content=\"Gesch\u00e4tzte Lesezeit\" \/>\n\t<meta name=\"twitter:data1\" content=\"1\u00a0Minute\" \/>\n<script type=\"application\/ld+json\" class=\"yoast-schema-graph\">{\"@context\":\"https:\\\/\\\/schema.org\",\"@graph\":[{\"@type\":\"WebPage\",\"@id\":\"https:\\\/\\\/www2.smd-group.info\\\/smd-group-imprint\\\/\",\"url\":\"https:\\\/\\\/www2.smd-group.info\\\/smd-group-imprint\\\/\",\"name\":\"Impressum - SMD Group\",\"isPartOf\":{\"@id\":\"https:\\\/\\\/www2.smd-group.info\\\/de\\\/#website\"},\"datePublished\":\"2021-12-03T22:31:43+00:00\",\"dateModified\":\"2022-06-28T11:38:02+00:00\",\"description\":\"SMD Group - IP Products and Services. F\u00fcr Kanzleien, Unternehmen, Pharma-Branche und Start-ups. Zum Schutz Ihres geistigen Eigentums.\",\"breadcrumb\":{\"@id\":\"https:\\\/\\\/www2.smd-group.info\\\/smd-group-imprint\\\/#breadcrumb\"},\"inLanguage\":\"de\",\"potentialAction\":[{\"@type\":\"ReadAction\",\"target\":[\"https:\\\/\\\/www2.smd-group.info\\\/smd-group-imprint\\\/\"]}]},{\"@type\":\"BreadcrumbList\",\"@id\":\"https:\\\/\\\/www2.smd-group.info\\\/smd-group-imprint\\\/#breadcrumb\",\"itemListElement\":[{\"@type\":\"ListItem\",\"position\":1,\"name\":\"Startseite\",\"item\":\"https:\\\/\\\/www2.smd-group.info\\\/de\\\/\"},{\"@type\":\"ListItem\",\"position\":2,\"name\":\"Impressum\"}]},{\"@type\":\"WebSite\",\"@id\":\"https:\\\/\\\/www2.smd-group.info\\\/de\\\/#website\",\"url\":\"https:\\\/\\\/www2.smd-group.info\\\/de\\\/\",\"name\":\"SMD Group\",\"description\":\"\",\"publisher\":{\"@id\":\"https:\\\/\\\/www2.smd-group.info\\\/de\\\/#organization\"},\"potentialAction\":[{\"@type\":\"SearchAction\",\"target\":{\"@type\":\"EntryPoint\",\"urlTemplate\":\"https:\\\/\\\/www2.smd-group.info\\\/de\\\/?s={search_term_string}\"},\"query-input\":{\"@type\":\"PropertyValueSpecification\",\"valueRequired\":true,\"valueName\":\"search_term_string\"}}],\"inLanguage\":\"de\"},{\"@type\":\"Organization\",\"@id\":\"https:\\\/\\\/www2.smd-group.info\\\/de\\\/#organization\",\"name\":\"SMD Group I Schutz Marken Dienst GmbH\",\"url\":\"https:\\\/\\\/www2.smd-group.info\\\/de\\\/\",\"logo\":{\"@type\":\"ImageObject\",\"inLanguage\":\"de\",\"@id\":\"https:\\\/\\\/www2.smd-group.info\\\/de\\\/#\\\/schema\\\/logo\\\/image\\\/\",\"url\":\"https:\\\/\\\/www2.smd-group.info\\\/wp-content\\\/uploads\\\/2021\\\/11\\\/smd-logo.png\",\"contentUrl\":\"https:\\\/\\\/www2.smd-group.info\\\/wp-content\\\/uploads\\\/2021\\\/11\\\/smd-logo.png\",\"width\":156,\"height\":36,\"caption\":\"SMD Group I Schutz Marken Dienst GmbH\"},\"image\":{\"@id\":\"https:\\\/\\\/www2.smd-group.info\\\/de\\\/#\\\/schema\\\/logo\\\/image\\\/\"}}]}<\/script>\n<!-- \/ Yoast SEO plugin. -->","yoast_head_json":{"title":"Impressum - SMD Group","description":"SMD Group - IP Products and Services. F\u00fcr Kanzleien, Unternehmen, Pharma-Branche und Start-ups. Zum Schutz Ihres geistigen Eigentums.","robots":{"index":"index","follow":"follow","max-snippet":"max-snippet:-1","max-image-preview":"max-image-preview:large","max-video-preview":"max-video-preview:-1"},"canonical":"https:\/\/www2.smd-group.info\/de\/smd-group-imprint\/","og_locale":"de_DE","og_type":"article","og_title":"Impressum - SMD Group","og_description":"SMD Group - IP Products and Services. F\u00fcr Kanzleien, Unternehmen, Pharma-Branche und Start-ups. Zum Schutz Ihres geistigen Eigentums.","og_url":"https:\/\/www2.smd-group.info\/de\/smd-group-imprint\/","og_site_name":"SMD Group","article_modified_time":"2022-06-28T11:38:02+00:00","twitter_card":"summary_large_image","twitter_misc":{"Gesch\u00e4tzte Lesezeit":"1\u00a0Minute"},"schema":{"@context":"https:\/\/schema.org","@graph":[{"@type":"WebPage","@id":"https:\/\/www2.smd-group.info\/smd-group-imprint\/","url":"https:\/\/www2.smd-group.info\/smd-group-imprint\/","name":"Impressum - SMD Group","isPartOf":{"@id":"https:\/\/www2.smd-group.info\/de\/#website"},"datePublished":"2021-12-03T22:31:43+00:00","dateModified":"2022-06-28T11:38:02+00:00","description":"SMD Group - IP Products and Services. F\u00fcr Kanzleien, Unternehmen, Pharma-Branche und Start-ups. Zum Schutz Ihres geistigen Eigentums.","breadcrumb":{"@id":"https:\/\/www2.smd-group.info\/smd-group-imprint\/#breadcrumb"},"inLanguage":"de","potentialAction":[{"@type":"ReadAction","target":["https:\/\/www2.smd-group.info\/smd-group-imprint\/"]}]},{"@type":"BreadcrumbList","@id":"https:\/\/www2.smd-group.info\/smd-group-imprint\/#breadcrumb","itemListElement":[{"@type":"ListItem","position":1,"name":"Startseite","item":"https:\/\/www2.smd-group.info\/de\/"},{"@type":"ListItem","position":2,"name":"Impressum"}]},{"@type":"WebSite","@id":"https:\/\/www2.smd-group.info\/de\/#website","url":"https:\/\/www2.smd-group.info\/de\/","name":"SMD Group","description":"","publisher":{"@id":"https:\/\/www2.smd-group.info\/de\/#organization"},"potentialAction":[{"@type":"SearchAction","target":{"@type":"EntryPoint","urlTemplate":"https:\/\/www2.smd-group.info\/de\/?s={search_term_string}"},"query-input":{"@type":"PropertyValueSpecification","valueRequired":true,"valueName":"search_term_string"}}],"inLanguage":"de"},{"@type":"Organization","@id":"https:\/\/www2.smd-group.info\/de\/#organization","name":"SMD Group I Schutz Marken Dienst GmbH","url":"https:\/\/www2.smd-group.info\/de\/","logo":{"@type":"ImageObject","inLanguage":"de","@id":"https:\/\/www2.smd-group.info\/de\/#\/schema\/logo\/image\/","url":"https:\/\/www2.smd-group.info\/wp-content\/uploads\/2021\/11\/smd-logo.png","contentUrl":"https:\/\/www2.smd-group.info\/wp-content\/uploads\/2021\/11\/smd-logo.png","width":156,"height":36,"caption":"SMD Group I Schutz Marken Dienst GmbH"},"image":{"@id":"https:\/\/www2.smd-group.info\/de\/#\/schema\/logo\/image\/"}}]}},"uagb_featured_image_src":{"full":false,"thumbnail":false,"medium":false,"medium_large":false,"large":false,"1536x1536":false,"2048x2048":false,"trp-custom-language-flag":false},"uagb_author_info":{"display_name":"Miriam H\u00f6lscher","author_link":"https:\/\/www2.smd-group.info\/de\/author\/hoelscher\/"},"uagb_comment_info":0,"uagb_excerpt":null,"_links":{"self":[{"href":"https:\/\/www2.smd-group.info\/de\/wp-json\/wp\/v2\/pages\/355","targetHints":{"allow":["GET"]}}],"collection":[{"href":"https:\/\/www2.smd-group.info\/de\/wp-json\/wp\/v2\/pages"}],"about":[{"href":"https:\/\/www2.smd-group.info\/de\/wp-json\/wp\/v2\/types\/page"}],"author":[{"embeddable":true,"href":"https:\/\/www2.smd-group.info\/de\/wp-json\/wp\/v2\/users\/2"}],"replies":[{"embeddable":true,"href":"https:\/\/www2.smd-group.info\/de\/wp-json\/wp\/v2\/comments?post=355"}],"version-history":[{"count":8,"href":"https:\/\/www2.smd-group.info\/de\/wp-json\/wp\/v2\/pages\/355\/revisions"}],"predecessor-version":[{"id":3755,"href":"https:\/\/www2.smd-group.info\/de\/wp-json\/wp\/v2\/pages\/355\/revisions\/3755"}],"wp:attachment":[{"href":"https:\/\/www2.smd-group.info\/de\/wp-json\/wp\/v2\/media?parent=355"}],"wp:term":[{"taxonomy":"category","embeddable":true,"href":"https:\/\/www2.smd-group.info\/de\/wp-json\/wp\/v2\/categories?post=355"}],"curies":[{"name":"wp","href":"https:\/\/api.w.org\/{rel}","templated":true}]}}