{"id":316,"date":"2021-11-24T14:23:13","date_gmt":"2021-11-24T13:23:13","guid":{"rendered":"http:\/\/localhost:8090\/?page_id=316"},"modified":"2025-07-10T11:26:28","modified_gmt":"2025-07-10T09:26:28","slug":"start-ups","status":"publish","type":"page","link":"https:\/\/www2.smd-group.info\/de\/smd-group\/start-ups\/","title":{"rendered":"Start-ups"},"content":{"rendered":"\n<section class=\"wp-block-uagb-section uagb-section__wrap uagb-section__background-gradient uagb-block-882c9427 hero\" id=\"hero\"><div class=\"uagb-section__overlay\"><\/div><div class=\"uagb-section__inner-wrap\"><div class=\"wp-bootstrap-blocks-container container mb-0\">\n\t\n<div class=\"wp-bootstrap-blocks-row row\">\n\t\n\n<div class=\"col-12 col-md-6 d-flex flex-column justify-content-center\">\n\t\t\t\n\n<h1 class=\"wp-block-heading mb-2\">Start-ups<\/h1>\n\n\n\n<h3 class=\"wp-block-heading fw-normal\" id=\"at-vero-eos-et-accusam-et-justo-duo-dolores\">Eine starke Marke aufbauen und erfolgreich am Markt agieren &#8211; aber sicher!<\/h3>\n\n\t<\/div>\n\n\n\n<div class=\"col-12 col-md-6\">\n\t\t\t\n\n<figure class=\"wp-block-image size-full\"><img loading=\"lazy\" decoding=\"async\" width=\"620\" height=\"500\" src=\"https:\/\/www2.smd-group.info\/wp-content\/uploads\/2022\/04\/smd-hero-start-ups.png\" alt=\"\" class=\"wp-image-1137\" srcset=\"https:\/\/www2.smd-group.info\/wp-content\/uploads\/2022\/04\/smd-hero-start-ups.png 620w, https:\/\/www2.smd-group.info\/wp-content\/uploads\/2022\/04\/smd-hero-start-ups-300x242.png 300w, https:\/\/www2.smd-group.info\/wp-content\/uploads\/2022\/04\/smd-hero-start-ups-15x12.png 15w\" sizes=\"auto, (max-width: 620px) 100vw, 620px\" \/><\/figure>\n\n\t<\/div>\n\n<\/div>\n\n<\/div>\n<\/div><\/section>\n\n\n\n<section class=\"wp-block-uagb-section uagb-section__wrap uagb-section__background-undefined uagb-block-0e75ad3c\"><div class=\"uagb-section__overlay\"><\/div><div class=\"uagb-section__inner-wrap\"><div class=\"wp-bootstrap-blocks-container container mb-0\">\n\t\n\n<h2 class=\"wp-block-heading\"><strong>So unterst\u00fctzen wir Sie:<\/strong><\/h2>\n\n\n<div class=\"wp-bootstrap-blocks-row row\">\n\t\n\n<div class=\"col-12 col-md-10 col-lg-8\">\n\t\t\t\n\n<p>Schon vor der Anmeldung gilt es sicher zu stellen, dass Ihre Marke nicht mit fremden Zeichen verwechselt werden kann. Denn sie k\u00f6nnen dem anderen Inhaber gegen\u00fcber schadensersatzpflichtig sein, wenn Sie seine Rechte verletzen. Es k\u00f6nnen auch Firmen oder Domains mit Ihrem Label kollidieren.<\/p>\n\n\t<\/div>\n\n\n\n<div class=\"col-12 col-md-2 col-lg-4\">\n\t\t\t\t<\/div>\n\n<\/div>\n\n\n\n<div class=\"wp-block-uagb-section uagb-section__wrap uagb-section__background-undefined uagb-block-db020d6e webinar-area\"><div class=\"uagb-section__overlay\"><\/div><div class=\"uagb-section__inner-wrap\"><div class=\"wp-bootstrap-blocks-row row\">\n\t\n\n<div class=\"col-12 col-md-6 col-lg-5\">\n\t\t\t\n\n<figure class=\"wp-block-image size-full\"><img loading=\"lazy\" decoding=\"async\" width=\"1000\" height=\"750\" src=\"https:\/\/www2.smd-group.info\/wp-content\/uploads\/2022\/05\/Rakete_43.jpg\" alt=\"\" class=\"wp-image-2068\" srcset=\"https:\/\/www2.smd-group.info\/wp-content\/uploads\/2022\/05\/Rakete_43.jpg 1000w, https:\/\/www2.smd-group.info\/wp-content\/uploads\/2022\/05\/Rakete_43-300x225.jpg 300w, https:\/\/www2.smd-group.info\/wp-content\/uploads\/2022\/05\/Rakete_43-768x576.jpg 768w, https:\/\/www2.smd-group.info\/wp-content\/uploads\/2022\/05\/Rakete_43-16x12.jpg 16w\" sizes=\"auto, (max-width: 1000px) 100vw, 1000px\" \/><\/figure>\n\n\t<\/div>\n\n\n\n<div class=\"col-12 col-md-6 col-lg-7\">\n\t\t\t\n\n<h3 class=\"wp-block-heading h2\">Start-up Recherche<\/h3>\n\n\n\n<p>Sie erhalten einen kompakten Bericht zu Marken, Firmen und Domains, die mit Ihrer Marke verwechselt werden k\u00f6nnten. Hinsichtlich der geografischen Abdeckung, des Umfangs der Recherche und der zu recherchierenden Elemente stehen wir Ihnen gerne mit unserem Know-how und unserer Erfahrung zur Verf\u00fcgung. Hierbei entstehen f\u00fcr Sie keine zus\u00e4tzlichen Kosten.<\/p>\n\n\n<div class=\"wp-bootstrap-blocks-button\">\n\t<a\n\t\thref=\"https:\/\/www2.smd-group.info\/de\/contact-us\/#Inlandsrecherche\"\n\t\t\t\t\t\tclass=\"btn mt-2 btn-primary\"\n\t>\n\t\tKontakt aufnehmen\t<\/a>\n<\/div>\n\n\t<\/div>\n\n<\/div>\n<\/div><\/div>\n\n\n\n<div class=\"wp-block-uagb-section uagb-section__wrap uagb-section__background-undefined uagb-block-80c8de92 webinar-area\"><div class=\"uagb-section__overlay\"><\/div><div class=\"uagb-section__inner-wrap\"><div class=\"wp-bootstrap-blocks-row row\">\n\t\n\n<div class=\"col-12 col-md-6 col-lg-5\">\n\t\t\t\n\n<figure class=\"wp-block-image size-full\"><img loading=\"lazy\" decoding=\"async\" width=\"1000\" height=\"750\" src=\"https:\/\/www2.smd-group.info\/wp-content\/uploads\/2022\/05\/Fernglas_43.jpg\" alt=\"\" class=\"wp-image-2069\" srcset=\"https:\/\/www2.smd-group.info\/wp-content\/uploads\/2022\/05\/Fernglas_43.jpg 1000w, https:\/\/www2.smd-group.info\/wp-content\/uploads\/2022\/05\/Fernglas_43-300x225.jpg 300w, https:\/\/www2.smd-group.info\/wp-content\/uploads\/2022\/05\/Fernglas_43-768x576.jpg 768w, https:\/\/www2.smd-group.info\/wp-content\/uploads\/2022\/05\/Fernglas_43-16x12.jpg 16w\" sizes=\"auto, (max-width: 1000px) 100vw, 1000px\" \/><\/figure>\n\n\t<\/div>\n\n\n\n<div class=\"col-12 col-md-6 col-lg-7\">\n\t\t\t\n\n<h3 class=\"wp-block-heading h2\">Marken-\u00dcberwachung<\/h3>\n\n\n\n<p class=\"mbc-32\">Nach Eintragung Ihrer Marke gilt es, den \u00dcberblick \u00fcber neue Anmeldungen anderer zu behalten. Denn es k\u00f6nnten solche dabei sein, die Ihrem Zeichen entgegenstehen und gegen die Sie rechtlich vorgehen wollen. Dazu \u00fcberwachen wir laufend neu ver\u00f6ffentlichte Marken &#8211; und bei Bedarf auch andere Schutzrechte &#8211;  in puncto Identit\u00e4t oder \u00c4hnlichkeit zu Ihrem gesch\u00fctzten Recht.<\/p>\n\n\n<div class=\"wp-bootstrap-blocks-button\">\n\t<a\n\t\thref=\"https:\/\/www2.smd-group.info\/products-solutions\/marken-firmen-domains-ueberwachen\/\"\n\t\t\t\t\t\tclass=\"btn mt-2 btn-primary\"\n\t>\n\t\tMehr lesen\t<\/a>\n<\/div>\n\n\t<\/div>\n\n<\/div>\n<\/div><\/div>\n\n\n\n<div class=\"wp-block-uagb-section uagb-section__wrap uagb-section__background-undefined uagb-block-0b7cf57f webinar-area\"><div class=\"uagb-section__overlay\"><\/div><div class=\"uagb-section__inner-wrap\"><div class=\"wp-bootstrap-blocks-row row\">\n\t\n\n<div class=\"col-12 col-md-6 col-lg-5\">\n\t\t\t\n\n<figure class=\"wp-block-image size-full\"><img loading=\"lazy\" decoding=\"async\" width=\"1000\" height=\"750\" src=\"https:\/\/www2.smd-group.info\/wp-content\/uploads\/2022\/05\/TMZOOM_Mann_43.jpg\" alt=\"\" class=\"wp-image-2071\" srcset=\"https:\/\/www2.smd-group.info\/wp-content\/uploads\/2022\/05\/TMZOOM_Mann_43.jpg 1000w, https:\/\/www2.smd-group.info\/wp-content\/uploads\/2022\/05\/TMZOOM_Mann_43-300x225.jpg 300w, https:\/\/www2.smd-group.info\/wp-content\/uploads\/2022\/05\/TMZOOM_Mann_43-768x576.jpg 768w, https:\/\/www2.smd-group.info\/wp-content\/uploads\/2022\/05\/TMZOOM_Mann_43-16x12.jpg 16w\" sizes=\"auto, (max-width: 1000px) 100vw, 1000px\" \/><\/figure>\n\n\t<\/div>\n\n\n\n<div class=\"col-12 col-md-6 col-lg-7\">\n\t\t\t\n\n<h3 class=\"wp-block-heading h2\">TMZOOM<\/h3>\n\n\n\n<p class=\"mb-4\">Bevor Sie eine Marke anmelden, lohnt sich eine sorgf\u00e4ltige Recherche. Wenn sie dabei Kosten sparen m\u00f6chten, gibt Ihnen TMZOOM Sicherheit. Die Software liefert in Sekundenschnelle pr\u00e4zise Ergebnisse und ist einfach zu navigieren. Mit wenigen Klicks lassen sich Berichte editieren und versenden. F\u00fcr Gelegenheitsnutzer gibt es Tages- oder Wochentickets.<\/p>\n\n\n<div class=\"wp-bootstrap-blocks-button\">\n\t<a\n\t\thref=\"https:\/\/www.tmzoom.com\"\n\t\t\t\t\ttarget=\"_blank\"\n\t\t\t\t\t\t\trel=\"noreferrer noopener\"\n\t\t\t\tclass=\"btn mt-2 btn-primary\"\n\t>\n\t\tZu TMZOOM\t<\/a>\n<\/div>\n\n\t<\/div>\n\n<\/div>\n<\/div><\/div>\n\n<\/div>\n<\/div><\/section>\n\n\n\n<section class=\"wp-block-uagb-section uagb-section__wrap uagb-section__background-undefined uagb-block-f2736b34 section-testimonial\"><div class=\"uagb-section__overlay\"><\/div><div class=\"uagb-section__inner-wrap\"><div class=\"wp-bootstrap-blocks-container container mb-0\">\n\t\n<div class=\"wp-bootstrap-blocks-row row\">\n\t\n\n<div class=\"col-12 col-md-1 col-lg-2\">\n\t\t\t\t<\/div>\n\n\n\n<div class=\"col-12 col-md-10 col-lg-8\">\n\t\t\t\n\n<div class=\"wp-block-uagb-testimonial uagb-slick-carousel uagb-tm__arrow-outside uagb-block-29051692\"><div class=\"is-carousel uagb-tm__columns-1 uagb-tm__items\"><div class=\"uagb-testimonial__wrap  uagb-tm__imgicon-style-circle uagb-tm__image-position-bottom uagb-tm__bg-type-undefined \"><div class=\"uagb-tm__content\"><div class=\"uagb-tm__overlay\"><\/div><div class=\"uagb-tm__text-wrap\"><div class=\"uagb-tm__desc\"><em>Meine Erfahrung mit SMD war von Anfang bis Ende gut. Sie haben sich flexibel auf unsere Bed\u00fcrfnisse eingestellt, waren schnell bei der Suche, sehr einfach in der Kommunikation und haben Ergebnisse geliefert, die unseren Anspr\u00fcchen gerecht wurden.<\/em><\/div><div class=\"uagb-tm__meta-inner\"><div class=\"uagb-testimonial-details\"><span class=\"uagb-tm__author-name\">Emil Wasteson<\/span><span class=\"uagb-tm__company\">Hooked Foods<\/span><\/div><\/div><\/div><\/div><\/div><div class=\"uagb-testimonial__wrap  uagb-tm__imgicon-style-circle uagb-tm__image-position-bottom uagb-tm__bg-type-undefined \"><div class=\"uagb-tm__content\"><div class=\"uagb-tm__overlay\"><\/div><div class=\"uagb-tm__text-wrap\"><div class=\"uagb-tm__desc\"><meta charset=\"utf-8\">Seit Jahrzehnten arbeitet unsere Kanzlei erfolgreich mit SMD zusammen. Die nationale und internationale \u00dcberwachung von neu ver\u00f6ffentlichten Marken mit \u00dcbersendung von relevanten Hinweisen erlaubt uns die fr\u00fchzeitige Abstimmung mit unseren Mandanten \u00fcber einen eventuellen Widerspruch und die fristgem\u00e4\u00dfe Einleitung der entsprechenden Schritte.<\/div><div class=\"uagb-tm__meta-inner\"><div class=\"uagb-testimonial-details\"><span class=\"uagb-tm__author-name\">Dr. J\u00f6rg D\u00f6nges <\/span><span class=\"uagb-tm__company\">DR. STARK &amp; PARTNER PATENTANW\u00c4LTE mbB<\/span><\/div><\/div><\/div><\/div><\/div><div class=\"uagb-testimonial__wrap  uagb-tm__imgicon-style-circle uagb-tm__image-position-bottom uagb-tm__bg-type-undefined \"><div class=\"uagb-tm__content\"><div class=\"uagb-tm__overlay\"><\/div><div class=\"uagb-tm__text-wrap\"><div class=\"uagb-tm__desc\"><em>Gerade f\u00fcr Start-Ups ist die sehr fr\u00fchzeitige namensm\u00e4\u00dfige Absicherung besonders wichtig. Hier bietet das spezielle Kombinationsangebot des SMD zu Marke\/Firma\/Domain eine kosteng\u00fcnstige M\u00f6glichkeit, einen umfassenden \u00dcberblick \u00fcber eventuelle \u00e4ltere Rechte Dritter zu gewinnen.<\/em><\/div><div class=\"uagb-tm__meta-inner\"><div class=\"uagb-testimonial-details\"><span class=\"uagb-tm__author-name\">Rainer Kaase, LL.M. <\/span><span class=\"uagb-tm__company\">Harmsen Utescher<\/span><\/div><\/div><\/div><\/div><\/div><\/div><\/div>\n\n\t<\/div>\n\n\n\n<div class=\"col-12 col-md-1 col-lg-2\">\n\t\t\t\t<\/div>\n\n<\/div>\n\n<\/div>\n<\/div><\/section>\n\n\n\n<section class=\"wp-block-uagb-section uagb-section__wrap uagb-section__background-undefined uagb-block-3ba095bf section-sand\"><div class=\"uagb-section__overlay\"><\/div><div class=\"uagb-section__inner-wrap\"><div class=\"wp-bootstrap-blocks-container container mb-0\">\n\t\n\n<h3 class=\"wp-block-heading has-text-align-center mb-4\">Immer auf dem Laufenden bleiben<\/h3>\n\n\n<div class=\"wp-bootstrap-blocks-button text-center\">\n\t<a\n\t\thref=\"https:\/\/www.smd-group.info\/subscribe.aspx\"\n\t\t\t\t\ttarget=\"_blank\"\n\t\t\t\t\t\t\trel=\"noreferrer noopener\"\n\t\t\t\tclass=\"btn btn-primary\"\n\t>\n\t\tIch m\u00f6chte Updates von SMD\t<\/a>\n<\/div>\n\n<\/div>\n<\/div><\/section>\n\n\n\n<p><\/p>\n","protected":false},"excerpt":{"rendered":"","protected":false},"author":2,"featured_media":0,"parent":1088,"menu_order":4,"comment_status":"closed","ping_status":"closed","template":"page-targetpages.php","meta":{"_acf_changed":false,"_uag_custom_page_level_css":"","footnotes":""},"categories":[],"class_list":["post-316","page","type-page","status-publish","hentry"],"acf":[],"yoast_head":"<!-- This site is optimized with the Yoast SEO plugin v27.4 - https:\/\/yoast.com\/product\/yoast-seo-wordpress\/ -->\n<title>Start-ups - SMD Group<\/title>\n<meta name=\"description\" content=\"Als Start-up eine Marke aufbauen und erfolgreich am Markt agieren? SMD hilft Ihnen, Ihre Ideen von Beginn an zu sch\u00fctzen.\" \/>\n<meta name=\"robots\" content=\"index, follow, max-snippet:-1, max-image-preview:large, max-video-preview:-1\" \/>\n<link rel=\"canonical\" href=\"https:\/\/www2.smd-group.info\/de\/smd-group\/start-ups\/\" \/>\n<meta property=\"og:locale\" content=\"de_DE\" \/>\n<meta property=\"og:type\" content=\"article\" \/>\n<meta property=\"og:title\" content=\"Start-ups - SMD Group\" \/>\n<meta property=\"og:description\" content=\"Als Start-up eine Marke aufbauen und erfolgreich am Markt agieren? SMD hilft Ihnen, Ihre Ideen von Beginn an zu sch\u00fctzen.\" \/>\n<meta property=\"og:url\" content=\"https:\/\/www2.smd-group.info\/de\/smd-group\/start-ups\/\" \/>\n<meta property=\"og:site_name\" content=\"SMD Group\" \/>\n<meta property=\"article:modified_time\" content=\"2025-07-10T09:26:28+00:00\" \/>\n<meta property=\"og:image\" content=\"https:\/\/www2.smd-group.info\/wp-content\/uploads\/2022\/04\/smd-hero-start-ups.png\" \/>\n<meta name=\"twitter:card\" content=\"summary_large_image\" \/>\n<meta name=\"twitter:label1\" content=\"Gesch\u00e4tzte Lesezeit\" \/>\n\t<meta name=\"twitter:data1\" content=\"3\u00a0Minuten\" \/>\n<script type=\"application\/ld+json\" class=\"yoast-schema-graph\">{\"@context\":\"https:\\\/\\\/schema.org\",\"@graph\":[{\"@type\":\"WebPage\",\"@id\":\"https:\\\/\\\/www2.smd-group.info\\\/smd-group\\\/start-ups\\\/\",\"url\":\"https:\\\/\\\/www2.smd-group.info\\\/smd-group\\\/start-ups\\\/\",\"name\":\"Start-ups - SMD Group\",\"isPartOf\":{\"@id\":\"https:\\\/\\\/www2.smd-group.info\\\/de\\\/#website\"},\"primaryImageOfPage\":{\"@id\":\"https:\\\/\\\/www2.smd-group.info\\\/smd-group\\\/start-ups\\\/#primaryimage\"},\"image\":{\"@id\":\"https:\\\/\\\/www2.smd-group.info\\\/smd-group\\\/start-ups\\\/#primaryimage\"},\"thumbnailUrl\":\"https:\\\/\\\/www2.smd-group.info\\\/wp-content\\\/uploads\\\/2022\\\/04\\\/smd-hero-start-ups.png\",\"datePublished\":\"2021-11-24T13:23:13+00:00\",\"dateModified\":\"2025-07-10T09:26:28+00:00\",\"description\":\"Als Start-up eine Marke aufbauen und erfolgreich am Markt agieren? SMD hilft Ihnen, Ihre Ideen von Beginn an zu sch\u00fctzen.\",\"breadcrumb\":{\"@id\":\"https:\\\/\\\/www2.smd-group.info\\\/smd-group\\\/start-ups\\\/#breadcrumb\"},\"inLanguage\":\"de\",\"potentialAction\":[{\"@type\":\"ReadAction\",\"target\":[\"https:\\\/\\\/www2.smd-group.info\\\/smd-group\\\/start-ups\\\/\"]}]},{\"@type\":\"ImageObject\",\"inLanguage\":\"de\",\"@id\":\"https:\\\/\\\/www2.smd-group.info\\\/smd-group\\\/start-ups\\\/#primaryimage\",\"url\":\"https:\\\/\\\/www2.smd-group.info\\\/wp-content\\\/uploads\\\/2022\\\/04\\\/smd-hero-start-ups.png\",\"contentUrl\":\"https:\\\/\\\/www2.smd-group.info\\\/wp-content\\\/uploads\\\/2022\\\/04\\\/smd-hero-start-ups.png\"},{\"@type\":\"BreadcrumbList\",\"@id\":\"https:\\\/\\\/www2.smd-group.info\\\/smd-group\\\/start-ups\\\/#breadcrumb\",\"itemListElement\":[{\"@type\":\"ListItem\",\"position\":1,\"name\":\"Startseite\",\"item\":\"https:\\\/\\\/www2.smd-group.info\\\/de\\\/\"},{\"@type\":\"ListItem\",\"position\":2,\"name\":\"SMD Group\",\"item\":\"https:\\\/\\\/www2.smd-group.info\\\/smd-group\\\/\"},{\"@type\":\"ListItem\",\"position\":3,\"name\":\"Start-ups\"}]},{\"@type\":\"WebSite\",\"@id\":\"https:\\\/\\\/www2.smd-group.info\\\/de\\\/#website\",\"url\":\"https:\\\/\\\/www2.smd-group.info\\\/de\\\/\",\"name\":\"SMD Group\",\"description\":\"\",\"publisher\":{\"@id\":\"https:\\\/\\\/www2.smd-group.info\\\/de\\\/#organization\"},\"potentialAction\":[{\"@type\":\"SearchAction\",\"target\":{\"@type\":\"EntryPoint\",\"urlTemplate\":\"https:\\\/\\\/www2.smd-group.info\\\/de\\\/?s={search_term_string}\"},\"query-input\":{\"@type\":\"PropertyValueSpecification\",\"valueRequired\":true,\"valueName\":\"search_term_string\"}}],\"inLanguage\":\"de\"},{\"@type\":\"Organization\",\"@id\":\"https:\\\/\\\/www2.smd-group.info\\\/de\\\/#organization\",\"name\":\"SMD Group I Schutz Marken Dienst GmbH\",\"url\":\"https:\\\/\\\/www2.smd-group.info\\\/de\\\/\",\"logo\":{\"@type\":\"ImageObject\",\"inLanguage\":\"de\",\"@id\":\"https:\\\/\\\/www2.smd-group.info\\\/de\\\/#\\\/schema\\\/logo\\\/image\\\/\",\"url\":\"https:\\\/\\\/www2.smd-group.info\\\/wp-content\\\/uploads\\\/2021\\\/11\\\/smd-logo.png\",\"contentUrl\":\"https:\\\/\\\/www2.smd-group.info\\\/wp-content\\\/uploads\\\/2021\\\/11\\\/smd-logo.png\",\"width\":156,\"height\":36,\"caption\":\"SMD Group I Schutz Marken Dienst GmbH\"},\"image\":{\"@id\":\"https:\\\/\\\/www2.smd-group.info\\\/de\\\/#\\\/schema\\\/logo\\\/image\\\/\"}}]}<\/script>\n<!-- \/ Yoast SEO plugin. -->","yoast_head_json":{"title":"Start-ups - SMD Group","description":"Als Start-up eine Marke aufbauen und erfolgreich am Markt agieren? SMD hilft Ihnen, Ihre Ideen von Beginn an zu sch\u00fctzen.","robots":{"index":"index","follow":"follow","max-snippet":"max-snippet:-1","max-image-preview":"max-image-preview:large","max-video-preview":"max-video-preview:-1"},"canonical":"https:\/\/www2.smd-group.info\/de\/smd-group\/start-ups\/","og_locale":"de_DE","og_type":"article","og_title":"Start-ups - SMD Group","og_description":"Als Start-up eine Marke aufbauen und erfolgreich am Markt agieren? SMD hilft Ihnen, Ihre Ideen von Beginn an zu sch\u00fctzen.","og_url":"https:\/\/www2.smd-group.info\/de\/smd-group\/start-ups\/","og_site_name":"SMD Group","article_modified_time":"2025-07-10T09:26:28+00:00","og_image":[{"url":"https:\/\/www2.smd-group.info\/wp-content\/uploads\/2022\/04\/smd-hero-start-ups.png","type":"","width":"","height":""}],"twitter_card":"summary_large_image","twitter_misc":{"Gesch\u00e4tzte Lesezeit":"3\u00a0Minuten"},"schema":{"@context":"https:\/\/schema.org","@graph":[{"@type":"WebPage","@id":"https:\/\/www2.smd-group.info\/smd-group\/start-ups\/","url":"https:\/\/www2.smd-group.info\/smd-group\/start-ups\/","name":"Start-ups - SMD Group","isPartOf":{"@id":"https:\/\/www2.smd-group.info\/de\/#website"},"primaryImageOfPage":{"@id":"https:\/\/www2.smd-group.info\/smd-group\/start-ups\/#primaryimage"},"image":{"@id":"https:\/\/www2.smd-group.info\/smd-group\/start-ups\/#primaryimage"},"thumbnailUrl":"https:\/\/www2.smd-group.info\/wp-content\/uploads\/2022\/04\/smd-hero-start-ups.png","datePublished":"2021-11-24T13:23:13+00:00","dateModified":"2025-07-10T09:26:28+00:00","description":"Als Start-up eine Marke aufbauen und erfolgreich am Markt agieren? SMD hilft Ihnen, Ihre Ideen von Beginn an zu sch\u00fctzen.","breadcrumb":{"@id":"https:\/\/www2.smd-group.info\/smd-group\/start-ups\/#breadcrumb"},"inLanguage":"de","potentialAction":[{"@type":"ReadAction","target":["https:\/\/www2.smd-group.info\/smd-group\/start-ups\/"]}]},{"@type":"ImageObject","inLanguage":"de","@id":"https:\/\/www2.smd-group.info\/smd-group\/start-ups\/#primaryimage","url":"https:\/\/www2.smd-group.info\/wp-content\/uploads\/2022\/04\/smd-hero-start-ups.png","contentUrl":"https:\/\/www2.smd-group.info\/wp-content\/uploads\/2022\/04\/smd-hero-start-ups.png"},{"@type":"BreadcrumbList","@id":"https:\/\/www2.smd-group.info\/smd-group\/start-ups\/#breadcrumb","itemListElement":[{"@type":"ListItem","position":1,"name":"Startseite","item":"https:\/\/www2.smd-group.info\/de\/"},{"@type":"ListItem","position":2,"name":"SMD Group","item":"https:\/\/www2.smd-group.info\/smd-group\/"},{"@type":"ListItem","position":3,"name":"Start-ups"}]},{"@type":"WebSite","@id":"https:\/\/www2.smd-group.info\/de\/#website","url":"https:\/\/www2.smd-group.info\/de\/","name":"SMD Group","description":"","publisher":{"@id":"https:\/\/www2.smd-group.info\/de\/#organization"},"potentialAction":[{"@type":"SearchAction","target":{"@type":"EntryPoint","urlTemplate":"https:\/\/www2.smd-group.info\/de\/?s={search_term_string}"},"query-input":{"@type":"PropertyValueSpecification","valueRequired":true,"valueName":"search_term_string"}}],"inLanguage":"de"},{"@type":"Organization","@id":"https:\/\/www2.smd-group.info\/de\/#organization","name":"SMD Group I Schutz Marken Dienst GmbH","url":"https:\/\/www2.smd-group.info\/de\/","logo":{"@type":"ImageObject","inLanguage":"de","@id":"https:\/\/www2.smd-group.info\/de\/#\/schema\/logo\/image\/","url":"https:\/\/www2.smd-group.info\/wp-content\/uploads\/2021\/11\/smd-logo.png","contentUrl":"https:\/\/www2.smd-group.info\/wp-content\/uploads\/2021\/11\/smd-logo.png","width":156,"height":36,"caption":"SMD Group I Schutz Marken Dienst GmbH"},"image":{"@id":"https:\/\/www2.smd-group.info\/de\/#\/schema\/logo\/image\/"}}]}},"uagb_featured_image_src":{"full":false,"thumbnail":false,"medium":false,"medium_large":false,"large":false,"1536x1536":false,"2048x2048":false,"trp-custom-language-flag":false},"uagb_author_info":{"display_name":"Miriam H\u00f6lscher","author_link":"https:\/\/www2.smd-group.info\/de\/author\/hoelscher\/"},"uagb_comment_info":0,"uagb_excerpt":null,"_links":{"self":[{"href":"https:\/\/www2.smd-group.info\/de\/wp-json\/wp\/v2\/pages\/316","targetHints":{"allow":["GET"]}}],"collection":[{"href":"https:\/\/www2.smd-group.info\/de\/wp-json\/wp\/v2\/pages"}],"about":[{"href":"https:\/\/www2.smd-group.info\/de\/wp-json\/wp\/v2\/types\/page"}],"author":[{"embeddable":true,"href":"https:\/\/www2.smd-group.info\/de\/wp-json\/wp\/v2\/users\/2"}],"replies":[{"embeddable":true,"href":"https:\/\/www2.smd-group.info\/de\/wp-json\/wp\/v2\/comments?post=316"}],"version-history":[{"count":55,"href":"https:\/\/www2.smd-group.info\/de\/wp-json\/wp\/v2\/pages\/316\/revisions"}],"predecessor-version":[{"id":4165,"href":"https:\/\/www2.smd-group.info\/de\/wp-json\/wp\/v2\/pages\/316\/revisions\/4165"}],"up":[{"embeddable":true,"href":"https:\/\/www2.smd-group.info\/de\/wp-json\/wp\/v2\/pages\/1088"}],"wp:attachment":[{"href":"https:\/\/www2.smd-group.info\/de\/wp-json\/wp\/v2\/media?parent=316"}],"wp:term":[{"taxonomy":"category","embeddable":true,"href":"https:\/\/www2.smd-group.info\/de\/wp-json\/wp\/v2\/categories?post=316"}],"curies":[{"name":"wp","href":"https:\/\/api.w.org\/{rel}","templated":true}]}}