{"id":278,"date":"2021-11-24T00:50:32","date_gmt":"2021-11-23T23:50:32","guid":{"rendered":"http:\/\/localhost:8090\/?page_id=278"},"modified":"2022-06-23T10:25:47","modified_gmt":"2022-06-23T08:25:47","slug":"products-solutions","status":"publish","type":"page","link":"https:\/\/www2.smd-group.info\/de\/products-solutions\/","title":{"rendered":"Produkte &#038; L\u00f6sungen"},"content":{"rendered":"\n<section class=\"wp-block-uagb-section uagb-section__wrap uagb-section__background-image uagb-block-bcd5d123 hero\" id=\"hero\"><div class=\"uagb-section__overlay\"><\/div><div class=\"uagb-section__inner-wrap\"><div class=\"wp-bootstrap-blocks-container container mb-0\">\n\t\n<div class=\"wp-bootstrap-blocks-row row\">\n\t\n\n<div class=\"col-12 col-md-6 d-flex flex-column justify-content-center\">\n\t\t\t\n\n<h1 class=\"mb-2 wp-block-heading\" id=\"product-page-lorem-ipsum-dolor\">Recherche<\/h1>\n\n\n\n<h3 class=\"fw-normal wp-block-heading\" id=\"at-vero-eos-et-accusam-et-justo-duo-dolores\">Die besten Ergebnisse &#8211; von unseren geschulten Experten sorgsam f\u00fcr Sie aus gew\u00e4hlt.<\/h3>\n\n\t<\/div>\n\n\n\n<div class=\"col-12 col-md-6\">\n\t\t\t\t<\/div>\n\n<\/div>\n\n<\/div>\n<\/div><\/section>\n\n\n\n<section class=\"wp-block-uagb-section uagb-section__wrap uagb-section__background-undefined uagb-block-806c26d2\"><div class=\"uagb-section__overlay\"><\/div><div class=\"uagb-section__inner-wrap\"><div class=\"wp-bootstrap-blocks-container container mb-0\">\n\t\n\n<h2 class=\"mb-4 wp-block-heading\" id=\"intro-text-lorem-ipsum\"> Exzellente Qualit\u00e4t und Top-Service<\/h2>\n\n\n<div class=\"wp-bootstrap-blocks-row row\">\n\t\n\n<div class=\"col-12 col-md-10 col-lg-8\">\n\t\t\t\n\n<p>Seit mehr als siebzig Jahren sind wir in der Recherche und \u00dcberwachung Ihres geistigen Eigentums zuhause und haben uns viel Know-How angeeignet. Wir recherchieren und \u00fcberwachen f\u00fcr Sie alle Arten von gewerblichen Schutzrechten wie Marken, Firmen, Domains, Designs, Patente, Gebrauchsmuster, Titel und Slogans. <strong>Die individuelle und flexible Betreuung unserer Kunden ist unsere Maxime.<\/strong><\/p>\n\n\t<\/div>\n\n\n\n<div class=\"col-12 col-md-2 col-lg-4\">\n\t\t\t\t<\/div>\n\n<\/div>\n\n\n\n<div class=\"wp-block-uagb-section uagb-section__wrap uagb-section__background-undefined uagb-block-8efb5217 webinar-area\"><div class=\"uagb-section__overlay\"><\/div><div class=\"uagb-section__inner-wrap\"><div class=\"wp-bootstrap-blocks-row row\">\n\t\n\n<div class=\"col-12 col-md-6 col-lg-7\">\n\t\t\t\n\n<h3 class=\"h2 mb-4 wp-block-heading\" id=\"tmzoom\">TMZOOM<\/h3>\n\n\n\n<p class=\"mbc-32\">Lorem ipsum dolor sit amet, consetetur sadipscing elitr, sed diam nonumy eirmod tempor invidunt est labore et dolore magna aliquyam erat, sed diam et voluptua diam nonumy est diam \u2026<\/p>\n\n\n<div class=\"wp-bootstrap-blocks-button\">\n\t<a\n\t\thref=\"https:\/\/www2.smd-group.info\/product-detail-dummy\/\"\n\t\t\t\t\t\tclass=\"btn btn-primary\"\n\t>\n\t\tMehr lesen\t<\/a>\n<\/div>\n\n\t<\/div>\n\n\n\n<div class=\"col-12 col-md-6 col-lg-5\">\n\t\t\t\n\n<figure class=\"wp-block-image size-large\"><img decoding=\"async\" src=\"https:\/\/smd.staging.ember-design.de\/wp-content\/uploads\/2021\/11\/smd-webinar-dummy-image.png\" alt=\"\"\/><\/figure>\n\n\t<\/div>\n\n<\/div>\n<\/div><\/div>\n\n<\/div>\n<\/div><\/section>\n\n\n\n<section class=\"wp-block-uagb-section uagb-section__wrap uagb-section__background-undefined uagb-block-dd798623 section-quote\"><div class=\"uagb-section__overlay\"><\/div><div class=\"uagb-section__inner-wrap\"><div class=\"wp-bootstrap-blocks-container container mb-0\">\n\t\n<div class=\"wp-bootstrap-blocks-row row\">\n\t\n\n<div class=\"col-12 col-md-8 col-lg-7\">\n\t\t\t\n\n<div class=\"wp-block-uagb-section uagb-section__wrap uagb-section__background-undefined uagb-block-b35ceb12 quote-area\"><div class=\"uagb-section__overlay\"><\/div><div class=\"uagb-section__inner-wrap\">\n<h3 class=\"wp-block-heading\" id=\"unser-team-ist-ein-wichtiger-erfolgsfaktor-fur-unsere-performance\">Viele Recherchen sind auch innerhalb eines Tages lieferbar. Kontaktieren Sie uns gern!<\/h3>\n\n\n\n<h5 class=\"wp-block-heading\" id=\"marianne-muster\">Anne Wendroth<\/h5>\n\n\n\n<h6 class=\"wp-block-heading\" id=\"head-of-sales-development\">Leiterin Recherche<\/h6>\n<\/div><\/div>\n\n\t<\/div>\n\n\n\n<div class=\"col-12 col-md-3 col-lg-4 offset-md-1\">\n\t\t\t\n\n<figure class=\"wp-block-image size-large quote-image\"><img decoding=\"async\" src=\"https:\/\/www2.smd-group.info\/wp-content\/uploads\/2022\/04\/Anne_Wendroth_freigestellt_links_Zuschnitt-1024x1024.png\" alt=\"\" class=\"wp-image-1494\"\/><\/figure>\n\n\t<\/div>\n\n<\/div>\n\n<\/div>\n<\/div><\/section>\n\n\n\n<section class=\"wp-block-uagb-section uagb-section__wrap uagb-section__background-undefined uagb-block-3af9c451 section-video\"><div class=\"uagb-section__overlay\"><\/div><div class=\"uagb-section__inner-wrap\"><div class=\"wp-bootstrap-blocks-container container mb-0 container-big\">\n\t\n<div class=\"wp-bootstrap-blocks-row row\">\n\t\n\n<div class=\"col-12 col-md-6 col-lg-5\">\n\t\t\t\n\n<h2 class=\"mb-4 wp-block-heading\" id=\"video-lorem-ipsum\">Video lorem ipsum<\/h2>\n\n\n\n<p>Lorem ipsum dolor sit amet, consetetur sadipscing elitr, sed diam nonumy eirmod tempor invidunt ut labore et dolore magna aliquyam erat, sed diam voluptua. At vero eos et accusam et justo duo dolores magna nonumy.<\/p>\n\n\t<\/div>\n\n\n\n<div class=\"col-12 col-md-6 col-lg-6\">\n\t\t\t\n\n<figure class=\"wp-block-image size-large\"><img decoding=\"async\" src=\"https:\/\/smd.staging.ember-design.de\/wp-content\/uploads\/2021\/11\/smd-video-dummy-image.png\" alt=\"\"\/><\/figure>\n\n\t<\/div>\n\n\n\n<div class=\"col-12 col-lg-1\">\n\t\t\t\t<\/div>\n\n<\/div>\n\n<\/div>\n<\/div><\/section>\n\n\n\n<section class=\"wp-block-uagb-section uagb-section__wrap uagb-section__background-undefined uagb-block-655c3ea4 section-contact\"><div class=\"uagb-section__overlay\"><\/div><div class=\"uagb-section__inner-wrap\"><div class=\"wp-bootstrap-blocks-container container mb-0\">\n\t\n\n<div class=\"wp-block-uagb-section uagb-section__wrap uagb-section__background-undefined uagb-block-7a43aee2 contact-area\"><div class=\"uagb-section__overlay\"><\/div><div class=\"uagb-section__inner-wrap\">\n<div class=\"wp-block-uagb-section uagb-section__wrap uagb-section__background-undefined uagb-block-3d8f12d0 contact-details\"><div class=\"uagb-section__overlay\"><\/div><div class=\"uagb-section__inner-wrap\">\n<h4 class=\"wp-block-heading\" id=\"martin-muster\">Martin Muster<\/h4>\n\n\n\n<h5 class=\"wp-block-heading\" id=\"head-of-sales-development\">Head of Sales Development<\/h5>\n\n\n\n<p>martin.muster@muster.de<br>+49 40 456 456 77<\/p>\n<\/div><\/div>\n\n\n\n<figure class=\"wp-block-image size-large contact-image\"><img decoding=\"async\" src=\"https:\/\/smd.staging.ember-design.de\/wp-content\/uploads\/2021\/11\/smd-contact-dummy.png\" alt=\"\"\/><\/figure>\n\n\n\n<div class=\"wp-block-uagb-section uagb-section__wrap uagb-section__background-undefined uagb-block-a736f6b1 contact-infos\"><div class=\"uagb-section__overlay\"><\/div><div class=\"uagb-section__inner-wrap\">\n<h2 class=\"mb-2 wp-block-heading\" id=\"sind-noch-fragen-offen-lorem-ipsum-dolor\">Sind noch Fragen offen lorem ipsum dolor?<\/h2>\n\n\n\n<p class=\"mb-4\">Lorem ipsum dolor sit amet, consetetur sadipscing elitr, sed diam nonumy eirmod tempor invidunt ut labore et dolore magna aliquyam erat, sed diam voluptua. At vero eos et accusam et justo duo dolores et ea rebum gubergren.<\/p>\n\n\n<div class=\"wp-bootstrap-blocks-button\">\n\t<a\n\t\thref=\"#\"\n\t\t\t\t\t\tclass=\"btn btn-primary\"\n\t>\n\t\tKontakt aufnehmen\t<\/a>\n<\/div>\n<\/div><\/div>\n<\/div><\/div>\n\n<\/div>\n<\/div><\/section>\n\n\n\n<section class=\"wp-block-uagb-section uagb-section__wrap uagb-section__background-undefined uagb-block-864f7772 section-sand\"><div class=\"uagb-section__overlay\"><\/div><div class=\"uagb-section__inner-wrap\"><div class=\"wp-bootstrap-blocks-container container mb-0\">\n\t\n\n<h3 class=\"has-text-align-center mb-4 wp-block-heading\" id=\"immer-auf-dem-laufenden-bleiben-lorem\">Immer auf dem Laufenden bleiben Lorem<\/h3>\n\n\n<div class=\"wp-bootstrap-blocks-button text-center\">\n\t<a\n\t\thref=\"#\"\n\t\t\t\t\t\tclass=\"btn btn-primary\"\n\t>\n\t\tIch m\u00f6chte Updates von SMD\t<\/a>\n<\/div>\n\n<\/div>\n<\/div><\/section>\n","protected":false},"excerpt":{"rendered":"","protected":false},"author":2,"featured_media":0,"parent":0,"menu_order":2,"comment_status":"closed","ping_status":"closed","template":"","meta":{"_acf_changed":false,"_uag_custom_page_level_css":"","footnotes":""},"categories":[],"class_list":["post-278","page","type-page","status-publish","hentry"],"acf":[],"yoast_head":"<!-- This site is optimized with the Yoast SEO plugin v27.4 - https:\/\/yoast.com\/product\/yoast-seo-wordpress\/ -->\n<title>Produkte &amp; L\u00f6sungen - SMD Group<\/title>\n<meta name=\"robots\" content=\"index, follow, max-snippet:-1, max-image-preview:large, max-video-preview:-1\" \/>\n<link rel=\"canonical\" href=\"https:\/\/www2.smd-group.info\/de\/products-solutions\/\" \/>\n<meta property=\"og:locale\" content=\"de_DE\" \/>\n<meta property=\"og:type\" content=\"article\" \/>\n<meta property=\"og:title\" content=\"Produkte &amp; L\u00f6sungen - SMD Group\" \/>\n<meta property=\"og:url\" content=\"https:\/\/www2.smd-group.info\/de\/products-solutions\/\" \/>\n<meta property=\"og:site_name\" content=\"SMD Group\" \/>\n<meta property=\"article:modified_time\" content=\"2022-06-23T08:25:47+00:00\" \/>\n<meta property=\"og:image\" content=\"https:\/\/smd.staging.ember-design.de\/wp-content\/uploads\/2021\/11\/smd-webinar-dummy-image.png\" \/>\n<meta name=\"twitter:card\" content=\"summary_large_image\" \/>\n<meta name=\"twitter:label1\" content=\"Gesch\u00e4tzte Lesezeit\" \/>\n\t<meta name=\"twitter:data1\" content=\"1\u00a0Minute\" \/>\n<script type=\"application\/ld+json\" class=\"yoast-schema-graph\">{\"@context\":\"https:\\\/\\\/schema.org\",\"@graph\":[{\"@type\":\"WebPage\",\"@id\":\"https:\\\/\\\/www2.smd-group.info\\\/de\\\/products-solutions\\\/\",\"url\":\"https:\\\/\\\/www2.smd-group.info\\\/de\\\/products-solutions\\\/\",\"name\":\"Produkte & L\u00f6sungen - SMD Group\",\"isPartOf\":{\"@id\":\"https:\\\/\\\/www2.smd-group.info\\\/de\\\/#website\"},\"primaryImageOfPage\":{\"@id\":\"https:\\\/\\\/www2.smd-group.info\\\/de\\\/products-solutions\\\/#primaryimage\"},\"image\":{\"@id\":\"https:\\\/\\\/www2.smd-group.info\\\/de\\\/products-solutions\\\/#primaryimage\"},\"thumbnailUrl\":\"https:\\\/\\\/smd.staging.ember-design.de\\\/wp-content\\\/uploads\\\/2021\\\/11\\\/smd-webinar-dummy-image.png\",\"datePublished\":\"2021-11-23T23:50:32+00:00\",\"dateModified\":\"2022-06-23T08:25:47+00:00\",\"breadcrumb\":{\"@id\":\"https:\\\/\\\/www2.smd-group.info\\\/de\\\/products-solutions\\\/#breadcrumb\"},\"inLanguage\":\"de\",\"potentialAction\":[{\"@type\":\"ReadAction\",\"target\":[\"https:\\\/\\\/www2.smd-group.info\\\/de\\\/products-solutions\\\/\"]}]},{\"@type\":\"ImageObject\",\"inLanguage\":\"de\",\"@id\":\"https:\\\/\\\/www2.smd-group.info\\\/de\\\/products-solutions\\\/#primaryimage\",\"url\":\"https:\\\/\\\/smd.staging.ember-design.de\\\/wp-content\\\/uploads\\\/2021\\\/11\\\/smd-webinar-dummy-image.png\",\"contentUrl\":\"https:\\\/\\\/smd.staging.ember-design.de\\\/wp-content\\\/uploads\\\/2021\\\/11\\\/smd-webinar-dummy-image.png\"},{\"@type\":\"BreadcrumbList\",\"@id\":\"https:\\\/\\\/www2.smd-group.info\\\/de\\\/products-solutions\\\/#breadcrumb\",\"itemListElement\":[{\"@type\":\"ListItem\",\"position\":1,\"name\":\"Startseite\",\"item\":\"https:\\\/\\\/www2.smd-group.info\\\/de\\\/\"},{\"@type\":\"ListItem\",\"position\":2,\"name\":\"Produkte &#038; L\u00f6sungen\"}]},{\"@type\":\"WebSite\",\"@id\":\"https:\\\/\\\/www2.smd-group.info\\\/de\\\/#website\",\"url\":\"https:\\\/\\\/www2.smd-group.info\\\/de\\\/\",\"name\":\"SMD Group\",\"description\":\"\",\"publisher\":{\"@id\":\"https:\\\/\\\/www2.smd-group.info\\\/de\\\/#organization\"},\"potentialAction\":[{\"@type\":\"SearchAction\",\"target\":{\"@type\":\"EntryPoint\",\"urlTemplate\":\"https:\\\/\\\/www2.smd-group.info\\\/de\\\/?s={search_term_string}\"},\"query-input\":{\"@type\":\"PropertyValueSpecification\",\"valueRequired\":true,\"valueName\":\"search_term_string\"}}],\"inLanguage\":\"de\"},{\"@type\":\"Organization\",\"@id\":\"https:\\\/\\\/www2.smd-group.info\\\/de\\\/#organization\",\"name\":\"SMD Group I Schutz Marken Dienst GmbH\",\"url\":\"https:\\\/\\\/www2.smd-group.info\\\/de\\\/\",\"logo\":{\"@type\":\"ImageObject\",\"inLanguage\":\"de\",\"@id\":\"https:\\\/\\\/www2.smd-group.info\\\/de\\\/#\\\/schema\\\/logo\\\/image\\\/\",\"url\":\"https:\\\/\\\/www2.smd-group.info\\\/wp-content\\\/uploads\\\/2021\\\/11\\\/smd-logo.png\",\"contentUrl\":\"https:\\\/\\\/www2.smd-group.info\\\/wp-content\\\/uploads\\\/2021\\\/11\\\/smd-logo.png\",\"width\":156,\"height\":36,\"caption\":\"SMD Group I Schutz Marken Dienst GmbH\"},\"image\":{\"@id\":\"https:\\\/\\\/www2.smd-group.info\\\/de\\\/#\\\/schema\\\/logo\\\/image\\\/\"}}]}<\/script>\n<!-- \/ Yoast SEO plugin. -->","yoast_head_json":{"title":"Produkte & L\u00f6sungen - SMD Group","robots":{"index":"index","follow":"follow","max-snippet":"max-snippet:-1","max-image-preview":"max-image-preview:large","max-video-preview":"max-video-preview:-1"},"canonical":"https:\/\/www2.smd-group.info\/de\/products-solutions\/","og_locale":"de_DE","og_type":"article","og_title":"Produkte & L\u00f6sungen - SMD Group","og_url":"https:\/\/www2.smd-group.info\/de\/products-solutions\/","og_site_name":"SMD Group","article_modified_time":"2022-06-23T08:25:47+00:00","og_image":[{"url":"https:\/\/smd.staging.ember-design.de\/wp-content\/uploads\/2021\/11\/smd-webinar-dummy-image.png","type":"","width":"","height":""}],"twitter_card":"summary_large_image","twitter_misc":{"Gesch\u00e4tzte Lesezeit":"1\u00a0Minute"},"schema":{"@context":"https:\/\/schema.org","@graph":[{"@type":"WebPage","@id":"https:\/\/www2.smd-group.info\/de\/products-solutions\/","url":"https:\/\/www2.smd-group.info\/de\/products-solutions\/","name":"Produkte & L\u00f6sungen - SMD Group","isPartOf":{"@id":"https:\/\/www2.smd-group.info\/de\/#website"},"primaryImageOfPage":{"@id":"https:\/\/www2.smd-group.info\/de\/products-solutions\/#primaryimage"},"image":{"@id":"https:\/\/www2.smd-group.info\/de\/products-solutions\/#primaryimage"},"thumbnailUrl":"https:\/\/smd.staging.ember-design.de\/wp-content\/uploads\/2021\/11\/smd-webinar-dummy-image.png","datePublished":"2021-11-23T23:50:32+00:00","dateModified":"2022-06-23T08:25:47+00:00","breadcrumb":{"@id":"https:\/\/www2.smd-group.info\/de\/products-solutions\/#breadcrumb"},"inLanguage":"de","potentialAction":[{"@type":"ReadAction","target":["https:\/\/www2.smd-group.info\/de\/products-solutions\/"]}]},{"@type":"ImageObject","inLanguage":"de","@id":"https:\/\/www2.smd-group.info\/de\/products-solutions\/#primaryimage","url":"https:\/\/smd.staging.ember-design.de\/wp-content\/uploads\/2021\/11\/smd-webinar-dummy-image.png","contentUrl":"https:\/\/smd.staging.ember-design.de\/wp-content\/uploads\/2021\/11\/smd-webinar-dummy-image.png"},{"@type":"BreadcrumbList","@id":"https:\/\/www2.smd-group.info\/de\/products-solutions\/#breadcrumb","itemListElement":[{"@type":"ListItem","position":1,"name":"Startseite","item":"https:\/\/www2.smd-group.info\/de\/"},{"@type":"ListItem","position":2,"name":"Produkte &#038; L\u00f6sungen"}]},{"@type":"WebSite","@id":"https:\/\/www2.smd-group.info\/de\/#website","url":"https:\/\/www2.smd-group.info\/de\/","name":"SMD Group","description":"","publisher":{"@id":"https:\/\/www2.smd-group.info\/de\/#organization"},"potentialAction":[{"@type":"SearchAction","target":{"@type":"EntryPoint","urlTemplate":"https:\/\/www2.smd-group.info\/de\/?s={search_term_string}"},"query-input":{"@type":"PropertyValueSpecification","valueRequired":true,"valueName":"search_term_string"}}],"inLanguage":"de"},{"@type":"Organization","@id":"https:\/\/www2.smd-group.info\/de\/#organization","name":"SMD Group I Schutz Marken Dienst GmbH","url":"https:\/\/www2.smd-group.info\/de\/","logo":{"@type":"ImageObject","inLanguage":"de","@id":"https:\/\/www2.smd-group.info\/de\/#\/schema\/logo\/image\/","url":"https:\/\/www2.smd-group.info\/wp-content\/uploads\/2021\/11\/smd-logo.png","contentUrl":"https:\/\/www2.smd-group.info\/wp-content\/uploads\/2021\/11\/smd-logo.png","width":156,"height":36,"caption":"SMD Group I Schutz Marken Dienst GmbH"},"image":{"@id":"https:\/\/www2.smd-group.info\/de\/#\/schema\/logo\/image\/"}}]}},"uagb_featured_image_src":{"full":false,"thumbnail":false,"medium":false,"medium_large":false,"large":false,"1536x1536":false,"2048x2048":false,"trp-custom-language-flag":false},"uagb_author_info":{"display_name":"Miriam H\u00f6lscher","author_link":"https:\/\/www2.smd-group.info\/de\/author\/hoelscher\/"},"uagb_comment_info":0,"uagb_excerpt":null,"_links":{"self":[{"href":"https:\/\/www2.smd-group.info\/de\/wp-json\/wp\/v2\/pages\/278","targetHints":{"allow":["GET"]}}],"collection":[{"href":"https:\/\/www2.smd-group.info\/de\/wp-json\/wp\/v2\/pages"}],"about":[{"href":"https:\/\/www2.smd-group.info\/de\/wp-json\/wp\/v2\/types\/page"}],"author":[{"embeddable":true,"href":"https:\/\/www2.smd-group.info\/de\/wp-json\/wp\/v2\/users\/2"}],"replies":[{"embeddable":true,"href":"https:\/\/www2.smd-group.info\/de\/wp-json\/wp\/v2\/comments?post=278"}],"version-history":[{"count":37,"href":"https:\/\/www2.smd-group.info\/de\/wp-json\/wp\/v2\/pages\/278\/revisions"}],"predecessor-version":[{"id":3580,"href":"https:\/\/www2.smd-group.info\/de\/wp-json\/wp\/v2\/pages\/278\/revisions\/3580"}],"wp:attachment":[{"href":"https:\/\/www2.smd-group.info\/de\/wp-json\/wp\/v2\/media?parent=278"}],"wp:term":[{"taxonomy":"category","embeddable":true,"href":"https:\/\/www2.smd-group.info\/de\/wp-json\/wp\/v2\/categories?post=278"}],"curies":[{"name":"wp","href":"https:\/\/api.w.org\/{rel}","templated":true}]}}