{"id":238,"date":"2021-11-24T00:20:59","date_gmt":"2021-11-23T23:20:59","guid":{"rendered":"http:\/\/localhost:8090\/?page_id=238"},"modified":"2022-06-27T15:41:52","modified_gmt":"2022-06-27T13:41:52","slug":"smd-flyer-zum-download","status":"publish","type":"page","link":"https:\/\/www2.smd-group.info\/de\/training-and-resources\/smd-flyer-zum-download\/","title":{"rendered":"Downloads"},"content":{"rendered":"\n<section class=\"wp-block-uagb-section uagb-section__wrap uagb-section__background-image uagb-block-84f850f1 hero\" id=\"hero\"><div class=\"uagb-section__overlay\"><\/div><div class=\"uagb-section__inner-wrap\"><div class=\"wp-bootstrap-blocks-container container mb-0\">\n\t\n<div class=\"wp-bootstrap-blocks-row row\">\n\t\n\n<div class=\"col-12 col-md-6 d-flex flex-column justify-content-center\">\n\t\t\t\n\n<h1 class=\"mb-2 wp-block-heading\">Downloads<\/h1>\n\n\n\n<h3 class=\"fw-normal wp-block-heading\">Hier finden Sie alles Wichtige zum Herunterladen.<\/h3>\n\n\t<\/div>\n\n\n\n<div class=\"col-12 col-md-6\">\n\t\t\t\t<\/div>\n\n<\/div>\n\n<\/div>\n<\/div><\/section>\n\n\n\n<section class=\"wp-block-uagb-section uagb-section__wrap uagb-section__background-undefined uagb-block-628cf849 section-sand\"><div class=\"uagb-section__overlay\"><\/div><div class=\"uagb-section__inner-wrap\"><div class=\"wp-bootstrap-blocks-container container mb-0\">\n\t\n\n<h2 class=\"mb-4 wp-block-heading\">Flyer und Brosch\u00fcren zu SMD<\/h2>\n\n\n<div class=\"wp-bootstrap-blocks-row row\">\n\t\n\n<div class=\"col-12 col-md-10 col-lg-8\">\n\t\t\t\n\n<p>Nat\u00fcrlich erkl\u00e4ren wir Ihnen gern alles pers\u00f6nlich. Manchmal hilft es aber auch, eine schriftliche Information in der Hand zu haben. Deshalb finden Sie hier unsere SMD Flyer zum Download.<\/p>\n\n\t<\/div>\n\n\n\n<div class=\"col-12 col-md-2 col-lg-4\">\n\t\t\t\t<\/div>\n\n<\/div>\n\n\n<div class=\"recent-downloads\"><div class=\"download-item\">\n\t\t\t\t\t\t\t\t\t\t<div class=\"row\">\n\t\t\t\t\t\t\t\t\t\t\t<div class=\"col-12 col-md-6 col-lg-5\">\n\t\t\t\t\t\t\t\t\t\t\t\t<figure class=\"wp-block-image size-large\">\n\t\t\t\t\t\t\t\t\t\t\t\t\t<img decoding=\"async\" src=\"https:\/\/www2.smd-group.info\/wp-content\/uploads\/2025\/07\/SMD_Titleschutz_Flyer_DE_Cover.jpg\" alt=\"Titelrecherche und -\u00fcberwachung\" loading=\"lazy\">\n\t\t\t\t\t\t\t\t\t\t\t\t<\/figure>\n\t\t\t\t\t\t\t\t\t\t\t<\/div>\n\t\t\t\t\t\t\t\t\t\t\t<div class=\"col-12 col-md-6 col-lg-7\">\n\t\t\t\t\t\t\t\t\t\t\t\t<h3 class=\"h2\">Titelrecherche und -\u00fcberwachung<\/h3>\n\t\t\t\t\t\t\t\t\t\t\t\t<!-- wp:paragraph -->\n<p>Hier erhalten Sie einen kompakten \u00dcberblick \u00fcber unsere Leistungen im Bereich der Werktitel und lesen, wie Sie mit SMD rechtlich auf der sicheren Seite bleiben.<\/p>\n<!-- \/wp:paragraph -->\n\t\t\t\t\t\t\t\t\t\t\t\t<div class=\"mt-5\">\n\t\t\t\t\t\t\t\t\t\t\t\t\t<a href=\"https:\/\/www2.smd-group.info\/wp-content\/uploads\/2024\/03\/SMD_Titelschutz_Flyer_DE.pdf\" class=\"btn btn-primary\">Download<\/a><span class=\"d-block d-lg-inline mt-3 mt-lg-0 ps-lg-5\">1.74 MB - Stand 04.07.2025<\/span>\n\t\t\t\t\t\t\t\t\t\t\t\t<\/div>\n\t\t\t\t\t\t\t\t\t\t\t<\/div>\n\t\t\t\t\t\t\t\t\t\t<\/div>\n\t\t\t\t\t\t\t\t\t<\/div><div class=\"download-item\">\n\t\t\t\t\t\t\t\t\t\t<div class=\"row\">\n\t\t\t\t\t\t\t\t\t\t\t<div class=\"col-12 col-md-6 col-lg-5\">\n\t\t\t\t\t\t\t\t\t\t\t\t<figure class=\"wp-block-image size-large\">\n\t\t\t\t\t\t\t\t\t\t\t\t\t<img decoding=\"async\" src=\"https:\/\/www2.smd-group.info\/wp-content\/uploads\/2025\/05\/isearch_Cover_RGB.png\" alt=\"i-Search Flyer\" loading=\"lazy\">\n\t\t\t\t\t\t\t\t\t\t\t\t<\/figure>\n\t\t\t\t\t\t\t\t\t\t\t<\/div>\n\t\t\t\t\t\t\t\t\t\t\t<div class=\"col-12 col-md-6 col-lg-7\">\n\t\t\t\t\t\t\t\t\t\t\t\t<h3 class=\"h2\">i-Search Flyer<\/h3>\n\t\t\t\t\t\t\t\t\t\t\t\t<!-- wp:paragraph -->\n<p>Lesen Sie, wie SMD Ihnen mit intelligenten Informationen \u00fcber die reine Markenrecherche hinaus hilft, herauszufinden, ob Ihr Markenname frei zur Benutzung und Eintragung ist (Flyer nur in EN verf\u00fcgbar).<\/p>\n<!-- \/wp:paragraph -->\n\t\t\t\t\t\t\t\t\t\t\t\t<div class=\"mt-5\">\n\t\t\t\t\t\t\t\t\t\t\t\t\t<a href=\"https:\/\/www2.smd-group.info\/wp-content\/uploads\/2025\/05\/i-Search.pdf\" class=\"btn btn-primary\">Download<\/a><span class=\"d-block d-lg-inline mt-3 mt-lg-0 ps-lg-5\">1.04 MB - Stand 09.05.2025<\/span>\n\t\t\t\t\t\t\t\t\t\t\t\t<\/div>\n\t\t\t\t\t\t\t\t\t\t\t<\/div>\n\t\t\t\t\t\t\t\t\t\t<\/div>\n\t\t\t\t\t\t\t\t\t<\/div><div class=\"download-item\">\n\t\t\t\t\t\t\t\t\t\t<div class=\"row\">\n\t\t\t\t\t\t\t\t\t\t\t<div class=\"col-12 col-md-6 col-lg-5\">\n\t\t\t\t\t\t\t\t\t\t\t\t<figure class=\"wp-block-image size-large\">\n\t\t\t\t\t\t\t\t\t\t\t\t\t<img decoding=\"async\" src=\"https:\/\/www2.smd-group.info\/wp-content\/uploads\/2024\/03\/SMD_Preislisten-Cover_Portraits_1000x750.jpg\" alt=\"Recherche Flyer\" loading=\"lazy\">\n\t\t\t\t\t\t\t\t\t\t\t\t<\/figure>\n\t\t\t\t\t\t\t\t\t\t\t<\/div>\n\t\t\t\t\t\t\t\t\t\t\t<div class=\"col-12 col-md-6 col-lg-7\">\n\t\t\t\t\t\t\t\t\t\t\t\t<h3 class=\"h2\">Recherche Flyer<\/h3>\n\t\t\t\t\t\t\t\t\t\t\t\t<!-- wp:paragraph -->\n<p>Erfahren sie kurz und knapp das Wichtigste zu unserer Recherche.<\/p>\n<!-- \/wp:paragraph -->\n\t\t\t\t\t\t\t\t\t\t\t\t<div class=\"mt-5\">\n\t\t\t\t\t\t\t\t\t\t\t\t\t<a href=\"https:\/\/www2.smd-group.info\/wp-content\/uploads\/2024\/02\/SMD_Recherche_Flyer_DE_RZ_WEB150dpi.pdf\" class=\"btn btn-primary\">Download<\/a><span class=\"d-block d-lg-inline mt-3 mt-lg-0 ps-lg-5\">714.37 KB - Stand 27.03.2024<\/span>\n\t\t\t\t\t\t\t\t\t\t\t\t<\/div>\n\t\t\t\t\t\t\t\t\t\t\t<\/div>\n\t\t\t\t\t\t\t\t\t\t<\/div>\n\t\t\t\t\t\t\t\t\t<\/div><div class=\"download-item\">\n\t\t\t\t\t\t\t\t\t\t<div class=\"row\">\n\t\t\t\t\t\t\t\t\t\t\t<div class=\"col-12 col-md-6 col-lg-5\">\n\t\t\t\t\t\t\t\t\t\t\t\t<figure class=\"wp-block-image size-large\">\n\t\t\t\t\t\t\t\t\t\t\t\t\t<img decoding=\"async\" src=\"https:\/\/www2.smd-group.info\/wp-content\/uploads\/2024\/03\/SMD_Preislisten-Cover_Portraits_1000x7502.jpg\" alt=\"Flyer \u00dcberwachung\" loading=\"lazy\">\n\t\t\t\t\t\t\t\t\t\t\t\t<\/figure>\n\t\t\t\t\t\t\t\t\t\t\t<\/div>\n\t\t\t\t\t\t\t\t\t\t\t<div class=\"col-12 col-md-6 col-lg-7\">\n\t\t\t\t\t\t\t\t\t\t\t\t<h3 class=\"h2\">Flyer \u00dcberwachung<\/h3>\n\t\t\t\t\t\t\t\t\t\t\t\t<!-- wp:paragraph -->\n<p id=\"ueberwachung-flyer\">Lesen Sie hier, was unsere \u00dcberwachung auszeichnet.<\/p>\n<!-- \/wp:paragraph -->\n\t\t\t\t\t\t\t\t\t\t\t\t<div class=\"mt-5\">\n\t\t\t\t\t\t\t\t\t\t\t\t\t<a href=\"https:\/\/www2.smd-group.info\/wp-content\/uploads\/2024\/03\/SMD_Ueberwachung_Flyer_DE_WEB.pdf\" class=\"btn btn-primary\">Download<\/a><span class=\"d-block d-lg-inline mt-3 mt-lg-0 ps-lg-5\">710.13 KB - Stand 27.03.2024<\/span>\n\t\t\t\t\t\t\t\t\t\t\t\t<\/div>\n\t\t\t\t\t\t\t\t\t\t\t<\/div>\n\t\t\t\t\t\t\t\t\t\t<\/div>\n\t\t\t\t\t\t\t\t\t<\/div><div class=\"download-item\">\n\t\t\t\t\t\t\t\t\t\t<div class=\"row\">\n\t\t\t\t\t\t\t\t\t\t\t<div class=\"col-12 col-md-6 col-lg-5\">\n\t\t\t\t\t\t\t\t\t\t\t\t<figure class=\"wp-block-image size-large\">\n\t\t\t\t\t\t\t\t\t\t\t\t\t<img decoding=\"async\" src=\"https:\/\/www2.smd-group.info\/wp-content\/uploads\/2022\/05\/TMZOOM_Cover_RGB.png\" alt=\"TMZOOM Flyer\" loading=\"lazy\">\n\t\t\t\t\t\t\t\t\t\t\t\t<\/figure>\n\t\t\t\t\t\t\t\t\t\t\t<\/div>\n\t\t\t\t\t\t\t\t\t\t\t<div class=\"col-12 col-md-6 col-lg-7\">\n\t\t\t\t\t\t\t\t\t\t\t\t<h3 class=\"h2\">TMZOOM Flyer<\/h3>\n\t\t\t\t\t\t\t\t\t\t\t\t<!-- wp:paragraph -->\n<p>Hier erfahren Sie das Wichtigste zu unserer Online Plattform f\u00fcr Recherche &amp; \u00dcberwachung.<\/p>\n<!-- \/wp:paragraph -->\n\n<!-- wp:paragraph -->\n<p><\/p>\n<!-- \/wp:paragraph -->\n\t\t\t\t\t\t\t\t\t\t\t\t<div class=\"mt-5\">\n\t\t\t\t\t\t\t\t\t\t\t\t\t<a href=\"https:\/\/www2.smd-group.info\/wp-content\/uploads\/2022\/05\/TMZOOM-Flyer_DE.pdf\" class=\"btn btn-primary\">Download<\/a><span class=\"d-block d-lg-inline mt-3 mt-lg-0 ps-lg-5\">1.65 MB - Stand 08.05.2025<\/span>\n\t\t\t\t\t\t\t\t\t\t\t\t<\/div>\n\t\t\t\t\t\t\t\t\t\t\t<\/div>\n\t\t\t\t\t\t\t\t\t\t<\/div>\n\t\t\t\t\t\t\t\t\t<\/div><div class=\"download-item\">\n\t\t\t\t\t\t\t\t\t\t<div class=\"row\">\n\t\t\t\t\t\t\t\t\t\t\t<div class=\"col-12 col-md-6 col-lg-5\">\n\t\t\t\t\t\t\t\t\t\t\t\t<figure class=\"wp-block-image size-large\">\n\t\t\t\t\t\t\t\t\t\t\t\t\t<img decoding=\"async\" src=\"https:\/\/www2.smd-group.info\/wp-content\/uploads\/2022\/05\/Country_Index_Cover_RGB.png\" alt=\"Country Index Flyer\" loading=\"lazy\">\n\t\t\t\t\t\t\t\t\t\t\t\t<\/figure>\n\t\t\t\t\t\t\t\t\t\t\t<\/div>\n\t\t\t\t\t\t\t\t\t\t\t<div class=\"col-12 col-md-6 col-lg-7\">\n\t\t\t\t\t\t\t\t\t\t\t\t<h3 class=\"h2\">Country Index Flyer<\/h3>\n\t\t\t\t\t\t\t\t\t\t\t\t<!-- wp:paragraph -->\n<p>Hier finden Sie die n\u00f6tigen Informationen zu unserer beliebten Informationsquelle f\u00fcr Marken-Professionals. Der Flyer ist nur auf Englisch verf\u00fcgbar, da das Portal ebenfalls nur auf Englisch verf\u00fcgbar ist.<\/p>\n<!-- \/wp:paragraph -->\n\t\t\t\t\t\t\t\t\t\t\t\t<div class=\"mt-5\">\n\t\t\t\t\t\t\t\t\t\t\t\t\t<a href=\"https:\/\/www2.smd-group.info\/wp-content\/uploads\/2024\/07\/SMD-Country-Index.pdf\" class=\"btn btn-primary\">Download<\/a><span class=\"d-block d-lg-inline mt-3 mt-lg-0 ps-lg-5\">627.11 KB - Stand 08.05.2025<\/span>\n\t\t\t\t\t\t\t\t\t\t\t\t<\/div>\n\t\t\t\t\t\t\t\t\t\t\t<\/div>\n\t\t\t\t\t\t\t\t\t\t<\/div>\n\t\t\t\t\t\t\t\t\t<\/div><div class=\"download-item\">\n\t\t\t\t\t\t\t\t\t\t<div class=\"row\">\n\t\t\t\t\t\t\t\t\t\t\t<div class=\"col-12 col-md-6 col-lg-5\">\n\t\t\t\t\t\t\t\t\t\t\t\t<figure class=\"wp-block-image size-large\">\n\t\t\t\t\t\t\t\t\t\t\t\t\t<img decoding=\"async\" src=\"https:\/\/www2.smd-group.info\/wp-content\/uploads\/2022\/05\/Designflyer_43-e1751624015187.jpg\" alt=\"Design-Recherche &#038; \u00dcberwachung\" loading=\"lazy\">\n\t\t\t\t\t\t\t\t\t\t\t\t<\/figure>\n\t\t\t\t\t\t\t\t\t\t\t<\/div>\n\t\t\t\t\t\t\t\t\t\t\t<div class=\"col-12 col-md-6 col-lg-7\">\n\t\t\t\t\t\t\t\t\t\t\t\t<h3 class=\"h2\">Design-Recherche &#038; \u00dcberwachung<\/h3>\n\t\t\t\t\t\t\t\t\t\t\t\t<!-- wp:paragraph -->\n<p>Erfahren Sie hier kurz und knapp, was unsere Design-Recherche und \u00dcberwachung ausmacht und welche Vorteile sie Ihnen bietet.<\/p>\n<!-- \/wp:paragraph -->\n\n<!-- wp:paragraph -->\n<p><\/p>\n<!-- \/wp:paragraph -->\n\t\t\t\t\t\t\t\t\t\t\t\t<div class=\"mt-5\">\n\t\t\t\t\t\t\t\t\t\t\t\t\t<a href=\"https:\/\/www2.smd-group.info\/wp-content\/uploads\/2022\/05\/SMD_Design_Flyer_DE_WEB.pdf\" class=\"btn btn-primary\">Download<\/a><span class=\"d-block d-lg-inline mt-3 mt-lg-0 ps-lg-5\">1.65 MB - Stand 03.07.2025<\/span>\n\t\t\t\t\t\t\t\t\t\t\t\t<\/div>\n\t\t\t\t\t\t\t\t\t\t\t<\/div>\n\t\t\t\t\t\t\t\t\t\t<\/div>\n\t\t\t\t\t\t\t\t\t<\/div><div class=\"download-item\">\n\t\t\t\t\t\t\t\t\t\t<div class=\"row\">\n\t\t\t\t\t\t\t\t\t\t\t<div class=\"col-12 col-md-6 col-lg-5\">\n\t\t\t\t\t\t\t\t\t\t\t\t<figure class=\"wp-block-image size-large\">\n\t\t\t\t\t\t\t\t\t\t\t\t\t<img decoding=\"async\" src=\"https:\/\/www2.smd-group.info\/wp-content\/uploads\/2022\/06\/Ansprechpartner_SMD_43.jpg\" alt=\"\u00dcbersicht Ansprechpartner\" loading=\"lazy\">\n\t\t\t\t\t\t\t\t\t\t\t\t<\/figure>\n\t\t\t\t\t\t\t\t\t\t\t<\/div>\n\t\t\t\t\t\t\t\t\t\t\t<div class=\"col-12 col-md-6 col-lg-7\">\n\t\t\t\t\t\t\t\t\t\t\t\t<h3 class=\"h2\">\u00dcbersicht Ansprechpartner<\/h3>\n\t\t\t\t\t\t\t\t\t\t\t\t<!-- wp:paragraph -->\n<p>Laden Sie die \u00dcbersicht unserer SMD Ansprechpartner herunter und h\u00e4ngen Sie am Schreibtisch auf, damit Sie die wichtigsten Telefonnummern st\u00e4ndig verf\u00fcgbar haben.<\/p>\n<!-- \/wp:paragraph -->\n\t\t\t\t\t\t\t\t\t\t\t\t<div class=\"mt-5\">\n\t\t\t\t\t\t\t\t\t\t\t\t\t<a href=\"https:\/\/www2.smd-group.info\/wp-content\/uploads\/2022\/06\/Ansprechpartner-DT.pdf\" class=\"btn btn-primary\">Download<\/a><span class=\"d-block d-lg-inline mt-3 mt-lg-0 ps-lg-5\">1.54 MB - Stand 27.03.2024<\/span>\n\t\t\t\t\t\t\t\t\t\t\t\t<\/div>\n\t\t\t\t\t\t\t\t\t\t\t<\/div>\n\t\t\t\t\t\t\t\t\t\t<\/div>\n\t\t\t\t\t\t\t\t\t<\/div><\/div>\n\n<\/div>\n<\/div><\/section>\n\n\n\n<section class=\"wp-block-uagb-section uagb-section__wrap uagb-section__background-undefined uagb-block-157b1a87 section-sand\"><div class=\"uagb-section__overlay\"><\/div><div class=\"uagb-section__inner-wrap\"><div class=\"wp-bootstrap-blocks-container container mb-0\">\n\t\n\n<h3 class=\"has-text-align-center mb-4 wp-block-heading\">Immer auf dem Laufenden bleiben<\/h3>\n\n\n<div class=\"wp-bootstrap-blocks-button text-center\">\n\t<a\n\t\thref=\"https:\/\/www.smd-group.info\/subscribe.aspx\"\n\t\t\t\t\ttarget=\"_blank\"\n\t\t\t\t\t\t\trel=\"noreferrer noopener\"\n\t\t\t\tclass=\"btn btn-primary\"\n\t>\n\t\tIch m\u00f6chte Updates von SMD\t<\/a>\n<\/div>\n\n<\/div>\n<\/div><\/section>\n","protected":false},"excerpt":{"rendered":"","protected":false},"author":2,"featured_media":0,"parent":243,"menu_order":3,"comment_status":"closed","ping_status":"closed","template":"","meta":{"_acf_changed":false,"_uag_custom_page_level_css":"","footnotes":""},"categories":[],"class_list":["post-238","page","type-page","status-publish","hentry"],"acf":[],"yoast_head":"<!-- This site is optimized with the Yoast SEO plugin v27.3 - https:\/\/yoast.com\/product\/yoast-seo-wordpress\/ -->\n<title>Downloads - SMD Group<\/title>\n<meta name=\"description\" content=\"Hier finden Sie SMD Flyer zum Download, denn manchmal ist es gut, etwas Schriftliches in der Hand zu haben.\" \/>\n<meta name=\"robots\" content=\"index, follow, max-snippet:-1, max-image-preview:large, max-video-preview:-1\" \/>\n<link rel=\"canonical\" href=\"https:\/\/www2.smd-group.info\/de\/training-and-resources\/smd-flyer-zum-download\/\" \/>\n<meta property=\"og:locale\" content=\"de_DE\" \/>\n<meta property=\"og:type\" content=\"article\" \/>\n<meta property=\"og:title\" content=\"Downloads - SMD Group\" \/>\n<meta property=\"og:description\" content=\"Hier finden Sie SMD Flyer zum Download, denn manchmal ist es gut, etwas Schriftliches in der Hand zu haben.\" \/>\n<meta property=\"og:url\" content=\"https:\/\/www2.smd-group.info\/de\/training-and-resources\/smd-flyer-zum-download\/\" \/>\n<meta property=\"og:site_name\" content=\"SMD Group\" \/>\n<meta property=\"article:modified_time\" content=\"2022-06-27T13:41:52+00:00\" \/>\n<meta name=\"twitter:card\" content=\"summary_large_image\" \/>\n<meta name=\"twitter:label1\" content=\"Gesch\u00e4tzte Lesezeit\" \/>\n\t<meta name=\"twitter:data1\" content=\"1\u00a0Minute\" \/>\n<script type=\"application\/ld+json\" class=\"yoast-schema-graph\">{\"@context\":\"https:\\\/\\\/schema.org\",\"@graph\":[{\"@type\":\"WebPage\",\"@id\":\"https:\\\/\\\/www2.smd-group.info\\\/de\\\/training-and-resources\\\/smd-flyer-zum-download\\\/\",\"url\":\"https:\\\/\\\/www2.smd-group.info\\\/de\\\/training-and-resources\\\/smd-flyer-zum-download\\\/\",\"name\":\"Downloads - SMD Group\",\"isPartOf\":{\"@id\":\"https:\\\/\\\/www2.smd-group.info\\\/de\\\/#website\"},\"datePublished\":\"2021-11-23T23:20:59+00:00\",\"dateModified\":\"2022-06-27T13:41:52+00:00\",\"description\":\"Hier finden Sie SMD Flyer zum Download, denn manchmal ist es gut, etwas Schriftliches in der Hand zu haben.\",\"breadcrumb\":{\"@id\":\"https:\\\/\\\/www2.smd-group.info\\\/de\\\/training-and-resources\\\/smd-flyer-zum-download\\\/#breadcrumb\"},\"inLanguage\":\"de\",\"potentialAction\":[{\"@type\":\"ReadAction\",\"target\":[\"https:\\\/\\\/www2.smd-group.info\\\/de\\\/training-and-resources\\\/smd-flyer-zum-download\\\/\"]}]},{\"@type\":\"BreadcrumbList\",\"@id\":\"https:\\\/\\\/www2.smd-group.info\\\/de\\\/training-and-resources\\\/smd-flyer-zum-download\\\/#breadcrumb\",\"itemListElement\":[{\"@type\":\"ListItem\",\"position\":1,\"name\":\"Startseite\",\"item\":\"https:\\\/\\\/www2.smd-group.info\\\/de\\\/\"},{\"@type\":\"ListItem\",\"position\":2,\"name\":\"Blog\",\"item\":\"https:\\\/\\\/www2.smd-group.info\\\/training-and-resources\\\/\"},{\"@type\":\"ListItem\",\"position\":3,\"name\":\"Downloads\"}]},{\"@type\":\"WebSite\",\"@id\":\"https:\\\/\\\/www2.smd-group.info\\\/de\\\/#website\",\"url\":\"https:\\\/\\\/www2.smd-group.info\\\/de\\\/\",\"name\":\"SMD Group\",\"description\":\"\",\"publisher\":{\"@id\":\"https:\\\/\\\/www2.smd-group.info\\\/de\\\/#organization\"},\"potentialAction\":[{\"@type\":\"SearchAction\",\"target\":{\"@type\":\"EntryPoint\",\"urlTemplate\":\"https:\\\/\\\/www2.smd-group.info\\\/de\\\/?s={search_term_string}\"},\"query-input\":{\"@type\":\"PropertyValueSpecification\",\"valueRequired\":true,\"valueName\":\"search_term_string\"}}],\"inLanguage\":\"de\"},{\"@type\":\"Organization\",\"@id\":\"https:\\\/\\\/www2.smd-group.info\\\/de\\\/#organization\",\"name\":\"SMD Group I Schutz Marken Dienst GmbH\",\"url\":\"https:\\\/\\\/www2.smd-group.info\\\/de\\\/\",\"logo\":{\"@type\":\"ImageObject\",\"inLanguage\":\"de\",\"@id\":\"https:\\\/\\\/www2.smd-group.info\\\/de\\\/#\\\/schema\\\/logo\\\/image\\\/\",\"url\":\"https:\\\/\\\/www2.smd-group.info\\\/wp-content\\\/uploads\\\/2021\\\/11\\\/smd-logo.png\",\"contentUrl\":\"https:\\\/\\\/www2.smd-group.info\\\/wp-content\\\/uploads\\\/2021\\\/11\\\/smd-logo.png\",\"width\":156,\"height\":36,\"caption\":\"SMD Group I Schutz Marken Dienst GmbH\"},\"image\":{\"@id\":\"https:\\\/\\\/www2.smd-group.info\\\/de\\\/#\\\/schema\\\/logo\\\/image\\\/\"}}]}<\/script>\n<!-- \/ Yoast SEO plugin. -->","yoast_head_json":{"title":"Downloads - SMD Group","description":"Hier finden Sie SMD Flyer zum Download, denn manchmal ist es gut, etwas Schriftliches in der Hand zu haben.","robots":{"index":"index","follow":"follow","max-snippet":"max-snippet:-1","max-image-preview":"max-image-preview:large","max-video-preview":"max-video-preview:-1"},"canonical":"https:\/\/www2.smd-group.info\/de\/training-and-resources\/smd-flyer-zum-download\/","og_locale":"de_DE","og_type":"article","og_title":"Downloads - SMD Group","og_description":"Hier finden Sie SMD Flyer zum Download, denn manchmal ist es gut, etwas Schriftliches in der Hand zu haben.","og_url":"https:\/\/www2.smd-group.info\/de\/training-and-resources\/smd-flyer-zum-download\/","og_site_name":"SMD Group","article_modified_time":"2022-06-27T13:41:52+00:00","twitter_card":"summary_large_image","twitter_misc":{"Gesch\u00e4tzte Lesezeit":"1\u00a0Minute"},"schema":{"@context":"https:\/\/schema.org","@graph":[{"@type":"WebPage","@id":"https:\/\/www2.smd-group.info\/de\/training-and-resources\/smd-flyer-zum-download\/","url":"https:\/\/www2.smd-group.info\/de\/training-and-resources\/smd-flyer-zum-download\/","name":"Downloads - SMD Group","isPartOf":{"@id":"https:\/\/www2.smd-group.info\/de\/#website"},"datePublished":"2021-11-23T23:20:59+00:00","dateModified":"2022-06-27T13:41:52+00:00","description":"Hier finden Sie SMD Flyer zum Download, denn manchmal ist es gut, etwas Schriftliches in der Hand zu haben.","breadcrumb":{"@id":"https:\/\/www2.smd-group.info\/de\/training-and-resources\/smd-flyer-zum-download\/#breadcrumb"},"inLanguage":"de","potentialAction":[{"@type":"ReadAction","target":["https:\/\/www2.smd-group.info\/de\/training-and-resources\/smd-flyer-zum-download\/"]}]},{"@type":"BreadcrumbList","@id":"https:\/\/www2.smd-group.info\/de\/training-and-resources\/smd-flyer-zum-download\/#breadcrumb","itemListElement":[{"@type":"ListItem","position":1,"name":"Startseite","item":"https:\/\/www2.smd-group.info\/de\/"},{"@type":"ListItem","position":2,"name":"Blog","item":"https:\/\/www2.smd-group.info\/training-and-resources\/"},{"@type":"ListItem","position":3,"name":"Downloads"}]},{"@type":"WebSite","@id":"https:\/\/www2.smd-group.info\/de\/#website","url":"https:\/\/www2.smd-group.info\/de\/","name":"SMD Group","description":"","publisher":{"@id":"https:\/\/www2.smd-group.info\/de\/#organization"},"potentialAction":[{"@type":"SearchAction","target":{"@type":"EntryPoint","urlTemplate":"https:\/\/www2.smd-group.info\/de\/?s={search_term_string}"},"query-input":{"@type":"PropertyValueSpecification","valueRequired":true,"valueName":"search_term_string"}}],"inLanguage":"de"},{"@type":"Organization","@id":"https:\/\/www2.smd-group.info\/de\/#organization","name":"SMD Group I Schutz Marken Dienst GmbH","url":"https:\/\/www2.smd-group.info\/de\/","logo":{"@type":"ImageObject","inLanguage":"de","@id":"https:\/\/www2.smd-group.info\/de\/#\/schema\/logo\/image\/","url":"https:\/\/www2.smd-group.info\/wp-content\/uploads\/2021\/11\/smd-logo.png","contentUrl":"https:\/\/www2.smd-group.info\/wp-content\/uploads\/2021\/11\/smd-logo.png","width":156,"height":36,"caption":"SMD Group I Schutz Marken Dienst GmbH"},"image":{"@id":"https:\/\/www2.smd-group.info\/de\/#\/schema\/logo\/image\/"}}]}},"uagb_featured_image_src":{"full":false,"thumbnail":false,"medium":false,"medium_large":false,"large":false,"1536x1536":false,"2048x2048":false,"trp-custom-language-flag":false},"uagb_author_info":{"display_name":"Miriam H\u00f6lscher","author_link":"https:\/\/www2.smd-group.info\/de\/author\/hoelscher\/"},"uagb_comment_info":0,"uagb_excerpt":null,"_links":{"self":[{"href":"https:\/\/www2.smd-group.info\/de\/wp-json\/wp\/v2\/pages\/238","targetHints":{"allow":["GET"]}}],"collection":[{"href":"https:\/\/www2.smd-group.info\/de\/wp-json\/wp\/v2\/pages"}],"about":[{"href":"https:\/\/www2.smd-group.info\/de\/wp-json\/wp\/v2\/types\/page"}],"author":[{"embeddable":true,"href":"https:\/\/www2.smd-group.info\/de\/wp-json\/wp\/v2\/users\/2"}],"replies":[{"embeddable":true,"href":"https:\/\/www2.smd-group.info\/de\/wp-json\/wp\/v2\/comments?post=238"}],"version-history":[{"count":26,"href":"https:\/\/www2.smd-group.info\/de\/wp-json\/wp\/v2\/pages\/238\/revisions"}],"predecessor-version":[{"id":3976,"href":"https:\/\/www2.smd-group.info\/de\/wp-json\/wp\/v2\/pages\/238\/revisions\/3976"}],"up":[{"embeddable":true,"href":"https:\/\/www2.smd-group.info\/de\/wp-json\/wp\/v2\/pages\/243"}],"wp:attachment":[{"href":"https:\/\/www2.smd-group.info\/de\/wp-json\/wp\/v2\/media?parent=238"}],"wp:term":[{"taxonomy":"category","embeddable":true,"href":"https:\/\/www2.smd-group.info\/de\/wp-json\/wp\/v2\/categories?post=238"}],"curies":[{"name":"wp","href":"https:\/\/api.w.org\/{rel}","templated":true}]}}