{"id":2052,"date":"2022-05-09T17:05:51","date_gmt":"2022-05-09T15:05:51","guid":{"rendered":"http:\/\/staging.smd-group.info\/?page_id=2052"},"modified":"2023-07-18T14:57:29","modified_gmt":"2023-07-18T12:57:29","slug":"order-pricelist","status":"publish","type":"page","link":"https:\/\/www2.smd-group.info\/de\/products-solutions\/order-pricelist\/","title":{"rendered":"Preisliste bestellen"},"content":{"rendered":"\n<section class=\"wp-block-uagb-section uagb-section__wrap uagb-section__background-undefined uagb-block-8a2ab4b5 hero\" id=\"hero\"><div class=\"uagb-section__overlay\"><\/div><div class=\"uagb-section__inner-wrap\"><div class=\"wp-bootstrap-blocks-container container mb-0\">\n\t\n<div class=\"wp-bootstrap-blocks-row row\">\n\t\n\n<div class=\"col-12 col-md-6 d-flex flex-column justify-content-center\">\n\t\t\t<div class=\"p-3\">\n\t\t\t\n\n<h1 class=\"wp-block-heading mb-2\">Preise erfahren<\/h1>\n\n\n\n<h3 class=\"wp-block-heading fw-normal\">Es gibt drei Wege, sich \u00fcber unsere Preise zu informieren.<\/h3>\n\n\t\t<\/div>\n\t<\/div>\n\n\n\n<div class=\"col-12 col-md-6\">\n\t\t\t\n\n<figure class=\"wp-block-image size-full\"><img loading=\"lazy\" decoding=\"async\" width=\"620\" height=\"500\" src=\"https:\/\/www2.smd-group.info\/wp-content\/uploads\/2022\/06\/Hero_Preise-1.png\" alt=\"\" class=\"wp-image-3503\" srcset=\"https:\/\/www2.smd-group.info\/wp-content\/uploads\/2022\/06\/Hero_Preise-1.png 620w, https:\/\/www2.smd-group.info\/wp-content\/uploads\/2022\/06\/Hero_Preise-1-300x242.png 300w, https:\/\/www2.smd-group.info\/wp-content\/uploads\/2022\/06\/Hero_Preise-1-15x12.png 15w\" sizes=\"auto, (max-width: 620px) 100vw, 620px\" \/><\/figure>\n\n\t<\/div>\n\n<\/div>\n\n<\/div>\n<\/div><\/section>\n\n\n\n<section class=\"wp-block-uagb-section uagb-section__wrap uagb-section__background-undefined uagb-block-0e7d0e61 section-sand\" id=\"Preisliste-bestellen\"><div class=\"uagb-section__overlay\"><\/div><div class=\"uagb-section__inner-wrap\"><div class=\"wp-bootstrap-blocks-container container mb-0\">\n\t\n\n<h2 class=\"wp-block-heading mb-4\">1. Preisliste bestellen<\/h2>\n\n\n<div class=\"wp-bootstrap-blocks-row row\">\n\t\n\n<div class=\"col-12 col-md-10 col-lg-8\">\n\t\t\t\n\n<p>Tragen Sie hier Ihre Kontaktdaten ein und w\u00e4hlen Sie die Preisliste aus, die Sie erhalten m\u00f6chten. <\/p>\n\n\t<\/div>\n\n\n\n<div class=\"col-12 col-md-2 col-lg-4\">\n\t\t\t\t<\/div>\n\n<\/div>\n\n\n<div class=\"wp-bootstrap-blocks-row row\">\n\t\n\n<div class=\"col-12 col-md-8 col-lg-6 col-xl-5\">\n\t\t\t\n\n<div class=\"wpcf7 no-js\" id=\"wpcf7-f871-o1\" lang=\"de-DE\" dir=\"ltr\" data-wpcf7-id=\"871\">\n<div class=\"screen-reader-response\"><p role=\"status\" aria-live=\"polite\" aria-atomic=\"true\"><\/p> <ul><\/ul><\/div>\n<form action=\"\/de\/wp-json\/wp\/v2\/pages\/2052#wpcf7-f871-o1\" method=\"post\" class=\"wpcf7-form init wpcf7-acceptance-as-validation\" aria-label=\"Kontaktformular\" novalidate=\"novalidate\" data-status=\"init\">\n<fieldset class=\"hidden-fields-container\"><input type=\"hidden\" name=\"_wpcf7\" value=\"871\" \/><input type=\"hidden\" name=\"_wpcf7_version\" value=\"6.1.5\" \/><input type=\"hidden\" name=\"_wpcf7_locale\" value=\"de_DE\" \/><input type=\"hidden\" name=\"_wpcf7_unit_tag\" value=\"wpcf7-f871-o1\" \/><input type=\"hidden\" name=\"_wpcf7_container_post\" value=\"0\" \/><input type=\"hidden\" name=\"_wpcf7_posted_data_hash\" value=\"\" \/><input type=\"hidden\" name=\"_wpcf7dtx_version\" value=\"5.0.5\" \/><input type=\"hidden\" name=\"_wpcf7_recaptcha_response\" value=\"\" \/>\n<\/fieldset>\n<div class=\"contact-form\">\n\t<div class=\"mb-4 form-control-select\">\n\t\t<p><span class=\"wpcf7-form-control-wrap\" data-name=\"title\"><select class=\"wpcf7-form-control wpcf7-select wpcf7-validates-as-required form-control\" aria-required=\"true\" aria-invalid=\"false\" name=\"title\"><option value=\"Herr\">Herr<\/option><option value=\"Frau\">Frau<\/option><\/select><\/span>\n\t\t<\/p>\n\t<\/div>\n\t<div class=\"mb-4\">\n\t\t<p><span class=\"wpcf7-form-control-wrap\" data-name=\"firstname\"><input size=\"40\" maxlength=\"400\" class=\"wpcf7-form-control wpcf7-text wpcf7-validates-as-required form-control\" aria-required=\"true\" aria-invalid=\"false\" placeholder=\"Vorname\" value=\"\" type=\"text\" name=\"firstname\" \/><\/span>\n\t\t<\/p>\n\t<\/div>\n\t<div class=\"mb-4\">\n\t\t<p><span class=\"wpcf7-form-control-wrap\" data-name=\"lastname\"><input size=\"40\" maxlength=\"400\" class=\"wpcf7-form-control wpcf7-text wpcf7-validates-as-required form-control\" aria-required=\"true\" aria-invalid=\"false\" placeholder=\"Nachname\" value=\"\" type=\"text\" name=\"lastname\" \/><\/span>\n\t\t<\/p>\n\t<\/div>\n\t<div class=\"mb-4\">\n\t\t<p><span class=\"wpcf7-form-control-wrap\" data-name=\"company\"><input size=\"40\" maxlength=\"400\" class=\"wpcf7-form-control wpcf7-text form-control\" aria-invalid=\"false\" placeholder=\"Firma\" value=\"\" type=\"text\" name=\"company\" \/><\/span>\n\t\t<\/p>\n\t<\/div>\n\t<div class=\"mb-4\">\n\t\t<p><span class=\"wpcf7-form-control-wrap\" data-name=\"email\"><input size=\"40\" maxlength=\"400\" class=\"wpcf7-form-control wpcf7-email wpcf7-validates-as-required wpcf7-text wpcf7-validates-as-email form-control\" aria-required=\"true\" aria-invalid=\"false\" placeholder=\"E-Mail\" value=\"\" type=\"email\" name=\"email\" \/><\/span>\n\t\t<\/p>\n\t<\/div>\n\t<div class=\"mb-4\">\n\t\t<p><span class=\"wpcf7-form-control-wrap\" data-name=\"reference\"><input size=\"40\" maxlength=\"400\" class=\"wpcf7-form-control wpcf7-text form-control\" aria-invalid=\"false\" placeholder=\"Referenz\" value=\"\" type=\"text\" name=\"reference\" \/><\/span>\n\t\t<\/p>\n\t<\/div>\n\t<div class=\"mb-4\">\n\t\t<p><span class=\"wpcf7-form-control-wrap\" data-name=\"message\"><textarea cols=\"40\" rows=\"10\" maxlength=\"2000\" class=\"wpcf7-form-control wpcf7-textarea wpcf7-validates-as-required form-control\" aria-required=\"true\" aria-invalid=\"false\" placeholder=\"Nachricht\" name=\"message\"><\/textarea><\/span>\n\t\t<\/p>\n\t<\/div>\n\t<div class=\"mb-4 form-control-select\">\n\t\t<p><span class=\"wpcf7-form-control-wrap\" data-name=\"pricelist\"><select class=\"wpcf7-form-control wpcf7-select form-control\" aria-invalid=\"false\" multiple=\"multiple\" name=\"pricelist[]\"><option value=\"Produkte &amp; Services (DE)\">Produkte &amp; Services (DE)<\/option><option value=\"Products &amp; Services (EN)\">Products &amp; Services (EN)<\/option><option value=\"i-Search (Recherche mit Legal Opinion)\">i-Search (Recherche mit Legal Opinion)<\/option><\/select><\/span>\n\t\t<\/p>\n\t<\/div>\n\t<div class=\"mb-4\">\n\t\t<p><span class=\"wpcf7-form-control-wrap\" data-name=\"agree-terms\"><span class=\"wpcf7-form-control wpcf7-acceptance\"><span class=\"wpcf7-list-item\"><label><input type=\"checkbox\" name=\"agree-terms\" value=\"1\" aria-invalid=\"false\" \/><span class=\"wpcf7-list-item-label\">Mit dem Absenden der Anfrage stimme ich der <a href=\"https:\/\/www2.smd-group.info\/de\/datenschutzerklaerung\">Datenschutzerkl\u00e4rung<\/a> von SMD Group zu.<\/span><\/label><\/span><\/span><\/span>\n\t\t<\/p>\n\t<\/div>\n\t<p><input class=\"wpcf7-form-control wpcf7-submit has-spinner btn btn-primary\" type=\"submit\" value=\"Anfrage abschicken\" \/>\n\t<\/p>\n<\/div><div class=\"wpcf7-response-output\" aria-hidden=\"true\"><\/div>\n<\/form>\n<\/div>\n\n\n\t<\/div>\n\n\n\n<div class=\"col-12 col-md-4 col-lg-6 col-xl-7\">\n\t\t\t\t<\/div>\n\n<\/div>\n\n<\/div>\n<\/div><\/section>\n\n\n\n<section class=\"wp-block-uagb-section uagb-section__wrap uagb-section__background-undefined uagb-block-6a3b0864 section-sand\"><div class=\"uagb-section__overlay\"><\/div><div class=\"uagb-section__inner-wrap\"><div class=\"wp-bootstrap-blocks-container container mb-0\">\n\t\n\n<div class=\"wp-block-uagb-section uagb-section__wrap uagb-section__background-undefined uagb-block-d6d15ee4 webinar-area\"><div class=\"uagb-section__overlay\"><\/div><div class=\"uagb-section__inner-wrap\"><div class=\"wp-bootstrap-blocks-row row\">\n\t\n\n<div class=\"col-12 col-md-6 col-lg-7\">\n\t\t\t\n\n<h3 class=\"wp-block-heading h2\">2. Online-Shop besuchen<\/h3>\n\n\n\n<p class=\"mbc-32\">Loggen Sie sich im Shop ein. Hier k\u00f6nnen Sie die meisten Recherchepreise einsehen und auch die Preise von Recherchepaketen kalkulieren. \u00dcberwachung, sowie Recherchen f\u00fcr Patente, Gebrauchsmuster und Geschmacksmuster fragen Sie bitte bei uns direkt an, da diese je nach Situation f\u00fcr Sie individuell kalkuliert werden.<\/p>\n\n\n<div class=\"wp-bootstrap-blocks-button\">\n\t<a\n\t\thref=\"https:\/\/www.smd-shop.com\"\n\t\t\t\t\ttarget=\"_blank\"\n\t\t\t\t\t\t\trel=\"noreferrer noopener\"\n\t\t\t\tclass=\"btn mt-2 btn-primary\"\n\t>\n\t\tZum Shop\t<\/a>\n<\/div>\n\n\t<\/div>\n\n\n\n<div class=\"col-12 col-md-6 col-lg-5\">\n\t\t\t\n\n<figure class=\"wp-block-image size-full mt-4 mt-md-0\"><img loading=\"lazy\" decoding=\"async\" width=\"1000\" height=\"750\" src=\"https:\/\/www2.smd-group.info\/wp-content\/uploads\/2022\/05\/Im_Shop_bestellen_43.jpg\" alt=\"\" class=\"wp-image-2369\" srcset=\"https:\/\/www2.smd-group.info\/wp-content\/uploads\/2022\/05\/Im_Shop_bestellen_43.jpg 1000w, https:\/\/www2.smd-group.info\/wp-content\/uploads\/2022\/05\/Im_Shop_bestellen_43-300x225.jpg 300w, https:\/\/www2.smd-group.info\/wp-content\/uploads\/2022\/05\/Im_Shop_bestellen_43-768x576.jpg 768w, https:\/\/www2.smd-group.info\/wp-content\/uploads\/2022\/05\/Im_Shop_bestellen_43-16x12.jpg 16w\" sizes=\"auto, (max-width: 1000px) 100vw, 1000px\" \/><\/figure>\n\n\t<\/div>\n\n<\/div>\n<\/div><\/div>\n\n<\/div>\n<\/div><\/section>\n\n\n\n<section class=\"wp-block-uagb-section uagb-section__wrap uagb-section__background-undefined uagb-block-2da1f388 section-contact\"><div class=\"uagb-section__overlay\"><\/div><div class=\"uagb-section__inner-wrap\"><div class=\"wp-bootstrap-blocks-container container mb-0\">\n\t\n\n<div class=\"wp-block-uagb-section uagb-section__wrap uagb-section__background-undefined uagb-block-b6a18620 contact-area\"><div class=\"uagb-section__overlay\"><\/div><div class=\"uagb-section__inner-wrap\">\n<div class=\"wp-block-uagb-section uagb-section__wrap uagb-section__background-undefined uagb-block-9689c410 contact-infos\"><div class=\"uagb-section__overlay\"><\/div><div class=\"uagb-section__inner-wrap\">\n<h2 class=\"wp-block-heading mb-2\">3. Direkt kontaktieren<\/h2>\n\n\n\n<p class=\"mb-4\">Insbesondere, wenn Sie sich noch nicht sicher sind, welches das geeignete Produkt f\u00fcr Ihre Situation ist oder auch, wenn Sie spezifische Anforderungen oder Fragen haben, sollten wir immer pers\u00f6nlich miteinander sprechen. <\/p>\n\n\n<div class=\"wp-bootstrap-blocks-button\">\n\t<a\n\t\thref=\"https:\/\/www2.smd-group.info\/de\/contact-us\/#Zentrale\"\n\t\t\t\t\t\tclass=\"btn btn-primary\"\n\t>\n\t\tKontakt aufnehmen\t<\/a>\n<\/div>\n<\/div><\/div>\n\n\n\n<figure class=\"wp-block-image size-full contact-image\"><img loading=\"lazy\" decoding=\"async\" width=\"300\" height=\"355\" src=\"https:\/\/www2.smd-group.info\/wp-content\/uploads\/2022\/06\/AK_Dietrich2_1113_300px.png\" alt=\"\" class=\"wp-image-3099\" srcset=\"https:\/\/www2.smd-group.info\/wp-content\/uploads\/2022\/06\/AK_Dietrich2_1113_300px.png 300w, https:\/\/www2.smd-group.info\/wp-content\/uploads\/2022\/06\/AK_Dietrich2_1113_300px-254x300.png 254w, https:\/\/www2.smd-group.info\/wp-content\/uploads\/2022\/06\/AK_Dietrich2_1113_300px-10x12.png 10w\" sizes=\"auto, (max-width: 300px) 100vw, 300px\" \/><\/figure>\n\n\n\n<div class=\"wp-block-uagb-section uagb-section__wrap uagb-section__background-undefined uagb-block-7ef05ac6 contact-details\"><div class=\"uagb-section__overlay\"><\/div><div class=\"uagb-section__inner-wrap\">\n<h4 class=\"wp-block-heading\">Ann Kristin Dietrich<\/h4>\n\n\n\n<h5 class=\"wp-block-heading\">Kundendienst<\/h5>\n\n\n\n<p>mail@smd-group.info<br>+49 4102 8048 0<\/p>\n<\/div><\/div>\n<\/div><\/div>\n\n<\/div>\n<\/div><\/section>\n\n\n\n<section class=\"wp-block-uagb-section uagb-section__wrap uagb-section__background-undefined uagb-block-c98a888c section-sand\"><div class=\"uagb-section__overlay\"><\/div><div class=\"uagb-section__inner-wrap\"><div class=\"wp-bootstrap-blocks-container container mb-0\">\n\t\n\n<h3 class=\"wp-block-heading has-text-align-center mb-4\">Immer auf dem Laufenden bleiben \u00fcber neue Produkte und Angebote<\/h3>\n\n\n<div class=\"wp-bootstrap-blocks-button text-center\">\n\t<a\n\t\thref=\"https:\/\/www.smd-group.info\/subscribe.aspx\"\n\t\t\t\t\ttarget=\"_blank\"\n\t\t\t\t\t\t\trel=\"noreferrer noopener\"\n\t\t\t\tclass=\"btn btn-primary\"\n\t>\n\t\tIch m\u00f6chte Updates von SMD\t<\/a>\n<\/div>\n\n<\/div>\n<\/div><\/section>\n","protected":false},"excerpt":{"rendered":"","protected":false},"author":2,"featured_media":0,"parent":278,"menu_order":7,"comment_status":"closed","ping_status":"closed","template":"","meta":{"_acf_changed":false,"_uag_custom_page_level_css":"","footnotes":""},"categories":[],"class_list":["post-2052","page","type-page","status-publish","hentry"],"acf":[],"yoast_head":"<!-- This site is optimized with the Yoast SEO plugin v27.3 - https:\/\/yoast.com\/product\/yoast-seo-wordpress\/ -->\n<title>Preisliste bestellen - SMD Group<\/title>\n<meta name=\"description\" content=\"Es gibt drei Wege, Preise f\u00fcr unsere Markenrecherchen und unsere Marken\u00fcberwachung zu erfahren: Preisliste bestellen, im Online-Shop recherchieren oder anrufen.\" \/>\n<meta name=\"robots\" content=\"index, follow, max-snippet:-1, max-image-preview:large, max-video-preview:-1\" \/>\n<link rel=\"canonical\" href=\"https:\/\/www2.smd-group.info\/de\/products-solutions\/order-pricelist\/\" \/>\n<meta property=\"og:locale\" content=\"de_DE\" \/>\n<meta property=\"og:type\" content=\"article\" \/>\n<meta property=\"og:title\" content=\"Preisliste bestellen - SMD Group\" \/>\n<meta property=\"og:description\" content=\"Es gibt drei Wege, Preise f\u00fcr unsere Markenrecherchen und unsere Marken\u00fcberwachung zu erfahren: Preisliste bestellen, im Online-Shop recherchieren oder anrufen.\" \/>\n<meta property=\"og:url\" content=\"https:\/\/www2.smd-group.info\/de\/products-solutions\/order-pricelist\/\" \/>\n<meta property=\"og:site_name\" content=\"SMD Group\" \/>\n<meta property=\"article:modified_time\" content=\"2023-07-18T12:57:29+00:00\" \/>\n<meta property=\"og:image\" content=\"https:\/\/www2.smd-group.info\/wp-content\/uploads\/2022\/06\/Hero_Preise-1.png\" \/>\n<meta name=\"twitter:card\" content=\"summary_large_image\" \/>\n<meta name=\"twitter:label1\" content=\"Gesch\u00e4tzte Lesezeit\" \/>\n\t<meta name=\"twitter:data1\" content=\"2\u00a0Minuten\" \/>\n<script type=\"application\/ld+json\" class=\"yoast-schema-graph\">{\"@context\":\"https:\\\/\\\/schema.org\",\"@graph\":[{\"@type\":\"WebPage\",\"@id\":\"https:\\\/\\\/www2.smd-group.info\\\/products-solutions\\\/order-pricelist\\\/\",\"url\":\"https:\\\/\\\/www2.smd-group.info\\\/products-solutions\\\/order-pricelist\\\/\",\"name\":\"Preisliste bestellen - SMD Group\",\"isPartOf\":{\"@id\":\"https:\\\/\\\/www2.smd-group.info\\\/de\\\/#website\"},\"primaryImageOfPage\":{\"@id\":\"https:\\\/\\\/www2.smd-group.info\\\/products-solutions\\\/order-pricelist\\\/#primaryimage\"},\"image\":{\"@id\":\"https:\\\/\\\/www2.smd-group.info\\\/products-solutions\\\/order-pricelist\\\/#primaryimage\"},\"thumbnailUrl\":\"https:\\\/\\\/www2.smd-group.info\\\/wp-content\\\/uploads\\\/2022\\\/06\\\/Hero_Preise-1.png\",\"datePublished\":\"2022-05-09T15:05:51+00:00\",\"dateModified\":\"2023-07-18T12:57:29+00:00\",\"description\":\"Es gibt drei Wege, Preise f\u00fcr unsere Markenrecherchen und unsere Marken\u00fcberwachung zu erfahren: Preisliste bestellen, im Online-Shop recherchieren oder anrufen.\",\"breadcrumb\":{\"@id\":\"https:\\\/\\\/www2.smd-group.info\\\/products-solutions\\\/order-pricelist\\\/#breadcrumb\"},\"inLanguage\":\"de\",\"potentialAction\":[{\"@type\":\"ReadAction\",\"target\":[\"https:\\\/\\\/www2.smd-group.info\\\/products-solutions\\\/order-pricelist\\\/\"]}]},{\"@type\":\"ImageObject\",\"inLanguage\":\"de\",\"@id\":\"https:\\\/\\\/www2.smd-group.info\\\/products-solutions\\\/order-pricelist\\\/#primaryimage\",\"url\":\"https:\\\/\\\/www2.smd-group.info\\\/wp-content\\\/uploads\\\/2022\\\/06\\\/Hero_Preise-1.png\",\"contentUrl\":\"https:\\\/\\\/www2.smd-group.info\\\/wp-content\\\/uploads\\\/2022\\\/06\\\/Hero_Preise-1.png\"},{\"@type\":\"BreadcrumbList\",\"@id\":\"https:\\\/\\\/www2.smd-group.info\\\/products-solutions\\\/order-pricelist\\\/#breadcrumb\",\"itemListElement\":[{\"@type\":\"ListItem\",\"position\":1,\"name\":\"Startseite\",\"item\":\"https:\\\/\\\/www2.smd-group.info\\\/de\\\/\"},{\"@type\":\"ListItem\",\"position\":2,\"name\":\"Produkte &#038; L\u00f6sungen\",\"item\":\"https:\\\/\\\/www2.smd-group.info\\\/de\\\/products-solutions\\\/\"},{\"@type\":\"ListItem\",\"position\":3,\"name\":\"Preisliste bestellen\"}]},{\"@type\":\"WebSite\",\"@id\":\"https:\\\/\\\/www2.smd-group.info\\\/de\\\/#website\",\"url\":\"https:\\\/\\\/www2.smd-group.info\\\/de\\\/\",\"name\":\"SMD Group\",\"description\":\"\",\"publisher\":{\"@id\":\"https:\\\/\\\/www2.smd-group.info\\\/de\\\/#organization\"},\"potentialAction\":[{\"@type\":\"SearchAction\",\"target\":{\"@type\":\"EntryPoint\",\"urlTemplate\":\"https:\\\/\\\/www2.smd-group.info\\\/de\\\/?s={search_term_string}\"},\"query-input\":{\"@type\":\"PropertyValueSpecification\",\"valueRequired\":true,\"valueName\":\"search_term_string\"}}],\"inLanguage\":\"de\"},{\"@type\":\"Organization\",\"@id\":\"https:\\\/\\\/www2.smd-group.info\\\/de\\\/#organization\",\"name\":\"SMD Group I Schutz Marken Dienst GmbH\",\"url\":\"https:\\\/\\\/www2.smd-group.info\\\/de\\\/\",\"logo\":{\"@type\":\"ImageObject\",\"inLanguage\":\"de\",\"@id\":\"https:\\\/\\\/www2.smd-group.info\\\/de\\\/#\\\/schema\\\/logo\\\/image\\\/\",\"url\":\"https:\\\/\\\/www2.smd-group.info\\\/wp-content\\\/uploads\\\/2021\\\/11\\\/smd-logo.png\",\"contentUrl\":\"https:\\\/\\\/www2.smd-group.info\\\/wp-content\\\/uploads\\\/2021\\\/11\\\/smd-logo.png\",\"width\":156,\"height\":36,\"caption\":\"SMD Group I Schutz Marken Dienst GmbH\"},\"image\":{\"@id\":\"https:\\\/\\\/www2.smd-group.info\\\/de\\\/#\\\/schema\\\/logo\\\/image\\\/\"}}]}<\/script>\n<!-- \/ Yoast SEO plugin. -->","yoast_head_json":{"title":"Preisliste bestellen - SMD Group","description":"Es gibt drei Wege, Preise f\u00fcr unsere Markenrecherchen und unsere Marken\u00fcberwachung zu erfahren: Preisliste bestellen, im Online-Shop recherchieren oder anrufen.","robots":{"index":"index","follow":"follow","max-snippet":"max-snippet:-1","max-image-preview":"max-image-preview:large","max-video-preview":"max-video-preview:-1"},"canonical":"https:\/\/www2.smd-group.info\/de\/products-solutions\/order-pricelist\/","og_locale":"de_DE","og_type":"article","og_title":"Preisliste bestellen - SMD Group","og_description":"Es gibt drei Wege, Preise f\u00fcr unsere Markenrecherchen und unsere Marken\u00fcberwachung zu erfahren: Preisliste bestellen, im Online-Shop recherchieren oder anrufen.","og_url":"https:\/\/www2.smd-group.info\/de\/products-solutions\/order-pricelist\/","og_site_name":"SMD Group","article_modified_time":"2023-07-18T12:57:29+00:00","og_image":[{"url":"https:\/\/www2.smd-group.info\/wp-content\/uploads\/2022\/06\/Hero_Preise-1.png","type":"","width":"","height":""}],"twitter_card":"summary_large_image","twitter_misc":{"Gesch\u00e4tzte Lesezeit":"2\u00a0Minuten"},"schema":{"@context":"https:\/\/schema.org","@graph":[{"@type":"WebPage","@id":"https:\/\/www2.smd-group.info\/products-solutions\/order-pricelist\/","url":"https:\/\/www2.smd-group.info\/products-solutions\/order-pricelist\/","name":"Preisliste bestellen - SMD Group","isPartOf":{"@id":"https:\/\/www2.smd-group.info\/de\/#website"},"primaryImageOfPage":{"@id":"https:\/\/www2.smd-group.info\/products-solutions\/order-pricelist\/#primaryimage"},"image":{"@id":"https:\/\/www2.smd-group.info\/products-solutions\/order-pricelist\/#primaryimage"},"thumbnailUrl":"https:\/\/www2.smd-group.info\/wp-content\/uploads\/2022\/06\/Hero_Preise-1.png","datePublished":"2022-05-09T15:05:51+00:00","dateModified":"2023-07-18T12:57:29+00:00","description":"Es gibt drei Wege, Preise f\u00fcr unsere Markenrecherchen und unsere Marken\u00fcberwachung zu erfahren: Preisliste bestellen, im Online-Shop recherchieren oder anrufen.","breadcrumb":{"@id":"https:\/\/www2.smd-group.info\/products-solutions\/order-pricelist\/#breadcrumb"},"inLanguage":"de","potentialAction":[{"@type":"ReadAction","target":["https:\/\/www2.smd-group.info\/products-solutions\/order-pricelist\/"]}]},{"@type":"ImageObject","inLanguage":"de","@id":"https:\/\/www2.smd-group.info\/products-solutions\/order-pricelist\/#primaryimage","url":"https:\/\/www2.smd-group.info\/wp-content\/uploads\/2022\/06\/Hero_Preise-1.png","contentUrl":"https:\/\/www2.smd-group.info\/wp-content\/uploads\/2022\/06\/Hero_Preise-1.png"},{"@type":"BreadcrumbList","@id":"https:\/\/www2.smd-group.info\/products-solutions\/order-pricelist\/#breadcrumb","itemListElement":[{"@type":"ListItem","position":1,"name":"Startseite","item":"https:\/\/www2.smd-group.info\/de\/"},{"@type":"ListItem","position":2,"name":"Produkte &#038; L\u00f6sungen","item":"https:\/\/www2.smd-group.info\/de\/products-solutions\/"},{"@type":"ListItem","position":3,"name":"Preisliste bestellen"}]},{"@type":"WebSite","@id":"https:\/\/www2.smd-group.info\/de\/#website","url":"https:\/\/www2.smd-group.info\/de\/","name":"SMD Group","description":"","publisher":{"@id":"https:\/\/www2.smd-group.info\/de\/#organization"},"potentialAction":[{"@type":"SearchAction","target":{"@type":"EntryPoint","urlTemplate":"https:\/\/www2.smd-group.info\/de\/?s={search_term_string}"},"query-input":{"@type":"PropertyValueSpecification","valueRequired":true,"valueName":"search_term_string"}}],"inLanguage":"de"},{"@type":"Organization","@id":"https:\/\/www2.smd-group.info\/de\/#organization","name":"SMD Group I Schutz Marken Dienst GmbH","url":"https:\/\/www2.smd-group.info\/de\/","logo":{"@type":"ImageObject","inLanguage":"de","@id":"https:\/\/www2.smd-group.info\/de\/#\/schema\/logo\/image\/","url":"https:\/\/www2.smd-group.info\/wp-content\/uploads\/2021\/11\/smd-logo.png","contentUrl":"https:\/\/www2.smd-group.info\/wp-content\/uploads\/2021\/11\/smd-logo.png","width":156,"height":36,"caption":"SMD Group I Schutz Marken Dienst GmbH"},"image":{"@id":"https:\/\/www2.smd-group.info\/de\/#\/schema\/logo\/image\/"}}]}},"uagb_featured_image_src":{"full":false,"thumbnail":false,"medium":false,"medium_large":false,"large":false,"1536x1536":false,"2048x2048":false,"trp-custom-language-flag":false},"uagb_author_info":{"display_name":"Miriam H\u00f6lscher","author_link":"https:\/\/www2.smd-group.info\/de\/author\/hoelscher\/"},"uagb_comment_info":0,"uagb_excerpt":null,"_links":{"self":[{"href":"https:\/\/www2.smd-group.info\/de\/wp-json\/wp\/v2\/pages\/2052","targetHints":{"allow":["GET"]}}],"collection":[{"href":"https:\/\/www2.smd-group.info\/de\/wp-json\/wp\/v2\/pages"}],"about":[{"href":"https:\/\/www2.smd-group.info\/de\/wp-json\/wp\/v2\/types\/page"}],"author":[{"embeddable":true,"href":"https:\/\/www2.smd-group.info\/de\/wp-json\/wp\/v2\/users\/2"}],"replies":[{"embeddable":true,"href":"https:\/\/www2.smd-group.info\/de\/wp-json\/wp\/v2\/comments?post=2052"}],"version-history":[{"count":49,"href":"https:\/\/www2.smd-group.info\/de\/wp-json\/wp\/v2\/pages\/2052\/revisions"}],"predecessor-version":[{"id":3941,"href":"https:\/\/www2.smd-group.info\/de\/wp-json\/wp\/v2\/pages\/2052\/revisions\/3941"}],"up":[{"embeddable":true,"href":"https:\/\/www2.smd-group.info\/de\/wp-json\/wp\/v2\/pages\/278"}],"wp:attachment":[{"href":"https:\/\/www2.smd-group.info\/de\/wp-json\/wp\/v2\/media?parent=2052"}],"wp:term":[{"taxonomy":"category","embeddable":true,"href":"https:\/\/www2.smd-group.info\/de\/wp-json\/wp\/v2\/categories?post=2052"}],"curies":[{"name":"wp","href":"https:\/\/api.w.org\/{rel}","templated":true}]}}