{"id":2,"date":"2021-11-12T13:36:32","date_gmt":"2021-11-12T12:36:32","guid":{"rendered":"http:\/\/localhost:8090\/?page_id=2"},"modified":"2025-07-11T13:05:22","modified_gmt":"2025-07-11T11:05:22","slug":"home","status":"publish","type":"page","link":"https:\/\/www2.smd-group.info\/de\/","title":{"rendered":"Home"},"content":{"rendered":"\n<section class=\"wp-block-uagb-section uagb-section__wrap uagb-section__background-video uagb-block-daab9045 hero hero-home\" id=\"hero\"><div class=\"uagb-section__overlay\"><\/div><div class=\"uagb-section__video-wrap\"><video autoplay loop muted playsinline><source src=\"https:\/\/www2.smd-group.info\/wp-content\/uploads\/2022\/03\/smd-start-hero-video1.mp4\" type=\"video\/mp4\"\/><\/video><\/div><div class=\"uagb-section__inner-wrap\"><div class=\"wp-bootstrap-blocks-container container mb-0\">\n\t\n<div class=\"wp-bootstrap-blocks-row row\">\n\t\n\n<div class=\"col-12 col-md-6 col-lg-7 d-flex flex-column justify-content-center\">\n\t\t\t\n\n<h1 class=\"wp-block-heading mb-2\" id=\"markenrecherche-und-uberwachung\">Markenrecherche &amp; \u00dcberwachung<\/h1>\n\n\n\n<h3 class=\"wp-block-heading fw-normal\" id=\"umfassend-sicher-und-personlich-betreut\">Umfassend und weltweit, sicher und pers\u00f6nlich<\/h3>\n\n\n<div class=\"wp-bootstrap-blocks-button\">\n\t<a\n\t\thref=\"https:\/\/www2.smd-group.info\/de\/about-us\/\"\n\t\t\t\t\t\tclass=\"btn mt-4 btn-primary\"\n\t>\n\t\tMehr erfahren\t<\/a>\n<\/div>\n\n\t<\/div>\n\n\n\n<div class=\"col-12 col-md-6 col-lg-5\">\n\t\t\t\t<\/div>\n\n<\/div>\n\n<\/div>\n<\/div><\/section>\n\n\n\n<section class=\"wp-block-uagb-section uagb-section__wrap uagb-section__background-undefined uagb-block-7e8bea22 section-blue section-submenu\"><div class=\"uagb-section__overlay\"><\/div><div class=\"uagb-section__inner-wrap\"><div class=\"wp-bootstrap-blocks-container container mb-0\">\n\t\n\n<div class=\"wp-block-uagb-section uagb-section__wrap uagb-section__background-undefined uagb-block-ec82d4d1 submenu-inner\"><div class=\"uagb-section__overlay\"><\/div><div class=\"uagb-section__inner-wrap\">\n<h5 class=\"wp-block-heading\" id=\"smd-group-fur\">SMD Group f\u00fcr:<\/h5>\n\n\n<ul id=\"menu-submenu\" class=\"nav nav-custom\"><li id=\"menu-item-321\" class=\"icon-bank menu-item menu-item-type-post_type menu-item-object-page nav-item menu-item-321\"><a class=\"nav-link\" href=\"https:\/\/www2.smd-group.info\/de\/smd-group\/law-firms\/\"><span class=\"title\">Kanzleien<\/span><\/a><\/li>\n<li id=\"menu-item-320\" class=\"icon-bookmark menu-item menu-item-type-post_type menu-item-object-page nav-item menu-item-320\"><a class=\"nav-link\" href=\"https:\/\/www2.smd-group.info\/de\/smd-group\/inhouse-counsel\/\"><span class=\"title\">Unternehmen<\/span><\/a><\/li>\n<li id=\"menu-item-319\" class=\"icon-flask menu-item menu-item-type-post_type menu-item-object-page nav-item menu-item-319\"><a class=\"nav-link\" href=\"https:\/\/www2.smd-group.info\/de\/smd-group\/pharma\/\"><span class=\"title\">Pharma<\/span><\/a><\/li>\n<li id=\"menu-item-318\" class=\"icon-rocket menu-item menu-item-type-post_type menu-item-object-page nav-item menu-item-318\"><a class=\"nav-link\" href=\"https:\/\/www2.smd-group.info\/de\/smd-group\/start-ups\/\"><span class=\"title\">Start-ups<\/span><\/a><\/li>\n<\/ul>\n<\/div><\/div>\n\n<\/div>\n<\/div><\/section>\n\n\n\n<section class=\"wp-block-uagb-section uagb-section__wrap uagb-section__background-none uagb-block-49458057\"><div class=\"uagb-section__overlay\"><\/div><div class=\"uagb-section__inner-wrap\"><div class=\"wp-bootstrap-blocks-container container mb-0\">\n\t\n\n<h2 class=\"wp-block-heading mb-4\">Zur St\u00e4rkung und zum Schutz Ihrer Marken<\/h2>\n\n\n<div class=\"wp-bootstrap-blocks-row row\">\n\t\n\n<div class=\"col-12 col-md-10 col-lg-8\">\n\t\t\t\n\n<p>SMD unterst\u00fctzt Markeninhaber und Anw\u00e4lte f\u00fcr geistiges Eigentum weltweit beim Schutz von Marken. Wir liefern Informationen, die eine belastbare Grundlage f\u00fcr Ihre Entscheidungen oder die Beratung Ihrer Mandanten bilden &#8211; von der Namensfindung \u00fcber die Recherche und Freigabe bis hin zum Schutz Ihrer Ideen.<\/p>\n\n\t<\/div>\n\n\n\n<div class=\"col-12 col-md-2 col-lg-4\">\n\t\t\t\t<\/div>\n\n<\/div>\n\n\n\n<div class=\"wp-block-uagb-section uagb-section__wrap uagb-section__background-undefined uagb-block-ad5c8588 webinar-area\"><div class=\"uagb-section__overlay\"><\/div><div class=\"uagb-section__inner-wrap\"><div class=\"wp-bootstrap-blocks-row row\">\n\t\n\n<div class=\"col-12 col-md-6 col-lg-7\">\n\t\t\t\n\n<h3 class=\"wp-block-heading h2\">Markenrecherchen <\/h3>\n\n\n\n<p class=\"mbc-32\">Der erste Schritt vor einer Markenanmeldung ist die Recherche. Sie soll herausfinden, ob Ihr geplantes Label frei zur Benutzung und Eintragung ist. Falls Sie n\u00e4mlich \u00e4ltere Rechte anderer verletzen, kann der Inhaber Sie in Haftung nehmen. Wir helfen Ihnen bei der Entscheidungsfindung mit zuverl\u00e4ssigen Recherchen!<\/p>\n\n\n<div class=\"wp-bootstrap-blocks-button\">\n\t<a\n\t\thref=\"https:\/\/www2.smd-group.info\/de\/products-solutions\/searching\/\"\n\t\t\t\t\t\tclass=\"btn mt-2 btn-primary\"\n\t>\n\t\tMehr lesen\t<\/a>\n<\/div>\n\n\t<\/div>\n\n\n\n<div class=\"col-12 col-md-6 col-lg-5\">\n\t\t\t\n\n<figure class=\"wp-block-image size-full mt-4 mt-md-0\"><img loading=\"lazy\" decoding=\"async\" width=\"1000\" height=\"750\" src=\"https:\/\/www2.smd-group.info\/wp-content\/uploads\/2022\/05\/Markenrecherche_43.jpg\" alt=\"Markenrecherche SMD Recherche_Markenrecherche_Ballons_43\" class=\"wp-image-2150\" srcset=\"https:\/\/www2.smd-group.info\/wp-content\/uploads\/2022\/05\/Markenrecherche_43.jpg 1000w, https:\/\/www2.smd-group.info\/wp-content\/uploads\/2022\/05\/Markenrecherche_43-300x225.jpg 300w, https:\/\/www2.smd-group.info\/wp-content\/uploads\/2022\/05\/Markenrecherche_43-768x576.jpg 768w, https:\/\/www2.smd-group.info\/wp-content\/uploads\/2022\/05\/Markenrecherche_43-16x12.jpg 16w\" sizes=\"auto, (max-width: 1000px) 100vw, 1000px\" \/><\/figure>\n\n\t<\/div>\n\n<\/div>\n<\/div><\/div>\n\n\n\n<div class=\"wp-block-uagb-section uagb-section__wrap uagb-section__background-undefined uagb-block-76b461fe webinar-area\"><div class=\"uagb-section__overlay\"><\/div><div class=\"uagb-section__inner-wrap\"><div class=\"wp-bootstrap-blocks-row row\">\n\t\n\n<div class=\"col-12 col-md-6 col-lg-7\">\n\t\t\t\n\n<h3 class=\"wp-block-heading h2\">Marken\u00fcberwachung<\/h3>\n\n\n\n<p class=\"mbc-32\">Nach der Eintragung Ihres Labels gilt es, den \u00dcberblick zu behalten \u00fcber Ver\u00f6ffentlichungen neuer Marken. Denn fremde Anmeldungen oder Eintragungen k\u00f6nnten mit Ihrem Zeichen verwechselt werden, so dass Sie rechtlich dagegen vorgehen wollen. Wir \u00fcberwachen f\u00fcr Sie laufend die amtlichen Register.<\/p>\n\n\n<div class=\"wp-bootstrap-blocks-button\">\n\t<a\n\t\thref=\"https:\/\/www2.smd-group.info\/de\/products-solutions\/marken-firmen-domains-ueberwachen\/\"\n\t\t\t\t\t\tclass=\"btn mt-2 btn-primary\"\n\t>\n\t\tMehr lesen\t<\/a>\n<\/div>\n\n\t<\/div>\n\n\n\n<div class=\"col-12 col-md-6 col-lg-5\">\n\t\t\t\n\n<figure class=\"wp-block-image size-full mt-4 mt-md-0\"><img loading=\"lazy\" decoding=\"async\" width=\"1000\" height=\"750\" src=\"https:\/\/www2.smd-group.info\/wp-content\/uploads\/2022\/05\/Recherche_Ueberwachung_43.jpg\" alt=\"Marken\u00fcberwachung_Leuchtturm_43\" class=\"wp-image-2018\" srcset=\"https:\/\/www2.smd-group.info\/wp-content\/uploads\/2022\/05\/Recherche_Ueberwachung_43.jpg 1000w, https:\/\/www2.smd-group.info\/wp-content\/uploads\/2022\/05\/Recherche_Ueberwachung_43-300x225.jpg 300w, https:\/\/www2.smd-group.info\/wp-content\/uploads\/2022\/05\/Recherche_Ueberwachung_43-768x576.jpg 768w, https:\/\/www2.smd-group.info\/wp-content\/uploads\/2022\/05\/Recherche_Ueberwachung_43-16x12.jpg 16w\" sizes=\"auto, (max-width: 1000px) 100vw, 1000px\" \/><\/figure>\n\n\t<\/div>\n\n<\/div>\n<\/div><\/div>\n\n<\/div>\n<\/div><\/section>\n\n\n\n<section class=\"wp-block-uagb-section uagb-section__wrap uagb-section__background-image uagb-block-b5399c98 hero\" id=\"hero\"><div class=\"uagb-section__overlay\"><\/div><div class=\"uagb-section__inner-wrap\"><\/div><\/section>\n\n\n\n<section class=\"wp-block-uagb-section uagb-section__wrap uagb-section__background-undefined uagb-block-a2a24f25 section-sand\"><div class=\"uagb-section__overlay\"><\/div><div class=\"uagb-section__inner-wrap\"><div class=\"wp-bootstrap-blocks-container container mb-0\">\n\t\n<div class=\"wp-bootstrap-blocks-row row\">\n\t\n\n<div class=\"col-12 col-md-6 col-lg-7 order-2 order-md-1\">\n\t\t\t\n\n<h2 class=\"wp-block-heading mt-3 mb-4\">Online-Plattform f\u00fcr Recherche &amp; \u00dcberwachung<\/h2>\n\n\n\n<p>Wenn Sie lieber selbst recherchieren, haben wir das perfekte Tool f\u00fcr Ihre Markenrecherchen und -\u00fcberwachung in bis zu 190 L\u00e4ndern. <\/p>\n\n\n\n<p>Dabei nutzen Sie unsere bew\u00e4hrte Technologie und greifen online auf, die aktuellen offiziellen Daten der \u00c4mter zu, die von uns f\u00fcr Ihre Suche besonders aufbereitet wurden. Die Nutzung ist im Abo oder als Einzelabruf m\u00f6glich.<\/p>\n\n\n\n<p><\/p>\n\n\n<div class=\"wp-bootstrap-blocks-button\">\n\t<a\n\t\thref=\"https:\/\/www2.smd-group.info\/de\/products-solutions\/online-marken-recherchieren-tmzoom\/\"\n\t\t\t\t\t\tclass=\"btn mt-2 btn-primary\"\n\t>\n\t\tMehr lesen\t<\/a>\n<\/div>\n\n\t<\/div>\n\n\n\n<div class=\"col-12 col-md-5 col-lg-4 offset-md-1 order-1 order-md-2\">\n\t\t\t\n\n<ul class=\"wp-block-list\">\n<li>Firma<\/li>\n\n\n\n<li>Inhaber<\/li>\n\n\n\n<li>Nizza-Klasse<\/li>\n\n\n\n<li>Wort-Marke<\/li>\n\n\n\n<li>Bild-Marke<\/li>\n\n\n\n<li>Domain<\/li>\n\n\n\n<li>Design<\/li>\n<\/ul>\n\n\t<\/div>\n\n<\/div>\n\n<\/div>\n<\/div><\/section>\n\n\n\n<section class=\"wp-block-uagb-section uagb-section__wrap uagb-section__background-undefined uagb-block-01bc4fdd section-testimonial\"><div class=\"uagb-section__overlay\"><\/div><div class=\"uagb-section__inner-wrap\"><div class=\"wp-bootstrap-blocks-container container mb-0\">\n\t\n<div class=\"wp-bootstrap-blocks-row row\">\n\t\n\n<div class=\"col-12 col-md-1 col-lg-2\">\n\t\t\t\t<\/div>\n\n\n\n<div class=\"col-12 col-md-10 col-lg-8\">\n\t\t\t\t<\/div>\n\n\n\n<div class=\"col-12 col-md-1 col-lg-2\">\n\t\t\t\t<\/div>\n\n<\/div>\n\n<\/div>\n<\/div><\/section>\n\n\n\n<section class=\"wp-block-uagb-section uagb-section__wrap uagb-section__background-undefined uagb-block-409325cd section-contact\"><div class=\"uagb-section__overlay\"><\/div><div class=\"uagb-section__inner-wrap\"><div class=\"wp-bootstrap-blocks-container container mb-0\">\n\t\n\n<div class=\"wp-block-uagb-section uagb-section__wrap uagb-section__background-undefined uagb-block-46bab7d6 contact-area\"><div class=\"uagb-section__overlay\"><\/div><div class=\"uagb-section__inner-wrap\">\n<div class=\"wp-block-uagb-section uagb-section__wrap uagb-section__background-undefined uagb-block-e8025e12 contact-details\"><div class=\"uagb-section__overlay\"><\/div><div class=\"uagb-section__inner-wrap\">\n<h4 class=\"wp-block-heading\">J\u00f6rg Utescher<\/h4>\n\n\n\n<h5 class=\"wp-block-heading\">CEO SMD Group<\/h5>\n\n\n\n<p>mail@smd-group.info<br>+49 4102 8048 0<\/p>\n<\/div><\/div>\n\n\n\n<figure class=\"wp-block-image size-full contact-image\"><img loading=\"lazy\" decoding=\"async\" width=\"300\" height=\"355\" src=\"https:\/\/www2.smd-group.info\/wp-content\/uploads\/2022\/06\/Joerg_Utescher_2_1113_300px.png\" alt=\"\" class=\"wp-image-3203\" srcset=\"https:\/\/www2.smd-group.info\/wp-content\/uploads\/2022\/06\/Joerg_Utescher_2_1113_300px.png 300w, https:\/\/www2.smd-group.info\/wp-content\/uploads\/2022\/06\/Joerg_Utescher_2_1113_300px-254x300.png 254w, https:\/\/www2.smd-group.info\/wp-content\/uploads\/2022\/06\/Joerg_Utescher_2_1113_300px-10x12.png 10w\" sizes=\"auto, (max-width: 300px) 100vw, 300px\" \/><\/figure>\n\n\n\n<div class=\"wp-block-uagb-section uagb-section__wrap uagb-section__background-undefined uagb-block-73ff2576 contact-infos\"><div class=\"uagb-section__overlay\"><\/div><div class=\"uagb-section__inner-wrap\">\n<h2 class=\"wp-block-heading mb-4\">Wir sind f\u00fcr Sie da!<\/h2>\n\n\n\n<p class=\"mb-4\">T\u00e4glich liefern wir einen Beitrag zum Schutz Ihres geistigen Eigentums &#8211; mit Engagement, langj\u00e4hriger Erfahrung und den n\u00f6tigen Ressourcen. Wichtig sind dabei auch die Menschen &#8211; Kunden und Mitarbeiter. Denn pers\u00f6nlicher Einsatz und langfristige Partnerschaften sind f\u00fcr uns der Schl\u00fcssel zum Erfolg \u2013 jetzt und in Zukunft.<\/p>\n\n\n<div class=\"wp-bootstrap-blocks-button\">\n\t<a\n\t\thref=\"https:\/\/www2.smd-group.info\/de\/contact-us\/\"\n\t\t\t\t\t\tclass=\"btn btn-primary\"\n\t>\n\t\tKontakt aufnehmen\t<\/a>\n<\/div>\n<\/div><\/div>\n<\/div><\/div>\n\n<\/div>\n<\/div><\/section>\n\n\n\n<section class=\"wp-block-uagb-section uagb-section__wrap uagb-section__background-undefined uagb-block-2acd5fdf section-sand\"><div class=\"uagb-section__overlay\"><\/div><div class=\"uagb-section__inner-wrap\"><div class=\"wp-bootstrap-blocks-container container mb-0\">\n\t\n\n<h3 class=\"wp-block-heading has-text-align-center mb-4\">Immer auf dem Laufenden bleiben<\/h3>\n\n\n<div class=\"wp-bootstrap-blocks-button text-center\">\n\t<a\n\t\thref=\"https:\/\/www.smd-group.info\/subscribe.aspx\"\n\t\t\t\t\ttarget=\"_blank\"\n\t\t\t\t\t\t\trel=\"noreferrer noopener\"\n\t\t\t\tclass=\"btn btn-primary\"\n\t>\n\t\tIch m\u00f6chte Updates von SMD\t<\/a>\n<\/div>\n\n<\/div>\n<\/div><\/section>\n","protected":false},"excerpt":{"rendered":"","protected":false},"author":2,"featured_media":0,"parent":0,"menu_order":1,"comment_status":"closed","ping_status":"closed","template":"","meta":{"_acf_changed":false,"_uag_custom_page_level_css":"","footnotes":""},"categories":[],"class_list":["post-2","page","type-page","status-publish","hentry"],"acf":[],"yoast_head":"<!-- This site is optimized with the Yoast SEO plugin v27.4 - https:\/\/yoast.com\/product\/yoast-seo-wordpress\/ -->\n<title>Markenrecherche und -\u00fcberwachung - SMD Group<\/title>\n<meta name=\"description\" content=\"Wir sind ihr Partner f\u00fcr Markenrecherche und -\u00fcberwachung. SMD Group hilft Ihnen, Ihr geistiges Eigentum zu sch\u00fctzen.\" \/>\n<meta name=\"robots\" content=\"index, follow, max-snippet:-1, max-image-preview:large, max-video-preview:-1\" \/>\n<link rel=\"canonical\" href=\"https:\/\/www2.smd-group.info\/de\/\" \/>\n<meta property=\"og:locale\" content=\"de_DE\" \/>\n<meta property=\"og:type\" content=\"article\" \/>\n<meta property=\"og:title\" content=\"Marken-Recherche\" \/>\n<meta property=\"og:description\" content=\"Wir sind Ihr Experte f\u00fcr Marken-Recherche und Marken-\u00dcberwachung\" \/>\n<meta property=\"og:url\" content=\"https:\/\/www2.smd-group.info\/de\/\" \/>\n<meta property=\"og:site_name\" content=\"SMD Group\" \/>\n<meta property=\"article:modified_time\" content=\"2025-07-11T11:05:22+00:00\" \/>\n<meta property=\"og:image\" content=\"https:\/\/www2.smd-group.info\/wp-content\/uploads\/2022\/06\/SMD_Group_Logo_oClaim_4C.jpg\" \/>\n\t<meta property=\"og:image:width\" content=\"1133\" \/>\n\t<meta property=\"og:image:height\" content=\"261\" \/>\n\t<meta property=\"og:image:type\" content=\"image\/jpeg\" \/>\n<meta name=\"twitter:card\" content=\"summary_large_image\" \/>\n<meta name=\"twitter:label1\" content=\"Gesch\u00e4tzte Lesezeit\" \/>\n\t<meta name=\"twitter:data1\" content=\"3\u00a0Minuten\" \/>\n<script type=\"application\/ld+json\" class=\"yoast-schema-graph\">{\"@context\":\"https:\\\/\\\/schema.org\",\"@graph\":[{\"@type\":\"WebPage\",\"@id\":\"https:\\\/\\\/www2.smd-group.info\\\/de\\\/\",\"url\":\"https:\\\/\\\/www2.smd-group.info\\\/de\\\/\",\"name\":\"Markenrecherche und -\u00fcberwachung - SMD Group\",\"isPartOf\":{\"@id\":\"https:\\\/\\\/www2.smd-group.info\\\/de\\\/#website\"},\"primaryImageOfPage\":{\"@id\":\"https:\\\/\\\/www2.smd-group.info\\\/de\\\/#primaryimage\"},\"image\":{\"@id\":\"https:\\\/\\\/www2.smd-group.info\\\/de\\\/#primaryimage\"},\"thumbnailUrl\":\"https:\\\/\\\/www2.smd-group.info\\\/wp-content\\\/uploads\\\/2022\\\/05\\\/Markenrecherche_43.jpg\",\"datePublished\":\"2021-11-12T12:36:32+00:00\",\"dateModified\":\"2025-07-11T11:05:22+00:00\",\"description\":\"Wir sind ihr Partner f\u00fcr Markenrecherche und -\u00fcberwachung. SMD Group hilft Ihnen, Ihr geistiges Eigentum zu sch\u00fctzen.\",\"breadcrumb\":{\"@id\":\"https:\\\/\\\/www2.smd-group.info\\\/de\\\/#breadcrumb\"},\"inLanguage\":\"de\",\"potentialAction\":[{\"@type\":\"ReadAction\",\"target\":[\"https:\\\/\\\/www2.smd-group.info\\\/de\\\/\"]}]},{\"@type\":\"ImageObject\",\"inLanguage\":\"de\",\"@id\":\"https:\\\/\\\/www2.smd-group.info\\\/de\\\/#primaryimage\",\"url\":\"https:\\\/\\\/www2.smd-group.info\\\/wp-content\\\/uploads\\\/2022\\\/05\\\/Markenrecherche_43.jpg\",\"contentUrl\":\"https:\\\/\\\/www2.smd-group.info\\\/wp-content\\\/uploads\\\/2022\\\/05\\\/Markenrecherche_43.jpg\"},{\"@type\":\"BreadcrumbList\",\"@id\":\"https:\\\/\\\/www2.smd-group.info\\\/de\\\/#breadcrumb\",\"itemListElement\":[{\"@type\":\"ListItem\",\"position\":1,\"name\":\"Startseite\",\"item\":\"https:\\\/\\\/www2.smd-group.info\\\/de\\\/\"},{\"@type\":\"ListItem\",\"position\":2,\"name\":\"Home\"}]},{\"@type\":\"WebSite\",\"@id\":\"https:\\\/\\\/www2.smd-group.info\\\/de\\\/#website\",\"url\":\"https:\\\/\\\/www2.smd-group.info\\\/de\\\/\",\"name\":\"SMD Group\",\"description\":\"\",\"publisher\":{\"@id\":\"https:\\\/\\\/www2.smd-group.info\\\/de\\\/#organization\"},\"potentialAction\":[{\"@type\":\"SearchAction\",\"target\":{\"@type\":\"EntryPoint\",\"urlTemplate\":\"https:\\\/\\\/www2.smd-group.info\\\/de\\\/?s={search_term_string}\"},\"query-input\":{\"@type\":\"PropertyValueSpecification\",\"valueRequired\":true,\"valueName\":\"search_term_string\"}}],\"inLanguage\":\"de\"},{\"@type\":\"Organization\",\"@id\":\"https:\\\/\\\/www2.smd-group.info\\\/de\\\/#organization\",\"name\":\"SMD Group I Schutz Marken Dienst GmbH\",\"url\":\"https:\\\/\\\/www2.smd-group.info\\\/de\\\/\",\"logo\":{\"@type\":\"ImageObject\",\"inLanguage\":\"de\",\"@id\":\"https:\\\/\\\/www2.smd-group.info\\\/de\\\/#\\\/schema\\\/logo\\\/image\\\/\",\"url\":\"https:\\\/\\\/www2.smd-group.info\\\/wp-content\\\/uploads\\\/2021\\\/11\\\/smd-logo.png\",\"contentUrl\":\"https:\\\/\\\/www2.smd-group.info\\\/wp-content\\\/uploads\\\/2021\\\/11\\\/smd-logo.png\",\"width\":156,\"height\":36,\"caption\":\"SMD Group I Schutz Marken Dienst GmbH\"},\"image\":{\"@id\":\"https:\\\/\\\/www2.smd-group.info\\\/de\\\/#\\\/schema\\\/logo\\\/image\\\/\"}}]}<\/script>\n<!-- \/ Yoast SEO plugin. -->","yoast_head_json":{"title":"Markenrecherche und -\u00fcberwachung - SMD Group","description":"Wir sind ihr Partner f\u00fcr Markenrecherche und -\u00fcberwachung. SMD Group hilft Ihnen, Ihr geistiges Eigentum zu sch\u00fctzen.","robots":{"index":"index","follow":"follow","max-snippet":"max-snippet:-1","max-image-preview":"max-image-preview:large","max-video-preview":"max-video-preview:-1"},"canonical":"https:\/\/www2.smd-group.info\/de\/","og_locale":"de_DE","og_type":"article","og_title":"Marken-Recherche","og_description":"Wir sind Ihr Experte f\u00fcr Marken-Recherche und Marken-\u00dcberwachung","og_url":"https:\/\/www2.smd-group.info\/de\/","og_site_name":"SMD Group","article_modified_time":"2025-07-11T11:05:22+00:00","og_image":[{"width":1133,"height":261,"url":"https:\/\/www2.smd-group.info\/wp-content\/uploads\/2022\/06\/SMD_Group_Logo_oClaim_4C.jpg","type":"image\/jpeg"}],"twitter_card":"summary_large_image","twitter_misc":{"Gesch\u00e4tzte Lesezeit":"3\u00a0Minuten"},"schema":{"@context":"https:\/\/schema.org","@graph":[{"@type":"WebPage","@id":"https:\/\/www2.smd-group.info\/de\/","url":"https:\/\/www2.smd-group.info\/de\/","name":"Markenrecherche und -\u00fcberwachung - SMD Group","isPartOf":{"@id":"https:\/\/www2.smd-group.info\/de\/#website"},"primaryImageOfPage":{"@id":"https:\/\/www2.smd-group.info\/de\/#primaryimage"},"image":{"@id":"https:\/\/www2.smd-group.info\/de\/#primaryimage"},"thumbnailUrl":"https:\/\/www2.smd-group.info\/wp-content\/uploads\/2022\/05\/Markenrecherche_43.jpg","datePublished":"2021-11-12T12:36:32+00:00","dateModified":"2025-07-11T11:05:22+00:00","description":"Wir sind ihr Partner f\u00fcr Markenrecherche und -\u00fcberwachung. SMD Group hilft Ihnen, Ihr geistiges Eigentum zu sch\u00fctzen.","breadcrumb":{"@id":"https:\/\/www2.smd-group.info\/de\/#breadcrumb"},"inLanguage":"de","potentialAction":[{"@type":"ReadAction","target":["https:\/\/www2.smd-group.info\/de\/"]}]},{"@type":"ImageObject","inLanguage":"de","@id":"https:\/\/www2.smd-group.info\/de\/#primaryimage","url":"https:\/\/www2.smd-group.info\/wp-content\/uploads\/2022\/05\/Markenrecherche_43.jpg","contentUrl":"https:\/\/www2.smd-group.info\/wp-content\/uploads\/2022\/05\/Markenrecherche_43.jpg"},{"@type":"BreadcrumbList","@id":"https:\/\/www2.smd-group.info\/de\/#breadcrumb","itemListElement":[{"@type":"ListItem","position":1,"name":"Startseite","item":"https:\/\/www2.smd-group.info\/de\/"},{"@type":"ListItem","position":2,"name":"Home"}]},{"@type":"WebSite","@id":"https:\/\/www2.smd-group.info\/de\/#website","url":"https:\/\/www2.smd-group.info\/de\/","name":"SMD Group","description":"","publisher":{"@id":"https:\/\/www2.smd-group.info\/de\/#organization"},"potentialAction":[{"@type":"SearchAction","target":{"@type":"EntryPoint","urlTemplate":"https:\/\/www2.smd-group.info\/de\/?s={search_term_string}"},"query-input":{"@type":"PropertyValueSpecification","valueRequired":true,"valueName":"search_term_string"}}],"inLanguage":"de"},{"@type":"Organization","@id":"https:\/\/www2.smd-group.info\/de\/#organization","name":"SMD Group I Schutz Marken Dienst GmbH","url":"https:\/\/www2.smd-group.info\/de\/","logo":{"@type":"ImageObject","inLanguage":"de","@id":"https:\/\/www2.smd-group.info\/de\/#\/schema\/logo\/image\/","url":"https:\/\/www2.smd-group.info\/wp-content\/uploads\/2021\/11\/smd-logo.png","contentUrl":"https:\/\/www2.smd-group.info\/wp-content\/uploads\/2021\/11\/smd-logo.png","width":156,"height":36,"caption":"SMD Group I Schutz Marken Dienst GmbH"},"image":{"@id":"https:\/\/www2.smd-group.info\/de\/#\/schema\/logo\/image\/"}}]}},"uagb_featured_image_src":{"full":false,"thumbnail":false,"medium":false,"medium_large":false,"large":false,"1536x1536":false,"2048x2048":false,"trp-custom-language-flag":false},"uagb_author_info":{"display_name":"Miriam H\u00f6lscher","author_link":"https:\/\/www2.smd-group.info\/de\/author\/hoelscher\/"},"uagb_comment_info":0,"uagb_excerpt":null,"_links":{"self":[{"href":"https:\/\/www2.smd-group.info\/de\/wp-json\/wp\/v2\/pages\/2","targetHints":{"allow":["GET"]}}],"collection":[{"href":"https:\/\/www2.smd-group.info\/de\/wp-json\/wp\/v2\/pages"}],"about":[{"href":"https:\/\/www2.smd-group.info\/de\/wp-json\/wp\/v2\/types\/page"}],"author":[{"embeddable":true,"href":"https:\/\/www2.smd-group.info\/de\/wp-json\/wp\/v2\/users\/2"}],"replies":[{"embeddable":true,"href":"https:\/\/www2.smd-group.info\/de\/wp-json\/wp\/v2\/comments?post=2"}],"version-history":[{"count":226,"href":"https:\/\/www2.smd-group.info\/de\/wp-json\/wp\/v2\/pages\/2\/revisions"}],"predecessor-version":[{"id":4184,"href":"https:\/\/www2.smd-group.info\/de\/wp-json\/wp\/v2\/pages\/2\/revisions\/4184"}],"wp:attachment":[{"href":"https:\/\/www2.smd-group.info\/de\/wp-json\/wp\/v2\/media?parent=2"}],"wp:term":[{"taxonomy":"category","embeddable":true,"href":"https:\/\/www2.smd-group.info\/de\/wp-json\/wp\/v2\/categories?post=2"}],"curies":[{"name":"wp","href":"https:\/\/api.w.org\/{rel}","templated":true}]}}